{"id":1158,"date":"2022-11-13T22:19:35","date_gmt":"2022-11-13T14:19:35","guid":{"rendered":"https:\/\/xmstonetools.com\/?post_type=product&#038;p=1158"},"modified":"2023-03-28T15:59:53","modified_gmt":"2023-03-28T07:59:53","slug":"diamantsegmente-fur-den-abbau-im-steinbruch","status":"publish","type":"product","link":"https:\/\/xmstonetools.com\/de\/produkt\/diamantsegmente-fur-den-abbau-im-steinbruch\/","title":{"rendered":"Diamantsegmente f\u00fcr den Steinbruchabbau"},"content":{"rendered":"<p><strong><span data-spm-anchor-id=\"a2700.details.0.i15.e4252270hxnvGB\">Einzelheiten zum Produkt:<\/span><\/strong><br \/>\nDiamantsegmenteDie Segmente werden durch L\u00f6ten mit Silberlot am Kern befestigt;<br \/>\nHochwertiges Diamantsegment, hergestellt aus hochwertigem Diamant durch spezielle und fortschrittliche Techniken;<br \/>\nSegment f\u00fcr Klingen mit einem Durchmesser von 100 mm bis 3000 mm;<br \/>\nVon den Kunden gelieferte Spezifikationen sind verf\u00fcgbar;<br \/>\nHohe Schnittleistung und lange Lebensdauer;<br \/>\n<strong>Formulare:<\/strong><br \/>\nM-Form, K-Form, konische Form, flache Form, T-Form, U-Form, etc.<\/p>\n<p><strong><span data-spm-anchor-id=\"a2700.details.0.i16.e4252270hxnvGB\">Anwendung des Diamantsegments:<\/span><\/strong><br \/>\nDiamantsegmente k\u00f6nnen zum Schneiden von Granit, Marmor, Asphalt, Fliesen, Beton, feuerfesten Materialien oder f\u00fcr kontinuierliche Poliermaschinen hergestellt werden. Unsere Diamantsegmente f\u00fcr gro\u00dfe Kreiss\u00e4gebl\u00e4tter werden immer in Sandwichbauweise hergestellt. Unabh\u00e4ngig von der Form ist es das Ziel, eine gute K\u00fchlung zu erreichen und die Sp\u00e4ne leicht wegzusp\u00fclen. Die Diamanten und die Bindung in den \u00e4u\u00dferen und inneren Schichten sind sorgf\u00e4ltig ausgelegt, um die Schnittstabilit\u00e4t zu gew\u00e4hrleisten.<\/p>\n<table class=\"aliDataTable\" border=\"1\" cellspacing=\"0\" cellpadding=\"0\">\n<tbody>\n<tr align=\"left\">\n<td rowspan=\"2\"><strong>Modellnummer<\/strong><\/td>\n<td><strong>Zoll<\/strong><\/td>\n<td><strong>Durchmesser<\/strong><\/td>\n<td><strong>L\u00e4nge<\/strong><\/td>\n<td><strong>H\u00f6he (flach)<\/strong><\/td>\n<td><strong>H\u00f6he (flach)<\/strong><\/td>\n<td><strong>H\u00f6he(Typ)<\/strong><\/td>\n<td rowspan=\"2\"><strong>Segment Nr.\u00a0<\/strong><\/td>\n<td rowspan=\"2\"><strong>Verwendung f\u00fcr<\/strong><\/td>\n<\/tr>\n<tr align=\"left\">\n<td><strong>(in)<\/strong><\/td>\n<td><strong>(mm)<\/strong><\/td>\n<td><strong>(mm)<\/strong><\/td>\n<td><strong>(mm)<\/strong><\/td>\n<td><strong>(mm)<\/strong><\/td>\n<td><strong>(mm)<\/strong><\/td>\n<\/tr>\n<tr align=\"left\">\n<td><strong>HSGB300<\/strong><\/td>\n<td>12<\/td>\n<td>300<\/td>\n<td>38<\/td>\n<td>3.0\/3.2<\/td>\n<td>10\/12\/15<\/td>\n<td rowspan=\"6\">10\/12\/15<\/td>\n<td>21<\/td>\n<td rowspan=\"16\">ein- oder mehrschneidig<\/td>\n<\/tr>\n<tr align=\"left\">\n<td><strong>HSGB350<\/strong><\/td>\n<td>14<\/td>\n<td>350<\/td>\n<td>38<\/td>\n<td>3.2\/3.4<\/td>\n<td>10\/12\/15<\/td>\n<td>24<\/td>\n<\/tr>\n<tr align=\"left\">\n<td><strong>HSGB400<\/strong><\/td>\n<td>16<\/td>\n<td>400<\/td>\n<td>38<\/td>\n<td>3.6\/3.8<\/td>\n<td>10\/12\/15<\/td>\n<td>28<\/td>\n<\/tr>\n<tr align=\"left\">\n<td><strong>HSGB450<\/strong><\/td>\n<td>18<\/td>\n<td>450<\/td>\n<td>38<\/td>\n<td>3.8\/4.2<\/td>\n<td>10\/12\/15<\/td>\n<td>32<\/td>\n<\/tr>\n<tr align=\"left\">\n<td><strong>HSGB500<\/strong><\/td>\n<td>20<\/td>\n<td>500<\/td>\n<td>38<\/td>\n<td>4.4\/4.8<\/td>\n<td>10\/12\/15<\/td>\n<td>36<\/td>\n<\/tr>\n<tr align=\"left\">\n<td><strong>HSGB600<\/strong><\/td>\n<td>24<\/td>\n<td>600<\/td>\n<td>38<\/td>\n<td>4.8\/5.2<\/td>\n<td>10\/12\/15<\/td>\n<td>42<\/td>\n<\/tr>\n<tr align=\"left\">\n<td><strong>HSGB800<\/strong><\/td>\n<td>32<\/td>\n<td>800<\/td>\n<td>22.5\/24<\/td>\n<td>6.6\/7.4<\/td>\n<td>12\/15\/20<\/td>\n<td rowspan=\"6\">11.5\/12.5<\/td>\n<td>70<\/td>\n<\/tr>\n<tr align=\"left\">\n<td><strong>HSGB900<\/strong><\/td>\n<td>36<\/td>\n<td>900<\/td>\n<td>22.5\/24<\/td>\n<td>7.0\/7.8<\/td>\n<td>12\/15\/20<\/td>\n<td>80<\/td>\n<\/tr>\n<tr align=\"left\">\n<td><strong>HSGB1000<\/strong><\/td>\n<td>40<\/td>\n<td>1000<\/td>\n<td>22.5\/24<\/td>\n<td>7.6\/8.2<\/td>\n<td>12\/15\/20<\/td>\n<td>92<\/td>\n<\/tr>\n<tr align=\"left\">\n<td><strong>HSGB1200<\/strong><\/td>\n<td>48<\/td>\n<td>1200<\/td>\n<td>22.5\/24<\/td>\n<td data-spm-anchor-id=\"a2700.details.0.i11.e4252270hxnvGB\">7.8\/8.4<\/td>\n<td data-spm-anchor-id=\"a2700.details.0.i12.e4252270hxnvGB\">12\/15\/20<\/td>\n<td>92<\/td>\n<\/tr>\n<tr align=\"left\">\n<td><strong>HSGB1400<\/strong><\/td>\n<td>56<\/td>\n<td>1400<\/td>\n<td>22.5\/24<\/td>\n<td>8.0\/8.8<\/td>\n<td>12\/15\/20<\/td>\n<td>96<\/td>\n<\/tr>\n<tr align=\"left\">\n<td><strong>HSGB1600<\/strong><\/td>\n<td>64<\/td>\n<td>1600<\/td>\n<td>22.5\/24<\/td>\n<td>8.4\/9.2<\/td>\n<td>12\/15\/20<\/td>\n<td>108<\/td>\n<\/tr>\n<tr align=\"left\">\n<td><strong>HSGB1800<\/strong><\/td>\n<td>72<\/td>\n<td>1800<\/td>\n<td>22.5\/24<\/td>\n<td>9.2\/9.8<\/td>\n<td>12\/15\/20<\/td>\n<td rowspan=\"4\">14\/15<\/td>\n<td>120<\/td>\n<\/tr>\n<tr align=\"left\">\n<td><strong>HSGB2000<\/strong><\/td>\n<td>80<\/td>\n<td>2000<\/td>\n<td>22.5\/24<\/td>\n<td>9.6\/10.2<\/td>\n<td>12\/15\/20<\/td>\n<td>128<\/td>\n<\/tr>\n<tr align=\"left\">\n<td><strong>HSGB2200<\/strong><\/td>\n<td>88<\/td>\n<td>2200<\/td>\n<td>22.5\/24<\/td>\n<td>13.6\/14.2<\/td>\n<td>12\/15\/20<\/td>\n<td>132<\/td>\n<\/tr>\n<tr align=\"left\">\n<td><strong>HSGB2500<\/strong><\/td>\n<td>100<\/td>\n<td>2500<\/td>\n<td>22.5\/24<\/td>\n<td>14.5\/15.1<\/td>\n<td>12\/15\/20<\/td>\n<td>140<\/td>\n<\/tr>\n<\/tbody>\n<\/table>\n<p>&nbsp;<\/p>","protected":false},"excerpt":{"rendered":"<p><strong>Vorteil unseres Diamantsegments:<\/strong><br \/>\n1. Hoher Anteil an gebundenen Materialien<br \/>\n2. Hohe Qualit\u00e4t der Diamanten<br \/>\n3. \u00dcber 13 Jahre Erfahrung mit Hunderten von Formeln gegen verschiedene Steine<br \/>\n4. Konkurrenzf\u00e4higer Preis und stabile Qualit\u00e4t<br \/>\n5. Strenge Qualit\u00e4tskontrolle<br \/>\n6. Unsere Produkte dauern lange Lebensdauer und geben einen scharfen Schnitt<\/p>\n<a href=\"#Quote-Button\" class=\"button primary is-large Inquiry-Button\" style=\"border-radius:99px;\">\n\t<i class=\"icon-heart\" aria-hidden=\"true\"><\/i>\t<span>Jetzt anfragen<\/span>\n\t<\/a>","protected":false},"featured_media":1415,"template":"","meta":[],"product_brand":[],"product_cat":[58],"product_tag":[64,65],"class_list":{"0":"post-1158","1":"product","2":"type-product","3":"status-publish","4":"has-post-thumbnail","6":"product_cat-diamond-segments","7":"product_tag-diamond-segments","8":"product_tag-marble-quarrying-segment","10":"first","11":"instock","12":"shipping-taxable","13":"product-type-simple"},"aioseo_notices":[],"_links":{"self":[{"href":"https:\/\/xmstonetools.com\/de\/wp-json\/wp\/v2\/product\/1158","targetHints":{"allow":["GET"]}}],"collection":[{"href":"https:\/\/xmstonetools.com\/de\/wp-json\/wp\/v2\/product"}],"about":[{"href":"https:\/\/xmstonetools.com\/de\/wp-json\/wp\/v2\/types\/product"}],"wp:featuredmedia":[{"embeddable":true,"href":"https:\/\/xmstonetools.com\/de\/wp-json\/wp\/v2\/media\/1415"}],"wp:attachment":[{"href":"https:\/\/xmstonetools.com\/de\/wp-json\/wp\/v2\/media?parent=1158"}],"wp:term":[{"taxonomy":"product_brand","embeddable":true,"href":"https:\/\/xmstonetools.com\/de\/wp-json\/wp\/v2\/product_brand?post=1158"},{"taxonomy":"product_cat","embeddable":true,"href":"https:\/\/xmstonetools.com\/de\/wp-json\/wp\/v2\/product_cat?post=1158"},{"taxonomy":"product_tag","embeddable":true,"href":"https:\/\/xmstonetools.com\/de\/wp-json\/wp\/v2\/product_tag?post=1158"}],"curies":[{"name":"wp","href":"https:\/\/api.w.org\/{rel}","templated":true}]}}