{"id":1188,"date":"2022-11-14T10:56:22","date_gmt":"2022-11-14T02:56:22","guid":{"rendered":"https:\/\/xmstonetools.com\/?post_type=product&#038;p=1188"},"modified":"2023-03-28T15:58:25","modified_gmt":"2023-03-28T07:58:25","slug":"grose-diamant-kreissageblatter","status":"publish","type":"product","link":"https:\/\/xmstonetools.com\/de\/produkt\/grose-diamant-kreissageblatter\/","title":{"rendered":"Gro\u00dfe Diamant-Kreiss\u00e4gebl\u00e4tter"},"content":{"rendered":"<p>Die Steinbl\u00f6cke sind eine Art von Steinmaterial mit bestimmten Formen und Gr\u00f6\u00dfen, die aus dem Steinbruch abgebaut werden.Diamant-Blocks\u00e4gebl\u00e4tter werden \u00fcblicherweise zum Schneiden von Blockmaterialien in Platten verwendet. Es gibt eine andere Art von Blocks\u00e4geblatt, die Bands\u00e4geblatt genannt wird, diese Art von S\u00e4geblatt wird normalerweise zum Schneiden von Marmor verwendet. Und das kreisf\u00f6rmige Blocks\u00e4geblatt kann sowohl zum Schneiden von Marmor als auch von Granit verwendet werden. Der Durchmesser des Blocks\u00e4geblattes ist ungef\u00e4hr 1000mm bis 3500mm, und es wird normalerweise auf Blockschneidemaschinen verwendet. Mit dieser Maschine k\u00f6nnen wir ein einzelnes Blocks\u00e4geblatt und auch ein Mehrfachs\u00e4geblatt f\u00fcr das Blockschneiden installieren. Die Durchmesser der S\u00e4gebl\u00e4tter, die von mehreren Bl\u00e4ttern verwendet werden, k\u00f6nnen gleich oder unterschiedlich sein. Je nach S\u00e4gemethode kann man zwischen einseitigem S\u00e4gen und zweiseitigem S\u00e4gen unterscheiden. Das Zwei-Wege-S\u00e4gen kann sowohl vertikales als auch horizontales S\u00e4gen zur gleichen Zeit durchf\u00fchren.<img loading=\"lazy\" decoding=\"async\" class=\"aligncenter wp-image-1186 size-full\" src=\"https:\/\/xmstonetools.com\/wp-content\/uploads\/2022\/11\/HTB16bzfNXXXXXXhaXXX760XFXXXO.png\" alt=\"\" width=\"593\" height=\"357\" \/><\/p>","protected":false},"excerpt":{"rendered":"<p>Wir sind ein professioneller Hersteller in diesem Bereich mit vielen Jahren F&amp;E und Marktforschungserfahrung, wir k\u00f6nnen Ihnen wettbewerbsf\u00e4hige Preise und qualitativ hochwertige Produkte anbieten. Wir sind eine Fabrik, die Diamantwerkzeuge herstellt, beste Produktionskapazit\u00e4t, beste Qualit\u00e4tskontrolle, bester Service.<\/p>\n<a href=\"#Quote-Button\" class=\"button primary is-large Inquiry-Button\" style=\"border-radius:99px;\">\n\t<i class=\"icon-heart\" aria-hidden=\"true\"><\/i>\t<span>Jetzt anfragen<\/span>\n\t<\/a>","protected":false},"featured_media":1184,"template":"","meta":[],"product_brand":[],"product_cat":[55],"product_tag":[71,72],"class_list":{"0":"post-1188","1":"product","2":"type-product","3":"status-publish","4":"has-post-thumbnail","6":"product_cat-stone-cutting-tools","7":"product_tag-block-cutting-blade","8":"product_tag-stone-saw-blade","10":"first","11":"instock","12":"shipping-taxable","13":"product-type-simple"},"aioseo_notices":[],"_links":{"self":[{"href":"https:\/\/xmstonetools.com\/de\/wp-json\/wp\/v2\/product\/1188","targetHints":{"allow":["GET"]}}],"collection":[{"href":"https:\/\/xmstonetools.com\/de\/wp-json\/wp\/v2\/product"}],"about":[{"href":"https:\/\/xmstonetools.com\/de\/wp-json\/wp\/v2\/types\/product"}],"wp:featuredmedia":[{"embeddable":true,"href":"https:\/\/xmstonetools.com\/de\/wp-json\/wp\/v2\/media\/1184"}],"wp:attachment":[{"href":"https:\/\/xmstonetools.com\/de\/wp-json\/wp\/v2\/media?parent=1188"}],"wp:term":[{"taxonomy":"product_brand","embeddable":true,"href":"https:\/\/xmstonetools.com\/de\/wp-json\/wp\/v2\/product_brand?post=1188"},{"taxonomy":"product_cat","embeddable":true,"href":"https:\/\/xmstonetools.com\/de\/wp-json\/wp\/v2\/product_cat?post=1188"},{"taxonomy":"product_tag","embeddable":true,"href":"https:\/\/xmstonetools.com\/de\/wp-json\/wp\/v2\/product_tag?post=1188"}],"curies":[{"name":"wp","href":"https:\/\/api.w.org\/{rel}","templated":true}]}}