{"id":1211,"date":"2022-11-14T19:40:25","date_gmt":"2022-11-14T11:40:25","guid":{"rendered":"https:\/\/xmstonetools.com\/?post_type=product&#038;p=1211"},"modified":"2023-03-28T15:57:11","modified_gmt":"2023-03-28T07:57:11","slug":"kunstharzgebundenes-schleifmittel-fickert","status":"publish","type":"product","link":"https:\/\/xmstonetools.com\/de\/produkt\/kunstharzgebundenes-schleifmittel-fickert\/","title":{"rendered":"Kunstharzbindung Schleifmittel Fickert"},"content":{"rendered":"<p>140\/170 Harzbindung Fickert Steinschleifmittel Fickert Metall Diamantwerkzeuge f\u00fcr Steinschleifen<\/p>\n<table style=\"height: 286px;\" border=\"1\" width=\"654\">\n<tbody>\n<tr>\n<td><strong>Produktname<\/strong><\/td>\n<td data-spm-anchor-id=\"a2700.details.0.i6.a5f357ccxQBv62\"><span data-spm-anchor-id=\"a2700.details.0.i7.a5f357ccxQBv62\">Kunstharzbindung Fickert Steinschleifmittel Fickert\u00a0<\/span><\/td>\n<\/tr>\n<tr>\n<td><strong>Form<\/strong><\/td>\n<td>Fickert<\/td>\n<\/tr>\n<tr>\n<td><strong>Material<\/strong><\/td>\n<td>Diamant<\/td>\n<\/tr>\n<tr>\n<td><strong>Material<\/strong><\/td>\n<td>Diamant + Kunstharzbindung<\/td>\n<\/tr>\n<tr>\n<td><strong>Grit<\/strong><\/td>\n<td>24#,36#,46#,60#,80#,120#,180#,240#,320#,500#,800#<\/td>\n<\/tr>\n<tr>\n<td><strong>Verwendung<\/strong><\/td>\n<td>F\u00fcr die Bearbeitung von Granit\/Quarz\/Terrazzo-Oberfl\u00e4chen<\/td>\n<\/tr>\n<tr>\n<td><strong>Maschine<\/strong><\/td>\n<td>Automatische Schleif- und Poliermaschine,<\/p>\n<p>Handgehaltene Maschine<\/td>\n<\/tr>\n<tr>\n<td><strong>Dienst<\/strong><\/td>\n<td>OEM, kundenspezifisch<\/td>\n<\/tr>\n<\/tbody>\n<\/table>\n<div><\/div>\n<figure id=\"attachment_1209\" aria-describedby=\"caption-attachment-1209\" style=\"width: 750px\" class=\"wp-caption aligncenter\"><img loading=\"lazy\" decoding=\"async\" class=\"wp-image-1209 size-full\" src=\"https:\/\/xmstonetools.com\/wp-content\/uploads\/2022\/11\/Applications-of-Resin-Bond-Abrasive-Fickert.jpg\" alt=\"Anwendungen von Harz-Bond-Abrasiv-Fickert\" width=\"750\" height=\"643\" srcset=\"https:\/\/xmstonetools.com\/wp-content\/uploads\/2022\/11\/Applications-of-Resin-Bond-Abrasive-Fickert.jpg 750w, https:\/\/xmstonetools.com\/wp-content\/uploads\/2022\/11\/Applications-of-Resin-Bond-Abrasive-Fickert-467x400.jpg 467w, https:\/\/xmstonetools.com\/wp-content\/uploads\/2022\/11\/Applications-of-Resin-Bond-Abrasive-Fickert-600x514.jpg 600w\" sizes=\"auto, (max-width: 750px) 100vw, 750px\" \/><figcaption id=\"caption-attachment-1209\" class=\"wp-caption-text\">Anwendungen von Harz-Bond-Abrasiv-Fickert<\/figcaption><\/figure>\n<p>&nbsp;<\/p>","protected":false},"excerpt":{"rendered":"<p align=\"left\"><span data-spm-anchor-id=\"a2700.details.0.i3.6625d41e7dLwbM\">Im Vergleich zu herk\u00f6mmlichen Siliziumkarbid-Schleifmitteln bietet das Diamant-Harz-Schleifmittel Fickert <\/span>lassen sich wie folgt zusammenfassen:<\/p>\n<p align=\"left\"><span data-spm-anchor-id=\"a2700.details.0.i5.6625d41e7dLwbM\">1.  Lange Lebensdauer, die 80 bis 150 Mal l\u00e4nger ist als bei herk\u00f6mmlichem Siliziumkarbid\u00a0<\/span>Schleifmittel.<\/p>\n<p align=\"left\">2.  Schleifen Effizienz um mehr als 50% erh\u00f6ht, der Stromverbrauch des Polierens\u00a0<span data-spm-anchor-id=\"a2700.details.0.i6.6625d41e7dLwbM\">Spindeln um mehr als 40% verringert und die Poliergeschwindigkeit erh\u00f6ht wird\u00a0<\/span>um mehr als 20%.<\/p>\n<p align=\"left\">3.  Die Wartungskosten der Polierspindel und des Bandes werden um mehr als 30% reduziert.<\/p>\n<p align=\"left\">4.  Die durch das Schleifen verursachten R\u00fcckst\u00e4nde werden auf weniger als 1% der mit herk\u00f6mmlichen Siliziumkarbid-Schleifmitteln erzeugten R\u00fcckst\u00e4nde reduziert, was nahezu vernachl\u00e4ssigt werden kann.<\/p>\n<p align=\"left\">5.  Die Arbeitsbelastung des Bedieners wird deutlich reduziert und Arbeitskosten werden eingespart.<\/p>\n<p align=\"left\"><span data-spm-anchor-id=\"a2700.details.0.i4.6625d41e7dLwbM\">6.  Die ben\u00f6tigte Transportmenge an Schleifmitteln wird sehr stark reduziert, um die\u00a0<\/span>damit verbundene soziale Ressourcen wie Energie und Logistik usw.<\/p>\n<p align=\"left\"><a href=\"#Quote-Button\" class=\"button primary is-large Inquiry-Button\" style=\"border-radius:99px;\">\n\t<i class=\"icon-heart\" aria-hidden=\"true\"><\/i>\t<span>Jetzt anfragen<\/span>\n\t<\/a>","protected":false},"featured_media":1210,"template":"","meta":[],"product_brand":[],"product_cat":[56],"product_tag":[75],"class_list":{"0":"post-1211","1":"product","2":"type-product","3":"status-publish","4":"has-post-thumbnail","6":"product_cat-stone-grinding-tools","7":"product_tag-resin-bond-abrasive-fickert","9":"first","10":"instock","11":"shipping-taxable","12":"product-type-simple"},"aioseo_notices":[],"_links":{"self":[{"href":"https:\/\/xmstonetools.com\/de\/wp-json\/wp\/v2\/product\/1211","targetHints":{"allow":["GET"]}}],"collection":[{"href":"https:\/\/xmstonetools.com\/de\/wp-json\/wp\/v2\/product"}],"about":[{"href":"https:\/\/xmstonetools.com\/de\/wp-json\/wp\/v2\/types\/product"}],"wp:featuredmedia":[{"embeddable":true,"href":"https:\/\/xmstonetools.com\/de\/wp-json\/wp\/v2\/media\/1210"}],"wp:attachment":[{"href":"https:\/\/xmstonetools.com\/de\/wp-json\/wp\/v2\/media?parent=1211"}],"wp:term":[{"taxonomy":"product_brand","embeddable":true,"href":"https:\/\/xmstonetools.com\/de\/wp-json\/wp\/v2\/product_brand?post=1211"},{"taxonomy":"product_cat","embeddable":true,"href":"https:\/\/xmstonetools.com\/de\/wp-json\/wp\/v2\/product_cat?post=1211"},{"taxonomy":"product_tag","embeddable":true,"href":"https:\/\/xmstonetools.com\/de\/wp-json\/wp\/v2\/product_tag?post=1211"}],"curies":[{"name":"wp","href":"https:\/\/api.w.org\/{rel}","templated":true}]}}