{"id":1219,"date":"2022-11-14T20:43:54","date_gmt":"2022-11-14T12:43:54","guid":{"rendered":"https:\/\/xmstonetools.com\/?post_type=product&#038;p=1219"},"modified":"2023-03-28T15:57:01","modified_gmt":"2023-03-28T07:57:01","slug":"diamant-fingerbohrer","status":"publish","type":"product","link":"https:\/\/xmstonetools.com\/de\/produkt\/diamant-fingerbohrer\/","title":{"rendered":"Diamant Finger Bits"},"content":{"rendered":"<table style=\"height: 872px;\" width=\"624\">\n<tbody>\n<tr>\n<td valign=\"top\">Marke<\/td>\n<td valign=\"top\">Sino Poly<\/td>\n<\/tr>\n<tr>\n<td valign=\"top\">Technologie<\/td>\n<td valign=\"top\">Gel\u00f6tet<\/td>\n<\/tr>\n<tr>\n<td valign=\"top\">Material des Geh\u00e4uses<\/td>\n<td valign=\"top\">45 Mn<\/td>\n<\/tr>\n<tr>\n<td valign=\"top\">Typ<\/td>\n<td valign=\"top\">\u00a0Schnitzkopf<\/td>\n<\/tr>\n<tr>\n<td valign=\"top\">Funktion<\/td>\n<td valign=\"top\">Gravur<\/td>\n<\/tr>\n<tr>\n<td valign=\"top\">Durchmesser<\/td>\n<td valign=\"top\">6mm , 8mm , 10mm , 12mm<\/td>\n<\/tr>\n<tr>\n<td valign=\"top\">L\u00e4nge<\/td>\n<td valign=\"top\">50-100mm<\/td>\n<\/tr>\n<tr>\n<td valign=\"top\">MOQ<\/td>\n<td valign=\"top\">1St\u00fcck<\/td>\n<\/tr>\n<tr>\n<td valign=\"top\">Produktionszeit<\/td>\n<td valign=\"top\">5-7 Tage<\/td>\n<\/tr>\n<tr>\n<td valign=\"top\">Produktionskapazit\u00e4t<\/td>\n<td valign=\"top\">1000 St\u00fcck pro Tag<\/td>\n<\/tr>\n<tr>\n<td valign=\"top\">\n<p data-spm-anchor-id=\"a2700.details.0.i5.54d11a1bpVu4ts\">Verpacken<\/p>\n<\/td>\n<td valign=\"top\"><span data-spm-anchor-id=\"a2700.details.0.i6.54d11a1bpVu4ts\">PP-Beutel, Blisterkarte optional<\/span><\/td>\n<\/tr>\n<tr>\n<td valign=\"top\">Lieferung<\/td>\n<td valign=\"top\">DHL, UPS, FedEx und Seetransport<\/td>\n<\/tr>\n<tr>\n<td valign=\"top\">Versandzeit<\/td>\n<td valign=\"top\">2-3 Tage<\/td>\n<\/tr>\n<tr>\n<td valign=\"top\">Bescheinigungen<\/td>\n<td valign=\"top\">ISO9001<\/td>\n<\/tr>\n<tr>\n<td valign=\"top\">Adresse<\/td>\n<td valign=\"top\">Xiamen, China<\/td>\n<\/tr>\n<tr>\n<td valign=\"top\">Zahlung<\/td>\n<td valign=\"top\">TT, Paypal, WU, L\/C<\/td>\n<\/tr>\n<\/tbody>\n<\/table>","protected":false},"excerpt":{"rendered":"<p>Fingerfr\u00e4ser f\u00fcr die Bearbeitung von Granit, Marmor oder Hartgestein, mit dem \u00fcbersch\u00fcssiger Stein zur Vorbereitung des Polierens abgeschliffen wird. Wassereinspeisung mit 1\/2\u2033 Gewinde als passend als Standard. Es ist Premium-Qualit\u00e4t von 5-Segment-Diamant-Finger-Bit, Design zu schneiden und Schleifen schneller als die meisten anderen Diamant-Finger-Bits auf dem Markt. <span data-spm-anchor-id=\"a2700.details.0.i27.4b881ef6IYmdIC\">Diese Finger Bits sind ideal f\u00fcr hartes Material, sie sind f\u00fcr High-Performance f\u00fcr die Gestaltung in der Fertigung Anwendungen gemacht. Die Segmente L\u00fccke mit Harz gef\u00fcllt, stark verbessert die Verarbeitung Stabilit\u00e4t, reduzieren Jitter.<\/span>Verwendet f\u00fcr schnelles Schleifen von Granit oder Hartgestein, Vorbereitung zum Polieren, allgemeiner Typ, scharfer Typ, dauerhafter Typ verf\u00fcgbar, abh\u00e4ngig von der H\u00e4rte des Steins.<\/p>\n<div>\n<div data-spm-anchor-id=\"a2700.details.0.i28.4b881ef6IYmdIC\">\n<a href=\"#Quote-Button\" class=\"button primary is-large Inquiry-Button\" style=\"border-radius:99px;\">\n\t<i class=\"icon-heart\" aria-hidden=\"true\"><\/i>\t<span>Jetzt anfragen<\/span>\n\t<\/a>\n\n<\/div>\n<\/div>","protected":false},"featured_media":1213,"template":"","meta":[],"product_brand":[],"product_cat":[59],"product_tag":[76,66],"class_list":{"0":"post-1219","1":"product","2":"type-product","3":"status-publish","4":"has-post-thumbnail","6":"product_cat-stone-milling-tools","7":"product_tag-diamond-finger-bits","8":"product_tag-vacuum-brazed-stone-tools","10":"first","11":"instock","12":"shipping-taxable","13":"product-type-simple"},"aioseo_notices":[],"_links":{"self":[{"href":"https:\/\/xmstonetools.com\/de\/wp-json\/wp\/v2\/product\/1219","targetHints":{"allow":["GET"]}}],"collection":[{"href":"https:\/\/xmstonetools.com\/de\/wp-json\/wp\/v2\/product"}],"about":[{"href":"https:\/\/xmstonetools.com\/de\/wp-json\/wp\/v2\/types\/product"}],"wp:featuredmedia":[{"embeddable":true,"href":"https:\/\/xmstonetools.com\/de\/wp-json\/wp\/v2\/media\/1213"}],"wp:attachment":[{"href":"https:\/\/xmstonetools.com\/de\/wp-json\/wp\/v2\/media?parent=1219"}],"wp:term":[{"taxonomy":"product_brand","embeddable":true,"href":"https:\/\/xmstonetools.com\/de\/wp-json\/wp\/v2\/product_brand?post=1219"},{"taxonomy":"product_cat","embeddable":true,"href":"https:\/\/xmstonetools.com\/de\/wp-json\/wp\/v2\/product_cat?post=1219"},{"taxonomy":"product_tag","embeddable":true,"href":"https:\/\/xmstonetools.com\/de\/wp-json\/wp\/v2\/product_tag?post=1219"}],"curies":[{"name":"wp","href":"https:\/\/api.w.org\/{rel}","templated":true}]}}