{"id":1239,"date":"2022-11-15T16:04:00","date_gmt":"2022-11-15T08:04:00","guid":{"rendered":"https:\/\/xmstonetools.com\/?post_type=product&#038;p=1239"},"modified":"2023-03-28T15:56:51","modified_gmt":"2023-03-28T07:56:51","slug":"steinprofilierscheibe-fur-marmor-und-granit","status":"publish","type":"product","link":"https:\/\/xmstonetools.com\/de\/produkt\/steinprofilierscheibe-fur-marmor-und-granit\/","title":{"rendered":"Steinprofilierscheibe Marmor Granit"},"content":{"rendered":"<p>Diese speziell geformten Diamantschleifscheiben werden h\u00e4ufig auf Profiliermaschinen f\u00fcr Granit, Marmor, Quarzstein und andere Steine verwendet. Wir bieten eine breite Palette und Formen mit verschiedenen Gr\u00f6\u00dfen, um Ihre genauen Profilierungsanforderungen zu erf\u00fcllen.<\/p>\n<p>Verwendet f\u00fcr Rundschleifmaschine und Flachschleifmaschine Schleifscheibe Umfang eines Kreises Schleifen Arbeit Ebene<\/p>\n<p>Schleifen von Gusseisen, Nichteisenmetallen, rostfreiem Stahl, geh\u00e4rtetem Stahl, Baustahl, Werkzeugstahl, Schnellarbeitsstahl, Magneten, Bronze, Messing, Marmor und Granit usw.<\/p>\n<table style=\"height: 844px;\" width=\"633\">\n<tbody>\n<tr>\n<td valign=\"center\">\n<p align=\"center\">Produkt<\/p>\n<\/td>\n<td valign=\"center\">\n<p align=\"center\">Stein Profilrad<\/p>\n<\/td>\n<\/tr>\n<tr>\n<td valign=\"center\">\n<p align=\"center\">Gr\u00f6\u00dfe<\/p>\n<\/td>\n<td valign=\"center\">\n<p align=\"center\">angepasst<\/p>\n<\/td>\n<\/tr>\n<tr>\n<td valign=\"center\">\n<p align=\"center\">\u00a0Typ<\/p>\n<\/td>\n<td valign=\"center\">\n<p align=\"center\">Galvanisch beschichtet oder gesintert<\/p>\n<\/td>\n<\/tr>\n<tr>\n<td valign=\"center\">\n<p align=\"center\">Modell<\/p>\n<\/td>\n<td valign=\"center\">\n<p align=\"center\">rund<\/p>\n<\/td>\n<\/tr>\n<tr>\n<td valign=\"center\">\n<p align=\"center\">Marke<\/p>\n<\/td>\n<td valign=\"center\">\n<p align=\"center\">MIDSTAR<\/p>\n<\/td>\n<\/tr>\n<tr>\n<td valign=\"center\">\n<p align=\"center\">Ort der Herstellung<\/p>\n<\/td>\n<td valign=\"center\">\n<p align=\"center\">china-fujian<\/p>\n<\/td>\n<\/tr>\n<tr>\n<td valign=\"center\">\n<p align=\"center\">Grit<\/p>\n<\/td>\n<td valign=\"center\">\n<p align=\"center\">\/<\/p>\n<\/td>\n<\/tr>\n<tr>\n<td valign=\"center\">\n<p align=\"center\">Material<\/p>\n<\/td>\n<td valign=\"center\">\n<p align=\"center\">Diamant<\/p>\n<\/td>\n<\/tr>\n<tr>\n<td valign=\"center\">\n<p align=\"center\">Anmeldung<\/p>\n<\/td>\n<td valign=\"center\">\n<p align=\"center\">Granit, Marmor und Kunststein<\/p>\n<\/td>\n<\/tr>\n<tr>\n<td valign=\"center\">\n<p align=\"center\">FOB<\/p>\n<\/td>\n<td valign=\"center\">\n<p align=\"center\">0.75-0.82<\/p>\n<\/td>\n<\/tr>\n<tr>\n<td valign=\"center\">\n<p align=\"center\">MOQ<\/p>\n<\/td>\n<td valign=\"center\">\n<p align=\"center\">36St\u00fcck<\/p>\n<\/td>\n<\/tr>\n<tr>\n<td valign=\"center\">\n<p align=\"center\">\u00a0Zahlung<\/p>\n<\/td>\n<td valign=\"center\">\n<p align=\"center\">LC\/TT\/WESTERN UNION<\/p>\n<\/td>\n<\/tr>\n<tr>\n<td valign=\"center\">\n<p align=\"center\">Lieferfrist<\/p>\n<\/td>\n<td valign=\"center\">\n<p align=\"center\">Versand innerhalb von 10 Tagen nach Zahlungseingang<\/p>\n<\/td>\n<\/tr>\n<tr>\n<td valign=\"center\">\n<p align=\"center\">Hafen<\/p>\n<\/td>\n<td valign=\"center\">\n<p align=\"center\">Xiamen, China<\/p>\n<\/td>\n<\/tr>\n<tr>\n<td valign=\"center\">\n<p align=\"center\">Lieferf\u00e4higkeit<\/p>\n<\/td>\n<td valign=\"center\">\n<p align=\"center\">1000St\u00fcck pro Monat<\/p>\n<\/td>\n<\/tr>\n<\/tbody>\n<\/table>\n<p>&nbsp;<\/p>","protected":false},"excerpt":{"rendered":"<p>Merkmale von Stone Edge Profilierscheiben<br \/>\n1) Hervorragend geeignet zum Schleifen eines Innenkreises, Ovals oder Bogens aus Granit, Marmor oder anderen Steinen.<br \/>\n2) Die galvanisch beschichteten Fr\u00e4ser sind wirtschaftlich und haben eine l\u00e4ngere Lebensdauer.<br \/>\n3) Die abgeschr\u00e4gte Oberfr\u00e4se Bit-Set ist f\u00fcr schnelle Schneiden und k\u00f6nnte von trockenen verwendet werden.<br \/>\n4) Die Dicke kann 7mm, 10mm, 12mm, 15mm, 20mm und 30mm etc. betragen.<\/p>\n<a href=\"#Quote-Button\" class=\"button primary is-large Inquiry-Button\" style=\"border-radius:99px;\">\n\t<i class=\"icon-heart\" aria-hidden=\"true\"><\/i>\t<span>Jetzt anfragen<\/span>\n\t<\/a>","protected":false},"featured_media":1233,"template":"","meta":[],"product_brand":[],"product_cat":[56],"product_tag":[67,70],"class_list":{"0":"post-1239","1":"product","2":"type-product","3":"status-publish","4":"has-post-thumbnail","6":"product_cat-stone-grinding-tools","7":"product_tag-diamond-cup-wheels","8":"product_tag-granite-profiling-tools","10":"first","11":"instock","12":"shipping-taxable","13":"product-type-simple"},"aioseo_notices":[],"_links":{"self":[{"href":"https:\/\/xmstonetools.com\/de\/wp-json\/wp\/v2\/product\/1239","targetHints":{"allow":["GET"]}}],"collection":[{"href":"https:\/\/xmstonetools.com\/de\/wp-json\/wp\/v2\/product"}],"about":[{"href":"https:\/\/xmstonetools.com\/de\/wp-json\/wp\/v2\/types\/product"}],"wp:featuredmedia":[{"embeddable":true,"href":"https:\/\/xmstonetools.com\/de\/wp-json\/wp\/v2\/media\/1233"}],"wp:attachment":[{"href":"https:\/\/xmstonetools.com\/de\/wp-json\/wp\/v2\/media?parent=1239"}],"wp:term":[{"taxonomy":"product_brand","embeddable":true,"href":"https:\/\/xmstonetools.com\/de\/wp-json\/wp\/v2\/product_brand?post=1239"},{"taxonomy":"product_cat","embeddable":true,"href":"https:\/\/xmstonetools.com\/de\/wp-json\/wp\/v2\/product_cat?post=1239"},{"taxonomy":"product_tag","embeddable":true,"href":"https:\/\/xmstonetools.com\/de\/wp-json\/wp\/v2\/product_tag?post=1239"}],"curies":[{"name":"wp","href":"https:\/\/api.w.org\/{rel}","templated":true}]}}