{"id":1256,"date":"2022-11-15T22:56:12","date_gmt":"2022-11-15T14:56:12","guid":{"rendered":"https:\/\/xmstonetools.com\/?post_type=product&#038;p=1256"},"modified":"2023-03-28T15:55:37","modified_gmt":"2023-03-28T07:55:37","slug":"gummibeschichtete-diamantseilsage","status":"publish","type":"product","link":"https:\/\/xmstonetools.com\/de\/produkt\/gummibeschichtete-diamantseilsage\/","title":{"rendered":"Gummibeschichtete Diamant-Seils\u00e4ge"},"content":{"rendered":"<p align=\"left\">1. Passen Sie verschiedene Formel und garantieren Leistung Kosten nach dem Mischen Prozentsatz von hart, mittel, weich, Schleifstein, um die Leistung zu maximieren.<\/p>\n<div>2. Feiner ausgew\u00e4hlter Diamant mit gro\u00dfer Festigkeit und Z\u00e4higkeit gew\u00e4hrleistet die Sch\u00e4rfefunktion und die Lebensdauer des Diamantdrahtes.<\/div>\n<div>3. Hochentwickelte Sintertechnologie mit gut kontrollierter Temperatur und Druck garantiert die Diamantperlen mit gro\u00dfer Anti-Abrieb-Eigenschaft.<\/div>\n<div>4. Ausgereifte Injektionstechnologie und Produktionstechnik stellt sicher, dass der Kunststoff in jede L\u00fccke des Kabels eintritt und die Diamantperlen mit Festigkeit h\u00e4lt.<\/div>\n<div>5. Selbstentwickelte automatische Produktionsanlagen und strenge Inline- und Endkontrollen kontrollieren die Qualit\u00e4t und Stabilit\u00e4t<\/div>\n<p align=\"left\"><strong>Draht f\u00fcr den Abbau von Granit in Steinbr\u00fcchen<\/strong><\/p>\n<table class=\"aliDataTable\" border=\"1\" cellspacing=\"0\" cellpadding=\"0\" align=\"left\">\n<tbody>\n<tr align=\"center\">\n<td>Durchmesser<\/p>\n<p align=\"center\">(mm)<\/p>\n<\/td>\n<td>Modell Nr.<\/td>\n<td>Befestigung Typ<\/td>\n<td>Perlen\/m<\/td>\n<td>Material Typ<\/td>\n<td>S\u00e4gegeschwindigkeit<\/p>\n<p align=\"center\">(m<sup>2<\/sup>\/h)<\/p>\n<\/td>\n<td>Lebenslang<\/p>\n<p align=\"center\">(m<sup>2<\/sup>\/m)<\/p>\n<\/td>\n<td>Geschwindigkeit der Linie<\/p>\n<p align=\"center\">(m\/s)<\/p>\n<\/td>\n<\/tr>\n<tr align=\"center\">\n<td rowspan=\"3\">D=11.4<\/td>\n<td>\n<p data-spm-anchor-id=\"a2700.details.0.i13.50e92edaAyQyyY\">GQR11.4A<\/p>\n<\/td>\n<td>Gummi<\/td>\n<td>40<\/td>\n<td>Klasse1<\/td>\n<td>4-6<\/td>\n<td>15-25<\/td>\n<td>25-30<\/td>\n<\/tr>\n<tr align=\"center\">\n<td>GQR11.4B<\/td>\n<td>Gummi<\/td>\n<td>40<\/td>\n<td>Klasse3-4<\/td>\n<td>2-5<\/td>\n<td>8-15<\/td>\n<td>22-26<\/td>\n<\/tr>\n<tr align=\"center\">\n<td>GQR11.4C<\/td>\n<td>Gummi<\/td>\n<td>40<\/td>\n<td>Klasse 4-5<\/td>\n<td>1-2.5<\/td>\n<td>4-9<\/td>\n<td>18-23<\/td>\n<\/tr>\n<\/tbody>\n<\/table>\n<p>&nbsp;<\/p>\n<figure id=\"attachment_1250\" aria-describedby=\"caption-attachment-1250\" style=\"width: 750px\" class=\"wp-caption aligncenter\"><img loading=\"lazy\" decoding=\"async\" class=\"wp-image-1250 size-full\" src=\"https:\/\/xmstonetools.com\/wp-content\/uploads\/2022\/11\/Applications-of-Rubber-coatiing-wire-saw.jpg\" alt=\"Anwendungen der Gummibeschichtungsdrahts\u00e4ge\" width=\"750\" height=\"1701\" srcset=\"https:\/\/xmstonetools.com\/wp-content\/uploads\/2022\/11\/Applications-of-Rubber-coatiing-wire-saw.jpg 750w, https:\/\/xmstonetools.com\/wp-content\/uploads\/2022\/11\/Applications-of-Rubber-coatiing-wire-saw-176x400.jpg 176w, https:\/\/xmstonetools.com\/wp-content\/uploads\/2022\/11\/Applications-of-Rubber-coatiing-wire-saw-353x800.jpg 353w, https:\/\/xmstonetools.com\/wp-content\/uploads\/2022\/11\/Applications-of-Rubber-coatiing-wire-saw-677x1536.jpg 677w, https:\/\/xmstonetools.com\/wp-content\/uploads\/2022\/11\/Applications-of-Rubber-coatiing-wire-saw-600x1361.jpg 600w\" sizes=\"auto, (max-width: 750px) 100vw, 750px\" \/><figcaption id=\"caption-attachment-1250\" class=\"wp-caption-text\">Anwendungen der Gummibeschichtungsdrahts\u00e4ge<\/figcaption><\/figure>","protected":false},"excerpt":{"rendered":"<p>Die Gummiseil-S\u00e4ge wird haupts\u00e4chlich f\u00fcr den Abbau von Granit verwendet, die Diamant-Seils\u00e4ge mit Federbeschichtung wird haupts\u00e4chlich f\u00fcr weiches Steinmaterial im Steinbruch verwendet, wie z.B. Marmor, Kalkstein, Travertin usw. Die Diamant-Seils\u00e4ge mit Kunststoffbeschichtung wird haupts\u00e4chlich f\u00fcr alle Arten von Steinbl\u00f6cken verwendet, die in statischen Maschinen in der Fabrik zugeschnitten und profiliert werden.<br \/>\n1) Durchmesser: 11,5 mm<br \/>\n2) Wulst\/M:40<br \/>\n3) Herstellungstechnik: gesintert<br \/>\n4) Verst\u00e4rkung:R+S<br \/>\n5) Schneiden Projekt: verschiedene Arten von Beton.<br \/>\n6) Meter\/Kasten: 50<\/p>\n<a href=\"#Quote-Button\" class=\"button primary is-large Inquiry-Button\" style=\"border-radius:99px;\">\n\t<i class=\"icon-heart\" aria-hidden=\"true\"><\/i>\t<span>Jetzt anfragen<\/span>\n\t<\/a>","protected":false},"featured_media":1251,"template":"","meta":[],"product_brand":[],"product_cat":[61],"product_tag":[69,80,81],"class_list":{"0":"post-1256","1":"product","2":"type-product","3":"status-publish","4":"has-post-thumbnail","6":"product_cat-diamond-wire-saw","7":"product_tag-diamond-wire-saw","8":"product_tag-granite-wire-saw","9":"product_tag-rubber-rope-saw","11":"first","12":"instock","13":"shipping-taxable","14":"product-type-simple"},"aioseo_notices":[],"_links":{"self":[{"href":"https:\/\/xmstonetools.com\/de\/wp-json\/wp\/v2\/product\/1256","targetHints":{"allow":["GET"]}}],"collection":[{"href":"https:\/\/xmstonetools.com\/de\/wp-json\/wp\/v2\/product"}],"about":[{"href":"https:\/\/xmstonetools.com\/de\/wp-json\/wp\/v2\/types\/product"}],"wp:featuredmedia":[{"embeddable":true,"href":"https:\/\/xmstonetools.com\/de\/wp-json\/wp\/v2\/media\/1251"}],"wp:attachment":[{"href":"https:\/\/xmstonetools.com\/de\/wp-json\/wp\/v2\/media?parent=1256"}],"wp:term":[{"taxonomy":"product_brand","embeddable":true,"href":"https:\/\/xmstonetools.com\/de\/wp-json\/wp\/v2\/product_brand?post=1256"},{"taxonomy":"product_cat","embeddable":true,"href":"https:\/\/xmstonetools.com\/de\/wp-json\/wp\/v2\/product_cat?post=1256"},{"taxonomy":"product_tag","embeddable":true,"href":"https:\/\/xmstonetools.com\/de\/wp-json\/wp\/v2\/product_tag?post=1256"}],"curies":[{"name":"wp","href":"https:\/\/api.w.org\/{rel}","templated":true}]}}