{"id":1268,"date":"2022-11-16T10:33:46","date_gmt":"2022-11-16T02:33:46","guid":{"rendered":"https:\/\/xmstonetools.com\/?post_type=product&#038;p=1268"},"modified":"2023-03-28T15:55:27","modified_gmt":"2023-03-28T07:55:27","slug":"diamantseilsage-fur-granitsteinbruch","status":"publish","type":"product","link":"https:\/\/xmstonetools.com\/de\/produkt\/diamantseilsage-fur-granitsteinbruch\/","title":{"rendered":"Diamant-Drahts\u00e4ge f\u00fcr Granit-Steinbruch"},"content":{"rendered":"<table class=\"all magic-4\">\n<tbody>\n<tr>\n<td colspan=\"1\" rowspan=\"1\">\n<div class=\"magic-5\">Produktname<\/div>\n<\/td>\n<td colspan=\"1\" rowspan=\"1\">\n<div class=\"magic-6\">D11.5 Gummi-Diamant-Seils\u00e4ge<\/div>\n<\/td>\n<\/tr>\n<tr>\n<td colspan=\"1\" rowspan=\"1\">\n<div class=\"magic-5\">Packungsgr\u00f6\u00dfe<\/div>\n<\/td>\n<td colspan=\"1\" rowspan=\"1\">\n<div class=\"magic-6\">41,5*41,5*15,5cm<\/div>\n<\/td>\n<\/tr>\n<tr>\n<td colspan=\"1\" rowspan=\"1\">\n<div class=\"magic-5\">Bruttogewicht<\/div>\n<\/td>\n<td colspan=\"1\" rowspan=\"1\">\n<div class=\"magic-6\">33kg<\/div>\n<\/td>\n<\/tr>\n<tr>\n<td colspan=\"1\" rowspan=\"1\">\n<div class=\"magic-5\">Material<\/div>\n<\/td>\n<td colspan=\"1\" rowspan=\"1\">\n<div class=\"magic-6\">Gummi<\/div>\n<\/td>\n<\/tr>\n<tr>\n<td colspan=\"1\" rowspan=\"1\">\n<div class=\"magic-5\">Modell<\/div>\n<\/td>\n<td colspan=\"1\" rowspan=\"1\">\n<div class=\"magic-6\">D11.5<\/div>\n<\/td>\n<\/tr>\n<tr>\n<td colspan=\"1\" rowspan=\"1\">\n<div class=\"magic-5\">\n<div class=\"magic-7\">Beschreibung<\/div>\n<\/div>\n<\/td>\n<td colspan=\"1\" rowspan=\"1\">\n<div class=\"magic-6\">*Es ist auf Grantie quarring mit stabilen und effektiven Leistung verwendet.<br \/>\n*Im Vergleich zu einem Steinbruchmesser hat es eine gro\u00dfe Anpassungsf\u00e4higkeit, eine hohe Abbauleistung, einen flexiblen Schnittmodus, eine gro\u00dfe Schnitttiefe, eine hohe Ausbeute, niedrige Gesamtkosten, Sicherheit und Umweltverschmutzung.<\/div>\n<\/td>\n<\/tr>\n<tr>\n<td colspan=\"1\" rowspan=\"1\">\n<div class=\"magic-5\">Anmeldung<\/div>\n<\/td>\n<td colspan=\"1\" rowspan=\"1\">\n<div class=\"magic-6\">Bewerben Sie sich bei Granite Quarry.<\/div>\n<\/td>\n<\/tr>\n<tr>\n<td colspan=\"1\" rowspan=\"1\">\n<div class=\"magic-5\">Merkmale:<\/div>\n<\/td>\n<td colspan=\"1\" rowspan=\"1\">\n<div class=\"magic-6\">1. hohe Schneidleistung, umweltfreundlich, hohe Blockleistung.<br \/>\n2. gute Formgebung und keine inneren Br\u00fcche blockieren.<br \/>\n3. gute Leistung nutzen gute und gro\u00dfe Bl\u00f6cke mit niedrigen Kosten Steinbruch.<br \/>\n4. es ist weit verbreitet auf quarring Maschinen verwendet, um die gro\u00dfe dimention von Block zu produzieren.<\/div>\n<\/td>\n<\/tr>\n<\/tbody>\n<\/table>\n<div><\/div>\n<figure id=\"attachment_1262\" aria-describedby=\"caption-attachment-1262\" style=\"width: 750px\" class=\"wp-caption aligncenter\"><img loading=\"lazy\" decoding=\"async\" class=\"wp-image-1262 size-full\" src=\"https:\/\/xmstonetools.com\/wp-content\/uploads\/2022\/11\/Details-Show-Diamond-Wire-Saw-For-Granite-Quarry-Cutting-1.jpg\" alt=\"Diamant-Drahtseils\u00e4ge f\u00fcr Granit-Steinbruch schneiden-1\" width=\"750\" height=\"953\" srcset=\"https:\/\/xmstonetools.com\/wp-content\/uploads\/2022\/11\/Details-Show-Diamond-Wire-Saw-For-Granite-Quarry-Cutting-1.jpg 750w, https:\/\/xmstonetools.com\/wp-content\/uploads\/2022\/11\/Details-Show-Diamond-Wire-Saw-For-Granite-Quarry-Cutting-1-315x400.jpg 315w, https:\/\/xmstonetools.com\/wp-content\/uploads\/2022\/11\/Details-Show-Diamond-Wire-Saw-For-Granite-Quarry-Cutting-1-630x800.jpg 630w, https:\/\/xmstonetools.com\/wp-content\/uploads\/2022\/11\/Details-Show-Diamond-Wire-Saw-For-Granite-Quarry-Cutting-1-600x762.jpg 600w\" sizes=\"auto, (max-width: 750px) 100vw, 750px\" \/><figcaption id=\"caption-attachment-1262\" class=\"wp-caption-text\">Diamant-Drahtseils\u00e4ge f\u00fcr Granit-Steinbruch schneiden-1<\/figcaption><\/figure>\n<figure id=\"attachment_1266\" aria-describedby=\"caption-attachment-1266\" style=\"width: 1000px\" class=\"wp-caption aligncenter\"><img loading=\"lazy\" decoding=\"async\" class=\"wp-image-1266 size-full\" src=\"https:\/\/xmstonetools.com\/wp-content\/uploads\/2022\/11\/Packing-Diamond-Wire-Rope-Saw-For-Granite-Quarry-Cutting-1.jpg\" alt=\"Verpackung Diamant-Drahtseils\u00e4ge f\u00fcr Granit-Steinbruch Schneiden-1\" width=\"1000\" height=\"1000\" srcset=\"https:\/\/xmstonetools.com\/wp-content\/uploads\/2022\/11\/Packing-Diamond-Wire-Rope-Saw-For-Granite-Quarry-Cutting-1.jpg 1000w, https:\/\/xmstonetools.com\/wp-content\/uploads\/2022\/11\/Packing-Diamond-Wire-Rope-Saw-For-Granite-Quarry-Cutting-1-400x400.jpg 400w, https:\/\/xmstonetools.com\/wp-content\/uploads\/2022\/11\/Packing-Diamond-Wire-Rope-Saw-For-Granite-Quarry-Cutting-1-800x800.jpg 800w, https:\/\/xmstonetools.com\/wp-content\/uploads\/2022\/11\/Packing-Diamond-Wire-Rope-Saw-For-Granite-Quarry-Cutting-1-280x280.jpg 280w, https:\/\/xmstonetools.com\/wp-content\/uploads\/2022\/11\/Packing-Diamond-Wire-Rope-Saw-For-Granite-Quarry-Cutting-1-768x768.jpg 768w, https:\/\/xmstonetools.com\/wp-content\/uploads\/2022\/11\/Packing-Diamond-Wire-Rope-Saw-For-Granite-Quarry-Cutting-1-300x300.jpg 300w, https:\/\/xmstonetools.com\/wp-content\/uploads\/2022\/11\/Packing-Diamond-Wire-Rope-Saw-For-Granite-Quarry-Cutting-1-600x600.jpg 600w, https:\/\/xmstonetools.com\/wp-content\/uploads\/2022\/11\/Packing-Diamond-Wire-Rope-Saw-For-Granite-Quarry-Cutting-1-100x100.jpg 100w, https:\/\/xmstonetools.com\/wp-content\/uploads\/2022\/11\/Packing-Diamond-Wire-Rope-Saw-For-Granite-Quarry-Cutting-1-120x120.jpg 120w\" sizes=\"auto, (max-width: 1000px) 100vw, 1000px\" \/><figcaption id=\"caption-attachment-1266\" class=\"wp-caption-text\">Verpackung Diamant-Drahtseils\u00e4ge f\u00fcr Granit-Steinbruch Schneiden-1<\/figcaption><\/figure>\n<figure id=\"attachment_1267\" aria-describedby=\"caption-attachment-1267\" style=\"width: 1000px\" class=\"wp-caption aligncenter\"><img loading=\"lazy\" decoding=\"async\" class=\"wp-image-1267 size-full\" src=\"https:\/\/xmstonetools.com\/wp-content\/uploads\/2022\/11\/Packing-Diamond-Wire-Rope-Saw-For-Granite-Quarry-Cutting-2.jpg\" alt=\"Verpackung Diamant-Drahtseils\u00e4ge f\u00fcr Granit-Steinbruch schneiden-2\" width=\"1000\" height=\"1000\" srcset=\"https:\/\/xmstonetools.com\/wp-content\/uploads\/2022\/11\/Packing-Diamond-Wire-Rope-Saw-For-Granite-Quarry-Cutting-2.jpg 1000w, https:\/\/xmstonetools.com\/wp-content\/uploads\/2022\/11\/Packing-Diamond-Wire-Rope-Saw-For-Granite-Quarry-Cutting-2-400x400.jpg 400w, https:\/\/xmstonetools.com\/wp-content\/uploads\/2022\/11\/Packing-Diamond-Wire-Rope-Saw-For-Granite-Quarry-Cutting-2-800x800.jpg 800w, https:\/\/xmstonetools.com\/wp-content\/uploads\/2022\/11\/Packing-Diamond-Wire-Rope-Saw-For-Granite-Quarry-Cutting-2-280x280.jpg 280w, https:\/\/xmstonetools.com\/wp-content\/uploads\/2022\/11\/Packing-Diamond-Wire-Rope-Saw-For-Granite-Quarry-Cutting-2-768x768.jpg 768w, https:\/\/xmstonetools.com\/wp-content\/uploads\/2022\/11\/Packing-Diamond-Wire-Rope-Saw-For-Granite-Quarry-Cutting-2-300x300.jpg 300w, https:\/\/xmstonetools.com\/wp-content\/uploads\/2022\/11\/Packing-Diamond-Wire-Rope-Saw-For-Granite-Quarry-Cutting-2-600x600.jpg 600w, https:\/\/xmstonetools.com\/wp-content\/uploads\/2022\/11\/Packing-Diamond-Wire-Rope-Saw-For-Granite-Quarry-Cutting-2-100x100.jpg 100w, https:\/\/xmstonetools.com\/wp-content\/uploads\/2022\/11\/Packing-Diamond-Wire-Rope-Saw-For-Granite-Quarry-Cutting-2-120x120.jpg 120w\" sizes=\"auto, (max-width: 1000px) 100vw, 1000px\" \/><figcaption id=\"caption-attachment-1267\" class=\"wp-caption-text\">Verpackung Diamant-Drahtseils\u00e4ge f\u00fcr Granit-Steinbruch schneiden-2<\/figcaption><\/figure>\n<figure id=\"attachment_1260\" aria-describedby=\"caption-attachment-1260\" style=\"width: 1000px\" class=\"wp-caption aligncenter\"><img loading=\"lazy\" decoding=\"async\" class=\"wp-image-1260 size-full\" src=\"https:\/\/xmstonetools.com\/wp-content\/uploads\/2022\/11\/Application-of-Granite-Quarry-Wire-Rope-Saw-1.jpg\" alt=\"Anwendung der Granit-Steinbruch-Seils\u00e4ge-1\" width=\"1000\" height=\"1000\" srcset=\"https:\/\/xmstonetools.com\/wp-content\/uploads\/2022\/11\/Application-of-Granite-Quarry-Wire-Rope-Saw-1.jpg 1000w, https:\/\/xmstonetools.com\/wp-content\/uploads\/2022\/11\/Application-of-Granite-Quarry-Wire-Rope-Saw-1-400x400.jpg 400w, https:\/\/xmstonetools.com\/wp-content\/uploads\/2022\/11\/Application-of-Granite-Quarry-Wire-Rope-Saw-1-800x800.jpg 800w, https:\/\/xmstonetools.com\/wp-content\/uploads\/2022\/11\/Application-of-Granite-Quarry-Wire-Rope-Saw-1-280x280.jpg 280w, https:\/\/xmstonetools.com\/wp-content\/uploads\/2022\/11\/Application-of-Granite-Quarry-Wire-Rope-Saw-1-768x768.jpg 768w, https:\/\/xmstonetools.com\/wp-content\/uploads\/2022\/11\/Application-of-Granite-Quarry-Wire-Rope-Saw-1-300x300.jpg 300w, https:\/\/xmstonetools.com\/wp-content\/uploads\/2022\/11\/Application-of-Granite-Quarry-Wire-Rope-Saw-1-600x600.jpg 600w, https:\/\/xmstonetools.com\/wp-content\/uploads\/2022\/11\/Application-of-Granite-Quarry-Wire-Rope-Saw-1-100x100.jpg 100w, https:\/\/xmstonetools.com\/wp-content\/uploads\/2022\/11\/Application-of-Granite-Quarry-Wire-Rope-Saw-1-120x120.jpg 120w\" sizes=\"auto, (max-width: 1000px) 100vw, 1000px\" \/><figcaption id=\"caption-attachment-1260\" class=\"wp-caption-text\">Anwendung der Granit-Steinbruch-Seils\u00e4ge-1<\/figcaption><\/figure>\n<figure id=\"attachment_1259\" aria-describedby=\"caption-attachment-1259\" style=\"width: 1000px\" class=\"wp-caption aligncenter\"><img loading=\"lazy\" decoding=\"async\" class=\"wp-image-1259 size-full\" src=\"https:\/\/xmstonetools.com\/wp-content\/uploads\/2022\/11\/Application-of-Granite-Quarry-Wire-Rope-Saw.jpg\" alt=\"Anwendung der Granit-Steinbruch-Drahtseils\u00e4ge\" width=\"1000\" height=\"1000\" srcset=\"https:\/\/xmstonetools.com\/wp-content\/uploads\/2022\/11\/Application-of-Granite-Quarry-Wire-Rope-Saw.jpg 1000w, https:\/\/xmstonetools.com\/wp-content\/uploads\/2022\/11\/Application-of-Granite-Quarry-Wire-Rope-Saw-400x400.jpg 400w, https:\/\/xmstonetools.com\/wp-content\/uploads\/2022\/11\/Application-of-Granite-Quarry-Wire-Rope-Saw-800x800.jpg 800w, https:\/\/xmstonetools.com\/wp-content\/uploads\/2022\/11\/Application-of-Granite-Quarry-Wire-Rope-Saw-280x280.jpg 280w, https:\/\/xmstonetools.com\/wp-content\/uploads\/2022\/11\/Application-of-Granite-Quarry-Wire-Rope-Saw-768x768.jpg 768w, https:\/\/xmstonetools.com\/wp-content\/uploads\/2022\/11\/Application-of-Granite-Quarry-Wire-Rope-Saw-300x300.jpg 300w, https:\/\/xmstonetools.com\/wp-content\/uploads\/2022\/11\/Application-of-Granite-Quarry-Wire-Rope-Saw-600x600.jpg 600w, https:\/\/xmstonetools.com\/wp-content\/uploads\/2022\/11\/Application-of-Granite-Quarry-Wire-Rope-Saw-100x100.jpg 100w, https:\/\/xmstonetools.com\/wp-content\/uploads\/2022\/11\/Application-of-Granite-Quarry-Wire-Rope-Saw-120x120.jpg 120w\" sizes=\"auto, (max-width: 1000px) 100vw, 1000px\" \/><figcaption id=\"caption-attachment-1259\" class=\"wp-caption-text\">Anwendung der Granit-Steinbruch-Drahtseils\u00e4ge<\/figcaption><\/figure>","protected":false},"excerpt":{"rendered":"<p>Hohe Effektivit\u00e4t, niedrige Kosten, geringer Abfall<br \/>\nReibungslos und prozessgenau schneiden<br \/>\nSicher und umweltschonend<br \/>\nKann einen gro\u00dfen und regelm\u00e4\u00dfigen Bestand schneiden<br \/>\nFabrik mit mehr als 15 Jahren Erfahrung in der Diamantwerkzeugindustrie<br \/>\nZahlreiche Exporte nach Osteuropa, Nordamerika, S\u00fcdamerika, in den Nahen Osten, nach Australien und andere \u00dcberseem\u00e4rkte,<br \/>\nDie Qualit\u00e4t der Produkte wurde von den Kunden in \u00dcbersee anerkannt.<br \/>\nMehr als 100 Hei\u00df- und Kaltpressen, Drahts\u00e4gemaschinen und \u00fcber 300 Mitarbeiter sorgen f\u00fcr eine hohe Produktion und schnelle Lieferzeiten.<\/p>\n<a href=\"#Quote-Button\" class=\"button primary is-large Inquiry-Button\" style=\"border-radius:99px;\">\n\t<i class=\"icon-heart\" aria-hidden=\"true\"><\/i>\t<span>Jetzt anfragen<\/span>\n\t<\/a>","protected":false},"featured_media":1265,"template":"","meta":[],"product_brand":[],"product_cat":[61],"product_tag":[69,80,82,81],"class_list":{"0":"post-1268","1":"product","2":"type-product","3":"status-publish","4":"has-post-thumbnail","6":"product_cat-diamond-wire-saw","7":"product_tag-diamond-wire-saw","8":"product_tag-granite-wire-saw","9":"product_tag-quarry-wire-saw","10":"product_tag-rubber-rope-saw","12":"first","13":"instock","14":"shipping-taxable","15":"product-type-simple"},"aioseo_notices":[],"_links":{"self":[{"href":"https:\/\/xmstonetools.com\/de\/wp-json\/wp\/v2\/product\/1268","targetHints":{"allow":["GET"]}}],"collection":[{"href":"https:\/\/xmstonetools.com\/de\/wp-json\/wp\/v2\/product"}],"about":[{"href":"https:\/\/xmstonetools.com\/de\/wp-json\/wp\/v2\/types\/product"}],"wp:featuredmedia":[{"embeddable":true,"href":"https:\/\/xmstonetools.com\/de\/wp-json\/wp\/v2\/media\/1265"}],"wp:attachment":[{"href":"https:\/\/xmstonetools.com\/de\/wp-json\/wp\/v2\/media?parent=1268"}],"wp:term":[{"taxonomy":"product_brand","embeddable":true,"href":"https:\/\/xmstonetools.com\/de\/wp-json\/wp\/v2\/product_brand?post=1268"},{"taxonomy":"product_cat","embeddable":true,"href":"https:\/\/xmstonetools.com\/de\/wp-json\/wp\/v2\/product_cat?post=1268"},{"taxonomy":"product_tag","embeddable":true,"href":"https:\/\/xmstonetools.com\/de\/wp-json\/wp\/v2\/product_tag?post=1268"}],"curies":[{"name":"wp","href":"https:\/\/api.w.org\/{rel}","templated":true}]}}