{"id":1278,"date":"2022-11-16T16:25:17","date_gmt":"2022-11-16T08:25:17","guid":{"rendered":"https:\/\/xmstonetools.com\/?post_type=product&#038;p=1278"},"modified":"2023-03-28T15:54:22","modified_gmt":"2023-03-28T07:54:22","slug":"gesinterte-diamant-schleiftopfscheibe","status":"publish","type":"product","link":"https:\/\/xmstonetools.com\/de\/produkt\/gesinterte-diamant-schleiftopfscheibe\/","title":{"rendered":"Gesinterte Diamant-Schleiftopfscheibe"},"content":{"rendered":"<table class=\"all magic-1\">\n<tbody>\n<tr>\n<td colspan=\"1\" rowspan=\"1\">\n<div class=\"magic-2\"><b>Produktname<\/b><\/div>\n<\/td>\n<td colspan=\"4\" rowspan=\"1\">\n<div class=\"magic-3\">Sinter-Schleiftopfscheibe<\/div>\n<\/td>\n<\/tr>\n<tr>\n<td colspan=\"1\" rowspan=\"1\">\n<div class=\"magic-2\"><b>Spezifikation<\/b><\/div>\n<\/td>\n<td colspan=\"4\" rowspan=\"1\">\n<div class=\"magic-3\">\n<p>1.Diameter:50mm,75mm,100mm,180mm<\/p>\n<div data-spm-anchor-id=\"a2700.pc-decorate.0.i3.55ef3333RSR3FR\"><\/div>\n<div data-spm-anchor-id=\"0.0.0.i1.6b4d4f05Kya5LZ\">\n<p>2. innerer Durchmesser: 16mm, 22mm<\/p>\n<p>3. der Gewindetyp: Schaft, M10, M14, M16, 5\/8\u2033-11, GAS1\/2<\/p>\n<div data-spm-anchor-id=\"0.0.0.i4.6b4d4f05KogW5y\">4. die Dicke: 4mm, 5mm<\/div>\n<div data-spm-anchor-id=\"0.0.0.i4.6b4d4f05KogW5y\"><\/div>\n<div data-spm-anchor-id=\"0.0.0.i4.6b4d4f05KogW5y\">5. die Segmentgr\u00f6\u00dfe: Es k\u00f6nnen beliebige Segmente hergestellt werden<\/div>\n<\/div>\n<\/div>\n<\/td>\n<\/tr>\n<tr>\n<td colspan=\"1\" rowspan=\"1\">\n<div class=\"magic-2\"><b>Anmeldung<\/b><\/div>\n<\/td>\n<td colspan=\"4\" rowspan=\"1\">\n<div class=\"magic-3\">F\u00fcr handgef\u00fchrte Anwendungen, speziell f\u00fcr Bodenspezialisten und Baufachleute.<\/div>\n<\/td>\n<\/tr>\n<tr>\n<td colspan=\"1\" rowspan=\"1\">\n<div class=\"magic-2\"><b>Qualit\u00e4tskontrolle<\/b><\/div>\n<\/td>\n<td colspan=\"4\" rowspan=\"1\">\n<div class=\"magic-6\">\n<p>1. professionelle Formel, um die gute Qualit\u00e4t zu gew\u00e4hrleisten.<\/p>\n<div data-spm-anchor-id=\"0.0.0.i2.6b4d4f05zRXIVP\">2. strenge Rohstoffkontrolle<\/div>\n<div data-spm-anchor-id=\"0.0.0.i2.6b4d4f05zRXIVP\">3. professionelle Fertigung am Flie\u00dfband.<\/div>\n<div data-spm-anchor-id=\"0.0.0.i2.6b4d4f05zRXIVP\">4. wir f\u00fchren auch einige Bohrversuche durch, um die Funktion des Systems zu \u00fcberpr\u00fcfen.<\/div>\n<\/div>\n<\/td>\n<\/tr>\n<tr>\n<td colspan=\"1\" rowspan=\"1\">\n<div class=\"magic-2\"><b>Marke<\/b><\/div>\n<\/td>\n<td colspan=\"4\" rowspan=\"1\">\n<div class=\"magic-6\"><\/div>\n<\/td>\n<\/tr>\n<tr>\n<td colspan=\"1\" rowspan=\"1\">\n<div class=\"magic-2\"><b>MOQ<\/b><\/div>\n<\/td>\n<td colspan=\"4\" rowspan=\"1\">\n<div class=\"magic-6\">20 STCK.<\/div>\n<\/td>\n<\/tr>\n<tr>\n<td colspan=\"1\" rowspan=\"1\">\n<div class=\"magic-2\"><b>Zahlungsfrist<\/b><\/div>\n<\/td>\n<td colspan=\"4\" rowspan=\"1\">\n<div class=\"magic-6\">TT, LC, Western Union, Paypal, Handelsversicherung, etc.<\/div>\n<\/td>\n<\/tr>\n<tr>\n<td colspan=\"1\" rowspan=\"1\">\n<div class=\"magic-2\"><b>Paket<\/b><\/div>\n<\/td>\n<td colspan=\"4\" rowspan=\"1\">\n<div class=\"magic-6\">Plastikbeutel\/Papierbeutel+Holzbeutel oder individuell<\/div>\n<\/td>\n<\/tr>\n<tr>\n<td colspan=\"1\" rowspan=\"1\">\n<div class=\"magic-2\"><b>Dienst<\/b><\/div>\n<\/td>\n<td colspan=\"4\" rowspan=\"1\">\n<div class=\"magic-6\">Unterschiedliche Dorngr\u00f6\u00dfen und Segmentspezifikationen sind auf Anfrage erh\u00e4ltlich. Andere Typen k\u00f6nnen nach Zeichnungen und Mustern, die von Kunden zur Verf\u00fcgung gestellt werden, bearbeitet werden.<\/div>\n<\/td>\n<\/tr>\n<\/tbody>\n<\/table>\n<figure id=\"attachment_1277\" aria-describedby=\"caption-attachment-1277\" style=\"width: 749px\" class=\"wp-caption aligncenter\"><img loading=\"lazy\" decoding=\"async\" class=\"wp-image-1277 size-full\" src=\"https:\/\/xmstonetools.com\/wp-content\/uploads\/2022\/11\/Why-Choose-Us-Cup-Wheels.jpg\" alt=\"Warum wir Cup Wheels w\u00e4hlen\" width=\"749\" height=\"360\" srcset=\"https:\/\/xmstonetools.com\/wp-content\/uploads\/2022\/11\/Why-Choose-Us-Cup-Wheels.jpg 749w, https:\/\/xmstonetools.com\/wp-content\/uploads\/2022\/11\/Why-Choose-Us-Cup-Wheels-600x288.jpg 600w\" sizes=\"auto, (max-width: 749px) 100vw, 749px\" \/><figcaption id=\"caption-attachment-1277\" class=\"wp-caption-text\">Warum wir Cup Wheels w\u00e4hlen<\/figcaption><\/figure>\n<figure id=\"attachment_1275\" aria-describedby=\"caption-attachment-1275\" style=\"width: 850px\" class=\"wp-caption aligncenter\"><img loading=\"lazy\" decoding=\"async\" class=\"wp-image-1275 size-full\" src=\"https:\/\/xmstonetools.com\/wp-content\/uploads\/2022\/11\/Stone-Diamond-Grinding-Cup-Wheel.jpg\" alt=\"Stein-Diamant-Schleiftopf-Rad\" width=\"850\" height=\"194\" srcset=\"https:\/\/xmstonetools.com\/wp-content\/uploads\/2022\/11\/Stone-Diamond-Grinding-Cup-Wheel.jpg 850w, https:\/\/xmstonetools.com\/wp-content\/uploads\/2022\/11\/Stone-Diamond-Grinding-Cup-Wheel-800x183.jpg 800w, https:\/\/xmstonetools.com\/wp-content\/uploads\/2022\/11\/Stone-Diamond-Grinding-Cup-Wheel-768x175.jpg 768w, https:\/\/xmstonetools.com\/wp-content\/uploads\/2022\/11\/Stone-Diamond-Grinding-Cup-Wheel-600x137.jpg 600w\" sizes=\"auto, (max-width: 850px) 100vw, 850px\" \/><figcaption id=\"caption-attachment-1275\" class=\"wp-caption-text\">Stein-Diamant-Schleiftopf-Rad<\/figcaption><\/figure>\n<figure id=\"attachment_1274\" aria-describedby=\"caption-attachment-1274\" style=\"width: 859px\" class=\"wp-caption aligncenter\"><img loading=\"lazy\" decoding=\"async\" class=\"wp-image-1274 size-full\" src=\"https:\/\/xmstonetools.com\/wp-content\/uploads\/2022\/11\/Stone-Diamond-Cup-Wheels.jpg\" alt=\"Stein-Diamant-Topf-R\u00e4der\" width=\"859\" height=\"190\" srcset=\"https:\/\/xmstonetools.com\/wp-content\/uploads\/2022\/11\/Stone-Diamond-Cup-Wheels.jpg 859w, https:\/\/xmstonetools.com\/wp-content\/uploads\/2022\/11\/Stone-Diamond-Cup-Wheels-800x177.jpg 800w, https:\/\/xmstonetools.com\/wp-content\/uploads\/2022\/11\/Stone-Diamond-Cup-Wheels-768x170.jpg 768w, https:\/\/xmstonetools.com\/wp-content\/uploads\/2022\/11\/Stone-Diamond-Cup-Wheels-600x133.jpg 600w\" sizes=\"auto, (max-width: 859px) 100vw, 859px\" \/><figcaption id=\"caption-attachment-1274\" class=\"wp-caption-text\">Stein-Diamant-Topf-R\u00e4der<\/figcaption><\/figure>","protected":false},"excerpt":{"rendered":"<p>90-100mm Diamant-Schleifscheiben f\u00fcr das Schleifen von Stein\/Beton<\/p>\n<p>Hauptmerkmal: 1. hocheffektiv, umweltfreundlich, einfache Bedienung, kein Kantenbruch.<\/p>\n<p>2. aus hochwertigen Diamanten hergestellte Diamantsegmente durch fortschrittliche Techniken.<\/p>\n<p>3. kein Segmentabfall, keine Verformung, leise und nicht leise f\u00fcr unterschiedliche Qualit\u00e4tsanforderungen<\/p>\n<p>4. hohe Formel M-Form, K-Form, Kegelform, flache Form, T-Form, U-Form, etc.<\/p>\n<p>5. diamantbesetzte Klinge f\u00fcr langanhaltende Leistung bei minimaler Absplitterung<\/p>\n<p>6. Multi-Loch-Design nach den Anforderungen des Kunden.<\/p>\n<div>\n<a href=\"#Quote-Button\" class=\"button primary is-large Inquiry-Button\" style=\"border-radius:99px;\">\n\t<i class=\"icon-heart\" aria-hidden=\"true\"><\/i>\t<span>Jetzt anfragen<\/span>\n\t<\/a>\n\n<\/div>","protected":false},"featured_media":1270,"template":"","meta":[],"product_brand":[],"product_cat":[56],"product_tag":[83],"class_list":{"0":"post-1278","1":"product","2":"type-product","3":"status-publish","4":"has-post-thumbnail","6":"product_cat-stone-grinding-tools","7":"product_tag-grinding-cup-wheel","9":"first","10":"instock","11":"shipping-taxable","12":"product-type-simple"},"aioseo_notices":[],"_links":{"self":[{"href":"https:\/\/xmstonetools.com\/de\/wp-json\/wp\/v2\/product\/1278","targetHints":{"allow":["GET"]}}],"collection":[{"href":"https:\/\/xmstonetools.com\/de\/wp-json\/wp\/v2\/product"}],"about":[{"href":"https:\/\/xmstonetools.com\/de\/wp-json\/wp\/v2\/types\/product"}],"wp:featuredmedia":[{"embeddable":true,"href":"https:\/\/xmstonetools.com\/de\/wp-json\/wp\/v2\/media\/1270"}],"wp:attachment":[{"href":"https:\/\/xmstonetools.com\/de\/wp-json\/wp\/v2\/media?parent=1278"}],"wp:term":[{"taxonomy":"product_brand","embeddable":true,"href":"https:\/\/xmstonetools.com\/de\/wp-json\/wp\/v2\/product_brand?post=1278"},{"taxonomy":"product_cat","embeddable":true,"href":"https:\/\/xmstonetools.com\/de\/wp-json\/wp\/v2\/product_cat?post=1278"},{"taxonomy":"product_tag","embeddable":true,"href":"https:\/\/xmstonetools.com\/de\/wp-json\/wp\/v2\/product_tag?post=1278"}],"curies":[{"name":"wp","href":"https:\/\/api.w.org\/{rel}","templated":true}]}}