{"id":1290,"date":"2022-11-16T19:41:42","date_gmt":"2022-11-16T11:41:42","guid":{"rendered":"https:\/\/xmstonetools.com\/?post_type=product&#038;p=1290"},"modified":"2023-03-28T15:54:12","modified_gmt":"2023-03-28T07:54:12","slug":"diamantdrahtsage-fur-blockabrichten","status":"publish","type":"product","link":"https:\/\/xmstonetools.com\/de\/produkt\/diamantdrahtsage-fur-blockabrichten\/","title":{"rendered":"Diamant-Drahts\u00e4ge f\u00fcr Blockabrichten"},"content":{"rendered":"<table class=\"aliDataTable\">\n<tbody>\n<tr align=\"left\">\n<td valign=\"top\">Anmeldung<\/td>\n<td valign=\"top\">1. f\u00fcr Steinbruch, Block Quadratur &amp; Fasen, Profilierung Schneiden<\/p>\n<p>2. zum Schneiden von Stahlbeton<\/td>\n<\/tr>\n<tr align=\"left\">\n<td valign=\"top\">Durchmesser der Drahts\u00e4ge<\/td>\n<td valign=\"top\">7,2mm, 8,0mm, 8,5mm, 9,0mm, 11,0mm, 11,5mm<\/td>\n<\/tr>\n<tr align=\"left\">\n<td valign=\"top\">Technologie<\/td>\n<td valign=\"top\">Gesintert, galvanisch beschichtet, vakuumgel\u00f6tet<\/td>\n<\/tr>\n<tr align=\"left\">\n<td valign=\"top\">Beschichtung Fix Injektion<\/td>\n<td valign=\"top\">Kunststoff,Gummi,Feder,Gummi+Feder,Kunststoff+Feder<\/td>\n<\/tr>\n<tr align=\"left\">\n<td valign=\"top\">Perlen\/Meter<\/td>\n<td valign=\"top\">40\/37\/33\/28\/26St\u00fcck<\/td>\n<\/tr>\n<tr align=\"left\">\n<td valign=\"top\">Achtung<\/td>\n<td valign=\"top\">l. \u00dcberpr\u00fcfen Sie die S\u00e4ge regelm\u00e4\u00dfig und stellen Sie sie rechtzeitig ein.<\/p>\n<p>2. die Perle regelm\u00e4\u00dfig zu \u00fcberpr\u00fcfen, vermeiden Sie die exzentrische Abnutzung<br \/>\n3. \u00dcberpr\u00fcfen Sie das Gelenk regelm\u00e4\u00dfig und passen Sie es rechtzeitig an.<br \/>\n4. Die Spannung der Seile betr\u00e4gt 250-300kg (\u03a64-5mm Seile)<br \/>\n5. Wasserversorgung ist etwa 15-25L\/min<\/td>\n<\/tr>\n<tr align=\"left\">\n<td valign=\"top\">\u00a0Merkmal<\/td>\n<td valign=\"top\">\n<div>1. sehr geringe Bruchrate bei der Verwendung, wodurch die Lebensdauer erh\u00f6ht wird.<br \/>\n2. die automatische Produktion gew\u00e4hrleistet eine stabile Qualit\u00e4tsleistung.<br \/>\n3. sicher, hocheffizient und umweltschonend.<\/div>\n<\/td>\n<\/tr>\n<\/tbody>\n<\/table>\n<div><\/div>\n<div data-spm-anchor-id=\"a2700.details.0.i12.4d8747faaoIfJr\">\n<table class=\"aliDataTable\">\n<tbody>\n<tr align=\"left\">\n<td valign=\"center\">Durchmesser (mm)<\/td>\n<td valign=\"center\">Anwendungen<\/td>\n<td valign=\"center\">Beschichtung<\/td>\n<td valign=\"center\">Wulst\/m<\/td>\n<td valign=\"center\">Schnittgeschwindigkeit(m2\/h)<\/td>\n<td valign=\"center\">Lebensdauer des Drahtes (m2\/m)<\/td>\n<\/tr>\n<tr align=\"left\">\n<td valign=\"center\">\u03a6 11. 5 \/ \u03a6 10.5<\/td>\n<td valign=\"center\">Bewehrter Beton<\/td>\n<td valign=\"center\">Gummi+Feder<\/td>\n<td valign=\"center\">40<\/td>\n<td valign=\"center\">0.5-5<\/td>\n<td valign=\"center\">0.5-8<\/td>\n<\/tr>\n<tr align=\"left\">\n<td valign=\"center\">\u03a6 11.5\/ \u03a6 11.0<\/td>\n<td valign=\"center\">Granitbergwerk\/Granitsteinbruch<\/td>\n<td valign=\"center\">Gummi\/Gummi+Feder<\/td>\n<td valign=\"center\">40<\/td>\n<td valign=\"center\">2-12<\/td>\n<td valign=\"center\">7-22<\/td>\n<\/tr>\n<tr align=\"left\">\n<td valign=\"center\">\u03a6 11,5\/ \u03a6 11,0\/ \u03a6 10,5<\/td>\n<td valign=\"center\">Marmorgrube\/Marmorsteinbruch<\/td>\n<td valign=\"center\">Feder\/Feder+Kunststoff<\/td>\n<td valign=\"center\">28-40<\/td>\n<td valign=\"center\">4-20<\/td>\n<td valign=\"center\">15-50<\/td>\n<\/tr>\n<tr align=\"left\">\n<td valign=\"center\">\u03a6 11.0\/10.5<\/td>\n<td valign=\"center\">Granit- und Marmorblock<\/td>\n<td valign=\"center\">Kunststoff\/Gummi<\/td>\n<td valign=\"center\">37\/40<\/td>\n<td valign=\"center\">6-30<\/td>\n<td valign=\"center\">7-50<\/td>\n<\/tr>\n<tr align=\"left\">\n<td valign=\"center\">\u03a6 8.8\/ \u03a6 8. 5<\/td>\n<td valign=\"center\">Profilierung von Granit und Marmor<\/td>\n<td valign=\"center\">Kunststoff\/Gummi<\/td>\n<td valign=\"center\">33\/37\/40<\/td>\n<td valign=\"center\">7-30<\/td>\n<td valign=\"center\">7-40<\/td>\n<\/tr>\n<tr align=\"left\">\n<td valign=\"center\">\u03a6 7. 2 \/ \u03a6 8.5<\/td>\n<td valign=\"center\">Granitplatte<\/td>\n<td valign=\"center\">Kunststoff<\/td>\n<td valign=\"center\">37<\/td>\n<td valign=\"center\">0.5-1.6<\/td>\n<td valign=\"center\">6-15<\/td>\n<\/tr>\n<\/tbody>\n<\/table>\n<div><\/div>\n<figure id=\"attachment_1286\" aria-describedby=\"caption-attachment-1286\" style=\"width: 811px\" class=\"wp-caption aligncenter\"><img loading=\"lazy\" decoding=\"async\" class=\"wp-image-1286 size-full\" src=\"https:\/\/xmstonetools.com\/wp-content\/uploads\/2022\/11\/Diamond-Wire-Saw-For-Block-Dressing-1.jpg\" alt=\"Diamant-Drahts\u00e4ge f\u00fcr Block-Dressing-1\" width=\"811\" height=\"477\" srcset=\"https:\/\/xmstonetools.com\/wp-content\/uploads\/2022\/11\/Diamond-Wire-Saw-For-Block-Dressing-1.jpg 811w, https:\/\/xmstonetools.com\/wp-content\/uploads\/2022\/11\/Diamond-Wire-Saw-For-Block-Dressing-1-680x400.jpg 680w, https:\/\/xmstonetools.com\/wp-content\/uploads\/2022\/11\/Diamond-Wire-Saw-For-Block-Dressing-1-768x452.jpg 768w, https:\/\/xmstonetools.com\/wp-content\/uploads\/2022\/11\/Diamond-Wire-Saw-For-Block-Dressing-1-600x353.jpg 600w\" sizes=\"auto, (max-width: 811px) 100vw, 811px\" \/><figcaption id=\"caption-attachment-1286\" class=\"wp-caption-text\">Diamant-Drahts\u00e4ge f\u00fcr Block-Dressing-1<\/figcaption><\/figure>\n<figure id=\"attachment_1284\" aria-describedby=\"caption-attachment-1284\" style=\"width: 797px\" class=\"wp-caption aligncenter\"><img loading=\"lazy\" decoding=\"async\" class=\"wp-image-1284 size-full\" src=\"https:\/\/xmstonetools.com\/wp-content\/uploads\/2022\/11\/Diamond-Rope-Saw-For-Block-Profiling-1.jpg\" alt=\"Diamant-Seils\u00e4ge f\u00fcr Blockprofilierung-1\" width=\"797\" height=\"745\" srcset=\"https:\/\/xmstonetools.com\/wp-content\/uploads\/2022\/11\/Diamond-Rope-Saw-For-Block-Profiling-1.jpg 797w, https:\/\/xmstonetools.com\/wp-content\/uploads\/2022\/11\/Diamond-Rope-Saw-For-Block-Profiling-1-428x400.jpg 428w, https:\/\/xmstonetools.com\/wp-content\/uploads\/2022\/11\/Diamond-Rope-Saw-For-Block-Profiling-1-768x718.jpg 768w, https:\/\/xmstonetools.com\/wp-content\/uploads\/2022\/11\/Diamond-Rope-Saw-For-Block-Profiling-1-600x561.jpg 600w\" sizes=\"auto, (max-width: 797px) 100vw, 797px\" \/><figcaption id=\"caption-attachment-1284\" class=\"wp-caption-text\">Diamant-Seils\u00e4ge f\u00fcr Blockprofilierung-1<\/figcaption><\/figure>\n<figure id=\"attachment_1281\" aria-describedby=\"caption-attachment-1281\" style=\"width: 798px\" class=\"wp-caption aligncenter\"><img loading=\"lazy\" decoding=\"async\" class=\"wp-image-1281 size-full\" src=\"https:\/\/xmstonetools.com\/wp-content\/uploads\/2022\/11\/Advantage-Wire-Saw-For-Block-Profiling-Dressing-1.jpg\" alt=\"Vorteil Drahts\u00e4ge f\u00fcr Block Profilierung Dressing-1\" width=\"798\" height=\"713\" srcset=\"https:\/\/xmstonetools.com\/wp-content\/uploads\/2022\/11\/Advantage-Wire-Saw-For-Block-Profiling-Dressing-1.jpg 798w, https:\/\/xmstonetools.com\/wp-content\/uploads\/2022\/11\/Advantage-Wire-Saw-For-Block-Profiling-Dressing-1-448x400.jpg 448w, https:\/\/xmstonetools.com\/wp-content\/uploads\/2022\/11\/Advantage-Wire-Saw-For-Block-Profiling-Dressing-1-768x686.jpg 768w, https:\/\/xmstonetools.com\/wp-content\/uploads\/2022\/11\/Advantage-Wire-Saw-For-Block-Profiling-Dressing-1-600x536.jpg 600w\" sizes=\"auto, (max-width: 798px) 100vw, 798px\" \/><figcaption id=\"caption-attachment-1281\" class=\"wp-caption-text\">Vorteil Drahts\u00e4ge f\u00fcr Block Profilierung Dressing-1<\/figcaption><\/figure>\n<figure id=\"attachment_1282\" aria-describedby=\"caption-attachment-1282\" style=\"width: 797px\" class=\"wp-caption aligncenter\"><img loading=\"lazy\" decoding=\"async\" class=\"wp-image-1282 size-full\" src=\"https:\/\/xmstonetools.com\/wp-content\/uploads\/2022\/11\/Advantage-Wire-Saw-For-Block-Profiling-Dressing-2.jpg\" alt=\"Vorteil Drahts\u00e4ge f\u00fcr Block Profilierung Dressing-2\" width=\"797\" height=\"309\" srcset=\"https:\/\/xmstonetools.com\/wp-content\/uploads\/2022\/11\/Advantage-Wire-Saw-For-Block-Profiling-Dressing-2.jpg 797w, https:\/\/xmstonetools.com\/wp-content\/uploads\/2022\/11\/Advantage-Wire-Saw-For-Block-Profiling-Dressing-2-768x298.jpg 768w, https:\/\/xmstonetools.com\/wp-content\/uploads\/2022\/11\/Advantage-Wire-Saw-For-Block-Profiling-Dressing-2-600x233.jpg 600w\" sizes=\"auto, (max-width: 797px) 100vw, 797px\" \/><figcaption id=\"caption-attachment-1282\" class=\"wp-caption-text\">Vorteil Drahts\u00e4ge f\u00fcr Block Profilierung Dressing-2<\/figcaption><\/figure>\n<figure id=\"attachment_1288\" aria-describedby=\"caption-attachment-1288\" style=\"width: 749px\" class=\"wp-caption aligncenter\"><img loading=\"lazy\" decoding=\"async\" class=\"wp-image-1288 size-full\" src=\"https:\/\/xmstonetools.com\/wp-content\/uploads\/2022\/11\/Packing-and-Shipping-of-Profiling-wire-saw.jpg\" alt=\"Verpackung und Versand von Profilierseils\u00e4gen\" width=\"749\" height=\"799\" srcset=\"https:\/\/xmstonetools.com\/wp-content\/uploads\/2022\/11\/Packing-and-Shipping-of-Profiling-wire-saw.jpg 749w, https:\/\/xmstonetools.com\/wp-content\/uploads\/2022\/11\/Packing-and-Shipping-of-Profiling-wire-saw-375x400.jpg 375w, https:\/\/xmstonetools.com\/wp-content\/uploads\/2022\/11\/Packing-and-Shipping-of-Profiling-wire-saw-600x640.jpg 600w\" sizes=\"auto, (max-width: 749px) 100vw, 749px\" \/><figcaption id=\"caption-attachment-1288\" class=\"wp-caption-text\">Verpackung und Versand von Profilierseils\u00e4gen<\/figcaption><\/figure>\n<\/div>","protected":false},"excerpt":{"rendered":"<p>Diamant-Drahts\u00e4ge f\u00fcr Blockabrichten:<\/p>\n<p>Wir empfehlen Kunststoffdraht, der zum Zerlegen von Marmor und Granit verwendet werden kann.<\/p>\n<p>Es kann pr\u00e4zise mit kleinem Zwischenraum schneiden.<\/p>\n<p>Es kann den Block mit der Dicke von 2.3M schneiden<\/p>\n<p>Diamant-Drahts\u00e4ge f\u00fcr Profilierung :<\/p>\n<p>Wir empfehlen Kunststoffdraht f\u00fcr Formgebungsarbeiten, der eine Vielzahl von M\u00f6glichkeiten bietet<\/p>\n<p>Es ergibt eine glatte Oberfl\u00e4che und genaue Gr\u00f6\u00dfen mit kleinen Zwischenr\u00e4umen.<\/p>\n<p>S\u00e4ulen und Elemente f\u00fcr das Bauwesen k\u00f6nnen wesentlich wirtschaftlicher hergestellt werden.<\/p>\n<a href=\"#Quote-Button\" class=\"button primary is-large Inquiry-Button\" style=\"border-radius:99px;\">\n\t<i class=\"icon-heart\" aria-hidden=\"true\"><\/i>\t<span>Jetzt anfragen<\/span>\n\t<\/a>","protected":false},"featured_media":1285,"template":"","meta":[],"product_brand":[],"product_cat":[61],"product_tag":[69,80,84],"class_list":{"0":"post-1290","1":"product","2":"type-product","3":"status-publish","4":"has-post-thumbnail","6":"product_cat-diamond-wire-saw","7":"product_tag-diamond-wire-saw","8":"product_tag-granite-wire-saw","9":"product_tag-profiling-wire-saw","11":"first","12":"instock","13":"shipping-taxable","14":"product-type-simple"},"aioseo_notices":[],"_links":{"self":[{"href":"https:\/\/xmstonetools.com\/de\/wp-json\/wp\/v2\/product\/1290","targetHints":{"allow":["GET"]}}],"collection":[{"href":"https:\/\/xmstonetools.com\/de\/wp-json\/wp\/v2\/product"}],"about":[{"href":"https:\/\/xmstonetools.com\/de\/wp-json\/wp\/v2\/types\/product"}],"wp:featuredmedia":[{"embeddable":true,"href":"https:\/\/xmstonetools.com\/de\/wp-json\/wp\/v2\/media\/1285"}],"wp:attachment":[{"href":"https:\/\/xmstonetools.com\/de\/wp-json\/wp\/v2\/media?parent=1290"}],"wp:term":[{"taxonomy":"product_brand","embeddable":true,"href":"https:\/\/xmstonetools.com\/de\/wp-json\/wp\/v2\/product_brand?post=1290"},{"taxonomy":"product_cat","embeddable":true,"href":"https:\/\/xmstonetools.com\/de\/wp-json\/wp\/v2\/product_cat?post=1290"},{"taxonomy":"product_tag","embeddable":true,"href":"https:\/\/xmstonetools.com\/de\/wp-json\/wp\/v2\/product_tag?post=1290"}],"curies":[{"name":"wp","href":"https:\/\/api.w.org\/{rel}","templated":true}]}}