{"id":1299,"date":"2022-11-16T22:23:11","date_gmt":"2022-11-16T14:23:11","guid":{"rendered":"https:\/\/xmstonetools.com\/?post_type=product&#038;p=1299"},"modified":"2023-03-28T15:53:58","modified_gmt":"2023-03-28T07:53:58","slug":"seilsage-fur-steinquadrate","status":"publish","type":"product","link":"https:\/\/xmstonetools.com\/de\/produkt\/seilsage-fur-steinquadrate\/","title":{"rendered":"Drahts\u00e4ge f\u00fcr Steinquadrate"},"content":{"rendered":"<div class=\"J_module\">\n<div class=\"ife-detail-decorate-table\">\n<table class=\"has-title all magic-11\">\n<tbody>\n<tr>\n<td colspan=\"1\" rowspan=\"1\">\n<div class=\"magic-12\">Anmeldung<\/div>\n<\/td>\n<td colspan=\"1\" rowspan=\"1\">\n<div class=\"magic-13\">1. f\u00fcr Steinbruch, Block Quadrieren &amp; Fasen, Profilieren Schneiden<br \/>\n2. zum Schneiden von Stahlbeton<\/div>\n<\/td>\n<\/tr>\n<tr>\n<td colspan=\"1\" rowspan=\"1\">\n<div class=\"magic-12\">Durchmesser der Drahts\u00e4ge<\/div>\n<\/td>\n<td colspan=\"1\" rowspan=\"1\">\n<div class=\"magic-13\">5.3mm,6.3mm.7.3mm, 8.0mm, 9.0mm,11.0mm,11.5mm\uff0c12.5mm<\/div>\n<\/td>\n<\/tr>\n<tr>\n<td colspan=\"1\" rowspan=\"1\">\n<div class=\"magic-12\">Technologie<\/div>\n<\/td>\n<td colspan=\"1\" rowspan=\"1\">\n<div class=\"magic-13\">Gesintert, galvanisch beschichtet, vakuumgel\u00f6tet<\/div>\n<\/td>\n<\/tr>\n<tr>\n<td colspan=\"1\" rowspan=\"1\">\n<div class=\"magic-12\">Beschichtung Fix Injektion<\/div>\n<\/td>\n<td colspan=\"1\" rowspan=\"1\">\n<div class=\"magic-13\">Kunststoff, Gummi, Feder, Gummi+Feder, Kunststoff+Feder<\/div>\n<\/td>\n<\/tr>\n<tr>\n<td colspan=\"1\" rowspan=\"1\">\n<div class=\"magic-12\">Perlen\/Meter<\/div>\n<\/td>\n<td colspan=\"1\" rowspan=\"1\">\n<div class=\"magic-13\">40\/37\/33\/28\/26 St\u00fcck<\/div>\n<\/td>\n<\/tr>\n<tr>\n<td colspan=\"1\" rowspan=\"1\">\n<div class=\"magic-12\">Achtung<\/div>\n<\/td>\n<td colspan=\"1\" rowspan=\"1\">\n<div class=\"magic-13\">l. \u00dcberpr\u00fcfen Sie die S\u00e4ge regelm\u00e4\u00dfig und stellen Sie sie rechtzeitig ein.<br \/>\n2. die Perle regelm\u00e4\u00dfig zu \u00fcberpr\u00fcfen, vermeiden Sie die exzentrische Abnutzung<br \/>\n3. \u00dcberpr\u00fcfen Sie das Gelenk regelm\u00e4\u00dfig und passen Sie es rechtzeitig an.<br \/>\n4. Die Spannung der Seile betr\u00e4gt 250-300kg (\u03a64-5mm Seile)<br \/>\n5. Wasserversorgung ist etwa 15-25L\/min<\/div>\n<\/td>\n<\/tr>\n<tr>\n<td colspan=\"1\" rowspan=\"1\">\n<div class=\"magic-12\">\u00a0Merkmal<\/div>\n<\/td>\n<td colspan=\"1\" rowspan=\"1\">\n<div class=\"magic-13\">1. sehr geringe Bruchrate bei der Verwendung, wodurch die Lebensdauer erh\u00f6ht wird.<br \/>\n2. die automatische Produktion gew\u00e4hrleistet eine stabile Qualit\u00e4tsleistung.<br \/>\n3. sicher, hocheffizient und umweltschonend.<\/div>\n<\/td>\n<\/tr>\n<\/tbody>\n<\/table>\n<figure id=\"attachment_1292\" aria-describedby=\"caption-attachment-1292\" style=\"width: 750px\" class=\"wp-caption aligncenter\"><img loading=\"lazy\" decoding=\"async\" class=\"wp-image-1292 size-full\" src=\"https:\/\/xmstonetools.com\/wp-content\/uploads\/2022\/11\/Applications-of-Squaring-Wire-Rope-Saw.jpg\" alt=\"Anwendungen der Squaring Wire Rope Saw\" width=\"750\" height=\"532\" srcset=\"https:\/\/xmstonetools.com\/wp-content\/uploads\/2022\/11\/Applications-of-Squaring-Wire-Rope-Saw.jpg 750w, https:\/\/xmstonetools.com\/wp-content\/uploads\/2022\/11\/Applications-of-Squaring-Wire-Rope-Saw-564x400.jpg 564w, https:\/\/xmstonetools.com\/wp-content\/uploads\/2022\/11\/Applications-of-Squaring-Wire-Rope-Saw-600x426.jpg 600w\" sizes=\"auto, (max-width: 750px) 100vw, 750px\" \/><figcaption id=\"caption-attachment-1292\" class=\"wp-caption-text\">Anwendungen der Squaring Wire Rope Saw<\/figcaption><\/figure>\n<figure id=\"attachment_1297\" aria-describedby=\"caption-attachment-1297\" style=\"width: 750px\" class=\"wp-caption aligncenter\"><img loading=\"lazy\" decoding=\"async\" class=\"wp-image-1297 size-full\" src=\"https:\/\/xmstonetools.com\/wp-content\/uploads\/2022\/11\/Stone-Squaring-Wire-Saw-Production-Details.jpg\" alt=\"Stein-Quadrat-Draht-S\u00e4ge Produktion Details\" width=\"750\" height=\"279\" srcset=\"https:\/\/xmstonetools.com\/wp-content\/uploads\/2022\/11\/Stone-Squaring-Wire-Saw-Production-Details.jpg 750w, https:\/\/xmstonetools.com\/wp-content\/uploads\/2022\/11\/Stone-Squaring-Wire-Saw-Production-Details-600x223.jpg 600w\" sizes=\"auto, (max-width: 750px) 100vw, 750px\" \/><figcaption id=\"caption-attachment-1297\" class=\"wp-caption-text\">Stein-Quadrat-Draht-S\u00e4ge Produktion Details<\/figcaption><\/figure>\n<figure id=\"attachment_1298\" aria-describedby=\"caption-attachment-1298\" style=\"width: 750px\" class=\"wp-caption aligncenter\"><img loading=\"lazy\" decoding=\"async\" class=\"wp-image-1298 size-full\" src=\"https:\/\/xmstonetools.com\/wp-content\/uploads\/2022\/11\/Stone-Squaring-Wire-Saw-Production-Details-2.png\" alt=\"Stein-Quadrat-Draht-S\u00e4ge Produktion Details-2\" width=\"750\" height=\"508\" srcset=\"https:\/\/xmstonetools.com\/wp-content\/uploads\/2022\/11\/Stone-Squaring-Wire-Saw-Production-Details-2.png 750w, https:\/\/xmstonetools.com\/wp-content\/uploads\/2022\/11\/Stone-Squaring-Wire-Saw-Production-Details-2-591x400.png 591w, https:\/\/xmstonetools.com\/wp-content\/uploads\/2022\/11\/Stone-Squaring-Wire-Saw-Production-Details-2-600x406.png 600w\" sizes=\"auto, (max-width: 750px) 100vw, 750px\" \/><figcaption id=\"caption-attachment-1298\" class=\"wp-caption-text\">Stein-Quadrat-Draht-S\u00e4ge Produktion Details-2<\/figcaption><\/figure>\n<\/div>\n<\/div>\n<div class=\"J_module\">\n<div class=\"icbu-pc-images magic-6\">\n<div>\n<div class=\"flex-layout-v\">\n<div class=\"flex-layout-h magic-6\"><\/div>\n<\/div>\n<\/div>\n<\/div>\n<\/div>","protected":false},"excerpt":{"rendered":"<h3 class=\"magic-5\"><span data-spm-anchor-id=\"a2700.details.0.i9.4eb27889zgIkmr\">Diamant-Drahts\u00e4ge zum Quadrieren von Bl\u00f6cken:<\/span><\/h3>\n<div class=\"magic-2\">\n<div class=\"magic-3\">\n<div class=\"magic-4\">Wir empfehlen Kunststoffdraht, der zum Zerlegen von Marmor und Granit verwendet werden kann.<br \/>\nEs kann pr\u00e4zise mit kleinem Zwischenraum schneiden.<br \/>\nEs kann den Block mit einer Dicke von 2,3M schneiden.<\/div>\n<div>1.BIETEN EINE L\u00d6SUNG AUS EINER HAND F\u00dcR DAS SCHNEIDEN.<br \/>\n2.FACTORY GROSSHANDELSPREIS \/ NIEDRIGE MOQ.<br \/>\n3. EINER DER GR\u00d6SSTEN HERSTELLER VON DIAMANTWERKZEUGEN IN CHINA.<br \/>\n4.DIAMANTSEILS\u00c4GE &amp; DIAMANTSEILS\u00c4GEMASCHINEN ANBIETEN.<br \/>\n5. ODM &amp; OEM AKZEPTIEREN \/ WETTBEWERBSF\u00c4HIGEN PREIS AUF DEM MARKT.<\/div>\n<div><\/div>\n<\/div>\n<div><a href=\"#Quote-Button\" class=\"button primary is-large Inquiry-Button\" style=\"border-radius:99px;\">\n\t<i class=\"icon-heart\" aria-hidden=\"true\"><\/i>\t<span>Jetzt anfragen<\/span>\n\t<\/a>\n<\/div>\n<\/div>","protected":false},"featured_media":1293,"template":"","meta":[],"product_brand":[],"product_cat":[61,55],"product_tag":[68,69,80],"class_list":{"0":"post-1299","1":"product","2":"type-product","3":"status-publish","4":"has-post-thumbnail","6":"product_cat-diamond-wire-saw","7":"product_cat-stone-cutting-tools","8":"product_tag-diamond-rope-saw","9":"product_tag-diamond-wire-saw","10":"product_tag-granite-wire-saw","12":"first","13":"instock","14":"shipping-taxable","15":"product-type-simple"},"aioseo_notices":[],"_links":{"self":[{"href":"https:\/\/xmstonetools.com\/de\/wp-json\/wp\/v2\/product\/1299","targetHints":{"allow":["GET"]}}],"collection":[{"href":"https:\/\/xmstonetools.com\/de\/wp-json\/wp\/v2\/product"}],"about":[{"href":"https:\/\/xmstonetools.com\/de\/wp-json\/wp\/v2\/types\/product"}],"wp:featuredmedia":[{"embeddable":true,"href":"https:\/\/xmstonetools.com\/de\/wp-json\/wp\/v2\/media\/1293"}],"wp:attachment":[{"href":"https:\/\/xmstonetools.com\/de\/wp-json\/wp\/v2\/media?parent=1299"}],"wp:term":[{"taxonomy":"product_brand","embeddable":true,"href":"https:\/\/xmstonetools.com\/de\/wp-json\/wp\/v2\/product_brand?post=1299"},{"taxonomy":"product_cat","embeddable":true,"href":"https:\/\/xmstonetools.com\/de\/wp-json\/wp\/v2\/product_cat?post=1299"},{"taxonomy":"product_tag","embeddable":true,"href":"https:\/\/xmstonetools.com\/de\/wp-json\/wp\/v2\/product_tag?post=1299"}],"curies":[{"name":"wp","href":"https:\/\/api.w.org\/{rel}","templated":true}]}}