{"id":1304,"date":"2022-11-17T09:01:57","date_gmt":"2022-11-17T01:01:57","guid":{"rendered":"https:\/\/xmstonetools.com\/?post_type=product&#038;p=1304"},"modified":"2023-03-28T15:52:55","modified_gmt":"2023-03-28T07:52:55","slug":"kunststoffbeschichtete-diamantseilsage","status":"publish","type":"product","link":"https:\/\/xmstonetools.com\/de\/produkt\/kunststoffbeschichtete-diamantseilsage\/","title":{"rendered":"Kunststoffbeschichtete Diamant-Seils\u00e4ge"},"content":{"rendered":"<div class=\"J_module\">\n<div class=\"detail-decorate-json-renderer-container\">\n<div class=\"magic-1\">\n<div class=\"magic-2\">\n<div class=\"magic-3\">\n<div class=\"magic-4\">\n<p class=\"magic-5\" data-spm-anchor-id=\"a2700.details.0.i8.6aa63b23XyWRdG\">Durchmesser 8,5 mm Diamantdrahts\u00e4ge f\u00fcr Granit, Marmor, Stein schneiden und profilieren<br \/>\nAnwendungen &amp; Eigenschaften: f\u00fcr Diamantdrahts\u00e4ge f\u00fcr Marmorabbau und Beton schneiden. Verschiedene Perlen Durchmesser von 8,5 mm, 10,5 mm und 11,0 mm sind verf\u00fcgbar; Mit schnelles Schneiden, langlebig, energiesparend und umweltfreundlich.<\/p>\n<\/div>\n<\/div>\n<\/div>\n<\/div>\n<\/div>\n<\/div>\n<div class=\"J_module\">\n<div class=\"ife-detail-decorate-table\">\n<table class=\"has-title all magic-6\">\n<tbody>\n<tr>\n<td>\n<div class=\"magic-7\">Durchmesser (mm)<\/div>\n<\/td>\n<td>\n<div class=\"magic-8\">Anwendungen<\/div>\n<\/td>\n<td>\n<div class=\"magic-9\">Beschichtung<\/div>\n<\/td>\n<td>\n<div class=\"magic-10\">Wulst\/m<\/div>\n<\/td>\n<td>\n<div class=\"magic-11\">Schnittgeschwindigkeit(m2\/h)<\/div>\n<\/td>\n<td>\n<div class=\"magic-12\">Lebensdauer des Drahtes (m2\/m)<\/div>\n<\/td>\n<\/tr>\n<tr>\n<td>\n<div class=\"magic-7\">\u03a611.5\/\u03a610.5<\/div>\n<\/td>\n<td>\n<div class=\"magic-8\">Bewehrter Beton<\/div>\n<\/td>\n<td>\n<div class=\"magic-9\">Gummi+Feder<\/div>\n<\/td>\n<td>\n<div class=\"magic-10\">40<\/div>\n<\/td>\n<td>\n<div class=\"magic-11\">0.5-5<\/div>\n<\/td>\n<td>\n<div class=\"magic-11\">0.5-8<\/div>\n<\/td>\n<\/tr>\n<tr>\n<td>\n<div class=\"magic-7\">\u03a611.5\/\u03a611.0<\/div>\n<\/td>\n<td>\n<div class=\"magic-8\">Granitbergwerk\/Granitsteinbruch<\/div>\n<\/td>\n<td>\n<div class=\"magic-9\">Gummi\/Gummi+Feder<\/div>\n<\/td>\n<td>\n<div class=\"magic-10\">40<\/div>\n<\/td>\n<td>\n<div class=\"magic-11\">2-12<\/div>\n<\/td>\n<td>\n<div class=\"magic-11\">7-22<\/div>\n<\/td>\n<\/tr>\n<tr>\n<td>\n<div class=\"magic-7\">\u03a611,5\/\u03a611,0\/\u03a610,5<\/div>\n<\/td>\n<td>\n<div class=\"magic-8\">Marmorgrube\/Marmorsteinbruch<\/div>\n<\/td>\n<td>\n<div class=\"magic-9\">Feder\/Feder+Kunststoff<\/div>\n<\/td>\n<td>\n<div class=\"magic-10\">28-40<\/div>\n<\/td>\n<td>\n<div class=\"magic-11\">4-20<\/div>\n<\/td>\n<td>\n<div class=\"magic-11\">15-50<\/div>\n<\/td>\n<\/tr>\n<tr>\n<td>\n<div class=\"magic-7\">\u03a611.0\/10.5<\/div>\n<\/td>\n<td>\n<div class=\"magic-8\">Granit und Marmor<\/div>\n<\/td>\n<td>\n<div class=\"magic-9\">Kunststoff\/Kautschuk<\/div>\n<\/td>\n<td>\n<div class=\"magic-10\">37\/40<\/div>\n<\/td>\n<td>\n<div class=\"magic-11\">6-30<\/div>\n<\/td>\n<td>\n<div class=\"magic-11\">7-50<\/div>\n<\/td>\n<\/tr>\n<tr>\n<td>\n<div class=\"magic-7\">\u03a68.8\/\u03a68.5<\/div>\n<\/td>\n<td>\n<div class=\"magic-8\">Profilierung von Granit und Marmor<\/div>\n<\/td>\n<td>\n<div class=\"magic-9\">Kunststoff\/Gummi<\/div>\n<\/td>\n<td>\n<div class=\"magic-10\">33\/37\/40<\/div>\n<\/td>\n<td>\n<div class=\"magic-11\">7-30<\/div>\n<\/td>\n<td>\n<div class=\"magic-11\">7-40<\/div>\n<\/td>\n<\/tr>\n<tr>\n<td>\n<div class=\"magic-7\">\u03a67.2\/\u03a68.5<\/div>\n<\/td>\n<td>\n<div class=\"magic-8\">Granitplatte<\/div>\n<\/td>\n<td>\n<div class=\"magic-9\">Kunststoff<\/div>\n<\/td>\n<td>\n<div class=\"magic-10\">37<\/div>\n<\/td>\n<td>\n<div class=\"magic-11\">0.5-1.6<\/div>\n<\/td>\n<td>\n<div class=\"magic-11\">6-15<\/div>\n<\/td>\n<\/tr>\n<\/tbody>\n<\/table>\n<\/div>\n<\/div>","protected":false},"excerpt":{"rendered":"<p>Diamant-Drahts\u00e4ge f\u00fcr Profilierung :<br \/>\nWir empfehlen Kunststoffdraht f\u00fcr Formgebungsarbeiten, der eine Vielzahl von M\u00f6glichkeiten bietet<br \/>\nEs ergibt eine glatte Oberfl\u00e4che und genaue Gr\u00f6\u00dfen mit kleinen Zwischenr\u00e4umen.<br \/>\nS\u00e4ulen und Elemente f\u00fcr das Bauwesen k\u00f6nnen wesentlich wirtschaftlicher hergestellt werden.<\/p>\n<a href=\"#Quote-Button\" class=\"button primary is-large Inquiry-Button\" style=\"border-radius:99px;\">\n\t<i class=\"icon-heart\" aria-hidden=\"true\"><\/i>\t<span>Jetzt anfragen<\/span>\n\t<\/a>","protected":false},"featured_media":1302,"template":"","meta":[],"product_brand":[],"product_cat":[61,55],"product_tag":[69,70,85],"class_list":{"0":"post-1304","1":"product","2":"type-product","3":"status-publish","4":"has-post-thumbnail","6":"product_cat-diamond-wire-saw","7":"product_cat-stone-cutting-tools","8":"product_tag-diamond-wire-saw","9":"product_tag-granite-profiling-tools","10":"product_tag-plastic-wire-saw","12":"first","13":"instock","14":"shipping-taxable","15":"product-type-simple"},"aioseo_notices":[],"_links":{"self":[{"href":"https:\/\/xmstonetools.com\/de\/wp-json\/wp\/v2\/product\/1304","targetHints":{"allow":["GET"]}}],"collection":[{"href":"https:\/\/xmstonetools.com\/de\/wp-json\/wp\/v2\/product"}],"about":[{"href":"https:\/\/xmstonetools.com\/de\/wp-json\/wp\/v2\/types\/product"}],"wp:featuredmedia":[{"embeddable":true,"href":"https:\/\/xmstonetools.com\/de\/wp-json\/wp\/v2\/media\/1302"}],"wp:attachment":[{"href":"https:\/\/xmstonetools.com\/de\/wp-json\/wp\/v2\/media?parent=1304"}],"wp:term":[{"taxonomy":"product_brand","embeddable":true,"href":"https:\/\/xmstonetools.com\/de\/wp-json\/wp\/v2\/product_brand?post=1304"},{"taxonomy":"product_cat","embeddable":true,"href":"https:\/\/xmstonetools.com\/de\/wp-json\/wp\/v2\/product_cat?post=1304"},{"taxonomy":"product_tag","embeddable":true,"href":"https:\/\/xmstonetools.com\/de\/wp-json\/wp\/v2\/product_tag?post=1304"}],"curies":[{"name":"wp","href":"https:\/\/api.w.org\/{rel}","templated":true}]}}