{"id":1333,"date":"2022-11-25T17:04:01","date_gmt":"2022-11-25T09:04:01","guid":{"rendered":"https:\/\/xmstonetools.com\/?post_type=product&#038;p=1333"},"modified":"2023-03-28T15:52:47","modified_gmt":"2023-03-28T07:52:47","slug":"marmor-granit-gerauscharmes-kalibrierrad","status":"publish","type":"product","link":"https:\/\/xmstonetools.com\/de\/produkt\/marmor-granit-gerauscharmes-kalibrierrad\/","title":{"rendered":"Marmor Granit Silent Kalibrierungsrad"},"content":{"rendered":"<div style=\"text-align: center;\"><span data-spm-anchor-id=\"a2700.wholesale.0.i27.67976747o6F3Yu\">Spezifikation von Silent-Diamant-Kalibrierscheiben:<\/span><\/div>\n<table style=\"height: 385px;\" border=\"1\" width=\"662\" align=\"left\">\n<tbody>\n<tr>\n<td rowspan=\"2\" valign=\"center\">Durchmesser<\/td>\n<td rowspan=\"2\" valign=\"center\">Breite der Schleifscheibe<\/td>\n<td colspan=\"3\" valign=\"center\">Segment Gr\u00f6\u00dfe<\/td>\n<td rowspan=\"2\" valign=\"center\">Kopfbedeckung<\/td>\n<td rowspan=\"2\" valign=\"center\">Bohrung<\/td>\n<\/tr>\n<tr>\n<td valign=\"center\">lang<\/td>\n<td valign=\"center\">breit<\/td>\n<td valign=\"center\">hoch<\/td>\n<\/tr>\n<tr>\n<td valign=\"center\">300mm<\/td>\n<td rowspan=\"5\" valign=\"center\">30mm<\/p>\n<p>40mm<\/p>\n<p>50mm<\/td>\n<td rowspan=\"5\" valign=\"center\">34,6 mm<\/p>\n<p>46,2 mm<\/p>\n<p>57,7 mm<\/td>\n<td rowspan=\"5\" valign=\"center\">9mm<\/td>\n<td rowspan=\"5\" valign=\"center\">6,5 mm<\/td>\n<td valign=\"center\">36<\/td>\n<td rowspan=\"5\" valign=\"center\">50mm<\/p>\n<p>60mm<\/td>\n<\/tr>\n<tr>\n<td valign=\"center\">350mm<\/td>\n<td valign=\"center\">40<\/td>\n<\/tr>\n<tr>\n<td valign=\"center\">400mm<\/td>\n<td valign=\"center\">45<\/td>\n<\/tr>\n<tr>\n<td valign=\"center\">500mm<\/td>\n<td valign=\"center\">60<\/td>\n<\/tr>\n<tr>\n<td valign=\"center\">600mm<\/td>\n<td valign=\"center\">72<\/td>\n<\/tr>\n<\/tbody>\n<\/table>\n<p>&nbsp;<\/p>\n<div><\/div>\n<div><\/div>\n<div><\/div>\n<div><\/div>\n<div><\/div>\n<div><\/div>\n<div data-spm-anchor-id=\"a2700.wholesale.0.i25.67976747o6F3Yu\"><\/div>\n<div><\/div>","protected":false},"excerpt":{"rendered":"<p>Kurze Einf\u00fchrung:<\/p>\n<p>Silent Diamant Kalibrierrad auf Fr\u00e4smaschine montiert, Linie Maschine zum Schleifen von Granitplatte, Marmorplatte, Fliesen und anderen Materialoberfl\u00e4che, wird dicken Griff, die Basis von Nylon, Aluminium und anderen Materialien, die L\u00e4rmbelastung zu reduzieren.<br \/>\nMerkmale:<br \/>\n1. Silent Diamant Kalibrierung Rad mit einem Nylon, Aluminium und anderen Materialien, die L\u00e4rmbel\u00e4stigung zu reduzieren<br \/>\n2. Silent Diamant Kalibrierungsrad hat eine dicke hohe Schleifen Effizienz, Form, Gr\u00f6\u00dfe, Genauigkeit und andere Eigenschaften,<br \/>\n3. Diese Diamant-Kalibrierungsscheibe hat gute Messer-edged, lange Lebensdauer, hohe Geschwindigkeit f\u00fcr das Schleifen<br \/>\n4. Wir haben einen gemeinsamen Satz dicke runde Diamant und Diamant-dicken Schalld\u00e4mpfer Runde zwei Produkte<\/p>\n<a href=\"#Quote-Button\" class=\"button primary is-large Inquiry-Button\" style=\"border-radius:99px;\">\n\t<i class=\"icon-heart\" aria-hidden=\"true\"><\/i>\t<span>Jetzt anfragen<\/span>\n\t<\/a>","protected":false},"featured_media":1338,"template":"","meta":[],"product_brand":[],"product_cat":[59],"product_tag":[87,86],"class_list":{"0":"post-1333","1":"product","2":"type-product","3":"status-publish","4":"has-post-thumbnail","6":"product_cat-stone-milling-tools","7":"product_tag-calibrating-wheel","8":"product_tag-stone-silent-disc","10":"first","11":"instock","12":"shipping-taxable","13":"product-type-simple"},"aioseo_notices":[],"_links":{"self":[{"href":"https:\/\/xmstonetools.com\/de\/wp-json\/wp\/v2\/product\/1333","targetHints":{"allow":["GET"]}}],"collection":[{"href":"https:\/\/xmstonetools.com\/de\/wp-json\/wp\/v2\/product"}],"about":[{"href":"https:\/\/xmstonetools.com\/de\/wp-json\/wp\/v2\/types\/product"}],"wp:featuredmedia":[{"embeddable":true,"href":"https:\/\/xmstonetools.com\/de\/wp-json\/wp\/v2\/media\/1338"}],"wp:attachment":[{"href":"https:\/\/xmstonetools.com\/de\/wp-json\/wp\/v2\/media?parent=1333"}],"wp:term":[{"taxonomy":"product_brand","embeddable":true,"href":"https:\/\/xmstonetools.com\/de\/wp-json\/wp\/v2\/product_brand?post=1333"},{"taxonomy":"product_cat","embeddable":true,"href":"https:\/\/xmstonetools.com\/de\/wp-json\/wp\/v2\/product_cat?post=1333"},{"taxonomy":"product_tag","embeddable":true,"href":"https:\/\/xmstonetools.com\/de\/wp-json\/wp\/v2\/product_tag?post=1333"}],"curies":[{"name":"wp","href":"https:\/\/api.w.org\/{rel}","templated":true}]}}