{"id":1381,"date":"2022-11-30T15:32:14","date_gmt":"2022-11-30T07:32:14","guid":{"rendered":"https:\/\/xmstonetools.com\/?post_type=product&#038;p=1381"},"modified":"2024-04-13T11:07:48","modified_gmt":"2024-04-13T03:07:48","slug":"steinplattenklammer-heber","status":"publish","type":"product","link":"https:\/\/xmstonetools.com\/de\/produkt\/steinplattenklammer-heber\/","title":{"rendered":"Steinplattenklammer-Heber"},"content":{"rendered":"<figure id=\"attachment_1380\" aria-describedby=\"caption-attachment-1380\" style=\"width: 1427px\" class=\"wp-caption aligncenter\"><img loading=\"lazy\" decoding=\"async\" class=\"wp-image-1380 size-full\" src=\"https:\/\/xmstonetools.com\/wp-content\/uploads\/2022\/11\/Stone-Slab-Clamp-Lifter-7.jpg\" alt=\"Steinplattenklammer-Heber-7\" width=\"1427\" height=\"487\" srcset=\"https:\/\/xmstonetools.com\/wp-content\/uploads\/2022\/11\/Stone-Slab-Clamp-Lifter-7.jpg 1427w, https:\/\/xmstonetools.com\/wp-content\/uploads\/2022\/11\/Stone-Slab-Clamp-Lifter-7-800x273.jpg 800w, https:\/\/xmstonetools.com\/wp-content\/uploads\/2022\/11\/Stone-Slab-Clamp-Lifter-7-1400x478.jpg 1400w, https:\/\/xmstonetools.com\/wp-content\/uploads\/2022\/11\/Stone-Slab-Clamp-Lifter-7-768x262.jpg 768w, https:\/\/xmstonetools.com\/wp-content\/uploads\/2022\/11\/Stone-Slab-Clamp-Lifter-7-600x205.jpg 600w\" sizes=\"auto, (max-width: 1427px) 100vw, 1427px\" \/><figcaption id=\"caption-attachment-1380\" class=\"wp-caption-text\">Steinplattenklammer-Heber-7<\/figcaption><\/figure>\n<h3 class=\"magic-9\"><span class=\"magic-10\" style=\"color: #2196ed;\">Steinplatten-Hebeklammer<\/span><\/h3>\n<p class=\"magic-9\">\u00a0Diese Werkzeuge sind f\u00fcr Materialst\u00e4rken von 15 bis 60 mm geeignet. Die gummierten Backen wurden entwickelt, um Material in Form von Platten oder Blechen zu handhaben, die in Regalen gestapelt sind, ohne die Oberfl\u00e4che des Materials zu besch\u00e4digen. <span style=\"font-size: 14.4px;\">Vorteile gegen\u00fcber herk\u00f6mmlichen Hebevorrichtungen. <\/span><span style=\"font-size: 14.4px;\">Dieser Steinplattenheber ist f\u00fcr den Transport von Granit-, Marmor- und Kunststeinplatten konzipiert. Diese Heber haben ein kompaktes Design <\/span><span style=\"font-size: 14.4px;\">Dadurch k\u00f6nnen sie auch in Bereichen eingesetzt werden, in denen wenig Stehh\u00f6he oder Platz zwischen den Platten ein Problem ist.<\/span><\/p>\n<table class=\"has-title hight-light-first-column all magic-18\" style=\"height: 54px;\" width=\"664\">\n<tbody>\n<tr>\n<td colspan=\"1\" rowspan=\"1\">\n<div class=\"magic-19\"><b>Modell<\/b><\/div>\n<\/td>\n<td colspan=\"1\" rowspan=\"1\">\n<div class=\"magic-20\">Gr\u00f6\u00dfe (mm)<\/div>\n<\/td>\n<td colspan=\"1\" rowspan=\"1\">\n<div class=\"magic-20\">Griffweite (mm)<\/div>\n<\/td>\n<td colspan=\"1\" rowspan=\"1\">\n<div class=\"magic-20\">Gewicht Kapazit\u00e4t (kg)<\/div>\n<\/td>\n<td colspan=\"1\" rowspan=\"1\">\n<div class=\"magic-21\">Nettogewicht<\/div>\n<\/td>\n<\/tr>\n<tr>\n<td colspan=\"1\" rowspan=\"1\">\n<div class=\"magic-19\">HSA-14<\/div>\n<\/td>\n<td colspan=\"1\" rowspan=\"1\">\n<div class=\"magic-20\">250x170x350<\/div>\n<\/td>\n<td colspan=\"1\" rowspan=\"1\">\n<div class=\"magic-20\">10-50<\/div>\n<\/td>\n<td colspan=\"1\" rowspan=\"1\">\n<div class=\"magic-20\">1000<\/div>\n<\/td>\n<td colspan=\"1\" rowspan=\"1\">\n<div class=\"magic-21\">28<\/div>\n<\/td>\n<\/tr>\n<\/tbody>\n<\/table>","protected":false},"excerpt":{"rendered":"<h3>Merkmale:<\/h3>\n<p>* Die kompakte Bauweise erm\u00f6glicht es, dicht gepackte Steinplatten m\u00fchelos aus Regalen und Containern zu heben.<br \/>\n* Gr\u00f6\u00dfe: zwei Brammen mit unterschiedlicher H\u00f6he k\u00f6nnen gleichzeitig angehoben werden<br \/>\n* Vielseitig: die Platten k\u00f6nnen dicht an den W\u00e4nden angebracht werden<br \/>\n* Sicherheit: Der Betrieb wird mit einfachen Handgriffen aktiviert, um die physischen Verletzungen f\u00fcr die Benutzer zu reduzieren<br \/>\n* Sicher: Er h\u00e4lt Marmor- und Granitplatten sicher fest.<\/p>\n<a href=\"#Quote-Button\" class=\"button primary is-large Inquiry-Button\" style=\"border-radius:99px;\">\n\t<i class=\"icon-heart\" aria-hidden=\"true\"><\/i>\t<span>Jetzt anfragen<\/span>\n\t<\/a>","protected":false},"featured_media":1376,"template":"","meta":[],"product_brand":[],"product_cat":[63,56],"product_tag":[92],"class_list":{"0":"post-1381","1":"product","2":"type-product","3":"status-publish","4":"has-post-thumbnail","6":"product_cat-other-tools","7":"product_cat-stone-grinding-tools","8":"product_tag-stoe-lifter","10":"first","11":"instock","12":"shipping-taxable","13":"product-type-simple"},"aioseo_notices":[],"_links":{"self":[{"href":"https:\/\/xmstonetools.com\/de\/wp-json\/wp\/v2\/product\/1381","targetHints":{"allow":["GET"]}}],"collection":[{"href":"https:\/\/xmstonetools.com\/de\/wp-json\/wp\/v2\/product"}],"about":[{"href":"https:\/\/xmstonetools.com\/de\/wp-json\/wp\/v2\/types\/product"}],"wp:featuredmedia":[{"embeddable":true,"href":"https:\/\/xmstonetools.com\/de\/wp-json\/wp\/v2\/media\/1376"}],"wp:attachment":[{"href":"https:\/\/xmstonetools.com\/de\/wp-json\/wp\/v2\/media?parent=1381"}],"wp:term":[{"taxonomy":"product_brand","embeddable":true,"href":"https:\/\/xmstonetools.com\/de\/wp-json\/wp\/v2\/product_brand?post=1381"},{"taxonomy":"product_cat","embeddable":true,"href":"https:\/\/xmstonetools.com\/de\/wp-json\/wp\/v2\/product_cat?post=1381"},{"taxonomy":"product_tag","embeddable":true,"href":"https:\/\/xmstonetools.com\/de\/wp-json\/wp\/v2\/product_tag?post=1381"}],"curies":[{"name":"wp","href":"https:\/\/api.w.org\/{rel}","templated":true}]}}