{"id":1414,"date":"2022-11-30T22:20:25","date_gmt":"2022-11-30T14:20:25","guid":{"rendered":"https:\/\/xmstonetools.com\/?post_type=product&#038;p=1414"},"modified":"2023-07-05T10:05:07","modified_gmt":"2023-07-05T02:05:07","slug":"cnc-diamantschleifstifte","status":"publish","type":"product","link":"https:\/\/xmstonetools.com\/de\/produkt\/cnc-diamantschleifstifte\/","title":{"rendered":"CNC-Diamantbest\u00fcckte Spitzen"},"content":{"rendered":"<h2 style=\"color: steelblue;\">Einf\u00fchrung von CNC-Diamantschleifstiften<\/h2>\n<p>Diamantwerkzeuge sind seit langem als Inbegriff von Pr\u00e4zision und Langlebigkeit in verschiedenen industriellen Anwendungen anerkannt. Unter diesen Werkzeugen haben sich CNC-Diamantschleifstifte als unverzichtbare Hilfsmittel bei Pr\u00e4zisionsschleifprozessen erwiesen. Durch die Kombination der H\u00e4rte und Verschlei\u00dffestigkeit von Diamanten mit der Vielseitigkeit der CNC-Technologie bieten diese Werkzeuge un\u00fcbertroffene Leistung, Effizienz und Langlebigkeit. In diesem Artikel befassen wir uns mit den Feinheiten der CNC-Diamantschleifstifte, ihren Anwendungen, Vorteilen und \u00dcberlegungen zum optimalen Einsatz.<\/p>\n<h2 style=\"color: steelblue;\">Was sind CNC-Diamantschleifstifte?<\/h2>\n<p>CNC-Diamantschleifstifte sind Pr\u00e4zisionswerkzeuge, die beim Schleifen, Entgraten, Formen und Endbearbeiten einer Reihe von Materialien, darunter Metalle, Keramik, Glas und Verbundwerkstoffe, eingesetzt werden. Sie bestehen aus hochwertigen Industriediamanten, die in eine Metall- oder Harzmatrix eingebettet sind und so au\u00dfergew\u00f6hnliche Schleifeigenschaften bieten. Die Diamantpartikel in diesen Werkzeugen werden sorgf\u00e4ltig verteilt, um Gleichm\u00e4\u00dfigkeit und optimale Schnittleistung zu gew\u00e4hrleisten.<\/p>\n<figure id=\"attachment_1410\" aria-describedby=\"caption-attachment-1410\" style=\"width: 720px\" class=\"wp-caption aligncenter\"><img loading=\"lazy\" decoding=\"async\" class=\"size-full wp-image-1410\" src=\"https:\/\/xmstonetools.com\/wp-content\/uploads\/2022\/11\/CNC-Diamond-Mounted-Points-2.jpg\" alt=\"CNC-Diamantbest\u00fcckte Spitzen-2\" width=\"720\" height=\"720\" srcset=\"https:\/\/xmstonetools.com\/wp-content\/uploads\/2022\/11\/CNC-Diamond-Mounted-Points-2.jpg 720w, https:\/\/xmstonetools.com\/wp-content\/uploads\/2022\/11\/CNC-Diamond-Mounted-Points-2-400x400.jpg 400w, https:\/\/xmstonetools.com\/wp-content\/uploads\/2022\/11\/CNC-Diamond-Mounted-Points-2-280x280.jpg 280w, https:\/\/xmstonetools.com\/wp-content\/uploads\/2022\/11\/CNC-Diamond-Mounted-Points-2-300x300.jpg 300w, https:\/\/xmstonetools.com\/wp-content\/uploads\/2022\/11\/CNC-Diamond-Mounted-Points-2-600x600.jpg 600w, https:\/\/xmstonetools.com\/wp-content\/uploads\/2022\/11\/CNC-Diamond-Mounted-Points-2-100x100.jpg 100w, https:\/\/xmstonetools.com\/wp-content\/uploads\/2022\/11\/CNC-Diamond-Mounted-Points-2-120x120.jpg 120w\" sizes=\"auto, (max-width: 720px) 100vw, 720px\" \/><figcaption id=\"caption-attachment-1410\" class=\"wp-caption-text\">CNC-Diamantbest\u00fcckte Spitzen-2<\/figcaption><\/figure>\n<h2 style=\"color: steelblue;\">Anwendungen von CNC-Diamantschleifstiften:<\/h2>\n<h3>1. Pr\u00e4zisionsschleifen:<\/h3>\n<p>CNC-Diamantschleifstifte eignen sich hervorragend f\u00fcr hochpr\u00e4zise Schleifanwendungen, z. B. im Werkzeug- und Formenbau sowie bei der Herstellung von Luft- und Raumfahrtkomponenten. Sie k\u00f6nnen komplizierte Konturen, Schlitze und Rillen mit au\u00dfergew\u00f6hnlicher Genauigkeit effizient formen und polieren.<\/p>\n<h3>2. Oberfl\u00e4chenveredelung:<\/h3>\n<p>Diese Werkzeuge werden auch h\u00e4ufig bei der Oberfl\u00e4chenbearbeitung eingesetzt. Sie k\u00f6nnen eingesetzt werden, um glatte Oberfl\u00e4chen zu erzielen, Grate zu entfernen und Kanten zu verfeinern, wodurch die Gesamtqualit\u00e4t und das Aussehen des Werkst\u00fccks verbessert werden.<\/p>\n<h3>3. Materialabtrag:<\/h3>\n<p>CNC-Diamantschleifstifte sind hocheffektiv beim Abtragen von \u00fcbersch\u00fcssigem Material, sei es beim Pr\u00e4zisionsabtrag oder bei Restaurierungsarbeiten. Sie werden h\u00e4ufig in Branchen wie der Automobilindustrie, der Schmuckindustrie und der Metallverarbeitung eingesetzt.<\/p>\n<figure id=\"attachment_1409\" aria-describedby=\"caption-attachment-1409\" style=\"width: 720px\" class=\"wp-caption aligncenter\"><img loading=\"lazy\" decoding=\"async\" class=\"size-full wp-image-1409\" src=\"https:\/\/xmstonetools.com\/wp-content\/uploads\/2022\/11\/CNC-Diamond-Mounted-Points.jpg\" alt=\"CNC-Diamantbest\u00fcckte Spitzen\" width=\"720\" height=\"720\" srcset=\"https:\/\/xmstonetools.com\/wp-content\/uploads\/2022\/11\/CNC-Diamond-Mounted-Points.jpg 720w, https:\/\/xmstonetools.com\/wp-content\/uploads\/2022\/11\/CNC-Diamond-Mounted-Points-400x400.jpg 400w, https:\/\/xmstonetools.com\/wp-content\/uploads\/2022\/11\/CNC-Diamond-Mounted-Points-280x280.jpg 280w, https:\/\/xmstonetools.com\/wp-content\/uploads\/2022\/11\/CNC-Diamond-Mounted-Points-300x300.jpg 300w, https:\/\/xmstonetools.com\/wp-content\/uploads\/2022\/11\/CNC-Diamond-Mounted-Points-600x600.jpg 600w, https:\/\/xmstonetools.com\/wp-content\/uploads\/2022\/11\/CNC-Diamond-Mounted-Points-100x100.jpg 100w, https:\/\/xmstonetools.com\/wp-content\/uploads\/2022\/11\/CNC-Diamond-Mounted-Points-120x120.jpg 120w\" sizes=\"auto, (max-width: 720px) 100vw, 720px\" \/><figcaption id=\"caption-attachment-1409\" class=\"wp-caption-text\">CNC-Diamantbest\u00fcckte Spitzen<\/figcaption><\/figure>\n<h2 style=\"color: steelblue;\">Merkmale der CNC-Diamant-geschliffenen Spitzen:<\/h2>\n<h3>1. \u00dcberlegene Schnittleistung:<\/h3>\n<p>Aufgrund der H\u00e4rte und der abrasiven Eigenschaften von Diamanten sind CNC-Diamant-Schleifstifte besonders effektiv beim Schneiden von harten und abrasiven Materialien. Sie k\u00f6nnen ihre Sch\u00e4rfe und Schnittleistung \u00fcber l\u00e4ngere Zeitr\u00e4ume beibehalten und minimieren so die Ausfallzeiten f\u00fcr den Werkzeugwechsel.<\/p>\n<h3>2. Verl\u00e4ngerte Lebensdauer der Werkzeuge:<\/h3>\n<p>Diamantwerkzeuge haben im Vergleich zu herk\u00f6mmlichen Schleifwerkzeugen eine wesentlich l\u00e4ngere Lebensdauer. Die Verschlei\u00dffestigkeit von Diamanten gew\u00e4hrleistet eine gleichbleibende Leistung und reduziert die H\u00e4ufigkeit des Werkzeugwechsels, was zu Kosteneinsparungen und Produktivit\u00e4tssteigerungen f\u00fchrt.<\/p>\n<h3>3. Vielseitigkeit:<\/h3>\n<p>CNC-Diamantschleifstifte sind in einer Vielzahl von Formen, Gr\u00f6\u00dfen und K\u00f6rnungen erh\u00e4ltlich, um verschiedenen Anwendungen und Materialtypen gerecht zu werden. Diese Vielseitigkeit erm\u00f6glicht eine pr\u00e4zise Anpassung, so dass die Bediener die gew\u00fcnschte Oberfl\u00e4cheng\u00fcte und Ma\u00dfgenauigkeit erzielen k\u00f6nnen.<\/p>\n<h3>4. Hitze- und Chemikalienbest\u00e4ndigkeit:<\/h3>\n<p>Die au\u00dfergew\u00f6hnliche W\u00e4rmeleitf\u00e4higkeit von Diamant erm\u00f6glicht eine effiziente W\u00e4rmeableitung w\u00e4hrend des Schleifens, wodurch das Risiko einer thermischen Sch\u00e4digung des Werkst\u00fccks verringert wird. Dar\u00fcber hinaus ist Diamant resistent gegen chemische Reaktionen, so dass sich CNC-Diamantschleifstifte f\u00fcr die Arbeit mit chemisch aggressiven Materialien eignen.<\/p>\n<figure id=\"attachment_1408\" aria-describedby=\"caption-attachment-1408\" style=\"width: 720px\" class=\"wp-caption aligncenter\"><img loading=\"lazy\" decoding=\"async\" class=\"size-full wp-image-1408\" src=\"https:\/\/xmstonetools.com\/wp-content\/uploads\/2022\/11\/CNC-Diamond-Mounted-Points-6.jpg\" alt=\"CNC-Diamantbest\u00fcckte Spitzen-6\" width=\"720\" height=\"720\" srcset=\"https:\/\/xmstonetools.com\/wp-content\/uploads\/2022\/11\/CNC-Diamond-Mounted-Points-6.jpg 720w, https:\/\/xmstonetools.com\/wp-content\/uploads\/2022\/11\/CNC-Diamond-Mounted-Points-6-400x400.jpg 400w, https:\/\/xmstonetools.com\/wp-content\/uploads\/2022\/11\/CNC-Diamond-Mounted-Points-6-280x280.jpg 280w, https:\/\/xmstonetools.com\/wp-content\/uploads\/2022\/11\/CNC-Diamond-Mounted-Points-6-300x300.jpg 300w, https:\/\/xmstonetools.com\/wp-content\/uploads\/2022\/11\/CNC-Diamond-Mounted-Points-6-600x600.jpg 600w, https:\/\/xmstonetools.com\/wp-content\/uploads\/2022\/11\/CNC-Diamond-Mounted-Points-6-100x100.jpg 100w, https:\/\/xmstonetools.com\/wp-content\/uploads\/2022\/11\/CNC-Diamond-Mounted-Points-6-120x120.jpg 120w\" sizes=\"auto, (max-width: 720px) 100vw, 720px\" \/><figcaption id=\"caption-attachment-1408\" class=\"wp-caption-text\">CNC-Diamantbest\u00fcckte Spitzen-6<\/figcaption><\/figure>\n<h2 style=\"color: steelblue;\">Optimaler Einsatz von Diamantschleifstiften:<\/h2>\n<h3>1. Auswahl der Korngr\u00f6\u00dfe:<\/h3>\n<p>Die Wahl der Korngr\u00f6\u00dfe h\u00e4ngt von der gew\u00fcnschten Oberfl\u00e4cheng\u00fcte und dem zu bearbeitenden Material ab. Feinere K\u00f6rnungen (h\u00f6here Zahlen) erzeugen glattere Oberfl\u00e4chen, w\u00e4hrend gr\u00f6bere K\u00f6rnungen (niedrigere Zahlen) einen schnelleren Materialabtrag erm\u00f6glichen. Ber\u00fccksichtigen Sie bei der Auswahl der geeigneten Korngr\u00f6\u00dfe die Materialh\u00e4rte, die Werkst\u00fcckgeometrie und das gew\u00fcnschte Ergebnis.<\/p>\n<h3>2. Richtige Handhabung und Wartung von Werkzeugen:<\/h3>\n<p>Um eine optimale Leistung und Langlebigkeit zu gew\u00e4hrleisten, m\u00fcssen CNC-Diamantschleifstifte mit Sorgfalt behandelt werden. Vermeiden Sie \u00fcberm\u00e4\u00dfigen Druck, \u00fcberm\u00e4\u00dfige Hitze und Sto\u00dfbelastungen. \u00dcberpr\u00fcfen und reinigen Sie die Werkzeuge regelm\u00e4\u00dfig und lagern Sie sie an einem sicheren und trockenen Ort, um Sch\u00e4den oder Verunreinigungen zu vermeiden.<\/p>\n<h3>3. Optimale Betriebsbedingungen:<\/h3>\n<p>Befolgen Sie die Empfehlungen des Herstellers f\u00fcr Betriebsgeschwindigkeiten, Vorschubgeschwindigkeiten und K\u00fchlmittelverbrauch, um die Leistung des Werkzeugs zu maximieren und vorzeitigen Verschlei\u00df zu vermeiden. Die Anwendung geeigneter Schnittparameter f\u00fchrt zu einem effizienten Materialabtrag und einer verbesserten Oberfl\u00e4cheng\u00fcte.<\/p>\n<p>CNC-Diamantschleifstifte haben die Pr\u00e4zisionsschleifprozesse revolutioniert und bieten \u00fcberlegene Leistung, verl\u00e4ngerte Werkzeugstandzeiten und au\u00dfergew\u00f6hnliche Vielseitigkeit. Ihre F\u00e4higkeit, hohen Temperaturen zu widerstehen, chemischen Reaktionen zu widerstehen und die Schneideffizienz aufrechtzuerhalten, macht sie unverzichtbar<\/p>\n<figure id=\"attachment_1413\" aria-describedby=\"caption-attachment-1413\" style=\"width: 720px\" class=\"wp-caption aligncenter\"><img loading=\"lazy\" decoding=\"async\" class=\"size-full wp-image-1413\" src=\"https:\/\/xmstonetools.com\/wp-content\/uploads\/2022\/11\/CNC-Diamond-Mounted-Points-5.jpg\" alt=\"CNC-Diamantbest\u00fcckte Spitzen-5\" width=\"720\" height=\"720\" srcset=\"https:\/\/xmstonetools.com\/wp-content\/uploads\/2022\/11\/CNC-Diamond-Mounted-Points-5.jpg 720w, https:\/\/xmstonetools.com\/wp-content\/uploads\/2022\/11\/CNC-Diamond-Mounted-Points-5-400x400.jpg 400w, https:\/\/xmstonetools.com\/wp-content\/uploads\/2022\/11\/CNC-Diamond-Mounted-Points-5-280x280.jpg 280w, https:\/\/xmstonetools.com\/wp-content\/uploads\/2022\/11\/CNC-Diamond-Mounted-Points-5-300x300.jpg 300w, https:\/\/xmstonetools.com\/wp-content\/uploads\/2022\/11\/CNC-Diamond-Mounted-Points-5-600x600.jpg 600w, https:\/\/xmstonetools.com\/wp-content\/uploads\/2022\/11\/CNC-Diamond-Mounted-Points-5-100x100.jpg 100w, https:\/\/xmstonetools.com\/wp-content\/uploads\/2022\/11\/CNC-Diamond-Mounted-Points-5-120x120.jpg 120w\" sizes=\"auto, (max-width: 720px) 100vw, 720px\" \/><figcaption id=\"caption-attachment-1413\" class=\"wp-caption-text\">CNC-Diamantbest\u00fcckte Spitzen-5<\/figcaption><\/figure>\n<h2 style=\"color: steelblue;\">Aufbau und Arten von CNC-Diamantschleifstiften:<\/h2>\n<p>CNC-Diamantschleifstifte werden in der Regel durch Einbetten von Industriediamanten in eine Metall- oder Harzmatrix hergestellt. Die Diamanten sind pr\u00e4zise in der Matrix verteilt, um eine gleichm\u00e4\u00dfige Schneidleistung zu gew\u00e4hrleisten. Es gibt zwei g\u00e4ngige Arten von CNC-Diamantschleifstiften:<\/p>\n<h3>\u00a0a. Metallgeklebte Schleifstifte:<\/h3>\n<p>Bei metallgebundenen Diamantschleifstiften werden die Diamanten durch ein metallisches Bindemittel, wie Bronze oder Nickel, zusammengehalten. Dieser Typ bietet eine hohe Haltbarkeit und eignet sich f\u00fcr das Schleifen harter Materialien wie Keramik, Glas und Hartmetall.<\/p>\n<h3>b. Kunstharzgebundene Schleifstifte:<\/h3>\n<p>Kunstharzgebundene Diamantschleifstifte verwenden eine Harzmatrix, um die Diamanten zusammenzuhalten. Sie sind flexibler und werden h\u00e4ufig zum Schleifen weicherer Materialien wie Metalle und Verbundwerkstoffe verwendet. Kunstharzgebundene Schleifstifte bieten eine glattere Oberfl\u00e4che und sind weniger anf\u00e4llig f\u00fcr hitzebedingte Sch\u00e4den am Werkst\u00fcck.<\/p>\n<h2 style=\"color: steelblue;\">Korngr\u00f6\u00dfen und Formen von Diamantschleifstiften:<\/h2>\n<p>CNC-Diamantschleifstifte sind in einer Reihe von Korngr\u00f6\u00dfen und Formen erh\u00e4ltlich, um verschiedenen Schleifanforderungen gerecht zu werden. Die Korngr\u00f6\u00dfen reichen in der Regel von sehr grob (niedrigere Zahlen) bis sehr fein (h\u00f6here Zahlen). Die Wahl der Korngr\u00f6\u00dfe h\u00e4ngt von dem zu bearbeitenden Material und der gew\u00fcnschten Oberfl\u00e4cheng\u00fcte ab.<\/p>\n<p>Zu den g\u00e4ngigen Formen geh\u00f6ren zylindrische, konische, kugelf\u00f6rmige und flach endende Spitzen. Verschiedene Formen eignen sich f\u00fcr bestimmte Anwendungen, z. B. um enge Ecken zu erreichen, konkave oder konvexe Oberfl\u00e4chen zu erzeugen oder bestimmte Kantenprofile zu erzielen.<\/p>\n<figure id=\"attachment_1412\" aria-describedby=\"caption-attachment-1412\" style=\"width: 720px\" class=\"wp-caption aligncenter\"><img loading=\"lazy\" decoding=\"async\" class=\"size-full wp-image-1412\" src=\"https:\/\/xmstonetools.com\/wp-content\/uploads\/2022\/11\/CNC-Diamond-Mounted-Points-4.jpg\" alt=\"CNC-Diamantbest\u00fcckte Spitzen-4\" width=\"720\" height=\"720\" srcset=\"https:\/\/xmstonetools.com\/wp-content\/uploads\/2022\/11\/CNC-Diamond-Mounted-Points-4.jpg 720w, https:\/\/xmstonetools.com\/wp-content\/uploads\/2022\/11\/CNC-Diamond-Mounted-Points-4-400x400.jpg 400w, https:\/\/xmstonetools.com\/wp-content\/uploads\/2022\/11\/CNC-Diamond-Mounted-Points-4-280x280.jpg 280w, https:\/\/xmstonetools.com\/wp-content\/uploads\/2022\/11\/CNC-Diamond-Mounted-Points-4-300x300.jpg 300w, https:\/\/xmstonetools.com\/wp-content\/uploads\/2022\/11\/CNC-Diamond-Mounted-Points-4-600x600.jpg 600w, https:\/\/xmstonetools.com\/wp-content\/uploads\/2022\/11\/CNC-Diamond-Mounted-Points-4-100x100.jpg 100w, https:\/\/xmstonetools.com\/wp-content\/uploads\/2022\/11\/CNC-Diamond-Mounted-Points-4-120x120.jpg 120w\" sizes=\"auto, (max-width: 720px) 100vw, 720px\" \/><figcaption id=\"caption-attachment-1412\" class=\"wp-caption-text\">CNC-Diamantbest\u00fcckte Spitzen-4<\/figcaption><\/figure>\n<h2 style=\"color: steelblue;\">CNC-Bearbeitung und Automatisierung:<\/h2>\n<p>Die CNC-Bearbeitung (Computer Numerical Control) spielt eine entscheidende Rolle bei der Maximierung der Leistung von Diamantschleifstiften. Die CNC-Technologie erm\u00f6glicht eine pr\u00e4zise Steuerung der Schnittparameter wie Geschwindigkeit, Vorschubgeschwindigkeit und Werkzeugweg. Diese Automatisierung gew\u00e4hrleistet gleichbleibende Ergebnisse und schlie\u00dft menschliche Fehler im Schleifprozess aus.<\/p>\n<p>Mit der CNC-Bearbeitung k\u00f6nnen Bediener komplexe Schleifmuster, Konturen und Profile programmieren, was eine effiziente und genaue Materialabtragung erm\u00f6glicht. Die M\u00f6glichkeit, Prozesse zu automatisieren, erh\u00f6ht zudem die Produktivit\u00e4t und senkt die Arbeitskosten.<\/p>\n<h2 style=\"color: steelblue;\">Sicherheitserw\u00e4gungen:<\/h2>\n<p>Bei der Verwendung von CNC-Diamantschleifstiften ist es wichtig, dass die Sicherheit an erster Stelle steht. Hier sind einige wichtige \u00dcberlegungen:<\/p>\n<h3>a. Pers\u00f6nliche Schutzausr\u00fcstung (PSA):<\/h3>\n<p>Tragen Sie geeignete PSA, einschlie\u00dflich Schutzbrille, Gesichtsschutz, Handschuhe und Geh\u00f6rschutz, um sich vor potenziellen Gefahren wie umherfliegenden Tr\u00fcmmern und L\u00e4rm zu sch\u00fctzen.<\/p>\n<h3>b. Richtige Einstellung der Maschine:<\/h3>\n<p>Vergewissern Sie sich, dass die CNC-Maschine ordnungsgem\u00e4\u00df eingerichtet ist und \u00fcber angemessene Sicherheitsvorkehrungen und Schutzabdeckungen verf\u00fcgt, um Unf\u00e4lle zu vermeiden und Verunreinigungen zu vermeiden.<\/p>\n<h3>c. K\u00fchlmittel und Staubabsaugung:<\/h3>\n<p>Setzen Sie geeignete K\u00fchlsysteme und Staubabsaugungsmethoden ein, um die Hitze zu kontrollieren, Verunreinigungen zu entfernen und eine saubere Arbeitsumgebung zu erhalten.<\/p>\n<h3>d. Bedienerschulung:<\/h3>\n<p>Umfassende Schulung der Bediener in der sicheren Verwendung von CNC-Diamantschleifstiften, einschlie\u00dflich ordnungsgem\u00e4\u00dfer Handhabung, Wartung und Notfallverfahren.<\/p>\n<p>Durch die Einhaltung der Sicherheitsrichtlinien k\u00f6nnen die Betreiber die Risiken mindern und eine sichere Arbeitsumgebung gew\u00e4hrleisten.<\/p>\n<p>CNC-Diamantschleifstifte haben das Pr\u00e4zisionsschleifen revolutioniert, indem sie die au\u00dfergew\u00f6hnlichen Eigenschaften von Diamanten mit der Pr\u00e4zision der CNC-Technologie kombinieren. Diese Werkzeuge bieten \u00fcberlegene Schnittleistung, verl\u00e4ngerte Standzeit und Vielseitigkeit, was sie f\u00fcr eine breite Palette industrieller Anwendungen unverzichtbar macht. Die richtige Auswahl, Handhabung und Wartung sowie die Einhaltung von Sicherheitsprotokollen tragen dazu bei, die Vorteile von CNC-Diamantschleifstiften zu maximieren und ihre optimale Leistung zu gew\u00e4hrleisten.<\/p>\n<p data-spm-anchor-id=\"a2700.details.0.i37.4a4b2832AmZhcp\">Diamantschleifstifte und Diamantfr\u00e4ser mit einer Vielzahl von Spezifikationen werden in gro\u00dfem Umfang f\u00fcr das Bildhauen, Abrichten, Pr\u00e4zisionsschleifen und Innenschleifen von Hartmetall, Keramik, Stein usw. verwendet. Alle Gr\u00f6\u00dfen, Formen und Sortimente sind auf Anfrage des Kunden erh\u00e4ltlich. Bausatzsortimente von Schleifstiften oder Bohrern sind flexibel.<\/p>\n<figure id=\"attachment_1411\" aria-describedby=\"caption-attachment-1411\" style=\"width: 720px\" class=\"wp-caption aligncenter\"><img loading=\"lazy\" decoding=\"async\" class=\"size-full wp-image-1411\" src=\"https:\/\/xmstonetools.com\/wp-content\/uploads\/2022\/11\/CNC-Diamond-Mounted-Points-3.jpg\" alt=\"CNC-Diamantbest\u00fcckte Spitzen-3\" width=\"720\" height=\"720\" srcset=\"https:\/\/xmstonetools.com\/wp-content\/uploads\/2022\/11\/CNC-Diamond-Mounted-Points-3.jpg 720w, https:\/\/xmstonetools.com\/wp-content\/uploads\/2022\/11\/CNC-Diamond-Mounted-Points-3-400x400.jpg 400w, https:\/\/xmstonetools.com\/wp-content\/uploads\/2022\/11\/CNC-Diamond-Mounted-Points-3-280x280.jpg 280w, https:\/\/xmstonetools.com\/wp-content\/uploads\/2022\/11\/CNC-Diamond-Mounted-Points-3-300x300.jpg 300w, https:\/\/xmstonetools.com\/wp-content\/uploads\/2022\/11\/CNC-Diamond-Mounted-Points-3-600x600.jpg 600w, https:\/\/xmstonetools.com\/wp-content\/uploads\/2022\/11\/CNC-Diamond-Mounted-Points-3-100x100.jpg 100w, https:\/\/xmstonetools.com\/wp-content\/uploads\/2022\/11\/CNC-Diamond-Mounted-Points-3-120x120.jpg 120w\" sizes=\"auto, (max-width: 720px) 100vw, 720px\" \/><figcaption id=\"caption-attachment-1411\" class=\"wp-caption-text\">CNC-Diamantbest\u00fcckte Spitzen-3<\/figcaption><\/figure>\n<table style=\"height: 140px;\" border=\"1\" width=\"631\">\n<tbody>\n<tr>\n<td>\u00c4u\u00dferer Durchmesser<\/td>\n<td>8mm<\/td>\n<\/tr>\n<tr>\n<td>Technologie<\/td>\n<td>Vakuum gel\u00f6tet<\/td>\n<\/tr>\n<tr>\n<td>Zweck<\/td>\n<td>Schleifstein<\/td>\n<\/tr>\n<tr>\n<td>Korngr\u00f6\u00dfe<\/td>\n<td>Wie Ihr Bedarf<\/td>\n<\/tr>\n<tr>\n<td>Material des Geh\u00e4uses<\/td>\n<td>Aluminium oder Stahl<\/td>\n<\/tr>\n<tr>\n<td>Form<\/td>\n<td>Flach, Schale, Sch\u00fcssel, kann angepasst werden<\/td>\n<\/tr>\n<\/tbody>\n<\/table>\n<p align=\"left\">","protected":false},"excerpt":{"rendered":"<div>CNC-Diamantschleifstifte sind Pr\u00e4zisionswerkzeuge, die beim Schleifen, Entgraten, Formen und Endbearbeiten einer Reihe von Materialien, darunter Metalle, Keramik, Glas und Verbundwerkstoffe, eingesetzt werden. Sie bestehen aus hochwertigen Industriediamanten, die in eine Metall- oder Harzmatrix eingebettet sind und so au\u00dfergew\u00f6hnliche Schleifeigenschaften bieten. Die Diamantpartikel in diesen Werkzeugen werden sorgf\u00e4ltig verteilt, um Gleichm\u00e4\u00dfigkeit und optimale Schnittleistung zu gew\u00e4hrleisten. CNC-Diamantschleifstifte werden in der Regel durch das Einbetten von Industriediamanten in eine Metall- oder Harzmatrix hergestellt. Die Diamanten sind pr\u00e4zise in der Matrix verteilt, um eine gleichm\u00e4\u00dfige Schneidleistung zu gew\u00e4hrleisten. Es gibt zwei g\u00e4ngige Arten von CNC-Diamantschleifstiften:<\/div>\n<a href=\"#Quote-Button\" class=\"button primary is-large Inquiry-Button\" style=\"border-radius:99px;\">\n\t<i class=\"icon-heart\" aria-hidden=\"true\"><\/i>\t<span>Jetzt anfragen<\/span>\n\t<\/a>","protected":false},"featured_media":1409,"template":"","meta":[],"product_brand":[],"product_cat":[60],"product_tag":[95,66],"class_list":{"0":"post-1414","1":"product","2":"type-product","3":"status-publish","4":"has-post-thumbnail","6":"product_cat-stone-cnc-tools","7":"product_tag-cnc-stone-tools","8":"product_tag-vacuum-brazed-stone-tools","10":"first","11":"instock","12":"shipping-taxable","13":"product-type-simple"},"aioseo_notices":[],"_links":{"self":[{"href":"https:\/\/xmstonetools.com\/de\/wp-json\/wp\/v2\/product\/1414","targetHints":{"allow":["GET"]}}],"collection":[{"href":"https:\/\/xmstonetools.com\/de\/wp-json\/wp\/v2\/product"}],"about":[{"href":"https:\/\/xmstonetools.com\/de\/wp-json\/wp\/v2\/types\/product"}],"wp:featuredmedia":[{"embeddable":true,"href":"https:\/\/xmstonetools.com\/de\/wp-json\/wp\/v2\/media\/1409"}],"wp:attachment":[{"href":"https:\/\/xmstonetools.com\/de\/wp-json\/wp\/v2\/media?parent=1414"}],"wp:term":[{"taxonomy":"product_brand","embeddable":true,"href":"https:\/\/xmstonetools.com\/de\/wp-json\/wp\/v2\/product_brand?post=1414"},{"taxonomy":"product_cat","embeddable":true,"href":"https:\/\/xmstonetools.com\/de\/wp-json\/wp\/v2\/product_cat?post=1414"},{"taxonomy":"product_tag","embeddable":true,"href":"https:\/\/xmstonetools.com\/de\/wp-json\/wp\/v2\/product_tag?post=1414"}],"curies":[{"name":"wp","href":"https:\/\/api.w.org\/{rel}","templated":true}]}}