{"id":1437,"date":"2022-12-01T15:08:27","date_gmt":"2022-12-01T07:08:27","guid":{"rendered":"https:\/\/xmstonetools.com\/?post_type=product&#038;p=1437"},"modified":"2022-12-01T15:08:27","modified_gmt":"2022-12-01T07:08:27","slug":"diamantsegmente-fur-das-schneiden-von-granit","status":"publish","type":"product","link":"https:\/\/xmstonetools.com\/de\/produkt\/diamantsegmente-fur-das-schneiden-von-granit\/","title":{"rendered":"Diamantsegmente f\u00fcr das Schneiden von Granit"},"content":{"rendered":"<table style=\"height: 340px;\" width=\"622\">\n<tbody>\n<tr>\n<td colspan=\"1\" rowspan=\"1\">\n<div><strong>Durchmesser (mm)<\/strong><\/div>\n<\/td>\n<td colspan=\"1\" rowspan=\"1\">\n<div><strong>Stahlkern (mm)<\/strong><\/div>\n<\/td>\n<td colspan=\"1\" rowspan=\"1\">\n<div><strong>Segment Gr\u00f6\u00dfe\u00a0<\/strong><\/div>\n<\/td>\n<td colspan=\"1\" rowspan=\"1\">\n<div><strong>Segment Nummer\u00a0<\/strong><\/div>\n<\/td>\n<\/tr>\n<tr>\n<td colspan=\"1\" rowspan=\"1\">\n<div>900<\/div>\n<\/td>\n<td colspan=\"1\" rowspan=\"1\">\n<div>5<\/div>\n<\/td>\n<td colspan=\"1\" rowspan=\"1\">\n<div>24*7\/6.2*15(20)<\/div>\n<\/td>\n<td colspan=\"1\" rowspan=\"1\">\n<div>64<\/div>\n<\/td>\n<\/tr>\n<tr>\n<td colspan=\"1\" rowspan=\"1\">\n<div>1000<\/div>\n<\/td>\n<td colspan=\"1\" rowspan=\"1\">\n<div>5<\/div>\n<\/td>\n<td colspan=\"1\" rowspan=\"1\">\n<div>24*7\/6.2*15(20)<\/div>\n<\/td>\n<td colspan=\"1\" rowspan=\"1\">\n<div>70<\/div>\n<\/td>\n<\/tr>\n<tr>\n<td colspan=\"1\" rowspan=\"1\">\n<div>1200<\/div>\n<\/td>\n<td colspan=\"1\" rowspan=\"1\">\n<div>5.5<\/div>\n<\/td>\n<td colspan=\"1\" rowspan=\"1\">\n<div>24*7.4\/6.6*15(20)<\/div>\n<\/td>\n<td colspan=\"1\" rowspan=\"1\">\n<div>80<\/div>\n<\/td>\n<\/tr>\n<tr>\n<td colspan=\"1\" rowspan=\"1\">\n<div>1400<\/div>\n<\/td>\n<td colspan=\"1\" rowspan=\"1\">\n<div>6.0<\/div>\n<\/td>\n<td colspan=\"1\" rowspan=\"1\">\n<div>24*8.0\/7.2*15(20)<\/div>\n<\/td>\n<td colspan=\"1\" rowspan=\"1\">\n<div>92<\/div>\n<\/td>\n<\/tr>\n<tr>\n<td colspan=\"1\" rowspan=\"1\">\n<div>1600<\/div>\n<\/td>\n<td colspan=\"1\" rowspan=\"1\">\n<div>7.2<\/div>\n<\/td>\n<td colspan=\"1\" rowspan=\"1\">\n<div>24*9.2\/8.4*15(20)<\/div>\n<\/td>\n<td colspan=\"1\" rowspan=\"1\">\n<div>108<\/div>\n<\/td>\n<\/tr>\n<tr>\n<td colspan=\"1\" rowspan=\"1\">\n<div>1800<\/div>\n<\/td>\n<td colspan=\"1\" rowspan=\"1\">\n<div>7.5<\/div>\n<\/td>\n<td colspan=\"1\" rowspan=\"1\">\n<div>24*10\/9.2*15(20)<\/div>\n<\/td>\n<td colspan=\"1\" rowspan=\"1\">\n<div>120<\/div>\n<\/td>\n<\/tr>\n<tr>\n<td colspan=\"1\" rowspan=\"1\">\n<div>2000<\/div>\n<\/td>\n<td colspan=\"1\" rowspan=\"1\">\n<div>8.0<\/div>\n<\/td>\n<td colspan=\"1\" rowspan=\"1\">\n<div>24*11\/10*15(20)<\/div>\n<\/td>\n<td colspan=\"1\" rowspan=\"1\">\n<div>128<\/div>\n<\/td>\n<\/tr>\n<tr>\n<td colspan=\"1\" rowspan=\"1\">\n<div>2200<\/div>\n<\/td>\n<td colspan=\"1\" rowspan=\"1\">\n<div>9.0<\/div>\n<\/td>\n<td colspan=\"1\" rowspan=\"1\">\n<div>24*11\/10*15(20)<\/div>\n<\/td>\n<td colspan=\"1\" rowspan=\"1\">\n<div>132<\/div>\n<\/td>\n<\/tr>\n<tr>\n<td colspan=\"1\" rowspan=\"1\">\n<div>2500<\/div>\n<\/td>\n<td colspan=\"1\" rowspan=\"1\">\n<div>9.0<\/div>\n<\/td>\n<td colspan=\"1\" rowspan=\"1\">\n<div>24*12\/11*15(20)<\/div>\n<\/td>\n<td colspan=\"1\" rowspan=\"1\">\n<div>140<\/div>\n<\/td>\n<\/tr>\n<tr>\n<td colspan=\"1\" rowspan=\"1\">\n<div>2700<\/div>\n<\/td>\n<td colspan=\"1\" rowspan=\"1\">\n<div>9.0<\/div>\n<\/td>\n<td colspan=\"1\" rowspan=\"1\">\n<div>24*12\/11*20(30)<\/div>\n<\/td>\n<td colspan=\"1\" rowspan=\"1\">\n<div>140<\/div>\n<\/td>\n<\/tr>\n<tr>\n<td colspan=\"1\" rowspan=\"1\">\n<div>3000<\/div>\n<\/td>\n<td colspan=\"1\" rowspan=\"1\">\n<div>9.3<\/div>\n<\/td>\n<td colspan=\"1\" rowspan=\"1\">\n<div>24*13\/12*20(30)<\/div>\n<\/td>\n<td colspan=\"1\" rowspan=\"1\">\n<div>160<\/div>\n<\/td>\n<\/tr>\n<tr>\n<td colspan=\"1\" rowspan=\"1\">\n<div>3500<\/div>\n<\/td>\n<td colspan=\"1\" rowspan=\"1\">\n<div>9.5<\/div>\n<\/td>\n<td colspan=\"1\" rowspan=\"1\">\n<div>24*13.5\/12.5*20(30)<\/div>\n<\/td>\n<td colspan=\"1\" rowspan=\"1\">\n<div>180<\/div>\n<\/td>\n<\/tr>\n<\/tbody>\n<\/table>","protected":false},"excerpt":{"rendered":"<p>Merkmale von Granit-Diamant-Segmenten<\/p>\n<p>1. Die Klinge hat eine gute Sch\u00e4rfe und eine hohe Effizienz beim Schneiden und hat eine lange Lebensdauer.<br \/>\n2. Gutes Schneidergebnis: glattes Schneiden, flache Oberfl\u00e4che und gleichm\u00e4\u00dfige Gr\u00f6\u00dfe.<br \/>\n3. Stabiler Schnitt, schmaler Schnittspalt, Reduzierung des Steinabfalls.<br \/>\n4. M-Form-Segment ist einfach f\u00fcr Diamant \u00d6ffnung.<\/p>\n<p>Andere Spezifikation\/Gr\u00f6\u00dfe auch verf\u00fcgbar, wir k\u00f6nnen Segment nach verschiedenen Ziel Ziel, Stahl Dicke, Steinh\u00e4rte usw. anpassen. Mehr regelm\u00e4\u00dfige Spezifikation f\u00fcr Ihre Referenz:<\/p>\n<a class=\"button primary is-large popmake-1134\" style=\"border-radius:99px;\">\n\t<i class=\"icon-heart\" aria-hidden=\"true\"><\/i>\t<span>Anfrage<\/span>\n\t<\/a>","protected":false},"featured_media":1432,"template":"","meta":[],"product_brand":[],"product_cat":[58,55],"product_tag":[64],"class_list":{"0":"post-1437","1":"product","2":"type-product","3":"status-publish","4":"has-post-thumbnail","6":"product_cat-diamond-segments","7":"product_cat-stone-cutting-tools","8":"product_tag-diamond-segments","10":"first","11":"instock","12":"shipping-taxable","13":"product-type-simple"},"aioseo_notices":[],"_links":{"self":[{"href":"https:\/\/xmstonetools.com\/de\/wp-json\/wp\/v2\/product\/1437","targetHints":{"allow":["GET"]}}],"collection":[{"href":"https:\/\/xmstonetools.com\/de\/wp-json\/wp\/v2\/product"}],"about":[{"href":"https:\/\/xmstonetools.com\/de\/wp-json\/wp\/v2\/types\/product"}],"wp:featuredmedia":[{"embeddable":true,"href":"https:\/\/xmstonetools.com\/de\/wp-json\/wp\/v2\/media\/1432"}],"wp:attachment":[{"href":"https:\/\/xmstonetools.com\/de\/wp-json\/wp\/v2\/media?parent=1437"}],"wp:term":[{"taxonomy":"product_brand","embeddable":true,"href":"https:\/\/xmstonetools.com\/de\/wp-json\/wp\/v2\/product_brand?post=1437"},{"taxonomy":"product_cat","embeddable":true,"href":"https:\/\/xmstonetools.com\/de\/wp-json\/wp\/v2\/product_cat?post=1437"},{"taxonomy":"product_tag","embeddable":true,"href":"https:\/\/xmstonetools.com\/de\/wp-json\/wp\/v2\/product_tag?post=1437"}],"curies":[{"name":"wp","href":"https:\/\/api.w.org\/{rel}","templated":true}]}}