{"id":1449,"date":"2022-12-01T16:21:37","date_gmt":"2022-12-01T08:21:37","guid":{"rendered":"https:\/\/xmstonetools.com\/?post_type=product&#038;p=1449"},"modified":"2023-07-07T15:23:44","modified_gmt":"2023-07-07T07:23:44","slug":"vakuumgelotete-diamantseilsage","status":"publish","type":"product","link":"https:\/\/xmstonetools.com\/de\/produkt\/vakuumgelotete-diamantseilsage\/","title":{"rendered":"Vakuumgel\u00f6tete Diamant-Seils\u00e4ge"},"content":{"rendered":"<h2 style=\"color: steelblue;\">Einleitung:<\/h2>\n<p>Diamantwerkzeuge sind aufgrund ihrer au\u00dfergew\u00f6hnlichen H\u00e4rte, Haltbarkeit und Pr\u00e4zision seit langem die bevorzugte Wahl beim Schneiden und Profilieren von Stein. Unter den verschiedenen Diamantwerkzeugtechnologien sticht das vakuumgel\u00f6tete Diamantseil als bahnbrechende Innovation hervor, die die Steinbearbeitungsindustrie revolutioniert hat. In diesem Artikel werden wir uns mit den umfassenden Details des vakuumgel\u00f6teten Diamantseils befassen und seinen Aufbau, seine Funktionsweise, seine Vorteile und seine vielf\u00e4ltigen Anwendungen untersuchen.<\/p>\n<h2 style=\"color: steelblue;\">Verst\u00e4ndnis f\u00fcr vakuumgel\u00f6tete Diamantseile:<\/h2>\n<p>Vakuumgel\u00f6teter Diamantdraht ist ein spezielles Schneidwerkzeug, das aus hochwertigen Diamantsegmenten besteht, die in ein Stahlseil eingebettet sind. Die Diamantsegmente werden durch ein Vakuuml\u00f6tverfahren sorgf\u00e4ltig mit dem Seil verbunden, was eine starke und zuverl\u00e4ssige Verbindung zwischen dem Diamantkorn und dem Drahtseil gew\u00e4hrleistet.<\/p>\n<h2 style=\"color: steelblue;\">Konstruktions- und Arbeitsgrunds\u00e4tze:<\/h2>\n<p>Die Konstruktion des vakuumgel\u00f6teten Diamantseils besteht aus mehreren Lagen von Diamantsegmenten, die an einem hochfesten Stahlseil befestigt sind. Die Diamantsegmente werden in regelm\u00e4\u00dfigen Abst\u00e4nden entlang des Seils positioniert, und die gesamte Baugruppe wird einem Vakuuml\u00f6tverfahren unterzogen.<\/p>\n<p>W\u00e4hrend des Vakuuml\u00f6tverfahrens werden die Diamantsegmente durch Schmelzen einer Metalllegierungsschicht, die die L\u00fccken zwischen dem Diamantkorn und dem Seil ausf\u00fcllt, fest mit dem Seil verbunden. Dies gew\u00e4hrleistet maximale Festigkeit, Haltbarkeit und Hitzebest\u00e4ndigkeit. Die Vakuuml\u00f6ttechnik schafft eine metallurgische Verbindung, die das Risiko eines Segmentverlusts w\u00e4hrend des Betriebs ausschlie\u00dft.<\/p>\n<h2 style=\"color: steelblue;\">Vorteile des vakuumgel\u00f6teten Diamantseils:<\/h2>\n<h3>a. Au\u00dfergew\u00f6hnliche Schnittleistung:<\/h3>\n<p>Das vakuumgel\u00f6tete Diamantseil bietet eine hervorragende Schneidleistung und erm\u00f6glicht eine pr\u00e4zise und effiziente Steinbearbeitung. Die Diamantsegmente sorgen f\u00fcr eine kontinuierliche Schneidwirkung, was zu glatten und pr\u00e4zisen Schnitten f\u00fchrt.<\/p>\n<h3>b. Vielseitigkeit:<\/h3>\n<p>Die flexible Beschaffenheit des Stahldrahtseils erm\u00f6glicht komplizierte Profilierungen, gekr\u00fcmmte Schnitte und Konturierungen bei einer Vielzahl von Steinmaterialien. Diese Vielseitigkeit macht das vakuumgel\u00f6tete Diamantseil zu einer idealen Wahl f\u00fcr verschiedene Anwendungen, einschlie\u00dflich architektonischer Details, Denkmalbau und Herstellung von Arbeitsplatten.<\/p>\n<h3>c. Langlebigkeit:<\/h3>\n<p>Das Vakuuml\u00f6tverfahren gew\u00e4hrleistet eine sichere Verbindung zwischen den Diamantsegmenten und dem Drahtseil, was die Langlebigkeit des Werkzeugs deutlich erh\u00f6ht. Dies erm\u00f6glicht einen l\u00e4ngeren Einsatz ohne Leistungseinbu\u00dfen oder Segmentverlust, was zu Kosteneinsparungen und erh\u00f6hter Produktivit\u00e4t f\u00fchrt.<\/p>\n<h3>d. Hitzebest\u00e4ndigkeit:<\/h3>\n<p>Das vakuumgel\u00f6tete Diamantseil weist eine ausgezeichnete Hitzebest\u00e4ndigkeit auf und eignet sich daher sowohl f\u00fcr Nass- als auch f\u00fcr Trockenschnittanwendungen. Die vakuumgel\u00f6tete Bindungstechnik leitet die beim Schneiden entstehende W\u00e4rme effektiv ab und minimiert das Risiko einer Besch\u00e4digung des Diamantkorns durch \u00fcberm\u00e4\u00dfige Hitze.<\/p>\n<h3>e. Reduzierte Absplitterungen und Vibrationen:<\/h3>\n<p>Die kontinuierliche Schneidwirkung des vakuumgel\u00f6teten Diamantseils, kombiniert mit der Pr\u00e4zision der Diamantsegmente, minimiert Absplitterungen und Vibrationen beim Schneiden. Dies f\u00fchrt zu sauberen und glatten Schnitten, wodurch der Bedarf an zus\u00e4tzlichem Polieren reduziert und der Materialabfall minimiert wird.<\/p>\n<h2 style=\"color: steelblue;\">Anwendungen:<\/h2>\n<p>Das vakuumgel\u00f6tete Diamantseil findet in der gesamten steinverarbeitenden Industrie breite Anwendung, unter anderem:<br \/>\n- Schneiden und Profilieren von Granit, Marmor, Kalkstein und anderen Natursteinen.<br \/>\n- Formen und Gestalten von Steinmaterialien f\u00fcr architektonische Elemente.<br \/>\n- Abbau und Gewinnung von gro\u00dfen Steinbl\u00f6cken.<br \/>\n- Erstellen komplizierter Designs und Muster auf Steinoberfl\u00e4chen.<\/p>\n<p>Das vakuumgel\u00f6tete Diamantdrahtseil stellt einen bedeutenden Fortschritt in der Diamantwerkzeugtechnologie dar und bietet au\u00dfergew\u00f6hnliche Schneidleistung, Vielseitigkeit, Langlebigkeit, Hitzebest\u00e4ndigkeit und geringere Abplatzungen. Seine einzigartige Konstruktion und Arbeitsweise machen es zu einem \u00e4u\u00dferst effektiven Werkzeug f\u00fcr das Schneiden, Profilieren und Formen von Stein, das pr\u00e4zise und effiziente Ergebnisse liefert. Da sich die Steinbearbeitungsindustrie st\u00e4ndig weiterentwickelt, steht das vakuumgel\u00f6tete Diamantseil an vorderster Front und erm\u00f6glicht es Fachleuten, ein neues Niveau an Handwerkskunst und Produktivit\u00e4t zu erreichen.<\/p>\n<h2 style=\"color: steelblue;\">Auswahl der Diamantk\u00f6rnung:<\/h2>\n<p>Die Leistung und Effizienz von vakuumgel\u00f6tetem Diamantseil h\u00e4ngt von der Qualit\u00e4t und der Auswahl des Diamantkorns ab. Je nach den spezifischen Schneidanforderungen sind verschiedene Diamantkorngr\u00f6\u00dfen erh\u00e4ltlich. Feinere K\u00f6rnungen sind f\u00fcr glattere Schnitte und Polieranwendungen geeignet, w\u00e4hrend gr\u00f6bere K\u00f6rnungen ideal f\u00fcr einen schnelleren Materialabtrag sind.<\/p>\n<h2 style=\"color: steelblue;\">Drahtseil-Variationen:<\/h2>\n<p>Das vakuumgel\u00f6tete Diamantseil ist in verschiedenen Seilkonfigurationen erh\u00e4ltlich, um den unterschiedlichen Schneidanforderungen gerecht zu werden. Das Drahtseil kann im Durchmesser und in der Litzenzahl variieren, so dass es je nach gew\u00fcnschter Anwendung und der H\u00e4rte des zu schneidenden Gesteinsmaterials angepasst werden kann.<\/p>\n<h2 style=\"color: steelblue;\">Nass- und Trockenschnitt:<\/h2>\n<p>Vakuumgel\u00f6tete Diamantseile k\u00f6nnen sowohl f\u00fcr Nass- als auch f\u00fcr Trockenschnitte verwendet werden. Beim Nassschneiden wird Wasser oder ein K\u00fchlmittel verwendet, um die Schneidleistung zu verbessern, den Staub zu reduzieren und die W\u00e4rme abzuf\u00fchren. Trockenschneiden eignet sich f\u00fcr bestimmte Anwendungen, bei denen der Einsatz von Wasser nicht m\u00f6glich oder erw\u00fcnscht ist. Die Hitzebest\u00e4ndigkeit des vakuumgel\u00f6teten Diamantseils erm\u00f6glicht einen effektiven Trockenschnitt ohne Beeintr\u00e4chtigung der Leistung oder der Werkzeugstandzeit.<\/p>\n<h2 style=\"color: steelblue;\">Wartung und Lagerung:<\/h2>\n<p>Um die Lebensdauer und Leistung des vakuumgel\u00f6teten Diamantseils zu maximieren, ist eine ordnungsgem\u00e4\u00dfe Wartung und Lagerung unerl\u00e4sslich. Es wird empfohlen, das Werkzeug nach dem Gebrauch zu reinigen, um alle Ablagerungen oder R\u00fcckst\u00e4nde zu entfernen, die die Schneideleistung beeintr\u00e4chtigen k\u00f6nnten. Das Werkzeug sollte in einer trockenen und sauberen Umgebung gelagert werden, um Korrosion und Sch\u00e4den an den Diamantsegmenten zu vermeiden.<\/p>\n<h2 style=\"color: steelblue;\">Sicherheitserw\u00e4gungen:<\/h2>\n<p>Bei der Arbeit mit vakuumgel\u00f6tetem Diamantseil ist es wichtig, dass die Sicherheit an erster Stelle steht. Die Bediener sollten eine angemessene pers\u00f6nliche Schutzausr\u00fcstung (PSA) tragen, einschlie\u00dflich Schutzbrille, Handschuhe und Geh\u00f6rschutz. Au\u00dferdem ist die Einhaltung der empfohlenen Schnittgeschwindigkeiten und Vorsch\u00fcbe entscheidend, um eine optimale Leistung zu gew\u00e4hrleisten und Werkzeugsch\u00e4den zu vermeiden.<\/p>\n<h2 style=\"color: steelblue;\">Qualit\u00e4tssicherung und Normen:<\/h2>\n<p>Um h\u00f6chste Qualit\u00e4t und Leistung zu gew\u00e4hrleisten, ist es ratsam, vakuumgel\u00f6tete Diamantseile von namhaften Herstellern zu beziehen, die die Industrienormen und Qualit\u00e4tskontrollverfahren einhalten. Qualit\u00e4tsdiamantwerkzeuge werden strengen Tests und Kontrollen unterzogen, um die Branchenspezifikationen zu erf\u00fcllen oder zu \u00fcbertreffen und so Zuverl\u00e4ssigkeit und gleichbleibende Leistung zu gew\u00e4hrleisten.<\/p>\n<h2 style=\"color: steelblue;\">Kontinuierliche Forschung und Entwicklung:<\/h2>\n<p>Der Bereich der Diamantwerkzeugtechnologie, zu dem auch vakuumgel\u00f6teter Diamantdraht geh\u00f6rt, entwickelt sich durch kontinuierliche Forschungs- und Entwicklungsanstrengungen st\u00e4ndig weiter. Die Hersteller erforschen kontinuierlich neue Diamantformulierungen, Bindungstechniken und Werkzeugdesigns, um die Effizienz beim Schneiden, die Lebensdauer und die Vielseitigkeit der Werkzeuge weiter zu verbessern. Wenn Sie sich \u00fcber die neuesten Fortschritte in der Branche auf dem Laufenden halten, k\u00f6nnen Sie fundierte Entscheidungen treffen und das volle Potenzial dieser Werkzeuge aussch\u00f6pfen.<\/p>\n<p>Durch den Einsatz von vakuumgel\u00f6tetem Diamantdraht k\u00f6nnen Fachleute in der Steinbearbeitung pr\u00e4zise Schnitte, komplizierte Profilierungen und hervorragende Oberfl\u00e4chenbehandlungen bei einer Vielzahl von Steinmaterialien erzielen. Dieses fortschrittliche Werkzeug erweitert die Grenzen des Steinschneidens und der Formgebung und bietet verbesserte Effizienz, Vielseitigkeit und Kosteneffizienz.<\/p>\n<p>Unsere Vorteile:<\/p>\n<p>1. Hohe Effizienz, sicher, ger\u00e4uscharm, weniger Staub und umweltfreundlich.<\/p>\n<p>2. Gutes Schneiden mit kleinem Schlitz.<\/p>\n<p>3. Wenig Bruch raito bei der Arbeit so solide Lebensdauer.<\/p>\n<p>4. Professionelle Ingenieure, erfahrene Arbeiter, strenges Qualit\u00e4tskontrollsystem, hochwertiges Material usw. gew\u00e4hrleisten die stabile Qualit\u00e4t.<\/p>\n<p>5. Andere Spezifikationen sind auf Anfrage erh\u00e4ltlich.<\/p>\n<table border=\"1\">\n<tbody>\n<tr>\n<td>Produkte<\/td>\n<td>Anmeldung<\/td>\n<td>Durchmesser (mm)<\/td>\n<td>Feste Methode<\/td>\n<\/tr>\n<tr>\n<td rowspan=\"2\">Vakuumgel\u00f6tete Warens\u00e4ge<\/td>\n<td>F\u00fcr Marmor-, Kalkstein- und Travertinsteinbr\u00fcche<\/td>\n<td>11.0<\/td>\n<td>Feder<\/td>\n<\/tr>\n<tr>\n<td>Zum Quadrieren von Marmor, Kalkstein und Travertinbl\u00f6cken<\/td>\n<td>11.0<\/td>\n<td>Feder<\/td>\n<\/tr>\n<tr>\n<td rowspan=\"3\">Diamantseils\u00e4ge f\u00fcr Granit, gesintert<\/td>\n<td>F\u00fcr Steinbr\u00fcche<\/td>\n<td>11.5<\/td>\n<td>Gummi<\/td>\n<\/tr>\n<tr>\n<td>F\u00fcr die Quadratur des Kreises<\/td>\n<td>11.0<\/td>\n<td>Kunststoff<\/td>\n<\/tr>\n<tr>\n<td>F\u00fcr die Profilerstellung<\/td>\n<td>8.8<\/td>\n<td>Kunststoff<\/td>\n<\/tr>\n<tr>\n<td rowspan=\"3\">Diamantseils\u00e4ge f\u00fcr Marmor, gesintert<\/td>\n<td>F\u00fcr Steinbr\u00fcche<\/td>\n<td>11.0<\/td>\n<td>Feder<\/td>\n<\/tr>\n<tr>\n<td>F\u00fcr Squarrying<\/td>\n<td>11.0<\/td>\n<td>Kunststoff<\/td>\n<\/tr>\n<tr>\n<td>F\u00fcr die Profilerstellung<\/td>\n<td>8.8<\/td>\n<td>Kunststoff<\/td>\n<\/tr>\n<\/tbody>\n<\/table>","protected":false},"excerpt":{"rendered":"<p>Vakuumgel\u00f6teter Diamantdraht ist ein spezielles Schneidwerkzeug, das aus hochwertigen Diamantsegmenten besteht, die in ein Stahlseil eingebettet sind. Die Diamantsegmente werden durch ein Vakuuml\u00f6tverfahren sorgf\u00e4ltig mit dem Seil verbunden, was eine starke und zuverl\u00e4ssige Verbindung zwischen dem Diamantkorn und dem Drahtseil gew\u00e4hrleistet. W\u00e4hrend des Vakuuml\u00f6tverfahrens werden die Diamantsegmente durch Schmelzen einer Metalllegierung, die die L\u00fccken zwischen dem Diamantkorn und dem Seil ausf\u00fcllt, sicher mit dem Seil verbunden. Dies gew\u00e4hrleistet maximale Festigkeit, Haltbarkeit und Hitzebest\u00e4ndigkeit. Die Vakuuml\u00f6ttechnik schafft eine metallurgische Verbindung, die das Risiko eines Segmentverlusts w\u00e4hrend des Betriebs ausschlie\u00dft.<\/p>\n<a href=\"#Quote-Button\" class=\"button primary is-large Inquiry-Button\" style=\"border-radius:99px;\">\n\t<i class=\"icon-heart\" aria-hidden=\"true\"><\/i>\t<span>Jetzt anfragen<\/span>\n\t<\/a>","protected":false},"featured_media":1444,"template":"","meta":[],"product_brand":[],"product_cat":[61],"product_tag":[69,66],"class_list":{"0":"post-1449","1":"product","2":"type-product","3":"status-publish","4":"has-post-thumbnail","6":"product_cat-diamond-wire-saw","7":"product_tag-diamond-wire-saw","8":"product_tag-vacuum-brazed-stone-tools","10":"first","11":"instock","12":"shipping-taxable","13":"product-type-simple"},"aioseo_notices":[],"_links":{"self":[{"href":"https:\/\/xmstonetools.com\/de\/wp-json\/wp\/v2\/product\/1449","targetHints":{"allow":["GET"]}}],"collection":[{"href":"https:\/\/xmstonetools.com\/de\/wp-json\/wp\/v2\/product"}],"about":[{"href":"https:\/\/xmstonetools.com\/de\/wp-json\/wp\/v2\/types\/product"}],"wp:featuredmedia":[{"embeddable":true,"href":"https:\/\/xmstonetools.com\/de\/wp-json\/wp\/v2\/media\/1444"}],"wp:attachment":[{"href":"https:\/\/xmstonetools.com\/de\/wp-json\/wp\/v2\/media?parent=1449"}],"wp:term":[{"taxonomy":"product_brand","embeddable":true,"href":"https:\/\/xmstonetools.com\/de\/wp-json\/wp\/v2\/product_brand?post=1449"},{"taxonomy":"product_cat","embeddable":true,"href":"https:\/\/xmstonetools.com\/de\/wp-json\/wp\/v2\/product_cat?post=1449"},{"taxonomy":"product_tag","embeddable":true,"href":"https:\/\/xmstonetools.com\/de\/wp-json\/wp\/v2\/product_tag?post=1449"}],"curies":[{"name":"wp","href":"https:\/\/api.w.org\/{rel}","templated":true}]}}