{"id":1455,"date":"2022-12-01T19:36:44","date_gmt":"2022-12-01T11:36:44","guid":{"rendered":"https:\/\/xmstonetools.com\/?post_type=product&#038;p=1455"},"modified":"2023-07-07T14:59:24","modified_gmt":"2023-07-07T06:59:24","slug":"metallgebundene-granitschleifplatte","status":"publish","type":"product","link":"https:\/\/xmstonetools.com\/de\/produkt\/metallgebundene-granitschleifplatte\/","title":{"rendered":"Metallgebundene Granit-Schleifplatte"},"content":{"rendered":"<p>Diamantwerkzeuge f\u00fcr Stein spielen in der Steinverarbeitungsindustrie eine entscheidende Rolle, da sie die Herstellung exquisiter Oberfl\u00e4chen und pr\u00e4ziser Schnitte erm\u00f6glichen. Unter den verschiedenen verwendeten Werkzeugen sind metallgebundene Granitschleifplatten die wichtigsten Komponenten f\u00fcr das Schleifen und Polieren von Granitoberfl\u00e4chen. In diesem Artikel werden wir uns ausf\u00fchrlich mit metallgebundenen Granitschleifplatten befassen und ihren Aufbau, ihre Vorteile und ihre Anwendungsm\u00f6glichkeiten untersuchen.<\/p>\n<h2 style=\"color: steelblue;\">1. Konstruktion von metallgebundenen Granitschleifplatten:<\/h2>\n<p>Metallgebundene Granitschleifplatten sind sorgf\u00e4ltig entwickelte Werkzeuge, die aus einer metallgebundenen Matrix, Diamantsegmenten und einer Stahl- oder Aluminiumplatte bestehen. Die metallgebundene Matrix dient als Bindemittel, das die Diamantsegmente sicher an ihrem Platz h\u00e4lt. Die Diamantsegmente, die in die Matrix eingebettet sind, enthalten synthetische oder nat\u00fcrliche Diamanten, die f\u00fcr das Schleifen, Polieren und Formen der Granitoberfl\u00e4che verantwortlich sind.<\/p>\n<figure id=\"attachment_1453\" aria-describedby=\"caption-attachment-1453\" style=\"width: 1000px\" class=\"wp-caption aligncenter\"><img loading=\"lazy\" decoding=\"async\" class=\"size-full wp-image-1453\" src=\"https:\/\/xmstonetools.com\/wp-content\/uploads\/2022\/12\/Metal-Bond-Granite-Grinding-Plate-3.jpg\" alt=\"Metal Bond Granit-Schleifplatte-3\" width=\"1000\" height=\"1000\" srcset=\"https:\/\/xmstonetools.com\/wp-content\/uploads\/2022\/12\/Metal-Bond-Granite-Grinding-Plate-3.jpg 1000w, https:\/\/xmstonetools.com\/wp-content\/uploads\/2022\/12\/Metal-Bond-Granite-Grinding-Plate-3-400x400.jpg 400w, https:\/\/xmstonetools.com\/wp-content\/uploads\/2022\/12\/Metal-Bond-Granite-Grinding-Plate-3-800x800.jpg 800w, https:\/\/xmstonetools.com\/wp-content\/uploads\/2022\/12\/Metal-Bond-Granite-Grinding-Plate-3-280x280.jpg 280w, https:\/\/xmstonetools.com\/wp-content\/uploads\/2022\/12\/Metal-Bond-Granite-Grinding-Plate-3-768x768.jpg 768w, https:\/\/xmstonetools.com\/wp-content\/uploads\/2022\/12\/Metal-Bond-Granite-Grinding-Plate-3-300x300.jpg 300w, https:\/\/xmstonetools.com\/wp-content\/uploads\/2022\/12\/Metal-Bond-Granite-Grinding-Plate-3-600x600.jpg 600w, https:\/\/xmstonetools.com\/wp-content\/uploads\/2022\/12\/Metal-Bond-Granite-Grinding-Plate-3-100x100.jpg 100w, https:\/\/xmstonetools.com\/wp-content\/uploads\/2022\/12\/Metal-Bond-Granite-Grinding-Plate-3-120x120.jpg 120w\" sizes=\"auto, (max-width: 1000px) 100vw, 1000px\" \/><figcaption id=\"caption-attachment-1453\" class=\"wp-caption-text\">Metal Bond Granit-Schleifplatte-3<\/figcaption><\/figure>\n<h2 style=\"color: steelblue;\">2. Vorteile von Metal Bond Granit-Schleifplatten:<\/h2>\n<h3>a. Au\u00dfergew\u00f6hnliche Langlebigkeit:<\/h3>\n<p>Metallgebundene Granitschleifplatten sind f\u00fcr ihre hervorragende Haltbarkeit bekannt und eignen sich daher f\u00fcr schwere Anwendungen. Die robuste metallgebundene Matrix widersteht effektiv hohem Schleifdruck und bietet eine l\u00e4ngere Lebensdauer als andere Arten von Schleifplatten.<\/p>\n<h3>b. Hohe Mahleffizienz:<\/h3>\n<p>Die Kombination aus der metallgebundenen Matrix und den Diamantsegmenten sorgt f\u00fcr eine hervorragende Schleifleistung. Die in die Segmente eingebetteten Diamantpartikel erzeugen scharfe Schneidkanten, die einen effizienten Materialabtrag erm\u00f6glichen und den Zeitaufwand f\u00fcr das Schleifen von Granitoberfl\u00e4chen reduzieren.<\/p>\n<h3>c. Konsistente Leistung:<\/h3>\n<p>Metallgebundene Granitschleifplatten bieten \u00fcber ihre gesamte Lebensdauer hinweg eine gleichm\u00e4\u00dfige und zuverl\u00e4ssige Leistung. Das pr\u00e4zise Design sorgt f\u00fcr eine gleichm\u00e4\u00dfige Abnutzung der Diamantsegmente, wodurch ein gleichm\u00e4\u00dfiges Schleifmuster erhalten bleibt und Oberfl\u00e4chenunregelm\u00e4\u00dfigkeiten minimiert werden.<\/p>\n<h3>d. Vielseitigkeit:<\/h3>\n<p>Metallgebundene Granitschleifplatten eignen sich f\u00fcr eine breite Palette von Anwendungen. Sie k\u00f6nnen zum Grobschleifen, Feinschleifen und Polieren verwendet werden und erm\u00f6glichen es Fachleuten, verschiedene Oberfl\u00e4cheng\u00fcten auf Granitarbeitsplatten, B\u00f6den, W\u00e4nden und anderen architektonischen Elementen zu erzielen.<\/p>\n<figure id=\"attachment_1452\" aria-describedby=\"caption-attachment-1452\" style=\"width: 1000px\" class=\"wp-caption aligncenter\"><img loading=\"lazy\" decoding=\"async\" class=\"size-full wp-image-1452\" src=\"https:\/\/xmstonetools.com\/wp-content\/uploads\/2022\/12\/Metal-Bond-Granite-Grinding-Plate-2.jpg\" alt=\"Metallbindung Granit-Schleifplatte-2\" width=\"1000\" height=\"1000\" srcset=\"https:\/\/xmstonetools.com\/wp-content\/uploads\/2022\/12\/Metal-Bond-Granite-Grinding-Plate-2.jpg 1000w, https:\/\/xmstonetools.com\/wp-content\/uploads\/2022\/12\/Metal-Bond-Granite-Grinding-Plate-2-400x400.jpg 400w, https:\/\/xmstonetools.com\/wp-content\/uploads\/2022\/12\/Metal-Bond-Granite-Grinding-Plate-2-800x800.jpg 800w, https:\/\/xmstonetools.com\/wp-content\/uploads\/2022\/12\/Metal-Bond-Granite-Grinding-Plate-2-280x280.jpg 280w, https:\/\/xmstonetools.com\/wp-content\/uploads\/2022\/12\/Metal-Bond-Granite-Grinding-Plate-2-768x768.jpg 768w, https:\/\/xmstonetools.com\/wp-content\/uploads\/2022\/12\/Metal-Bond-Granite-Grinding-Plate-2-300x300.jpg 300w, https:\/\/xmstonetools.com\/wp-content\/uploads\/2022\/12\/Metal-Bond-Granite-Grinding-Plate-2-600x600.jpg 600w, https:\/\/xmstonetools.com\/wp-content\/uploads\/2022\/12\/Metal-Bond-Granite-Grinding-Plate-2-100x100.jpg 100w, https:\/\/xmstonetools.com\/wp-content\/uploads\/2022\/12\/Metal-Bond-Granite-Grinding-Plate-2-120x120.jpg 120w\" sizes=\"auto, (max-width: 1000px) 100vw, 1000px\" \/><figcaption id=\"caption-attachment-1452\" class=\"wp-caption-text\">Metallbindung Granit-Schleifplatte-2<\/figcaption><\/figure>\n<h2 style=\"color: steelblue;\">3. Anwendungen von metallgebundenen Granit-Schleifplatten:<\/h2>\n<h3>a. Herstellung von Granit-Arbeitsplatten:<\/h3>\n<p>Metallgebundene Granitschleifplatten werden in gro\u00dfem Umfang bei der Herstellung von Granitarbeitsplatten verwendet. Sie helfen dabei, die Granitkanten zu formen und zu gl\u00e4tten, pr\u00e4zise Fasen zu erzeugen und die gew\u00fcnschte Oberfl\u00e4che zu erzielen.<\/p>\n<h3>b. Restaurierung von Steinb\u00f6den:<\/h3>\n<p>Zum Restaurieren und Polieren von Granitb\u00f6den sind metallgebundene Granitschleifplatten unverzichtbar. Sie entfernen effektiv Kratzer, Flecken und Unebenheiten und sorgen f\u00fcr eine glatte, gl\u00e4nzende Oberfl\u00e4che.<\/p>\n<h3>c. Architektonische Steinmetzarbeiten:<\/h3>\n<p>Metallgebundene Granitschleifplatten werden bei architektonischen Steinmetzprojekten eingesetzt, bei denen komplizierte Designs und Details in Granit eingemei\u00dfelt werden. Diese Platten helfen bei der pr\u00e4zisen Formgebung und Verfeinerung des Steins, wodurch das k\u00fcnstlerische Gesamtbild verbessert wird.<\/p>\n<h3>d. Herstellung von Denkm\u00e4lern:<\/h3>\n<p>Bei der Herstellung von Granitmonumenten werden metallgebundene Granitschleifplatten verwendet, die eine genaue Formgebung und komplizierte Details gew\u00e4hrleisten.<\/p>\n<p>Metallgebundene Granitschleifplatten bieten eine Vielzahl von Vorteilen, die wesentlich zur Effizienz und Pr\u00e4zision von Diamantwerkzeugen f\u00fcr Stein beitragen. Ihre Langlebigkeit, hohe Schleifeffizienz, gleichbleibende Leistung und Vielseitigkeit machen sie zu einem unverzichtbaren Werkzeug f\u00fcr Fachleute in der Steinverarbeitungsindustrie. Ob bei der Herstellung von Arbeitsplatten, der Restaurierung von Steinb\u00f6den, der architektonischen Steinbearbeitung oder der Herstellung von Denkm\u00e4lern - metallgebundene Granitschleifplatten spielen eine wichtige Rolle, wenn es darum geht, au\u00dfergew\u00f6hnliche Ergebnisse zu erzielen und die nat\u00fcrliche Sch\u00f6nheit von Granitoberfl\u00e4chen zur Geltung zu bringen.<\/p>\n<figure id=\"attachment_1450\" aria-describedby=\"caption-attachment-1450\" style=\"width: 750px\" class=\"wp-caption aligncenter\"><img loading=\"lazy\" decoding=\"async\" class=\"size-full wp-image-1450\" src=\"https:\/\/xmstonetools.com\/wp-content\/uploads\/2022\/12\/Metal-Bond-Granite-Grinding-Plate-Application.jpg\" alt=\"Metallgebundene Granit-Schleifplatte Anwendung\" width=\"750\" height=\"1356\" srcset=\"https:\/\/xmstonetools.com\/wp-content\/uploads\/2022\/12\/Metal-Bond-Granite-Grinding-Plate-Application.jpg 750w, https:\/\/xmstonetools.com\/wp-content\/uploads\/2022\/12\/Metal-Bond-Granite-Grinding-Plate-Application-221x400.jpg 221w, https:\/\/xmstonetools.com\/wp-content\/uploads\/2022\/12\/Metal-Bond-Granite-Grinding-Plate-Application-442x800.jpg 442w, https:\/\/xmstonetools.com\/wp-content\/uploads\/2022\/12\/Metal-Bond-Granite-Grinding-Plate-Application-600x1085.jpg 600w\" sizes=\"auto, (max-width: 750px) 100vw, 750px\" \/><figcaption id=\"caption-attachment-1450\" class=\"wp-caption-text\">Metallgebundene Granit-Schleifplatte Anwendung<\/figcaption><\/figure>\n<p>Gewiss! Hier finden Sie einige zus\u00e4tzliche Informationen \u00fcber metallgebundene Granitschleifplatten:<\/p>\n<h2 style=\"color: steelblue;\">4. Arten von Metallverbindungen:<\/h2>\n<p>Metallgebundene Granitschleifplatten sind in verschiedenen Varianten erh\u00e4ltlich, um den unterschiedlichen Schleifanforderungen gerecht zu werden. Die beiden wichtigsten Arten der Metallbindung, die f\u00fcr diese Platten verwendet werden, sind:<\/p>\n<h3>a. Weichmetallbindung:<\/h3>\n<p>Platten mit weicherer Metallbindung sind so konzipiert, dass sie eine bessere Flexibilit\u00e4t der Werkzeuge bieten, was sie ideal f\u00fcr das Schleifen von weicherem Granit oder f\u00fcr den ersten Grobschliff macht. Die weichere Bindung erm\u00f6glicht einen schnelleren Materialabtrag und hilft, das Verstopfen der Diamantsegmente zu verhindern.<\/p>\n<h3>b. Hartmetallbindung:<\/h3>\n<p>Hartmetallgebundene Platten werden bevorzugt zum Schleifen von h\u00e4rterem Granit oder f\u00fcr feinere Polieranwendungen eingesetzt. Sie bieten mehr Stabilit\u00e4t und eine l\u00e4ngere Lebensdauer und erm\u00f6glichen pr\u00e4zisere Schleif- und Polierergebnisse.<\/p>\n<h2 style=\"color: steelblue;\">5. Korngr\u00f6\u00dfen:<\/h2>\n<p>Metallgebundene Granitschleifplatten gibt es in verschiedenen Korngr\u00f6\u00dfen, die die Grobheit oder Feinheit des Schleifprozesses bestimmen. \u00dcbliche K\u00f6rnungen sind 30\/40, 50\/60, 100\/120, 200\/220, 400\/500 und mehr. Gr\u00f6bere K\u00f6rnungen werden in der Regel f\u00fcr den ersten Schliff zur Beseitigung von Oberfl\u00e4chenfehlern verwendet, w\u00e4hrend feinere K\u00f6rnungen zum Polieren und Erzielen einer glatteren Oberfl\u00e4che eingesetzt werden.<\/p>\n<h2 style=\"color: steelblue;\">6. Segment-Formen:<\/h2>\n<p>Diamantsegmente auf metallgebundenen Granitschleifplatten sind in verschiedenen Formen erh\u00e4ltlich, darunter rund, rechteckig und pfeilf\u00f6rmig. Die Wahl der Segmentform h\u00e4ngt von den spezifischen Schleifanforderungen und dem gew\u00fcnschten Ergebnis ab. Verschiedene Segmentformen bieten unterschiedliche Aggressivit\u00e4t, Pr\u00e4zision und Vielseitigkeit.<\/p>\n<figure id=\"attachment_1451\" aria-describedby=\"caption-attachment-1451\" style=\"width: 1000px\" class=\"wp-caption aligncenter\"><img loading=\"lazy\" decoding=\"async\" class=\"size-full wp-image-1451\" src=\"https:\/\/xmstonetools.com\/wp-content\/uploads\/2022\/12\/Metal-Bond-Granite-Grinding-Plate.jpg\" alt=\"Metallgebundene Granit-Schleifplatte\" width=\"1000\" height=\"1000\" srcset=\"https:\/\/xmstonetools.com\/wp-content\/uploads\/2022\/12\/Metal-Bond-Granite-Grinding-Plate.jpg 1000w, https:\/\/xmstonetools.com\/wp-content\/uploads\/2022\/12\/Metal-Bond-Granite-Grinding-Plate-400x400.jpg 400w, https:\/\/xmstonetools.com\/wp-content\/uploads\/2022\/12\/Metal-Bond-Granite-Grinding-Plate-800x800.jpg 800w, https:\/\/xmstonetools.com\/wp-content\/uploads\/2022\/12\/Metal-Bond-Granite-Grinding-Plate-280x280.jpg 280w, https:\/\/xmstonetools.com\/wp-content\/uploads\/2022\/12\/Metal-Bond-Granite-Grinding-Plate-768x768.jpg 768w, https:\/\/xmstonetools.com\/wp-content\/uploads\/2022\/12\/Metal-Bond-Granite-Grinding-Plate-300x300.jpg 300w, https:\/\/xmstonetools.com\/wp-content\/uploads\/2022\/12\/Metal-Bond-Granite-Grinding-Plate-600x600.jpg 600w, https:\/\/xmstonetools.com\/wp-content\/uploads\/2022\/12\/Metal-Bond-Granite-Grinding-Plate-100x100.jpg 100w, https:\/\/xmstonetools.com\/wp-content\/uploads\/2022\/12\/Metal-Bond-Granite-Grinding-Plate-120x120.jpg 120w\" sizes=\"auto, (max-width: 1000px) 100vw, 1000px\" \/><figcaption id=\"caption-attachment-1451\" class=\"wp-caption-text\">Metallgebundene Granit-Schleifplatte<\/figcaption><\/figure>\n<h2 style=\"color: steelblue;\">7. Nass- und Trockenschleifen:<\/h2>\n<p>Metallgebundene Granitschleifplatten k\u00f6nnen sowohl f\u00fcr das Nass- als auch f\u00fcr das Trockenschleifen verwendet werden. Das Nassschleifen wird in der Regel eingesetzt, um die Staubentwicklung zu reduzieren und die w\u00e4hrend des Schleifprozesses entstehende Hitze zu kontrollieren. Es tr\u00e4gt auch dazu bei, die Lebensdauer der Diamantsegmente zu verl\u00e4ngern, indem es sie vor \u00dcberhitzung sch\u00fctzt. Trockenes Schleifen ist geeignet, wenn der Einsatz von Wasser nicht erw\u00fcnscht oder m\u00f6glich ist, kann aber mehr Staub erzeugen und erfordert entsprechende Absaugsysteme.<\/p>\n<h2 style=\"color: steelblue;\">8. Wartung und Pflege:<\/h2>\n<p>Um eine optimale Leistung und Langlebigkeit von metallgebundenen Granitschleifplatten zu gew\u00e4hrleisten, ist eine ordnungsgem\u00e4\u00dfe Wartung und Pflege unerl\u00e4sslich. Hier sind einige wichtige Tipps zur Wartung:<br \/>\n- Reinigen Sie die Platten regelm\u00e4\u00dfig, um Ablagerungen oder Schlamm zu entfernen, die die Mahlleistung beeintr\u00e4chtigen k\u00f6nnten.<br \/>\n- \u00dcberpr\u00fcfen Sie die Diamantsegmente auf Verschlei\u00df und ersetzen Sie sie bei Bedarf, um eine gleichbleibende Leistung zu gew\u00e4hrleisten.<br \/>\n- Lagern Sie die Platten an einem trockenen und gesch\u00fctzten Ort, um Korrosion und Sch\u00e4den zu vermeiden.<br \/>\n- Befolgen Sie die Richtlinien des Herstellers f\u00fcr die Betriebsparameter, wie Drehzahl, Druck und K\u00fchlmittelverbrauch.<\/p>\n<p>Wenn Sie diese Wartungspraktiken befolgen, k\u00f6nnen Sie die Lebensdauer und Effizienz von metallgebundenen Granitschleifplatten maximieren und Ihre Steinbearbeitungsprozesse optimieren.<\/p>\n<p>Metallgebundene Granitschleifplatten sind unentbehrliche Werkzeuge in der Steinverarbeitungsindustrie, mit denen Fachleute pr\u00e4zise Schleif-, Formgebungs- und Polierergebnisse auf Granitoberfl\u00e4chen erzielen k\u00f6nnen. Ihre Langlebigkeit, Vielseitigkeit und gleichbleibende Leistung machen sie zu einer bevorzugten Wahl f\u00fcr Fachleute, die hochwertige Diamantwerkzeuge f\u00fcr Stein suchen.<\/p>\n<figure id=\"attachment_1454\" aria-describedby=\"caption-attachment-1454\" style=\"width: 750px\" class=\"wp-caption aligncenter\"><img loading=\"lazy\" decoding=\"async\" class=\"size-full wp-image-1454\" src=\"https:\/\/xmstonetools.com\/wp-content\/uploads\/2022\/12\/Metal-Bond-Granite-Grinding-Plate-4.jpg\" alt=\"Metal Bond Granit-Schleifplatte-4\" width=\"750\" height=\"1125\" srcset=\"https:\/\/xmstonetools.com\/wp-content\/uploads\/2022\/12\/Metal-Bond-Granite-Grinding-Plate-4.jpg 750w, https:\/\/xmstonetools.com\/wp-content\/uploads\/2022\/12\/Metal-Bond-Granite-Grinding-Plate-4-267x400.jpg 267w, https:\/\/xmstonetools.com\/wp-content\/uploads\/2022\/12\/Metal-Bond-Granite-Grinding-Plate-4-533x800.jpg 533w, https:\/\/xmstonetools.com\/wp-content\/uploads\/2022\/12\/Metal-Bond-Granite-Grinding-Plate-4-600x900.jpg 600w\" sizes=\"auto, (max-width: 750px) 100vw, 750px\" \/><figcaption id=\"caption-attachment-1454\" class=\"wp-caption-text\">Metal Bond Granit-Schleifplatte-4<\/figcaption><\/figure>\n<table class=\"aliDataTable\" style=\"height: 485px;\" width=\"640\">\n<tbody>\n<tr align=\"left\">\n<td valign=\"top\">Produktname<\/td>\n<td valign=\"top\">200mm Metallbindung Diamant-Schleifscheibe Schleifplatte<\/td>\n<\/tr>\n<tr align=\"left\">\n<td valign=\"top\">Grit<\/td>\n<td valign=\"top\">50#\u00a0 100#\u00a0 200#\u00a0 400#<\/td>\n<\/tr>\n<tr align=\"left\">\n<td valign=\"top\">Durchmesser<\/td>\n<td valign=\"top\">\u00a0200mm<\/td>\n<\/tr>\n<tr align=\"left\">\n<td valign=\"top\">Technologie<\/td>\n<td valign=\"top\">Hochfrequenz geschwei\u00dft<\/td>\n<\/tr>\n<tr align=\"left\">\n<td valign=\"top\">Qualit\u00e4tskontrolle:<\/td>\n<td valign=\"top\">\u00a01. Strenge Rohmaterialkontrolle<\/p>\n<p>2. Professionelle Formel<\/p>\n<p>3. Kontrolle des Produktionsprozesses<\/p>\n<p>4. F\u00fchren Sie einige Tests durch, um sicherzustellen, dass die verwendete Funktion<\/p>\n<p>5. Produkte passieren streng Inspektion<\/td>\n<\/tr>\n<\/tbody>\n<\/table>","protected":false},"excerpt":{"rendered":"<p>Eigenschaften der metallgebundenen Granitschleifplatte<\/p>\n<p>-Arbeitsbedingungen: Nass Verwendung;<br \/>\n-Bindemittel und Schleifmittel: Oxals\u00e4ure<\/p>\n<p>-Anwendbare Maschine: Automatische Poliermaschine Linie<br \/>\n- K\u00f6rnung : 5-Extra,10-Extra<br \/>\n-Dicke und L\u00e4nge: 15 mm Dicke; L140mm L\u00e4nge<br \/>\n-Verbindungsart : Verbindung Frankfurt<br \/>\n-Poliermaterial: Granit, Marmor, Kalkstein, Sandstein, etc;<\/p>\n<a class=\"button primary is-large popmake-1134\" style=\"border-radius:99px;\">\n\t<i class=\"icon-heart\" aria-hidden=\"true\"><\/i>\t<span>Anfrage<\/span>\n\t<\/a>","protected":false},"featured_media":1451,"template":"","meta":[],"product_brand":[],"product_cat":[56],"product_tag":[83],"class_list":{"0":"post-1455","1":"product","2":"type-product","3":"status-publish","4":"has-post-thumbnail","6":"product_cat-stone-grinding-tools","7":"product_tag-grinding-cup-wheel","9":"first","10":"instock","11":"shipping-taxable","12":"product-type-simple"},"aioseo_notices":[],"_links":{"self":[{"href":"https:\/\/xmstonetools.com\/de\/wp-json\/wp\/v2\/product\/1455","targetHints":{"allow":["GET"]}}],"collection":[{"href":"https:\/\/xmstonetools.com\/de\/wp-json\/wp\/v2\/product"}],"about":[{"href":"https:\/\/xmstonetools.com\/de\/wp-json\/wp\/v2\/types\/product"}],"wp:featuredmedia":[{"embeddable":true,"href":"https:\/\/xmstonetools.com\/de\/wp-json\/wp\/v2\/media\/1451"}],"wp:attachment":[{"href":"https:\/\/xmstonetools.com\/de\/wp-json\/wp\/v2\/media?parent=1455"}],"wp:term":[{"taxonomy":"product_brand","embeddable":true,"href":"https:\/\/xmstonetools.com\/de\/wp-json\/wp\/v2\/product_brand?post=1455"},{"taxonomy":"product_cat","embeddable":true,"href":"https:\/\/xmstonetools.com\/de\/wp-json\/wp\/v2\/product_cat?post=1455"},{"taxonomy":"product_tag","embeddable":true,"href":"https:\/\/xmstonetools.com\/de\/wp-json\/wp\/v2\/product_tag?post=1455"}],"curies":[{"name":"wp","href":"https:\/\/api.w.org\/{rel}","templated":true}]}}