{"id":1522,"date":"2022-12-08T15:33:10","date_gmt":"2022-12-08T07:33:10","guid":{"rendered":"https:\/\/xmstonetools.com\/?post_type=product&#038;p=1522"},"modified":"2023-07-01T06:59:05","modified_gmt":"2023-06-30T22:59:05","slug":"harz-frankfurt-schleifmittel-fur-marmor-polieren","status":"publish","type":"product","link":"https:\/\/xmstonetools.com\/de\/produkt\/harz-frankfurt-schleifmittel-fur-marmor-polieren\/","title":{"rendered":"Harz Frankfurt Schleifmittel zum Polieren von Marmor"},"content":{"rendered":"<h2 style=\"color: steelblue;\">Einf\u00fchrung von Resin Frankfurt Schleifmittel f\u00fcr Marmor Polieren:<\/h2>\n<p>Wenn es um das Polieren von Marmor geht, erfordert ein makelloses Ergebnis Pr\u00e4zision, Effizienz und zuverl\u00e4ssige Werkzeuge. Als professioneller Hersteller von Diamantwerkzeugen f\u00fcr die Steinbearbeitung sind wir stolz darauf, unser hochwertiges Resin Frankfurt Abrasive vorzustellen, eine revolution\u00e4re L\u00f6sung, die die Kunst des Marmorschleifens auf ein neues Niveau hebt. Unser Resin Frankfurt Abrasive wurde entwickelt, um den hohen Anforderungen der Branche gerecht zu werden, und bietet unvergleichliche Leistung, au\u00dfergew\u00f6hnliche Haltbarkeit und atemberaubende Ergebnisse. In diesem Artikel befassen wir uns mit den Merkmalen, Vorteilen und Anwendungen dieses bemerkenswerten Werkzeugs und zeigen, warum es sich von allen anderen unterscheidet.<\/p>\n<h2 style=\"color: steelblue;\">Merkmal des Harzes Frankfurt Schleifmittel f\u00fcr Marmor Polieren<\/h2>\n<h3>Unerreichte Leistung:<\/h3>\n<p>Unser Frankfurter Kunstharz-Schleifmittel wurde unter Verwendung modernster Technologie und hochwertiger Materialien sorgf\u00e4ltig entwickelt, um eine \u00fcberragende Leistung zu gew\u00e4hrleisten, die die Erwartungen \u00fcbertrifft. Mit seiner fortschrittlichen Kunstharzbindung sorgt es f\u00fcr einen konsistenten und gleichm\u00e4\u00dfigen Abrieb, minimiert Kratzer und Unebenheiten auf der Oberfl\u00e4che und bewahrt gleichzeitig die nat\u00fcrliche Sch\u00f6nheit des Marmors. Die pr\u00e4zise positionierten Diamantpartikel auf dem Schleifmittel sorgen f\u00fcr eine optimale Schneideffizienz, verk\u00fcrzen die Polierzeit und erh\u00f6hen die Produktivit\u00e4t. Ganz gleich, ob Sie an gro\u00df angelegten Projekten oder komplizierten Designs arbeiten, unser Frankfurter Harzschleifmittel ist der Aufgabe gewachsen und liefert jedes Mal au\u00dfergew\u00f6hnliche Ergebnisse.<\/p>\n<h3>Au\u00dfergew\u00f6hnliche Langlebigkeit:<\/h3>\n<p>Langlebigkeit ist das A und O bei Diamantwerkzeugen, und unser Resin Frankfurt Abrasive h\u00e4lt dem Test der Zeit stand. Es besteht aus einer robusten Harzmatrix und weist eine hervorragende Best\u00e4ndigkeit gegen Verschlei\u00df, Hitze und chemischen Abbau auf. Diese au\u00dfergew\u00f6hnliche Best\u00e4ndigkeit f\u00fchrt zu einer l\u00e4ngeren Lebensdauer des Werkzeugs, was den Bedarf an h\u00e4ufigem Austausch reduziert und Ihnen letztendlich Zeit und Geld spart. Dar\u00fcber hinaus sorgt die \u00fcberlegene Bindungstechnologie daf\u00fcr, dass die Diamantpartikel sicher im Schleifmittel eingebettet bleiben, was einen vorzeitigen Verlust verhindert und eine gleichbleibende Leistung \u00fcber die gesamte Lebensdauer des Werkzeugs gew\u00e4hrleistet.<\/p>\n<h3>Vielseitige Anwendungen:<\/h3>\n<p>Unser Frankfurter Harzschleifmittel wurde speziell f\u00fcr das Polieren von Marmor entwickelt und ist somit das perfekte Werkzeug f\u00fcr Profis in der Steinindustrie. Seine Vielseitigkeit zeigt sich darin, dass es mit verschiedenen Marmorsorten kompatibel ist, darunter sowohl weiche als auch harte Sorten. Ganz gleich, ob Sie Marmorb\u00f6den, Arbeitsplatten oder filigrane Skulpturen bearbeiten, unser Frankfurter Harzschleifmittel passt sich m\u00fchelos an die jeweilige Aufgabe an. Es liefert bemerkenswerte Polierergebnisse, die den wahren Glanz, die Tiefe und die Lebendigkeit des Marmors zur Geltung bringen und gleichzeitig den Zeit- und Arbeitsaufwand f\u00fcr ein makelloses Ergebnis minimieren.<\/p>\n<h3>Sicherheits- und Umweltaspekte:<\/h3>\n<p>In unserer Produktionsst\u00e4tte legen wir gr\u00f6\u00dften Wert auf Sicherheit und Umweltvertr\u00e4glichkeit. Unser Harz-Frankfurt-Schleifmittel entspricht strengen Qualit\u00e4tsstandards und ist frei von Schadstoffen, was das Wohlbefinden der Arbeiter und der Umwelt gew\u00e4hrleistet. Die Harzbindung reduziert au\u00dferdem Staub und Schmutz w\u00e4hrend des Poliervorgangs und schafft so eine sauberere und ges\u00fcndere Arbeitsumgebung. Wir sind bestrebt, Werkzeuge zu liefern, die nicht nur au\u00dfergew\u00f6hnliche Ergebnisse liefern, sondern auch zu einer nachhaltigen und verantwortungsvollen Industrie beitragen.<\/p>\n<h3>Einzigartige Harzbindungstechnologie:<\/h3>\n<p>Unser Harz-Frankfurt-Schleifmittel nutzt die fortschrittliche Kunstharzbindungstechnologie, die eine entscheidende Rolle f\u00fcr seine au\u00dfergew\u00f6hnliche Leistung spielt. Die Kunstharzbindung sorgt f\u00fcr eine exzellente Haftung zwischen den Diamantpartikeln und der Matrix und gew\u00e4hrleistet so eine gleichm\u00e4\u00dfige und pr\u00e4zise Schnittleistung. Diese Bindung erh\u00f6ht auch die allgemeine Haltbarkeit und Langlebigkeit des Werkzeugs.<\/p>\n<h3>Anpassbare K\u00f6rnungsstufen:<\/h3>\n<p>Wir bieten eine Reihe von K\u00f6rnungen f\u00fcr unsere Harz-Frankfurt-Schleifmittel an, mit denen Sie das gew\u00fcnschte Polierniveau f\u00fcr Ihre Marmoroberfl\u00e4chen erreichen k\u00f6nnen. Ob Sie einen aggressiven Schliff oder ein hochgl\u00e4nzendes Finish ben\u00f6tigen, unsere Schleifmittel sind in verschiedenen K\u00f6rnungen erh\u00e4ltlich, um Ihren spezifischen Anforderungen gerecht zu werden.<\/p>\n<h3>Verbesserte K\u00fchlung und W\u00e4rmeableitung:<\/h3>\n<p>Ein Hitzestau w\u00e4hrend des Poliervorgangs kann die Leistung von Diamantwerkzeugen beeintr\u00e4chtigen. Unser Resin Frankfurt Abrasive verf\u00fcgt \u00fcber effiziente K\u00fchlkan\u00e4le, die die W\u00e4rmeableitung erleichtern, das Risiko einer \u00dcberhitzung minimieren und eine gleichbleibende Leistung auch bei l\u00e4ngerem Gebrauch gew\u00e4hrleisten.<\/p>\n<h3>Einfach zu verwenden und zu installieren:<\/h3>\n<p>Unser Harz-Frankfurt-Schleifmittel ist auf einfache Anwendung und Kompatibilit\u00e4t mit Standard-Schleif- und -Poliermaschinen ausgelegt. Es kann leicht installiert und ersetzt werden, was einen nahtlosen Arbeitsablauf und ununterbrochene Produktivit\u00e4t erm\u00f6glicht.<\/p>\n<h3>Qualit\u00e4tssicherung:<\/h3>\n<p>Als professioneller Hersteller legen wir in unserem gesamten Produktionsprozess gr\u00f6\u00dften Wert auf Qualit\u00e4tssicherung. Unsere Harz-Frankfurt-Schleifmittel werden strengen Tests unterzogen, um sicherzustellen, dass sie den h\u00f6chsten Industriestandards entsprechen. Wir sind bestrebt, zuverl\u00e4ssige und best\u00e4ndige Werkzeuge zu liefern, die den Anforderungen der anspruchsvollsten Fachleute entsprechen.<\/p>\n<h3>Kompetente technische Unterst\u00fctzung:<\/h3>\n<p>Wir wissen, dass die Verwendung der richtigen Werkzeuge und Techniken entscheidend ist, um die besten Ergebnisse zu erzielen. Als gesch\u00e4tzter Kunde k\u00f6nnen Sie sich auf unser fachkundiges technisches Supportteam verlassen, das Sie bei der ordnungsgem\u00e4\u00dfen Verwendung unseres Harz-Frankfurt-Schleifmittels ber\u00e4t und unterst\u00fctzt. Wir sind hier, um alle Ihre Fragen zu beantworten und sicherzustellen, dass Sie die Vorteile unseres Produkts optimal nutzen k\u00f6nnen.<\/p>\n<h3>Das Vertrauen der Fachleute:<\/h3>\n<p>Unser Resin Frankfurt Abrasive hat das Vertrauen und die Anerkennung von Fachleuten in der Steinindustrie gewonnen. Es wird von Experten, Bauunternehmern und Handwerkern verwendet und empfohlen, die sich auf seine \u00fcberragende Leistung und Haltbarkeit verlassen, um hervorragende Polierergebnisse bei Marmor zu erzielen.<\/p>\n<p>Wenn es um das Polieren von Marmor geht, \u00fcbertrifft nichts die Leistung, Haltbarkeit und Vielseitigkeit unseres Frankfurter Harz-Schleifmittels. Von Profis f\u00fcr Profis entwickelt, steigert dieses bemerkenswerte Werkzeug die Qualit\u00e4t und Effizienz Ihrer Marmorpolierprojekte. Mit seiner fortschrittlichen Harzbindung, der hervorragenden Positionierung der Diamanten und seiner au\u00dfergew\u00f6hnlichen Haltbarkeit gew\u00e4hrleistet es jedes Mal gleichbleibende, pr\u00e4zise und beeindruckende Ergebnisse. Vertrauen Sie auf unser Fachwissen als professioneller Hersteller von Stein-Diamantwerkzeugen und erleben Sie den Unterschied, den unser Harz-Frankfurt-Schleifmittel bei Ihren Marmor-Polierarbeiten ausmachen kann.<\/p>\n<p>Wenn Sie sich f\u00fcr unser Resin Frankfurt Abrasive entscheiden, investieren Sie in ein hochwertiges, zuverl\u00e4ssiges Werkzeug, das Ihre Marmorpolierprojekte zu neuen H\u00f6henfl\u00fcgen verhilft. Seine fortschrittlichen Eigenschaften, die anpassbaren K\u00f6rnungsstufen und die einfache Installation machen es zu einer bevorzugten Wahl f\u00fcr Profis, die au\u00dfergew\u00f6hnliche Ergebnisse und Effizienz anstreben. Vertrauen Sie auf unser Fachwissen als professioneller Hersteller von Stein-Diamant-Werkzeugen und erleben Sie den Unterschied, den unser Harz-Frankfurt-Schleifmittel bei Ihren Marmor-Polierarbeiten ausmachen kann.<\/p>\n<h2 style=\"color: steelblue;\">Lebensdauer des Harzes Frankfurt Schleifmittel f\u00fcr Marmor Polieren<\/h2>\n<p>Haben Sie genug von Diamantwerkzeugen, die sich zu schnell abnutzen und die Qualit\u00e4t Ihrer Marmorpolierprojekte beeintr\u00e4chtigen? Dann suchen Sie nicht weiter! Wir stellen Ihnen unser Harz-Frankfurt-Schleifmittel vor, das die Welt der Diamantwerkzeuge f\u00fcr Stein grundlegend ver\u00e4ndert. Mit unserem revolution\u00e4ren Produkt k\u00f6nnen Sie ein Leben lang unvergleichliche Leistung, Haltbarkeit und gleichbleibende Ergebnisse erwarten.<\/p>\n<h3>Au\u00dfergew\u00f6hnliche Langlebigkeit:<\/h3>\n<p>Wir bei Xiamenn Sino Poly Industry wissen, wie wichtig es ist, in Werkzeuge zu investieren, die den Test der Zeit \u00fcberstehen. Deshalb wird unser Harz-Frankfurt-Schleifmittel unter Verwendung hochwertigster Materialien und innovativer Fertigungstechniken sorgf\u00e4ltig hergestellt. Unsere fortschrittliche Kunstharzbindungstechnologie sorgt daf\u00fcr, dass die Diamantpartikel fest in das Schleifmittel eingebettet bleiben, was selbst bei den anspruchsvollsten Polieranwendungen eine au\u00dfergew\u00f6hnliche Langlebigkeit gew\u00e4hrleistet. Verabschieden Sie sich vom h\u00e4ufigen Auswechseln und freuen Sie sich auf ein Werkzeug, das lange h\u00e4lt.<\/p>\n<h3>Hervorragende Abriebfestigkeit:<\/h3>\n<p>Das Polieren von Marmor kann ein abrasiver Prozess sein, aber unser Resin Frankfurt Abrasive ist dieser Herausforderung gewachsen. Dank seiner bemerkenswerten Verschlei\u00dffestigkeit beh\u00e4lt dieses Werkzeug seine Schneideffizienz und Leistung \u00fcber einen langen Zeitraum hinweg bei. Unabh\u00e4ngig vom Umfang oder der Intensit\u00e4t Ihrer Projekte wird unser Resin Frankfurt Abrasive weiterhin hervorragende Ergebnisse liefern und Ihnen langfristig Zeit und Geld sparen.<\/p>\n<h3>Konsistente Leistung, Projekt f\u00fcr Projekt:<\/h3>\n<p>Konsistenz ist der Schl\u00fcssel zu makellosen Marmorpolierergebnissen, und unser Resin Frankfurt Abrasive zeichnet sich in diesem Punkt aus. Dank der pr\u00e4zisen Positionierung der Diamanten und der innovativen Kunstharzbindung bietet dieses Werkzeug eine gleichbleibende Schnittleistung vom ersten bis zum letzten Projekt. Sie k\u00f6nnen sich darauf verlassen, dass jeder Arbeitsgang das gleiche Qualit\u00e4tsniveau liefert und somit die Gleichm\u00e4\u00dfigkeit und Exzellenz jeder polierten Oberfl\u00e4che gew\u00e4hrleistet ist.<\/p>\n<h3>Vielseitigkeit, die Bestand hat:<\/h3>\n<p>Unser Resin Frankfurt Abrasive ist f\u00fcr eine Vielzahl von Marmorpolierarbeiten geeignet. Ganz gleich, ob Sie an B\u00f6den, Arbeitsplatten oder komplizierten Skulpturen arbeiten, dieses vielseitige Werkzeug passt sich m\u00fchelos an die jeweilige Aufgabe an. Dank seiner au\u00dfergew\u00f6hnlichen Langlebigkeit h\u00e4lt es unterschiedlichem Druck und unterschiedlichen Geschwindigkeiten stand, ohne dabei Kompromisse bei Leistung und Qualit\u00e4t einzugehen. Mit unserem Resin Frankfurt Abrasive haben Sie ein Werkzeug, das \u00fcber seine gesamte Lebensdauer hinweg zuverl\u00e4ssig und effizient bleibt.<\/p>\n<h3>Un\u00fcbertroffener Return on Investment:<\/h3>\n<p>Die Investition in Qualit\u00e4tswerkzeuge ist eine Investition in den Erfolg Ihres Unternehmens. Mit unserem Resin Frankfurt Abrasive k\u00f6nnen Sie eine beispiellose Rendite erwarten. Seine Langlebigkeit, Verschlei\u00dffestigkeit, gleichbleibende Leistung und Vielseitigkeit sorgen daf\u00fcr, dass Sie Ihre Produktivit\u00e4t maximieren und unn\u00f6tige Kosten minimieren. Wenn Sie sich f\u00fcr unser Resin Frankfurt Abrasive entscheiden, treffen Sie eine kluge Wahl, die sich positiv auf Ihr Endergebnis auswirkt.<\/p>\n<h3>Erleben Sie ein Leben lang hervorragende Leistungen:<\/h3>\n<p>Wir von Xiamen Sino Poly Industry haben uns verpflichtet, die Steinindustrie mit Werkzeugen zu versorgen, die Spitzenleistungen neu definieren. Unser Resin Frankfurt Abrasive ist da keine Ausnahme. Seine verl\u00e4ngerte Lebensdauer, au\u00dfergew\u00f6hnliche Haltbarkeit und unersch\u00fctterliche Leistung machen es zur ersten Wahl f\u00fcr Profis, die das Beste verlangen. Mit unserem Resin Frankfurt Abrasive in Ihrem Werkzeugkasten k\u00f6nnen Sie Ihre Marmorpolierprojekte auf ein neues Niveau heben und Projekt f\u00fcr Projekt bemerkenswerte Ergebnisse erzielen.<\/p>\n<p>Geben Sie sich nicht mit dem Gew\u00f6hnlichen zufrieden, wenn Sie mit unserem Resin Frankfurt Abrasive ein Leben lang das Au\u00dfergew\u00f6hnliche erleben k\u00f6nnen. Vertrauen Sie auf unser Fachwissen als professioneller Hersteller von Diamantwerkzeugen f\u00fcr die Steinbearbeitung und erleben Sie, wie sich Ihre Marmorpolierarbeiten ver\u00e4ndern. Investieren Sie klug und genie\u00dfen Sie die Vorteile eines Werkzeugs, das die Konkurrenz \u00fcberdauert und von Anfang bis Ende eine au\u00dfergew\u00f6hnliche Leistung erbringt.<\/p>\n<table class=\"has-title all magic-4\" style=\"height: 329px;\" width=\"648\">\n<tbody>\n<tr>\n<td colspan=\"1\" rowspan=\"1\">\n<div class=\"magic-5\">Artikel<\/div>\n<\/td>\n<td colspan=\"1\" rowspan=\"1\">\n<div class=\"magic-6\">Wert<\/div>\n<\/td>\n<\/tr>\n<tr>\n<td colspan=\"1\" rowspan=\"1\">Grit<\/td>\n<td colspan=\"1\" rowspan=\"1\"><span data-spm-anchor-id=\"a2700.details.0.i6.745a62e34QdIv0\">120#,150#,180#,240#,320#,<\/span><\/p>\n<div>400#,600#,800#,1000#,2000#,3000#,<\/div>\n<div data-spm-anchor-id=\"a2700.details.0.i8.745a62e34QdIv0\">6000#,10000#<\/div>\n<\/td>\n<\/tr>\n<tr>\n<td colspan=\"1\" rowspan=\"1\">\n<div class=\"magic-5\">Ma\u00dfgeschneiderte Unterst\u00fctzung<\/div>\n<\/td>\n<td colspan=\"1\" rowspan=\"1\">\n<div class=\"magic-6\">OEM, ODM<\/div>\n<\/td>\n<\/tr>\n<tr>\n<td colspan=\"1\" rowspan=\"1\">\n<div class=\"magic-5\">Ort der Herkunft<\/div>\n<\/td>\n<td colspan=\"1\" rowspan=\"1\">\n<div class=\"magic-6\">China<\/div>\n<\/td>\n<\/tr>\n<tr>\n<td colspan=\"1\" rowspan=\"1\">\n<div class=\"magic-5\"><\/div>\n<\/td>\n<td colspan=\"1\" rowspan=\"1\">\n<div class=\"magic-6\">Fujian<\/div>\n<\/td>\n<\/tr>\n<tr>\n<td colspan=\"1\" rowspan=\"1\">\n<div class=\"magic-5\">Markenname<\/div>\n<\/td>\n<td colspan=\"1\" rowspan=\"1\">\n<div class=\"magic-6\">Fullux<\/div>\n<\/td>\n<\/tr>\n<tr>\n<td colspan=\"1\" rowspan=\"1\">\n<div class=\"magic-5\">Typ<\/div>\n<\/td>\n<td colspan=\"1\" rowspan=\"1\">\n<div class=\"magic-6\">Abrasiv-Block<\/div>\n<\/td>\n<\/tr>\n<tr>\n<td colspan=\"1\" rowspan=\"1\">\n<div class=\"magic-5\">Name des Produkts<\/div>\n<\/td>\n<td colspan=\"1\" rowspan=\"1\">\n<div class=\"magic-6\">Synthetische Frankfurter Diamantschleifmittel Werkzeug<\/div>\n<\/td>\n<\/tr>\n<tr>\n<td colspan=\"1\" rowspan=\"1\">\n<div class=\"magic-5\">Anmeldung<\/div>\n<\/td>\n<td colspan=\"1\" rowspan=\"1\">\n<div class=\"magic-6\">F\u00fcr Marmor und Kunststeine<\/div>\n<\/td>\n<\/tr>\n<tr>\n<td colspan=\"1\" rowspan=\"1\">\n<div class=\"magic-5\">Material<\/div>\n<\/td>\n<td colspan=\"1\" rowspan=\"1\">\n<div class=\"magic-6\">Kunstharz+Diamant+Siliziumkarbid<\/div>\n<\/td>\n<\/tr>\n<tr>\n<td colspan=\"1\" rowspan=\"1\">\n<div class=\"magic-5\">Vorteil<\/div>\n<\/td>\n<td colspan=\"1\" rowspan=\"1\">\n<div class=\"magic-6\">Langes Leben<\/div>\n<\/td>\n<\/tr>\n<\/tbody>\n<\/table>","protected":false},"excerpt":{"rendered":"<p>Marmorschleifmittel haben die stabilste Qualit\u00e4t und Massenproduktion, das umfangreichste Zubeh\u00f6r und die meisten Anwendungsm\u00f6glichkeiten in der Schleifmittelindustrie und gelten als die am h\u00e4ufigsten verwendeten Polierwerkzeuge. Vielf\u00e4ltige Produkte k\u00f6nnen die unterschiedlichen Anforderungen der Kunden erf\u00fcllen. Midstar passen Formel f\u00fcr verschiedene Arten von Platten, bringen eine ideale gl\u00e4nzende und hohe Klarheit Wirkung, wie Hochglanz-Platte, Matt-Glanz-Platte, rustikale Platte und semi-Polieren Platte, die Anzeige einer Szene von falt und glatte nat\u00fcrliche Textur im Inneren der Steine.diese frankfurt Schleifstein von Nylon-Pad ist f\u00fcr den letzten Schritt des Polierens und Reinigung der Platte mit verschiedenen Farben der Steine verwendet.<\/p>\n<a href=\"#Quote-Button\" class=\"button primary is-large Inquiry-Button\" style=\"border-radius:99px;\">\n\t<i class=\"icon-heart\" aria-hidden=\"true\"><\/i>\t<span>Jetzt anfragen<\/span>\n\t<\/a>","protected":false},"featured_media":1516,"template":"","meta":[],"product_brand":[],"product_cat":[56,57],"product_tag":[78,99],"class_list":{"0":"post-1522","1":"product","2":"type-product","3":"status-publish","4":"has-post-thumbnail","6":"product_cat-stone-grinding-tools","7":"product_cat-stone-polishing-tools","8":"product_tag-abrasive-tools","9":"product_tag-frankfurt-tools","11":"first","12":"instock","13":"shipping-taxable","14":"product-type-simple"},"aioseo_notices":[],"_links":{"self":[{"href":"https:\/\/xmstonetools.com\/de\/wp-json\/wp\/v2\/product\/1522","targetHints":{"allow":["GET"]}}],"collection":[{"href":"https:\/\/xmstonetools.com\/de\/wp-json\/wp\/v2\/product"}],"about":[{"href":"https:\/\/xmstonetools.com\/de\/wp-json\/wp\/v2\/types\/product"}],"wp:featuredmedia":[{"embeddable":true,"href":"https:\/\/xmstonetools.com\/de\/wp-json\/wp\/v2\/media\/1516"}],"wp:attachment":[{"href":"https:\/\/xmstonetools.com\/de\/wp-json\/wp\/v2\/media?parent=1522"}],"wp:term":[{"taxonomy":"product_brand","embeddable":true,"href":"https:\/\/xmstonetools.com\/de\/wp-json\/wp\/v2\/product_brand?post=1522"},{"taxonomy":"product_cat","embeddable":true,"href":"https:\/\/xmstonetools.com\/de\/wp-json\/wp\/v2\/product_cat?post=1522"},{"taxonomy":"product_tag","embeddable":true,"href":"https:\/\/xmstonetools.com\/de\/wp-json\/wp\/v2\/product_tag?post=1522"}],"curies":[{"name":"wp","href":"https:\/\/api.w.org\/{rel}","templated":true}]}}