{"id":2271,"date":"2025-08-26T06:40:47","date_gmt":"2025-08-25T22:40:47","guid":{"rendered":"https:\/\/xmstonetools.com\/?post_type=product&#038;p=2271"},"modified":"2025-08-26T06:42:07","modified_gmt":"2025-08-25T22:42:07","slug":"400-mm-diamant-segmentstein-profilierscheiben-fur-kantenfrasen-und-nuten","status":"publish","type":"product","link":"https:\/\/xmstonetools.com\/de\/produkt\/400-mm-diamant-segmentstein-profilierscheiben-fur-kantenfrasen-und-nuten\/","title":{"rendered":"400mm Diamant-Segmentierte Stein-Profilierscheiben f\u00fcr Kanten und Rillen"},"content":{"rendered":"<p class=\"ds-markdown-paragraph\">Unsere 400-mm-Diamant-Segmentscheiben f\u00fcr die Steinbearbeitung sind auf Pr\u00e4zision, Langlebigkeit und \u00fcberragende Leistung bei der Steinbearbeitung ausgelegt. Speziell f\u00fcr die Herstellung eleganter Kanten und pr\u00e4ziser Rillen auf Granit, Marmor, Quarz und anderen Natur- oder Kunststeinen entwickelt, liefern diese R\u00e4der professionelle Ergebnisse mit au\u00dfergew\u00f6hnlicher Effizienz.<\/p>\n<p class=\"ds-markdown-paragraph\">Diese aus hochwertigen Diamantsegmenten und einem robusten Stahlkern gefertigten Profilscheiben gew\u00e4hrleisten eine lang anhaltende Leistung und gleichbleibende Schnittgenauigkeit. Das segmentierte Design verbessert die Entfernung von Ablagerungen, reduziert die W\u00e4rmeentwicklung und erm\u00f6glicht glatte, saubere Oberfl\u00e4chen - selbst bei den h\u00e4rtesten Materialien.<\/p>\n<p class=\"ds-markdown-paragraph\">Unsere 400-mm-R\u00e4der sind ideal f\u00fcr den Einsatz mit Profiliermaschinen und eignen sich perfekt f\u00fcr die Kantenbearbeitung von Arbeitsplatten, dekorative Steinarbeiten und architektonische Anwendungen. Ganz gleich, ob Sie an einem kommerziellen Projekt oder einem individuellen Wohndesign arbeiten, diese R\u00e4der bieten die Zuverl\u00e4ssigkeit und Pr\u00e4zision, auf die Profis vertrauen.<\/p>\n<p class=\"ds-markdown-paragraph\">Erweitern Sie Ihren Werkzeugsatz f\u00fcr die Steinbearbeitung mit unseren segmentierten Diamant-Profilierscheiben - hier trifft fortschrittliche Technologie auf un\u00fcbertroffene Haltbarkeit.<\/p>\n<table>\n<tbody>\n<tr>\n<td colspan=\"6\" width=\"1115\"><strong><b>V<\/b><\/strong>\u00a0<strong><b>Typ<\/b><\/strong>\u00a0<strong><b>Profil<\/b><\/strong>\u00a0<strong><b>Rad<\/b><\/strong><\/td>\n<\/tr>\n<tr>\n<td rowspan=\"2\" width=\"257\"><strong><b>Produkt<\/b><\/strong>\u00a0<strong><b>Code<\/b><\/strong><\/td>\n<td colspan=\"2\" width=\"324\"><strong><b>\u00c4u\u00dferes<\/b><\/strong>\u00a0<strong><b>Durchmesser<\/b><\/strong><\/td>\n<td rowspan=\"2\" width=\"223\"><strong><b>Stein<\/b><\/strong>\u00a0<strong><b>Gr\u00f6\u00dfe (mm)<\/b><\/strong><\/td>\n<td rowspan=\"2\" width=\"151\"><strong><b>Bohrung(mm)<\/b><\/strong><\/td>\n<td rowspan=\"2\" width=\"159\"><strong><b>Typ<\/b><\/strong><\/td>\n<\/tr>\n<tr>\n<td width=\"162\"><strong><b>Zoll<\/b><\/strong><\/td>\n<td width=\"162\"><strong><b>mm<\/b><\/strong><\/td>\n<\/tr>\n<tr>\n<td width=\"257\">PW-V10-12(14)<\/td>\n<td width=\"162\">12\/14<\/td>\n<td width=\"162\">\u03c6300\/\u03c6350<\/td>\n<td width=\"223\">10<\/td>\n<td rowspan=\"4\" width=\"151\">&nbsp;<\/p>\n<p>50\/60<\/td>\n<td rowspan=\"4\" width=\"159\">&nbsp;<\/p>\n<p><strong><b>Segmentiert<\/b><\/strong><\/td>\n<\/tr>\n<tr>\n<td width=\"257\">PW-V20-12(14)<\/td>\n<td width=\"162\">12\/14<\/td>\n<td width=\"162\">\u03c6300\/\u03c6350<\/td>\n<td width=\"223\">20<\/td>\n<\/tr>\n<tr>\n<td width=\"257\">PW-V30-12(14)<\/td>\n<td width=\"162\">12\/14<\/td>\n<td width=\"162\">\u03c6300\/350<\/td>\n<td width=\"223\">30<\/td>\n<\/tr>\n<tr>\n<td width=\"257\">PW-V40-12(14)<\/td>\n<td width=\"162\">12\/14<\/td>\n<td width=\"162\">\u03c6300\/350<\/td>\n<td width=\"223\">40<\/td>\n<\/tr>\n<\/tbody>\n<\/table>\n<p>&nbsp;<\/p>\n<table>\n<tbody>\n<tr>\n<td width=\"257\"><strong><b>B<\/b><\/strong>\u00a0\u00a0\u00a0<strong><b>Typ<\/b><\/strong>\u00a0\u00a0\u00a0<strong><b>Profil<\/b><\/strong>\u00a0\u00a0\u00a0<strong><b>Rad<\/b><\/strong><\/td>\n<td width=\"160\"><\/td>\n<td width=\"163\"><\/td>\n<td width=\"223\"><\/td>\n<td width=\"151\"><\/td>\n<td width=\"159\"><\/td>\n<\/tr>\n<tr>\n<td rowspan=\"2\" width=\"257\"><strong><b>Produkt<\/b><\/strong>\u00a0<strong><b>Code<\/b><\/strong><\/td>\n<td colspan=\"2\" width=\"324\"><strong><b>\u00c4u\u00dferes<\/b><\/strong>\u00a0<strong><b>Durchmesser<\/b><\/strong><\/td>\n<td rowspan=\"2\" width=\"223\"><strong><b>Stein<\/b><\/strong>\u00a0<strong><b>Gr\u00f6\u00dfe (mm)<\/b><\/strong><\/td>\n<td rowspan=\"2\" width=\"151\"><strong><b>Bohrung(mm)<\/b><\/strong><\/td>\n<td rowspan=\"2\" width=\"159\"><strong><b>Typ<\/b><\/strong><\/td>\n<\/tr>\n<tr>\n<td width=\"160\"><strong><b>Zoll<\/b><\/strong><\/td>\n<td width=\"163\"><strong><b>mm<\/b><\/strong><\/td>\n<\/tr>\n<tr>\n<td width=\"257\">PW-B10-12(14)<\/td>\n<td width=\"160\">12\/14<\/td>\n<td width=\"163\">\u03c6300\/350<\/td>\n<td width=\"223\">10<\/td>\n<td rowspan=\"5\" width=\"151\">&nbsp;<\/p>\n<p>&nbsp;<\/p>\n<p>&nbsp;<\/p>\n<p>50\/60<\/td>\n<td rowspan=\"5\" width=\"159\">&nbsp;<\/p>\n<p>&nbsp;<\/p>\n<p><strong><b>Segmentiert<\/b><\/strong><\/td>\n<\/tr>\n<tr>\n<td width=\"257\">PW-B15-12(14)<\/td>\n<td width=\"160\">12\/14<\/td>\n<td width=\"163\">\u03c6300\/350<\/td>\n<td width=\"223\">15<\/td>\n<\/tr>\n<tr>\n<td width=\"257\">PW-B20-12(14)<\/td>\n<td width=\"160\">12\/14<\/td>\n<td width=\"163\">\u03c6300\/350<\/td>\n<td width=\"223\">20<\/td>\n<\/tr>\n<tr>\n<td width=\"257\">PW-B25-12(14)<\/td>\n<td width=\"160\">12\/14<\/td>\n<td width=\"163\">\u03c6300\/350<\/td>\n<td width=\"223\">25<\/td>\n<\/tr>\n<tr>\n<td width=\"257\">PW-B30-12(14)<\/td>\n<td width=\"160\">12\/14<\/td>\n<td width=\"163\">\u03c6300\/350<\/td>\n<td width=\"223\">30<\/td>\n<\/tr>\n<\/tbody>\n<\/table>\n<p>&nbsp;<\/p>\n<table>\n<tbody>\n<tr>\n<td colspan=\"6\" width=\"1115\"><strong><b>V<\/b><\/strong>\u00a0<strong><b>Typ<\/b><\/strong>\u00a0<strong><b>Galvanisiert<\/b><\/strong>\u00a0<strong><b>Profil<\/b><\/strong>\u00a0<strong><b>Rad<\/b><\/strong><\/td>\n<\/tr>\n<tr>\n<td rowspan=\"2\" width=\"257\"><strong><b>Produkt<\/b><\/strong>\u00a0<strong><b>Code<\/b><\/strong><\/td>\n<td colspan=\"2\" width=\"324\"><strong><b>\u00c4u\u00dferes<\/b><\/strong>\u00a0<strong><b>Durchmesser<\/b><\/strong><\/td>\n<td rowspan=\"2\" width=\"223\"><strong><b>Stein<\/b><\/strong>\u00a0<strong><b>Gr\u00f6\u00dfe (mm)<\/b><\/strong><\/td>\n<td rowspan=\"2\" width=\"151\"><strong><b>Bohrung(mm)<\/b><\/strong><\/td>\n<td rowspan=\"2\" width=\"159\"><strong><b>Typ<\/b><\/strong><\/td>\n<\/tr>\n<tr>\n<td width=\"162\"><strong><b>Zoll<\/b><\/strong><\/td>\n<td width=\"162\"><strong><b>mm<\/b><\/strong><\/td>\n<\/tr>\n<tr>\n<td width=\"257\">EPW-V10-12(14)<\/td>\n<td width=\"162\">12\/14<\/td>\n<td width=\"162\">\u03c6300\/350<\/td>\n<td width=\"223\">10<\/td>\n<td rowspan=\"4\" width=\"151\">&nbsp;<\/p>\n<p>50\/60<\/td>\n<td rowspan=\"4\" width=\"159\">&nbsp;<\/p>\n<p><strong><b>Galvanisiert<\/b><\/strong><\/td>\n<\/tr>\n<tr>\n<td width=\"257\">EPW-V20-12(14)<\/td>\n<td width=\"162\">12\/14<\/td>\n<td width=\"162\">\u03c6300\/\u03c6350<\/td>\n<td width=\"223\">20<\/td>\n<\/tr>\n<tr>\n<td width=\"257\">EPW-V30-12(14)<\/td>\n<td width=\"162\">12\/14<\/td>\n<td width=\"162\">\u03c6300\/\u03c6350<\/td>\n<td width=\"223\">30<\/td>\n<\/tr>\n<tr>\n<td width=\"257\">EPW-V40-12(14)<\/td>\n<td width=\"162\">12\/14<\/td>\n<td width=\"162\">\u03c6300\/\u03c6350<\/td>\n<td width=\"223\">40<\/td>\n<\/tr>\n<\/tbody>\n<\/table>\n<p>&nbsp;<\/p>\n<table>\n<tbody>\n<tr>\n<td colspan=\"6\" width=\"1115\"><strong><b>B<\/b><\/strong>\u00a0<strong><b>Typ<\/b><\/strong>\u00a0<strong><b>Galvanisiert<\/b><\/strong>\u00a0<strong><b>Profil<\/b><\/strong>\u00a0<strong><b>Rad<\/b><\/strong><\/td>\n<\/tr>\n<tr>\n<td rowspan=\"2\" width=\"257\"><strong><b>Produkt<\/b><\/strong>\u00a0<strong><b>Code<\/b><\/strong><\/td>\n<td colspan=\"2\" width=\"324\"><strong><b>\u00c4u\u00dferes<\/b><\/strong>\u00a0<strong><b>Durchmesser<\/b><\/strong><\/td>\n<td rowspan=\"2\" width=\"223\"><strong><b>Stein<\/b><\/strong>\u00a0<strong><b>Gr\u00f6\u00dfe (mm)<\/b><\/strong><\/td>\n<td rowspan=\"2\" width=\"151\"><strong><b>Bohrung(mm)<\/b><\/strong><\/td>\n<td rowspan=\"2\" width=\"159\"><strong><b>Typ<\/b><\/strong><\/td>\n<\/tr>\n<tr>\n<td width=\"162\"><strong><b>Zoll<\/b><\/strong><\/td>\n<td width=\"162\"><strong><b>mm<\/b><\/strong><\/td>\n<\/tr>\n<tr>\n<td width=\"257\">EPW-B10-12(14)<\/td>\n<td width=\"162\">12\/14<\/td>\n<td width=\"162\">\u03c6300\/350<\/td>\n<td width=\"223\">10<\/td>\n<td rowspan=\"5\" width=\"151\">&nbsp;<\/p>\n<p>&nbsp;<\/p>\n<p>&nbsp;<\/p>\n<p>50\/60<\/td>\n<td rowspan=\"5\" width=\"159\">&nbsp;<\/p>\n<p>&nbsp;<\/p>\n<p>&nbsp;<\/p>\n<p><strong><b>Galvanisiert<\/b><\/strong><\/td>\n<\/tr>\n<tr>\n<td width=\"257\">EPW-B15-12(14)<\/td>\n<td width=\"162\">12\/14<\/td>\n<td width=\"162\">\u03c6300\/\u03c6350<\/td>\n<td width=\"223\">15<\/td>\n<\/tr>\n<tr>\n<td width=\"257\">EPW-B20-12(14)<\/td>\n<td width=\"162\">12\/14<\/td>\n<td width=\"162\">\u03c6300\/350<\/td>\n<td width=\"223\">20<\/td>\n<\/tr>\n<tr>\n<td width=\"257\">EPW-B25-12(14)<\/td>\n<td width=\"162\">12\/14<\/td>\n<td width=\"162\">\u03c6300\/\u03c6350<\/td>\n<td width=\"223\">25<\/td>\n<\/tr>\n<tr>\n<td width=\"257\">EPW-B30-12(14)<\/td>\n<td width=\"162\">12\/14<\/td>\n<td width=\"162\">\u03c6300\/350<\/td>\n<td width=\"223\">30<\/td>\n<\/tr>\n<\/tbody>\n<\/table>\n<p>&nbsp;<\/p>\n<table>\n<tbody>\n<tr>\n<td colspan=\"6\" width=\"1115\"><strong><b>L<\/b><\/strong>\u00a0<strong><b>Typ<\/b><\/strong>\u00a0<strong><b>Galvanisiert<\/b><\/strong>\u00a0<strong><b>Profil<\/b><\/strong>\u00a0<strong><b>Wh<\/b><\/strong><strong><b>Aal<\/b><\/strong><\/td>\n<\/tr>\n<tr>\n<td rowspan=\"2\" width=\"257\"><strong><b>Produkt<\/b><\/strong>\u00a0<strong><b>Code<\/b><\/strong><\/td>\n<td colspan=\"2\" width=\"324\"><strong><b>\u00c4u\u00dferes<\/b><\/strong>\u00a0<strong><b>Durchmesser<\/b><\/strong><\/td>\n<td rowspan=\"2\" width=\"224\"><strong><b>Stein<\/b><\/strong>\u00a0<strong><b>Gr\u00f6\u00dfe (mm)<\/b><\/strong><\/td>\n<td rowspan=\"2\" width=\"150\"><strong><b>Laube<\/b><\/strong>\u00a0<strong><b>(mm)<\/b><\/strong><\/td>\n<td rowspan=\"2\" width=\"159\"><strong><b>Typ<\/b><\/strong><\/td>\n<\/tr>\n<tr>\n<td width=\"162\"><strong><b>Zoll<\/b><\/strong><\/td>\n<td width=\"162\"><strong><b>mm<\/b><\/strong><\/td>\n<\/tr>\n<tr>\n<td width=\"257\">EPW-B20-12(14)<\/td>\n<td width=\"162\">12\/14<\/td>\n<td width=\"162\">\u03c6300\/\u03c6350<\/td>\n<td width=\"224\">20<\/td>\n<td width=\"150\">50\/60<\/td>\n<td rowspan=\"3\" width=\"159\">&nbsp;<\/p>\n<p>Galvanisiert<\/td>\n<\/tr>\n<tr>\n<td width=\"257\">EPW-B30-12(14)<\/td>\n<td width=\"162\">12\/14<\/td>\n<td width=\"162\">\u03c6300\/350<\/td>\n<td width=\"224\">30<\/td>\n<td width=\"150\">50\/60<\/td>\n<\/tr>\n<tr>\n<td width=\"257\">EPW-B40-12(14)<\/td>\n<td width=\"162\">12\/14<\/td>\n<td width=\"162\">\u03c6300\/\u03c6350<\/td>\n<td width=\"224\">40<\/td>\n<td width=\"150\">50\/60<\/td>\n<\/tr>\n<\/tbody>\n<\/table>\n<p>&nbsp;<\/p>\n<table>\n<tbody>\n<tr>\n<td colspan=\"6\" width=\"1115\"><strong><b>1\/2R<\/b><\/strong>\u00a0<strong><b>Konvex<\/b><\/strong>\u00a0<strong><b>Typ<\/b><\/strong>\u00a0<strong><b>Elektrisch<\/b><\/strong><strong><b>tropliert<\/b><\/strong>\u00a0<strong><b>Profil<\/b><\/strong>\u00a0<strong><b>Rad<\/b><\/strong><\/td>\n<\/tr>\n<tr>\n<td rowspan=\"2\" width=\"257\"><strong><b>Produkt<\/b><\/strong>\u00a0<strong><b>Code<\/b><\/strong><\/td>\n<td colspan=\"2\" width=\"324\"><strong><b>\u00c4u\u00dferes<\/b><\/strong>\u00a0<strong><b>Durchmesser<\/b><\/strong><\/td>\n<td rowspan=\"2\" width=\"223\"><strong><b>Stein<\/b><\/strong>\u00a0<strong><b>Gr\u00f6\u00dfe (mm)<\/b><\/strong><\/td>\n<td rowspan=\"2\" width=\"151\"><strong><b>Bohrung(mm)<\/b><\/strong><\/td>\n<td rowspan=\"2\" width=\"159\"><strong><b>Typ<\/b><\/strong><\/td>\n<\/tr>\n<tr>\n<td width=\"162\"><strong><b>Zoll<\/b><\/strong><\/td>\n<td width=\"162\"><strong><b>mm<\/b><\/strong><\/td>\n<\/tr>\n<tr>\n<td width=\"257\">EPW-1\/2R10-12(14)<\/td>\n<td width=\"162\">12\/14<\/td>\n<td width=\"162\">\u03c6300\/350<\/td>\n<td width=\"223\">10<\/td>\n<td rowspan=\"5\" width=\"151\">&nbsp;<\/p>\n<p>&nbsp;<\/p>\n<p>50\/60<\/td>\n<td rowspan=\"5\" width=\"159\">&nbsp;<\/p>\n<p>&nbsp;<\/p>\n<p><strong><b>Galvanisiert<\/b><\/strong><\/td>\n<\/tr>\n<tr>\n<td width=\"257\">EPW-1\/2R15-12(14)<\/td>\n<td width=\"162\">12\/14<\/td>\n<td width=\"162\">\u03c6300\/350<\/td>\n<td width=\"223\">15<\/td>\n<\/tr>\n<tr>\n<td width=\"257\">EPW-1\/2R20-12(14)<\/td>\n<td width=\"162\">12\/14<\/td>\n<td width=\"162\">\u03c6300\/350<\/td>\n<td width=\"223\">20<\/td>\n<\/tr>\n<tr>\n<td width=\"257\">EPW-1\/2R25-12(14)<\/td>\n<td width=\"162\">12\/14<\/td>\n<td width=\"162\">\u03c6300\/350<\/td>\n<td width=\"223\">25<\/td>\n<\/tr>\n<tr>\n<td width=\"257\">EPW-1\/2R30-12(14)<\/td>\n<td width=\"162\">12\/14<\/td>\n<td width=\"162\">\u03c6300\/350<\/td>\n<td width=\"223\">30<\/td>\n<\/tr>\n<\/tbody>\n<\/table>\n<p>&nbsp;<\/p>","protected":false},"excerpt":{"rendered":"<p class=\"ds-markdown-paragraph\">Unsere 400-mm-Diamant-Segmentscheiben f\u00fcr die Steinbearbeitung sind auf Pr\u00e4zision, Langlebigkeit und \u00fcberragende Leistung bei der Steinbearbeitung ausgelegt. Speziell f\u00fcr die Herstellung eleganter Kanten und pr\u00e4ziser Rillen auf Granit, Marmor, Quarz und anderen Natur- oder Kunststeinen entwickelt, liefern diese R\u00e4der professionelle Ergebnisse mit au\u00dfergew\u00f6hnlicher Effizienz.<\/p>\n<p class=\"ds-markdown-paragraph\">Diese aus hochwertigen Diamantsegmenten und einem robusten Stahlkern gefertigten Profilscheiben gew\u00e4hrleisten eine lang anhaltende Leistung und gleichbleibende Schnittgenauigkeit. Das segmentierte Design verbessert die Entfernung von Ablagerungen, reduziert die W\u00e4rmeentwicklung und erm\u00f6glicht glatte, saubere Oberfl\u00e4chen - selbst bei den h\u00e4rtesten Materialien.<\/p>\n<a href=\"#Quote-Button\" class=\"button primary is-large Inquiry-Button\" style=\"border-radius:99px;\">\n\t<i class=\"icon-heart\" aria-hidden=\"true\"><\/i>\t<span>Jetzt anfragen<\/span>\n\t<\/a>\n\n<p class=\"ds-markdown-paragraph\">","protected":false},"featured_media":2265,"template":"","meta":[],"product_brand":[],"product_cat":[59],"product_tag":[187,188,176],"class_list":{"0":"post-2271","1":"product","2":"type-product","3":"status-publish","4":"has-post-thumbnail","6":"product_cat-stone-milling-tools","7":"product_tag-edge-ogee-wheels","8":"product_tag-stone-grooving-wheels","9":"product_tag-stone-profiling-tools","11":"first","12":"instock","13":"shipping-taxable","14":"product-type-simple"},"aioseo_notices":[],"_links":{"self":[{"href":"https:\/\/xmstonetools.com\/de\/wp-json\/wp\/v2\/product\/2271","targetHints":{"allow":["GET"]}}],"collection":[{"href":"https:\/\/xmstonetools.com\/de\/wp-json\/wp\/v2\/product"}],"about":[{"href":"https:\/\/xmstonetools.com\/de\/wp-json\/wp\/v2\/types\/product"}],"wp:featuredmedia":[{"embeddable":true,"href":"https:\/\/xmstonetools.com\/de\/wp-json\/wp\/v2\/media\/2265"}],"wp:attachment":[{"href":"https:\/\/xmstonetools.com\/de\/wp-json\/wp\/v2\/media?parent=2271"}],"wp:term":[{"taxonomy":"product_brand","embeddable":true,"href":"https:\/\/xmstonetools.com\/de\/wp-json\/wp\/v2\/product_brand?post=2271"},{"taxonomy":"product_cat","embeddable":true,"href":"https:\/\/xmstonetools.com\/de\/wp-json\/wp\/v2\/product_cat?post=2271"},{"taxonomy":"product_tag","embeddable":true,"href":"https:\/\/xmstonetools.com\/de\/wp-json\/wp\/v2\/product_tag?post=2271"}],"curies":[{"name":"wp","href":"https:\/\/api.w.org\/{rel}","templated":true}]}}