{"id":1168,"date":"2022-11-14T10:20:44","date_gmt":"2022-11-14T02:20:44","guid":{"rendered":"https:\/\/xmstonetools.com\/?post_type=product&#038;p=1168"},"modified":"2023-03-28T15:59:44","modified_gmt":"2023-03-28T07:59:44","slug":"fresa-de-diamante-soldada-al-vacio","status":"publish","type":"product","link":"https:\/\/xmstonetools.com\/es\/product\/fresa-de-diamante-soldada-al-vacio\/","title":{"rendered":"Fresa de diamante soldada al vac\u00edo"},"content":{"rendered":"<div>\n<figure id=\"attachment_1166\" aria-describedby=\"caption-attachment-1166\" style=\"width: 1020px\" class=\"wp-caption aligncenter\"><img loading=\"lazy\" decoding=\"async\" class=\"wp-image-1166 size-large\" src=\"https:\/\/xmstonetools.com\/wp-content\/uploads\/2022\/11\/Details-of-Vacuum-Brazed-Diamond-Router-Bits-1216x800.jpg\" alt=\"Detalles de las fresas de diamante soldadas al vac\u00edo\" width=\"1020\" height=\"671\" srcset=\"https:\/\/xmstonetools.com\/wp-content\/uploads\/2022\/11\/Details-of-Vacuum-Brazed-Diamond-Router-Bits-1216x800.jpg 1216w, https:\/\/xmstonetools.com\/wp-content\/uploads\/2022\/11\/Details-of-Vacuum-Brazed-Diamond-Router-Bits-608x400.jpg 608w, https:\/\/xmstonetools.com\/wp-content\/uploads\/2022\/11\/Details-of-Vacuum-Brazed-Diamond-Router-Bits-768x505.jpg 768w, https:\/\/xmstonetools.com\/wp-content\/uploads\/2022\/11\/Details-of-Vacuum-Brazed-Diamond-Router-Bits-600x395.jpg 600w, https:\/\/xmstonetools.com\/wp-content\/uploads\/2022\/11\/Details-of-Vacuum-Brazed-Diamond-Router-Bits.jpg 1303w\" sizes=\"auto, (max-width: 1020px) 100vw, 1020px\" \/><figcaption id=\"caption-attachment-1166\" class=\"wp-caption-text\">Detalles de las fresas de diamante soldadas al vac\u00edo<\/figcaption><\/figure>\n<figure id=\"attachment_1165\" aria-describedby=\"caption-attachment-1165\" style=\"width: 750px\" class=\"wp-caption aligncenter\"><img loading=\"lazy\" decoding=\"async\" class=\"wp-image-1165 size-full\" src=\"https:\/\/xmstonetools.com\/wp-content\/uploads\/2022\/11\/Design-Diamond-Router-Bits.jpg\" alt=\"Fresas de diamante de dise\u00f1o\" width=\"750\" height=\"458\" srcset=\"https:\/\/xmstonetools.com\/wp-content\/uploads\/2022\/11\/Design-Diamond-Router-Bits.jpg 750w, https:\/\/xmstonetools.com\/wp-content\/uploads\/2022\/11\/Design-Diamond-Router-Bits-655x400.jpg 655w, https:\/\/xmstonetools.com\/wp-content\/uploads\/2022\/11\/Design-Diamond-Router-Bits-600x366.jpg 600w\" sizes=\"auto, (max-width: 750px) 100vw, 750px\" \/><figcaption id=\"caption-attachment-1165\" class=\"wp-caption-text\">Fresas de diamante de dise\u00f1o<\/figcaption><\/figure>\n<figure id=\"attachment_1167\" aria-describedby=\"caption-attachment-1167\" style=\"width: 729px\" class=\"wp-caption aligncenter\"><img loading=\"lazy\" decoding=\"async\" class=\"wp-image-1167 size-full\" src=\"https:\/\/xmstonetools.com\/wp-content\/uploads\/2022\/11\/Packing-of-Vacuum-Brazed-Diamond-Router-Bits.jpg\" alt=\"Embalaje de brocas fresadoras de diamante soldadas al vac\u00edo\" width=\"729\" height=\"701\" srcset=\"https:\/\/xmstonetools.com\/wp-content\/uploads\/2022\/11\/Packing-of-Vacuum-Brazed-Diamond-Router-Bits.jpg 729w, https:\/\/xmstonetools.com\/wp-content\/uploads\/2022\/11\/Packing-of-Vacuum-Brazed-Diamond-Router-Bits-416x400.jpg 416w, https:\/\/xmstonetools.com\/wp-content\/uploads\/2022\/11\/Packing-of-Vacuum-Brazed-Diamond-Router-Bits-600x577.jpg 600w\" sizes=\"auto, (max-width: 729px) 100vw, 729px\" \/><figcaption id=\"caption-attachment-1167\" class=\"wp-caption-text\">Embalaje de brocas fresadoras de diamante soldadas al vac\u00edo<\/figcaption><\/figure>\n<p>Especificaci\u00f3n:20mm 30mm 40mm<\/p>\n<\/div>\n<div class=\"rich-text-table\">\n<div class=\"w-full oxa\">\n<table width=\"1078\" cellspacing=\"1\" cellpadding=\"1\">\n<tbody>\n<tr class=\"firstRow\">\n<td width=\"538\" height=\"14\">Marca:<\/td>\n<td width=\"538\" height=\"14\">Sino Poly<\/td>\n<\/tr>\n<tr>\n<td width=\"538\">N.\u00ba de producto<\/td>\n<td width=\"538\">ZL-C1B<\/td>\n<\/tr>\n<tr>\n<td width=\"538\">Tipo:<\/td>\n<td width=\"538\">Rueda de perfil diamantado<\/td>\n<\/tr>\n<tr>\n<td width=\"538\" height=\"20\">Tama\u00f1o:<\/td>\n<td width=\"538\" height=\"20\">20 mm 30 mm 40 mm<\/td>\n<\/tr>\n<tr>\n<td width=\"538\">Thead:<\/td>\n<td width=\"538\">M14,5\/8-11<\/td>\n<\/tr>\n<tr>\n<td width=\"538\">Uso:<\/td>\n<td width=\"538\">Granito, m\u00e1rmol, otras piedras con perfilado<\/td>\n<\/tr>\n<tr>\n<td width=\"538\">Embalaje:<\/td>\n<td width=\"538\">Cart\u00f3n est\u00e1ndar de exportaci\u00f3n<\/td>\n<\/tr>\n<tr>\n<td width=\"538\">MOQ:<\/td>\n<td width=\"538\">10Set<\/td>\n<\/tr>\n<tr>\n<td width=\"538\">Plazo de entrega:<\/td>\n<td width=\"538\">5-15 d\u00edas laborables<\/td>\n<\/tr>\n<\/tbody>\n<\/table>\n<\/div>\n<\/div>","protected":false},"excerpt":{"rendered":"<p><span data-spm-anchor-id=\"a2700.details.0.i5.20fc54c9GMivF6\">Se utiliza principalmente para dar forma a la l\u00ednea de borde o curva para varios granito y m\u00e1rmol de tipo manual <a href=\"https:\/\/xmstonetools.com\/es\/product\/puntas-de-diamante\/\" target=\"_blank\" rel=\"noopener\">perfiles<\/a> m\u00e1quinas como la amoladora angular o la pulidora de agua.<\/span><\/p>\n<p><span data-spm-anchor-id=\"a2700.details.0.i5.20fc54c9GMivF6\">1)\u00a0<\/span>Larga vida \u00fatil y corte agresivo con rendimiento estable<\/p>\n<p>2) Rectificado r\u00e1pido y suave<br \/>\n3) Precio competitivo y calidad superior.<br \/>\n4) Alta calidad: Debe pasar nuestras pruebas de control de calidad para 3times<\/p>\n<a href=\"#Quote-Button\" class=\"button primary is-large Inquiry-Button\" style=\"border-radius:99px;\">\n\t<i class=\"icon-heart\" aria-hidden=\"true\"><\/i>\t<span>Consulta<\/span>\n\t<\/a>","protected":false},"featured_media":1162,"template":"","meta":[],"product_brand":[],"product_cat":[56],"product_tag":[67,66],"class_list":{"0":"post-1168","1":"product","2":"type-product","3":"status-publish","4":"has-post-thumbnail","6":"product_cat-stone-grinding-tools","7":"product_tag-diamond-cup-wheels","8":"product_tag-vacuum-brazed-stone-tools","10":"first","11":"instock","12":"shipping-taxable","13":"product-type-simple"},"aioseo_notices":[],"_links":{"self":[{"href":"https:\/\/xmstonetools.com\/es\/wp-json\/wp\/v2\/product\/1168","targetHints":{"allow":["GET"]}}],"collection":[{"href":"https:\/\/xmstonetools.com\/es\/wp-json\/wp\/v2\/product"}],"about":[{"href":"https:\/\/xmstonetools.com\/es\/wp-json\/wp\/v2\/types\/product"}],"wp:featuredmedia":[{"embeddable":true,"href":"https:\/\/xmstonetools.com\/es\/wp-json\/wp\/v2\/media\/1162"}],"wp:attachment":[{"href":"https:\/\/xmstonetools.com\/es\/wp-json\/wp\/v2\/media?parent=1168"}],"wp:term":[{"taxonomy":"product_brand","embeddable":true,"href":"https:\/\/xmstonetools.com\/es\/wp-json\/wp\/v2\/product_brand?post=1168"},{"taxonomy":"product_cat","embeddable":true,"href":"https:\/\/xmstonetools.com\/es\/wp-json\/wp\/v2\/product_cat?post=1168"},{"taxonomy":"product_tag","embeddable":true,"href":"https:\/\/xmstonetools.com\/es\/wp-json\/wp\/v2\/product_tag?post=1168"}],"curies":[{"name":"wp","href":"https:\/\/api.w.org\/{rel}","templated":true}]}}