{"id":1188,"date":"2022-11-14T10:56:22","date_gmt":"2022-11-14T02:56:22","guid":{"rendered":"https:\/\/xmstonetools.com\/?post_type=product&#038;p=1188"},"modified":"2023-03-28T15:58:25","modified_gmt":"2023-03-28T07:58:25","slug":"sierra-circular-diamantada-grande","status":"publish","type":"product","link":"https:\/\/xmstonetools.com\/es\/product\/sierra-circular-diamantada-grande\/","title":{"rendered":"Hoja de sierra circular diamantada grande"},"content":{"rendered":"<p>Los bloques de piedra son un tipo de material p\u00e9treo con determinadas formas y tama\u00f1os que se extraen de la cantera. Hay otro tipo de hoja de sierra de bloque llamada hoja de sierra de cinta, este tipo de hoja se utiliza normalmente para el corte de material de m\u00e1rmol. Y la hoja de sierra circular para cortar bloques se puede utilizar tanto para cortar m\u00e1rmol como granito. El diametro de la hoja de sierra de bloque es de 1000mm a 3500mm, y normalmente se aplica en la maquina de corte de bloque. Con esta m\u00e1quina, podemos instalar una sola hoja de sierra de bloque y tambi\u00e9n se puede instalar la hoja de sierra m\u00faltiple para el corte de bloques. Los diametros de las hojas de sierra multiples pueden ser iguales o diferentes. Seg\u00fan el m\u00e9todo de aserrado, se puede dividir en aserrado unidireccional y aserrado bidireccional. El aserrado bidireccional puede realizar el aserrado vertical y horizontal al mismo tiempo.<img loading=\"lazy\" decoding=\"async\" class=\"aligncenter wp-image-1186 size-full\" src=\"https:\/\/xmstonetools.com\/wp-content\/uploads\/2022\/11\/HTB16bzfNXXXXXXhaXXX760XFXXXO.png\" alt=\"\" width=\"593\" height=\"357\" \/><\/p>","protected":false},"excerpt":{"rendered":"<p>Somos fabricante profesional en este campo con las porciones de experiencia del R&amp;D y de la investigaci\u00f3n de mercados de los a\u00f1os, podemos proporcionar precio competitivo y los productos de alta calidad para usted. somos una f\u00e1brica que fabrica las herramientas del diamante, la mejor capacidad de la producci\u00f3n, el mejor control de calidad, el mejor servicio.<\/p>\n<a href=\"#Quote-Button\" class=\"button primary is-large Inquiry-Button\" style=\"border-radius:99px;\">\n\t<i class=\"icon-heart\" aria-hidden=\"true\"><\/i>\t<span>Consulta<\/span>\n\t<\/a>","protected":false},"featured_media":1184,"template":"","meta":[],"product_brand":[],"product_cat":[55],"product_tag":[71,72],"class_list":{"0":"post-1188","1":"product","2":"type-product","3":"status-publish","4":"has-post-thumbnail","6":"product_cat-stone-cutting-tools","7":"product_tag-block-cutting-blade","8":"product_tag-stone-saw-blade","10":"first","11":"instock","12":"shipping-taxable","13":"product-type-simple"},"aioseo_notices":[],"_links":{"self":[{"href":"https:\/\/xmstonetools.com\/es\/wp-json\/wp\/v2\/product\/1188","targetHints":{"allow":["GET"]}}],"collection":[{"href":"https:\/\/xmstonetools.com\/es\/wp-json\/wp\/v2\/product"}],"about":[{"href":"https:\/\/xmstonetools.com\/es\/wp-json\/wp\/v2\/types\/product"}],"wp:featuredmedia":[{"embeddable":true,"href":"https:\/\/xmstonetools.com\/es\/wp-json\/wp\/v2\/media\/1184"}],"wp:attachment":[{"href":"https:\/\/xmstonetools.com\/es\/wp-json\/wp\/v2\/media?parent=1188"}],"wp:term":[{"taxonomy":"product_brand","embeddable":true,"href":"https:\/\/xmstonetools.com\/es\/wp-json\/wp\/v2\/product_brand?post=1188"},{"taxonomy":"product_cat","embeddable":true,"href":"https:\/\/xmstonetools.com\/es\/wp-json\/wp\/v2\/product_cat?post=1188"},{"taxonomy":"product_tag","embeddable":true,"href":"https:\/\/xmstonetools.com\/es\/wp-json\/wp\/v2\/product_tag?post=1188"}],"curies":[{"name":"wp","href":"https:\/\/api.w.org\/{rel}","templated":true}]}}