{"id":1219,"date":"2022-11-14T20:43:54","date_gmt":"2022-11-14T12:43:54","guid":{"rendered":"https:\/\/xmstonetools.com\/?post_type=product&#038;p=1219"},"modified":"2023-03-28T15:57:01","modified_gmt":"2023-03-28T07:57:01","slug":"puntas-de-diamante","status":"publish","type":"product","link":"https:\/\/xmstonetools.com\/es\/product\/puntas-de-diamante\/","title":{"rendered":"Puntas de dedo de diamante"},"content":{"rendered":"<table style=\"height: 872px;\" width=\"624\">\n<tbody>\n<tr>\n<td valign=\"top\">Marca<\/td>\n<td valign=\"top\">Sino Poly<\/td>\n<\/tr>\n<tr>\n<td valign=\"top\">Tecnolog\u00eda<\/td>\n<td valign=\"top\">Soldadura<\/td>\n<\/tr>\n<tr>\n<td valign=\"top\">Material del cuerpo<\/td>\n<td valign=\"top\">45 Mn<\/td>\n<\/tr>\n<tr>\n<td valign=\"top\">Tipo<\/td>\n<td valign=\"top\">\u00a0cabezal de tallado<\/td>\n<\/tr>\n<tr>\n<td valign=\"top\">funci\u00f3n<\/td>\n<td valign=\"top\">grabado<\/td>\n<\/tr>\n<tr>\n<td valign=\"top\">Di\u00e1metro<\/td>\n<td valign=\"top\">6mm , 8mm , 10mm , 12mm<\/td>\n<\/tr>\n<tr>\n<td valign=\"top\">Longitud<\/td>\n<td valign=\"top\">50-100 mm<\/td>\n<\/tr>\n<tr>\n<td valign=\"top\">MOQ<\/td>\n<td valign=\"top\">1 unidad<\/td>\n<\/tr>\n<tr>\n<td valign=\"top\">Tiempo de producci\u00f3n<\/td>\n<td valign=\"top\">5-7 d\u00edas<\/td>\n<\/tr>\n<tr>\n<td valign=\"top\">Capacidad de producci\u00f3n<\/td>\n<td valign=\"top\">1000 unidades al d\u00eda<\/td>\n<\/tr>\n<tr>\n<td valign=\"top\">\n<p data-spm-anchor-id=\"a2700.details.0.i5.54d11a1bpVu4ts\">Embalaje<\/p>\n<\/td>\n<td valign=\"top\"><span data-spm-anchor-id=\"a2700.details.0.i6.54d11a1bpVu4ts\">Bolsa PP, tarjeta bl\u00edster opcional<\/span><\/td>\n<\/tr>\n<tr>\n<td valign=\"top\">Entrega<\/td>\n<td valign=\"top\">DHL,UPS,FedEx y transporte mar\u00edtimo<\/td>\n<\/tr>\n<tr>\n<td valign=\"top\">Plazo de entrega<\/td>\n<td valign=\"top\">2-3 d\u00edas<\/td>\n<\/tr>\n<tr>\n<td valign=\"top\">Certificados<\/td>\n<td valign=\"top\">ISO9001<\/td>\n<\/tr>\n<tr>\n<td valign=\"top\">Direcci\u00f3n<\/td>\n<td valign=\"top\">Xiamen,China<\/td>\n<\/tr>\n<tr>\n<td valign=\"top\">Pago<\/td>\n<td valign=\"top\">TT,Paypal,WU,L\/C<\/td>\n<\/tr>\n<\/tbody>\n<\/table>","protected":false},"excerpt":{"rendered":"<p>Fresa de dedos dise\u00f1ada para romoval en granito m\u00e1rmol o piedra dura desbastando el exceso de piedra para preparar el pulido. Alimentaci\u00f3n de agua con rosca de 1\/2\u2033 como accesorio est\u00e1ndar. Es de primera calidad de 5-segmento de broca de dedo de diamante, dise\u00f1o para cortar y moler m\u00e1s r\u00e1pido que la mayor\u00eda de las brocas de dedo de diamante en el mercado. <span data-spm-anchor-id=\"a2700.details.0.i27.4b881ef6IYmdIC\">Estas brocas son ideales para materiales duros, est\u00e1n hechas para un alto rendimiento en aplicaciones de fabricaci\u00f3n. La brecha segmentos llenos de resina, mejorando en gran medida la estabilidad de procesamiento, reducir la fluctuaci\u00f3n.<\/span>Se utiliza para el lijado r\u00e1pido de granito o piedra dura, preparar para el pulido, tipo general, tipo afilado, tipo duradero disponible depende de la dureza de la piedra.<\/p>\n<div>\n<div data-spm-anchor-id=\"a2700.details.0.i28.4b881ef6IYmdIC\">\n<a href=\"#Quote-Button\" class=\"button primary is-large Inquiry-Button\" style=\"border-radius:99px;\">\n\t<i class=\"icon-heart\" aria-hidden=\"true\"><\/i>\t<span>Consulta<\/span>\n\t<\/a>\n\n<\/div>\n<\/div>","protected":false},"featured_media":1213,"template":"","meta":[],"product_brand":[],"product_cat":[59],"product_tag":[76,66],"class_list":{"0":"post-1219","1":"product","2":"type-product","3":"status-publish","4":"has-post-thumbnail","6":"product_cat-stone-milling-tools","7":"product_tag-diamond-finger-bits","8":"product_tag-vacuum-brazed-stone-tools","10":"first","11":"instock","12":"shipping-taxable","13":"product-type-simple"},"aioseo_notices":[],"_links":{"self":[{"href":"https:\/\/xmstonetools.com\/es\/wp-json\/wp\/v2\/product\/1219","targetHints":{"allow":["GET"]}}],"collection":[{"href":"https:\/\/xmstonetools.com\/es\/wp-json\/wp\/v2\/product"}],"about":[{"href":"https:\/\/xmstonetools.com\/es\/wp-json\/wp\/v2\/types\/product"}],"wp:featuredmedia":[{"embeddable":true,"href":"https:\/\/xmstonetools.com\/es\/wp-json\/wp\/v2\/media\/1213"}],"wp:attachment":[{"href":"https:\/\/xmstonetools.com\/es\/wp-json\/wp\/v2\/media?parent=1219"}],"wp:term":[{"taxonomy":"product_brand","embeddable":true,"href":"https:\/\/xmstonetools.com\/es\/wp-json\/wp\/v2\/product_brand?post=1219"},{"taxonomy":"product_cat","embeddable":true,"href":"https:\/\/xmstonetools.com\/es\/wp-json\/wp\/v2\/product_cat?post=1219"},{"taxonomy":"product_tag","embeddable":true,"href":"https:\/\/xmstonetools.com\/es\/wp-json\/wp\/v2\/product_tag?post=1219"}],"curies":[{"name":"wp","href":"https:\/\/api.w.org\/{rel}","templated":true}]}}