{"id":1239,"date":"2022-11-15T16:04:00","date_gmt":"2022-11-15T08:04:00","guid":{"rendered":"https:\/\/xmstonetools.com\/?post_type=product&#038;p=1239"},"modified":"2023-03-28T15:56:51","modified_gmt":"2023-03-28T07:56:51","slug":"muela-perfiladora-de-piedra-para-marmol-granito","status":"publish","type":"product","link":"https:\/\/xmstonetools.com\/es\/product\/muela-perfiladora-de-piedra-para-marmol-granito\/","title":{"rendered":"Muela perfiladora de piedra M\u00e1rmol Granito"},"content":{"rendered":"<p>Esta forma especial de muelas de diamante son ampliamente utilizados en las m\u00e1quinas de perfilado de granito, m\u00e1rmol, piedra de cuarzo y otras piedras. Ofrecemos una amplia gama y formas con diferentes tama\u00f1os para satisfacer sus necesidades exactas de perfilado.<\/p>\n<p>Se utiliza para rectificadoras cil\u00edndricas y rectificadoras de superficies Circunferencia de la muela de rectificado de un c\u00edrculo Nivel de trabajo de rectificado<\/p>\n<p>lijado de hierro fundido, metales no ferrosos, acero inoxidable, acero templado, acero dulce, acero para herramientas, acero r\u00e1pido, im\u00e1n, bronce, lat\u00f3n, m\u00e1rmol y granito, etc.<\/p>\n<table style=\"height: 844px;\" width=\"633\">\n<tbody>\n<tr>\n<td valign=\"center\">\n<p align=\"center\">Producto<\/p>\n<\/td>\n<td valign=\"center\">\n<p align=\"center\">Rueda de perfil de piedra<\/p>\n<\/td>\n<\/tr>\n<tr>\n<td valign=\"center\">\n<p align=\"center\">talla<\/p>\n<\/td>\n<td valign=\"center\">\n<p align=\"center\">personalizado<\/p>\n<\/td>\n<\/tr>\n<tr>\n<td valign=\"center\">\n<p align=\"center\">\u00a0Tipo<\/p>\n<\/td>\n<td valign=\"center\">\n<p align=\"center\">Galvanizado o sinterizado<\/p>\n<\/td>\n<\/tr>\n<tr>\n<td valign=\"center\">\n<p align=\"center\">Modelo<\/p>\n<\/td>\n<td valign=\"center\">\n<p align=\"center\">redondo<\/p>\n<\/td>\n<\/tr>\n<tr>\n<td valign=\"center\">\n<p align=\"center\">Marca<\/p>\n<\/td>\n<td valign=\"center\">\n<p align=\"center\">MIDSTAR<\/p>\n<\/td>\n<\/tr>\n<tr>\n<td valign=\"center\">\n<p align=\"center\">lugar de producci\u00f3n<\/p>\n<\/td>\n<td valign=\"center\">\n<p align=\"center\">china-fujian<\/p>\n<\/td>\n<\/tr>\n<tr>\n<td valign=\"center\">\n<p align=\"center\">Arena<\/p>\n<\/td>\n<td valign=\"center\">\n<p align=\"center\">\/<\/p>\n<\/td>\n<\/tr>\n<tr>\n<td valign=\"center\">\n<p align=\"center\">Material<\/p>\n<\/td>\n<td valign=\"center\">\n<p align=\"center\">Diamante<\/p>\n<\/td>\n<\/tr>\n<tr>\n<td valign=\"center\">\n<p align=\"center\">Aplicaci\u00f3n<\/p>\n<\/td>\n<td valign=\"center\">\n<p align=\"center\">Granito, m\u00e1rmol y piedra artificial<\/p>\n<\/td>\n<\/tr>\n<tr>\n<td valign=\"center\">\n<p align=\"center\">FOB<\/p>\n<\/td>\n<td valign=\"center\">\n<p align=\"center\">0.75-0.82<\/p>\n<\/td>\n<\/tr>\n<tr>\n<td valign=\"center\">\n<p align=\"center\">MOQ<\/p>\n<\/td>\n<td valign=\"center\">\n<p align=\"center\">36 piezas<\/p>\n<\/td>\n<\/tr>\n<tr>\n<td valign=\"center\">\n<p align=\"center\">\u00a0Pago<\/p>\n<\/td>\n<td valign=\"center\">\n<p align=\"center\">LC\/TT\/UNI\u00d3N OCCIDENTAL<\/p>\n<\/td>\n<\/tr>\n<tr>\n<td valign=\"center\">\n<p align=\"center\">Plazo de entrega<\/p>\n<\/td>\n<td valign=\"center\">\n<p align=\"center\">Env\u00edo en 10 d\u00edas tras el pago<\/p>\n<\/td>\n<\/tr>\n<tr>\n<td valign=\"center\">\n<p align=\"center\">Puerto<\/p>\n<\/td>\n<td valign=\"center\">\n<p align=\"center\">xiamen,China<\/p>\n<\/td>\n<\/tr>\n<tr>\n<td valign=\"center\">\n<p align=\"center\">Capacidad de suministro<\/p>\n<\/td>\n<td valign=\"center\">\n<p align=\"center\">1000 unidades al mes<\/p>\n<\/td>\n<\/tr>\n<\/tbody>\n<\/table>\n<p>&nbsp;<\/p>","protected":false},"excerpt":{"rendered":"<p>Caracter\u00edsticas de la rueda perfiladora Stone Edge<br \/>\n1)excelente para lijar un c\u00edrculo interior, oval, o arco de granito o m\u00e1rmol u otras piedras.<br \/>\n2) Las fresas electrochapadas son econ\u00f3micas y duran m\u00e1s.<br \/>\n3) El juego de fresas biseladas es para corte r\u00e1pido y se puede utilizar en seco.<br \/>\n4) El grosor puede ser de 7 mm, 10 mm, 12 mm, 15 mm, 20 mm y 30 mm, etc.<\/p>\n<a href=\"#Quote-Button\" class=\"button primary is-large Inquiry-Button\" style=\"border-radius:99px;\">\n\t<i class=\"icon-heart\" aria-hidden=\"true\"><\/i>\t<span>Consulta<\/span>\n\t<\/a>","protected":false},"featured_media":1233,"template":"","meta":[],"product_brand":[],"product_cat":[56],"product_tag":[67,70],"class_list":{"0":"post-1239","1":"product","2":"type-product","3":"status-publish","4":"has-post-thumbnail","6":"product_cat-stone-grinding-tools","7":"product_tag-diamond-cup-wheels","8":"product_tag-granite-profiling-tools","10":"first","11":"instock","12":"shipping-taxable","13":"product-type-simple"},"aioseo_notices":[],"_links":{"self":[{"href":"https:\/\/xmstonetools.com\/es\/wp-json\/wp\/v2\/product\/1239","targetHints":{"allow":["GET"]}}],"collection":[{"href":"https:\/\/xmstonetools.com\/es\/wp-json\/wp\/v2\/product"}],"about":[{"href":"https:\/\/xmstonetools.com\/es\/wp-json\/wp\/v2\/types\/product"}],"wp:featuredmedia":[{"embeddable":true,"href":"https:\/\/xmstonetools.com\/es\/wp-json\/wp\/v2\/media\/1233"}],"wp:attachment":[{"href":"https:\/\/xmstonetools.com\/es\/wp-json\/wp\/v2\/media?parent=1239"}],"wp:term":[{"taxonomy":"product_brand","embeddable":true,"href":"https:\/\/xmstonetools.com\/es\/wp-json\/wp\/v2\/product_brand?post=1239"},{"taxonomy":"product_cat","embeddable":true,"href":"https:\/\/xmstonetools.com\/es\/wp-json\/wp\/v2\/product_cat?post=1239"},{"taxonomy":"product_tag","embeddable":true,"href":"https:\/\/xmstonetools.com\/es\/wp-json\/wp\/v2\/product_tag?post=1239"}],"curies":[{"name":"wp","href":"https:\/\/api.w.org\/{rel}","templated":true}]}}