{"id":1256,"date":"2022-11-15T22:56:12","date_gmt":"2022-11-15T14:56:12","guid":{"rendered":"https:\/\/xmstonetools.com\/?post_type=product&#038;p=1256"},"modified":"2023-03-28T15:55:37","modified_gmt":"2023-03-28T07:55:37","slug":"sierra-de-hilo-diamantado-recubierta-de-caucho","status":"publish","type":"product","link":"https:\/\/xmstonetools.com\/es\/product\/sierra-de-hilo-diamantado-recubierta-de-caucho\/","title":{"rendered":"Sierra de hilo de diamante recubierto de caucho"},"content":{"rendered":"<p align=\"left\">1. Personalizar diferentes f\u00f3rmulas y garantizar el coste de rendimiento seg\u00fan el porcentaje de mezcla de piedra abrasiva dura, media, blanda, con el fin de maximizar el rendimiento.<\/p>\n<div>2. El diamante finamente seleccionado con gran resistencia y dureza garantiza la funci\u00f3n de afilado y la vida \u00fatil del hilo de diamante.<\/div>\n<div>3. La sofisticada tecnolog\u00eda de sinterizaci\u00f3n con temperatura y presi\u00f3n bien controladas garantiza que las perlas de diamante tengan una gran caracter\u00edstica antiabrasiva.<\/div>\n<div>4. La tecnolog\u00eda de inyecci\u00f3n madura y la t\u00e9cnica de producci\u00f3n garantizan que el pl\u00e1stico penetre en todos los huecos del cable y sujete las perlas de diamante con firmeza.<\/div>\n<div>5. El equipo de producci\u00f3n autom\u00e1tica de desarrollo propio y la estricta inspecci\u00f3n en l\u00ednea y final controlan la calidad y la estabilidad.<\/div>\n<p align=\"left\"><strong>Alambre para cantera de granito<\/strong><\/p>\n<table class=\"aliDataTable\" border=\"1\" cellspacing=\"0\" cellpadding=\"0\" align=\"left\">\n<tbody>\n<tr align=\"center\">\n<td>Di\u00e1metro<\/p>\n<p align=\"center\">(mm)<\/p>\n<\/td>\n<td>N\u00ba de modelo<\/td>\n<td>Tipo de fijaci\u00f3n<\/td>\n<td>Cuentas\/m<\/td>\n<td>Tipo de material<\/td>\n<td>Velocidad de corte<\/p>\n<p align=\"center\">(m<sup>2<\/sup>\/h)<\/p>\n<\/td>\n<td>De por vida<\/p>\n<p align=\"center\">(m<sup>2<\/sup>\/m)<\/p>\n<\/td>\n<td>Velocidad de la l\u00ednea<\/p>\n<p align=\"center\">(m\/s)<\/p>\n<\/td>\n<\/tr>\n<tr align=\"center\">\n<td rowspan=\"3\">D=11.4<\/td>\n<td>\n<p data-spm-anchor-id=\"a2700.details.0.i13.50e92edaAyQyyY\">GQR11.4A<\/p>\n<\/td>\n<td>Goma<\/td>\n<td>40<\/td>\n<td>Clase 1<\/td>\n<td>4-6<\/td>\n<td>15-25<\/td>\n<td>25-30<\/td>\n<\/tr>\n<tr align=\"center\">\n<td>GQR11.4B<\/td>\n<td>Goma<\/td>\n<td>40<\/td>\n<td>Clase3-4<\/td>\n<td>2-5<\/td>\n<td>8-15<\/td>\n<td>22-26<\/td>\n<\/tr>\n<tr align=\"center\">\n<td>GQR11.4C<\/td>\n<td>Goma<\/td>\n<td>40<\/td>\n<td>Clase4-5<\/td>\n<td>1-2.5<\/td>\n<td>4-9<\/td>\n<td>18-23<\/td>\n<\/tr>\n<\/tbody>\n<\/table>\n<p>&nbsp;<\/p>\n<figure id=\"attachment_1250\" aria-describedby=\"caption-attachment-1250\" style=\"width: 750px\" class=\"wp-caption aligncenter\"><img loading=\"lazy\" decoding=\"async\" class=\"wp-image-1250 size-full\" src=\"https:\/\/xmstonetools.com\/wp-content\/uploads\/2022\/11\/Applications-of-Rubber-coatiing-wire-saw.jpg\" alt=\"Aplicaciones de la sierra de hilo de caucho\" width=\"750\" height=\"1701\" srcset=\"https:\/\/xmstonetools.com\/wp-content\/uploads\/2022\/11\/Applications-of-Rubber-coatiing-wire-saw.jpg 750w, https:\/\/xmstonetools.com\/wp-content\/uploads\/2022\/11\/Applications-of-Rubber-coatiing-wire-saw-176x400.jpg 176w, https:\/\/xmstonetools.com\/wp-content\/uploads\/2022\/11\/Applications-of-Rubber-coatiing-wire-saw-353x800.jpg 353w, https:\/\/xmstonetools.com\/wp-content\/uploads\/2022\/11\/Applications-of-Rubber-coatiing-wire-saw-677x1536.jpg 677w, https:\/\/xmstonetools.com\/wp-content\/uploads\/2022\/11\/Applications-of-Rubber-coatiing-wire-saw-600x1361.jpg 600w\" sizes=\"auto, (max-width: 750px) 100vw, 750px\" \/><figcaption id=\"caption-attachment-1250\" class=\"wp-caption-text\">Aplicaciones de la sierra de hilo de caucho<\/figcaption><\/figure>","protected":false},"excerpt":{"rendered":"<p>La sierra de cable de diamante con revestimiento de resorte se utiliza principalmente para materiales de piedra blanda en canteras de piedra, como m\u00e1rmol, piedra caliza, travertino, etc. La sierra de cable de diamante con revestimiento de pl\u00e1stico se utiliza principalmente para todo tipo de bloques de piedra cuadrada, recorte, perfilado en maquinaria est\u00e1tica en la f\u00e1brica.<br \/>\n1) Di\u00e1metro: 11,5 mm<br \/>\n2) Cuenta\/M:40<br \/>\n3) Tecnolog\u00eda de fabricaci\u00f3n: sinterizado<br \/>\n4) Refuerzo:R+S<br \/>\n5) Proyecto de corte: diferentes tipos de hormig\u00f3n.<br \/>\n6) Metros\/caja:50<\/p>\n<a href=\"#Quote-Button\" class=\"button primary is-large Inquiry-Button\" style=\"border-radius:99px;\">\n\t<i class=\"icon-heart\" aria-hidden=\"true\"><\/i>\t<span>Consulta<\/span>\n\t<\/a>","protected":false},"featured_media":1251,"template":"","meta":[],"product_brand":[],"product_cat":[61],"product_tag":[69,80,81],"class_list":{"0":"post-1256","1":"product","2":"type-product","3":"status-publish","4":"has-post-thumbnail","6":"product_cat-diamond-wire-saw","7":"product_tag-diamond-wire-saw","8":"product_tag-granite-wire-saw","9":"product_tag-rubber-rope-saw","11":"first","12":"instock","13":"shipping-taxable","14":"product-type-simple"},"aioseo_notices":[],"_links":{"self":[{"href":"https:\/\/xmstonetools.com\/es\/wp-json\/wp\/v2\/product\/1256","targetHints":{"allow":["GET"]}}],"collection":[{"href":"https:\/\/xmstonetools.com\/es\/wp-json\/wp\/v2\/product"}],"about":[{"href":"https:\/\/xmstonetools.com\/es\/wp-json\/wp\/v2\/types\/product"}],"wp:featuredmedia":[{"embeddable":true,"href":"https:\/\/xmstonetools.com\/es\/wp-json\/wp\/v2\/media\/1251"}],"wp:attachment":[{"href":"https:\/\/xmstonetools.com\/es\/wp-json\/wp\/v2\/media?parent=1256"}],"wp:term":[{"taxonomy":"product_brand","embeddable":true,"href":"https:\/\/xmstonetools.com\/es\/wp-json\/wp\/v2\/product_brand?post=1256"},{"taxonomy":"product_cat","embeddable":true,"href":"https:\/\/xmstonetools.com\/es\/wp-json\/wp\/v2\/product_cat?post=1256"},{"taxonomy":"product_tag","embeddable":true,"href":"https:\/\/xmstonetools.com\/es\/wp-json\/wp\/v2\/product_tag?post=1256"}],"curies":[{"name":"wp","href":"https:\/\/api.w.org\/{rel}","templated":true}]}}