{"id":1268,"date":"2022-11-16T10:33:46","date_gmt":"2022-11-16T02:33:46","guid":{"rendered":"https:\/\/xmstonetools.com\/?post_type=product&#038;p=1268"},"modified":"2023-03-28T15:55:27","modified_gmt":"2023-03-28T07:55:27","slug":"sierra-de-hilo-diamantado-para-cantera-de-granito","status":"publish","type":"product","link":"https:\/\/xmstonetools.com\/es\/product\/sierra-de-hilo-diamantado-para-cantera-de-granito\/","title":{"rendered":"Sierra de hilo diamantado para cantera de granito"},"content":{"rendered":"<table class=\"all magic-4\">\n<tbody>\n<tr>\n<td colspan=\"1\" rowspan=\"1\">\n<div class=\"magic-5\">Nombre del producto<\/div>\n<\/td>\n<td colspan=\"1\" rowspan=\"1\">\n<div class=\"magic-6\">Sierra de hilo diamantado de goma D11.5<\/div>\n<\/td>\n<\/tr>\n<tr>\n<td colspan=\"1\" rowspan=\"1\">\n<div class=\"magic-5\">Tama\u00f1o del paquete<\/div>\n<\/td>\n<td colspan=\"1\" rowspan=\"1\">\n<div class=\"magic-6\">41.5*41.5*15.5cm<\/div>\n<\/td>\n<\/tr>\n<tr>\n<td colspan=\"1\" rowspan=\"1\">\n<div class=\"magic-5\">Peso bruto<\/div>\n<\/td>\n<td colspan=\"1\" rowspan=\"1\">\n<div class=\"magic-6\">33 kg<\/div>\n<\/td>\n<\/tr>\n<tr>\n<td colspan=\"1\" rowspan=\"1\">\n<div class=\"magic-5\">Material<\/div>\n<\/td>\n<td colspan=\"1\" rowspan=\"1\">\n<div class=\"magic-6\">Goma<\/div>\n<\/td>\n<\/tr>\n<tr>\n<td colspan=\"1\" rowspan=\"1\">\n<div class=\"magic-5\">Modelo<\/div>\n<\/td>\n<td colspan=\"1\" rowspan=\"1\">\n<div class=\"magic-6\">D11.5<\/div>\n<\/td>\n<\/tr>\n<tr>\n<td colspan=\"1\" rowspan=\"1\">\n<div class=\"magic-5\">\n<div class=\"magic-7\">Descripci\u00f3n<\/div>\n<\/div>\n<\/td>\n<td colspan=\"1\" rowspan=\"1\">\n<div class=\"magic-6\">*Se utiliza en grantie quarring con un rendimiento estable y eficaz.<br \/>\n*Comparado con la cuchilla de cantera, tiene una amplia adaptabilidad, alta eficiencia minera, modo de corte flexible, gran profundidad de corte, con alto rendimiento, bajo coste integral, seguridad y contaminaci\u00f3n de protecci\u00f3n del medio ambiente.<\/div>\n<\/td>\n<\/tr>\n<tr>\n<td colspan=\"1\" rowspan=\"1\">\n<div class=\"magic-5\">Aplicaci\u00f3n<\/div>\n<\/td>\n<td colspan=\"1\" rowspan=\"1\">\n<div class=\"magic-6\">Aplicar a la cantera de granito.<\/div>\n<\/td>\n<\/tr>\n<tr>\n<td colspan=\"1\" rowspan=\"1\">\n<div class=\"magic-5\">Caracter\u00edsticas:<\/div>\n<\/td>\n<td colspan=\"1\" rowspan=\"1\">\n<div class=\"magic-6\">1.Alta eficiencia de corte, respetuoso del medio ambiente, alto ouput bloque.<br \/>\n2.Buen moldeado y sin bloque de roturas interiores.<br \/>\n3.Buen rendimiento explota bloques de buen y gran tama\u00f1o con bajo coste de cantera.<br \/>\n4.It es ampliamente utilizado en m\u00e1quinas quarring para producir el dimention grande del bloque.<\/div>\n<\/td>\n<\/tr>\n<\/tbody>\n<\/table>\n<div><\/div>\n<figure id=\"attachment_1262\" aria-describedby=\"caption-attachment-1262\" style=\"width: 750px\" class=\"wp-caption aligncenter\"><img loading=\"lazy\" decoding=\"async\" class=\"wp-image-1262 size-full\" src=\"https:\/\/xmstonetools.com\/wp-content\/uploads\/2022\/11\/Details-Show-Diamond-Wire-Saw-For-Granite-Quarry-Cutting-1.jpg\" alt=\"Sierra de hilo de diamante para corte de cantera de granito-1\" width=\"750\" height=\"953\" srcset=\"https:\/\/xmstonetools.com\/wp-content\/uploads\/2022\/11\/Details-Show-Diamond-Wire-Saw-For-Granite-Quarry-Cutting-1.jpg 750w, https:\/\/xmstonetools.com\/wp-content\/uploads\/2022\/11\/Details-Show-Diamond-Wire-Saw-For-Granite-Quarry-Cutting-1-315x400.jpg 315w, https:\/\/xmstonetools.com\/wp-content\/uploads\/2022\/11\/Details-Show-Diamond-Wire-Saw-For-Granite-Quarry-Cutting-1-630x800.jpg 630w, https:\/\/xmstonetools.com\/wp-content\/uploads\/2022\/11\/Details-Show-Diamond-Wire-Saw-For-Granite-Quarry-Cutting-1-600x762.jpg 600w\" sizes=\"auto, (max-width: 750px) 100vw, 750px\" \/><figcaption id=\"caption-attachment-1262\" class=\"wp-caption-text\">Sierra de hilo de diamante para corte de cantera de granito-1<\/figcaption><\/figure>\n<figure id=\"attachment_1266\" aria-describedby=\"caption-attachment-1266\" style=\"width: 1000px\" class=\"wp-caption aligncenter\"><img loading=\"lazy\" decoding=\"async\" class=\"wp-image-1266 size-full\" src=\"https:\/\/xmstonetools.com\/wp-content\/uploads\/2022\/11\/Packing-Diamond-Wire-Rope-Saw-For-Granite-Quarry-Cutting-1.jpg\" alt=\"Embalaje Sierra de hilo de diamante para corte de cantera de granito-1\" width=\"1000\" height=\"1000\" srcset=\"https:\/\/xmstonetools.com\/wp-content\/uploads\/2022\/11\/Packing-Diamond-Wire-Rope-Saw-For-Granite-Quarry-Cutting-1.jpg 1000w, https:\/\/xmstonetools.com\/wp-content\/uploads\/2022\/11\/Packing-Diamond-Wire-Rope-Saw-For-Granite-Quarry-Cutting-1-400x400.jpg 400w, https:\/\/xmstonetools.com\/wp-content\/uploads\/2022\/11\/Packing-Diamond-Wire-Rope-Saw-For-Granite-Quarry-Cutting-1-800x800.jpg 800w, https:\/\/xmstonetools.com\/wp-content\/uploads\/2022\/11\/Packing-Diamond-Wire-Rope-Saw-For-Granite-Quarry-Cutting-1-280x280.jpg 280w, https:\/\/xmstonetools.com\/wp-content\/uploads\/2022\/11\/Packing-Diamond-Wire-Rope-Saw-For-Granite-Quarry-Cutting-1-768x768.jpg 768w, https:\/\/xmstonetools.com\/wp-content\/uploads\/2022\/11\/Packing-Diamond-Wire-Rope-Saw-For-Granite-Quarry-Cutting-1-300x300.jpg 300w, https:\/\/xmstonetools.com\/wp-content\/uploads\/2022\/11\/Packing-Diamond-Wire-Rope-Saw-For-Granite-Quarry-Cutting-1-600x600.jpg 600w, https:\/\/xmstonetools.com\/wp-content\/uploads\/2022\/11\/Packing-Diamond-Wire-Rope-Saw-For-Granite-Quarry-Cutting-1-100x100.jpg 100w, https:\/\/xmstonetools.com\/wp-content\/uploads\/2022\/11\/Packing-Diamond-Wire-Rope-Saw-For-Granite-Quarry-Cutting-1-120x120.jpg 120w\" sizes=\"auto, (max-width: 1000px) 100vw, 1000px\" \/><figcaption id=\"caption-attachment-1266\" class=\"wp-caption-text\">Embalaje Sierra de hilo de diamante para corte de cantera de granito-1<\/figcaption><\/figure>\n<figure id=\"attachment_1267\" aria-describedby=\"caption-attachment-1267\" style=\"width: 1000px\" class=\"wp-caption aligncenter\"><img loading=\"lazy\" decoding=\"async\" class=\"wp-image-1267 size-full\" src=\"https:\/\/xmstonetools.com\/wp-content\/uploads\/2022\/11\/Packing-Diamond-Wire-Rope-Saw-For-Granite-Quarry-Cutting-2.jpg\" alt=\"Embalaje Sierra de hilo de diamante para corte de cantera de granito-2\" width=\"1000\" height=\"1000\" srcset=\"https:\/\/xmstonetools.com\/wp-content\/uploads\/2022\/11\/Packing-Diamond-Wire-Rope-Saw-For-Granite-Quarry-Cutting-2.jpg 1000w, https:\/\/xmstonetools.com\/wp-content\/uploads\/2022\/11\/Packing-Diamond-Wire-Rope-Saw-For-Granite-Quarry-Cutting-2-400x400.jpg 400w, https:\/\/xmstonetools.com\/wp-content\/uploads\/2022\/11\/Packing-Diamond-Wire-Rope-Saw-For-Granite-Quarry-Cutting-2-800x800.jpg 800w, https:\/\/xmstonetools.com\/wp-content\/uploads\/2022\/11\/Packing-Diamond-Wire-Rope-Saw-For-Granite-Quarry-Cutting-2-280x280.jpg 280w, https:\/\/xmstonetools.com\/wp-content\/uploads\/2022\/11\/Packing-Diamond-Wire-Rope-Saw-For-Granite-Quarry-Cutting-2-768x768.jpg 768w, https:\/\/xmstonetools.com\/wp-content\/uploads\/2022\/11\/Packing-Diamond-Wire-Rope-Saw-For-Granite-Quarry-Cutting-2-300x300.jpg 300w, https:\/\/xmstonetools.com\/wp-content\/uploads\/2022\/11\/Packing-Diamond-Wire-Rope-Saw-For-Granite-Quarry-Cutting-2-600x600.jpg 600w, https:\/\/xmstonetools.com\/wp-content\/uploads\/2022\/11\/Packing-Diamond-Wire-Rope-Saw-For-Granite-Quarry-Cutting-2-100x100.jpg 100w, https:\/\/xmstonetools.com\/wp-content\/uploads\/2022\/11\/Packing-Diamond-Wire-Rope-Saw-For-Granite-Quarry-Cutting-2-120x120.jpg 120w\" sizes=\"auto, (max-width: 1000px) 100vw, 1000px\" \/><figcaption id=\"caption-attachment-1267\" class=\"wp-caption-text\">Embalaje Sierra de hilo de diamante para corte de cantera de granito-2<\/figcaption><\/figure>\n<figure id=\"attachment_1260\" aria-describedby=\"caption-attachment-1260\" style=\"width: 1000px\" class=\"wp-caption aligncenter\"><img loading=\"lazy\" decoding=\"async\" class=\"wp-image-1260 size-full\" src=\"https:\/\/xmstonetools.com\/wp-content\/uploads\/2022\/11\/Application-of-Granite-Quarry-Wire-Rope-Saw-1.jpg\" alt=\"Aplicaci\u00f3n de la sierra de cable para cantera de granito-1\" width=\"1000\" height=\"1000\" srcset=\"https:\/\/xmstonetools.com\/wp-content\/uploads\/2022\/11\/Application-of-Granite-Quarry-Wire-Rope-Saw-1.jpg 1000w, https:\/\/xmstonetools.com\/wp-content\/uploads\/2022\/11\/Application-of-Granite-Quarry-Wire-Rope-Saw-1-400x400.jpg 400w, https:\/\/xmstonetools.com\/wp-content\/uploads\/2022\/11\/Application-of-Granite-Quarry-Wire-Rope-Saw-1-800x800.jpg 800w, https:\/\/xmstonetools.com\/wp-content\/uploads\/2022\/11\/Application-of-Granite-Quarry-Wire-Rope-Saw-1-280x280.jpg 280w, https:\/\/xmstonetools.com\/wp-content\/uploads\/2022\/11\/Application-of-Granite-Quarry-Wire-Rope-Saw-1-768x768.jpg 768w, https:\/\/xmstonetools.com\/wp-content\/uploads\/2022\/11\/Application-of-Granite-Quarry-Wire-Rope-Saw-1-300x300.jpg 300w, https:\/\/xmstonetools.com\/wp-content\/uploads\/2022\/11\/Application-of-Granite-Quarry-Wire-Rope-Saw-1-600x600.jpg 600w, https:\/\/xmstonetools.com\/wp-content\/uploads\/2022\/11\/Application-of-Granite-Quarry-Wire-Rope-Saw-1-100x100.jpg 100w, https:\/\/xmstonetools.com\/wp-content\/uploads\/2022\/11\/Application-of-Granite-Quarry-Wire-Rope-Saw-1-120x120.jpg 120w\" sizes=\"auto, (max-width: 1000px) 100vw, 1000px\" \/><figcaption id=\"caption-attachment-1260\" class=\"wp-caption-text\">Aplicaci\u00f3n de la sierra de cable para cantera de granito-1<\/figcaption><\/figure>\n<figure id=\"attachment_1259\" aria-describedby=\"caption-attachment-1259\" style=\"width: 1000px\" class=\"wp-caption aligncenter\"><img loading=\"lazy\" decoding=\"async\" class=\"wp-image-1259 size-full\" src=\"https:\/\/xmstonetools.com\/wp-content\/uploads\/2022\/11\/Application-of-Granite-Quarry-Wire-Rope-Saw.jpg\" alt=\"Aplicaci\u00f3n de la sierra de cable para canteras de granito\" width=\"1000\" height=\"1000\" srcset=\"https:\/\/xmstonetools.com\/wp-content\/uploads\/2022\/11\/Application-of-Granite-Quarry-Wire-Rope-Saw.jpg 1000w, https:\/\/xmstonetools.com\/wp-content\/uploads\/2022\/11\/Application-of-Granite-Quarry-Wire-Rope-Saw-400x400.jpg 400w, https:\/\/xmstonetools.com\/wp-content\/uploads\/2022\/11\/Application-of-Granite-Quarry-Wire-Rope-Saw-800x800.jpg 800w, https:\/\/xmstonetools.com\/wp-content\/uploads\/2022\/11\/Application-of-Granite-Quarry-Wire-Rope-Saw-280x280.jpg 280w, https:\/\/xmstonetools.com\/wp-content\/uploads\/2022\/11\/Application-of-Granite-Quarry-Wire-Rope-Saw-768x768.jpg 768w, https:\/\/xmstonetools.com\/wp-content\/uploads\/2022\/11\/Application-of-Granite-Quarry-Wire-Rope-Saw-300x300.jpg 300w, https:\/\/xmstonetools.com\/wp-content\/uploads\/2022\/11\/Application-of-Granite-Quarry-Wire-Rope-Saw-600x600.jpg 600w, https:\/\/xmstonetools.com\/wp-content\/uploads\/2022\/11\/Application-of-Granite-Quarry-Wire-Rope-Saw-100x100.jpg 100w, https:\/\/xmstonetools.com\/wp-content\/uploads\/2022\/11\/Application-of-Granite-Quarry-Wire-Rope-Saw-120x120.jpg 120w\" sizes=\"auto, (max-width: 1000px) 100vw, 1000px\" \/><figcaption id=\"caption-attachment-1259\" class=\"wp-caption-text\">Aplicaci\u00f3n de la sierra de cable para canteras de granito<\/figcaption><\/figure>","protected":false},"excerpt":{"rendered":"<p>Alta eficacia, bajo coste y escasos residuos<br \/>\nCorte suave y proceso preciso<br \/>\nSeguridad y protecci\u00f3n del medio ambiente<br \/>\nPuede cortar un stock grande y regular<br \/>\nF\u00e1brica con m\u00e1s de 15 a\u00f1os de experiencia en la industria de herramientas diamantadas<br \/>\nGran n\u00famero de exportaciones a Europa del Este, Norteam\u00e9rica, Sudam\u00e9rica, Oriente Medio, Australia y otros mercados de ultramar,<br \/>\nLa calidad de los productos ha sido reconocida por clientes extranjeros.<br \/>\nM\u00e1s de 100 conjuntos de m\u00e1quinas de prensado en caliente, prensado en fr\u00edo y sierras de hilo y m\u00e1s de 300 empleados garantizan un alto rendimiento y un plazo de entrega r\u00e1pido.<\/p>\n<a href=\"#Quote-Button\" class=\"button primary is-large Inquiry-Button\" style=\"border-radius:99px;\">\n\t<i class=\"icon-heart\" aria-hidden=\"true\"><\/i>\t<span>Consulta<\/span>\n\t<\/a>","protected":false},"featured_media":1265,"template":"","meta":[],"product_brand":[],"product_cat":[61],"product_tag":[69,80,82,81],"class_list":{"0":"post-1268","1":"product","2":"type-product","3":"status-publish","4":"has-post-thumbnail","6":"product_cat-diamond-wire-saw","7":"product_tag-diamond-wire-saw","8":"product_tag-granite-wire-saw","9":"product_tag-quarry-wire-saw","10":"product_tag-rubber-rope-saw","12":"first","13":"instock","14":"shipping-taxable","15":"product-type-simple"},"aioseo_notices":[],"_links":{"self":[{"href":"https:\/\/xmstonetools.com\/es\/wp-json\/wp\/v2\/product\/1268","targetHints":{"allow":["GET"]}}],"collection":[{"href":"https:\/\/xmstonetools.com\/es\/wp-json\/wp\/v2\/product"}],"about":[{"href":"https:\/\/xmstonetools.com\/es\/wp-json\/wp\/v2\/types\/product"}],"wp:featuredmedia":[{"embeddable":true,"href":"https:\/\/xmstonetools.com\/es\/wp-json\/wp\/v2\/media\/1265"}],"wp:attachment":[{"href":"https:\/\/xmstonetools.com\/es\/wp-json\/wp\/v2\/media?parent=1268"}],"wp:term":[{"taxonomy":"product_brand","embeddable":true,"href":"https:\/\/xmstonetools.com\/es\/wp-json\/wp\/v2\/product_brand?post=1268"},{"taxonomy":"product_cat","embeddable":true,"href":"https:\/\/xmstonetools.com\/es\/wp-json\/wp\/v2\/product_cat?post=1268"},{"taxonomy":"product_tag","embeddable":true,"href":"https:\/\/xmstonetools.com\/es\/wp-json\/wp\/v2\/product_tag?post=1268"}],"curies":[{"name":"wp","href":"https:\/\/api.w.org\/{rel}","templated":true}]}}