{"id":1278,"date":"2022-11-16T16:25:17","date_gmt":"2022-11-16T08:25:17","guid":{"rendered":"https:\/\/xmstonetools.com\/?post_type=product&#038;p=1278"},"modified":"2023-03-28T15:54:22","modified_gmt":"2023-03-28T07:54:22","slug":"muela-de-diamante-sinterizado","status":"publish","type":"product","link":"https:\/\/xmstonetools.com\/es\/product\/muela-de-diamante-sinterizado\/","title":{"rendered":"Muela de taza de diamante sinterizado"},"content":{"rendered":"<table class=\"all magic-1\">\n<tbody>\n<tr>\n<td colspan=\"1\" rowspan=\"1\">\n<div class=\"magic-2\"><b>Nombre del producto<\/b><\/div>\n<\/td>\n<td colspan=\"4\" rowspan=\"1\">\n<div class=\"magic-3\">Muela de sinterizaci\u00f3n<\/div>\n<\/td>\n<\/tr>\n<tr>\n<td colspan=\"1\" rowspan=\"1\">\n<div class=\"magic-2\"><b>Especificaci\u00f3n<\/b><\/div>\n<\/td>\n<td colspan=\"4\" rowspan=\"1\">\n<div class=\"magic-3\">\n<p>1.Diameter:50mm,75mm,100mm,180mm<\/p>\n<div data-spm-anchor-id=\"a2700.pc-decorate.0.i3.55ef3333RSR3FR\"><\/div>\n<div data-spm-anchor-id=\"0.0.0.i1.6b4d4f05Kya5LZ\">\n<p>2.Di\u00e1metro interior:16mm,22mm<\/p>\n<p>3.Tipo de rosca:V\u00e1stago, M10,M14, M16, 5\/8\u2033-11, GAS1\/2<\/p>\n<div data-spm-anchor-id=\"0.0.0.i4.6b4d4f05KogW5y\">4.Grosor:4mm,5mm<\/div>\n<div data-spm-anchor-id=\"0.0.0.i4.6b4d4f05KogW5y\"><\/div>\n<div data-spm-anchor-id=\"0.0.0.i4.6b4d4f05KogW5y\">5.Tama\u00f1o de los segmentos: se pueden realizar segmentos de cualquier tama\u00f1o.<\/div>\n<\/div>\n<\/div>\n<\/td>\n<\/tr>\n<tr>\n<td colspan=\"1\" rowspan=\"1\">\n<div class=\"magic-2\"><b>Aplicaci\u00f3n<\/b><\/div>\n<\/td>\n<td colspan=\"4\" rowspan=\"1\">\n<div class=\"magic-3\">Para aplicaciones manuales, dedicado a especialistas en suelos y profesionales de la construcci\u00f3n.<\/div>\n<\/td>\n<\/tr>\n<tr>\n<td colspan=\"1\" rowspan=\"1\">\n<div class=\"magic-2\"><b>Control de calidad<\/b><\/div>\n<\/td>\n<td colspan=\"4\" rowspan=\"1\">\n<div class=\"magic-6\">\n<p>1.F\u00f3rmula profesional para garantizar la buena calidad.<\/p>\n<div data-spm-anchor-id=\"0.0.0.i2.6b4d4f05zRXIVP\">2.Estricta inspecci\u00f3n de las materias primas<\/div>\n<div data-spm-anchor-id=\"0.0.0.i2.6b4d4f05zRXIVP\">3.Cadena de montaje de fabricaci\u00f3n profesional.<\/div>\n<div data-spm-anchor-id=\"0.0.0.i2.6b4d4f05zRXIVP\">4.Tambi\u00e9n hacemos algunos experimentos de perforaci\u00f3n para comprobar su funci\u00f3n de uso.<\/div>\n<\/div>\n<\/td>\n<\/tr>\n<tr>\n<td colspan=\"1\" rowspan=\"1\">\n<div class=\"magic-2\"><b>Marca<\/b><\/div>\n<\/td>\n<td colspan=\"4\" rowspan=\"1\">\n<div class=\"magic-6\"><\/div>\n<\/td>\n<\/tr>\n<tr>\n<td colspan=\"1\" rowspan=\"1\">\n<div class=\"magic-2\"><b>MOQ<\/b><\/div>\n<\/td>\n<td colspan=\"4\" rowspan=\"1\">\n<div class=\"magic-6\">20PCS<\/div>\n<\/td>\n<\/tr>\n<tr>\n<td colspan=\"1\" rowspan=\"1\">\n<div class=\"magic-2\"><b>Plazo de pago<\/b><\/div>\n<\/td>\n<td colspan=\"4\" rowspan=\"1\">\n<div class=\"magic-6\">TT,LC,Western union,Paypal,Trade assurance,etc.<\/div>\n<\/td>\n<\/tr>\n<tr>\n<td colspan=\"1\" rowspan=\"1\">\n<div class=\"magic-2\"><b>Paquete<\/b><\/div>\n<\/td>\n<td colspan=\"4\" rowspan=\"1\">\n<div class=\"magic-6\">Bolsa de pl\u00e1stico\/bolsa de papel+bolsa de madera o personalizadas<\/div>\n<\/td>\n<\/tr>\n<tr>\n<td colspan=\"1\" rowspan=\"1\">\n<div class=\"magic-2\"><b>Servicio<\/b><\/div>\n<\/td>\n<td colspan=\"4\" rowspan=\"1\">\n<div class=\"magic-6\">A petici\u00f3n del cliente, se pueden suministrar diferentes tama\u00f1os de mandriles y especificaciones de segmentos. Se pueden procesar otros tipos seg\u00fan los planos y muestras proporcionados por los clientes.<\/div>\n<\/td>\n<\/tr>\n<\/tbody>\n<\/table>\n<figure id=\"attachment_1277\" aria-describedby=\"caption-attachment-1277\" style=\"width: 749px\" class=\"wp-caption aligncenter\"><img loading=\"lazy\" decoding=\"async\" class=\"wp-image-1277 size-full\" src=\"https:\/\/xmstonetools.com\/wp-content\/uploads\/2022\/11\/Why-Choose-Us-Cup-Wheels.jpg\" alt=\"Por qu\u00e9 elegirnos Cup Wheels\" width=\"749\" height=\"360\" srcset=\"https:\/\/xmstonetools.com\/wp-content\/uploads\/2022\/11\/Why-Choose-Us-Cup-Wheels.jpg 749w, https:\/\/xmstonetools.com\/wp-content\/uploads\/2022\/11\/Why-Choose-Us-Cup-Wheels-600x288.jpg 600w\" sizes=\"auto, (max-width: 749px) 100vw, 749px\" \/><figcaption id=\"caption-attachment-1277\" class=\"wp-caption-text\">Por qu\u00e9 elegirnos Cup Wheels<\/figcaption><\/figure>\n<figure id=\"attachment_1275\" aria-describedby=\"caption-attachment-1275\" style=\"width: 850px\" class=\"wp-caption aligncenter\"><img loading=\"lazy\" decoding=\"async\" class=\"wp-image-1275 size-full\" src=\"https:\/\/xmstonetools.com\/wp-content\/uploads\/2022\/11\/Stone-Diamond-Grinding-Cup-Wheel.jpg\" alt=\"Muela de diamante para piedra\" width=\"850\" height=\"194\" srcset=\"https:\/\/xmstonetools.com\/wp-content\/uploads\/2022\/11\/Stone-Diamond-Grinding-Cup-Wheel.jpg 850w, https:\/\/xmstonetools.com\/wp-content\/uploads\/2022\/11\/Stone-Diamond-Grinding-Cup-Wheel-800x183.jpg 800w, https:\/\/xmstonetools.com\/wp-content\/uploads\/2022\/11\/Stone-Diamond-Grinding-Cup-Wheel-768x175.jpg 768w, https:\/\/xmstonetools.com\/wp-content\/uploads\/2022\/11\/Stone-Diamond-Grinding-Cup-Wheel-600x137.jpg 600w\" sizes=\"auto, (max-width: 850px) 100vw, 850px\" \/><figcaption id=\"caption-attachment-1275\" class=\"wp-caption-text\">Muela de diamante para piedra<\/figcaption><\/figure>\n<figure id=\"attachment_1274\" aria-describedby=\"caption-attachment-1274\" style=\"width: 859px\" class=\"wp-caption aligncenter\"><img loading=\"lazy\" decoding=\"async\" class=\"wp-image-1274 size-full\" src=\"https:\/\/xmstonetools.com\/wp-content\/uploads\/2022\/11\/Stone-Diamond-Cup-Wheels.jpg\" alt=\"Piedra Diamante Copa Ruedas\" width=\"859\" height=\"190\" srcset=\"https:\/\/xmstonetools.com\/wp-content\/uploads\/2022\/11\/Stone-Diamond-Cup-Wheels.jpg 859w, https:\/\/xmstonetools.com\/wp-content\/uploads\/2022\/11\/Stone-Diamond-Cup-Wheels-800x177.jpg 800w, https:\/\/xmstonetools.com\/wp-content\/uploads\/2022\/11\/Stone-Diamond-Cup-Wheels-768x170.jpg 768w, https:\/\/xmstonetools.com\/wp-content\/uploads\/2022\/11\/Stone-Diamond-Cup-Wheels-600x133.jpg 600w\" sizes=\"auto, (max-width: 859px) 100vw, 859px\" \/><figcaption id=\"caption-attachment-1274\" class=\"wp-caption-text\">Piedra Diamante Copa Ruedas<\/figcaption><\/figure>","protected":false},"excerpt":{"rendered":"<p>90-100mm Diamante Muela Copa Hojas Para Moler Piedra \/ Hormig\u00f3n<\/p>\n<p>Caracter\u00edstica principal: 1.High eficaz, respetuoso del medio ambiente, operaci\u00f3n f\u00e1cil, ning\u00fan borde roto.<\/p>\n<p>2.Segmentos de diamante fabricados con diamante de alta calidad mediante t\u00e9cnicas avanzadas.<\/p>\n<p>3.Sin ca\u00edda de segmento, sin deformaci\u00f3n, silencioso y no silencioso para diferentes solicitudes de calidad.<\/p>\n<p>4.Alta f\u00f3rmula Forma M, forma K, forma c\u00f3nica, forma plana, forma T, forma U, etc.<\/p>\n<p>5.Hoja de diamante para un rendimiento duradero con un astillado m\u00ednimo<\/p>\n<p>6.Dise\u00f1o de m\u00faltiples orificios seg\u00fan los requisitos del cliente.<\/p>\n<div>\n<a href=\"#Quote-Button\" class=\"button primary is-large Inquiry-Button\" style=\"border-radius:99px;\">\n\t<i class=\"icon-heart\" aria-hidden=\"true\"><\/i>\t<span>Consulta<\/span>\n\t<\/a>\n\n<\/div>","protected":false},"featured_media":1270,"template":"","meta":[],"product_brand":[],"product_cat":[56],"product_tag":[83],"class_list":{"0":"post-1278","1":"product","2":"type-product","3":"status-publish","4":"has-post-thumbnail","6":"product_cat-stone-grinding-tools","7":"product_tag-grinding-cup-wheel","9":"first","10":"instock","11":"shipping-taxable","12":"product-type-simple"},"aioseo_notices":[],"_links":{"self":[{"href":"https:\/\/xmstonetools.com\/es\/wp-json\/wp\/v2\/product\/1278","targetHints":{"allow":["GET"]}}],"collection":[{"href":"https:\/\/xmstonetools.com\/es\/wp-json\/wp\/v2\/product"}],"about":[{"href":"https:\/\/xmstonetools.com\/es\/wp-json\/wp\/v2\/types\/product"}],"wp:featuredmedia":[{"embeddable":true,"href":"https:\/\/xmstonetools.com\/es\/wp-json\/wp\/v2\/media\/1270"}],"wp:attachment":[{"href":"https:\/\/xmstonetools.com\/es\/wp-json\/wp\/v2\/media?parent=1278"}],"wp:term":[{"taxonomy":"product_brand","embeddable":true,"href":"https:\/\/xmstonetools.com\/es\/wp-json\/wp\/v2\/product_brand?post=1278"},{"taxonomy":"product_cat","embeddable":true,"href":"https:\/\/xmstonetools.com\/es\/wp-json\/wp\/v2\/product_cat?post=1278"},{"taxonomy":"product_tag","embeddable":true,"href":"https:\/\/xmstonetools.com\/es\/wp-json\/wp\/v2\/product_tag?post=1278"}],"curies":[{"name":"wp","href":"https:\/\/api.w.org\/{rel}","templated":true}]}}