{"id":1290,"date":"2022-11-16T19:41:42","date_gmt":"2022-11-16T11:41:42","guid":{"rendered":"https:\/\/xmstonetools.com\/?post_type=product&#038;p=1290"},"modified":"2023-03-28T15:54:12","modified_gmt":"2023-03-28T07:54:12","slug":"sierra-de-hilo-diamantado-para-el-reavivado-de-bloques","status":"publish","type":"product","link":"https:\/\/xmstonetools.com\/es\/product\/sierra-de-hilo-diamantado-para-el-reavivado-de-bloques\/","title":{"rendered":"Sierras de hilo diamantado para el rectificado de bloques"},"content":{"rendered":"<table class=\"aliDataTable\">\n<tbody>\n<tr align=\"left\">\n<td valign=\"top\">Aplicaci\u00f3n<\/td>\n<td valign=\"top\">1.Para cantera de piedra, escuadrado y biselado de bloques, corte de perfiles<\/p>\n<p>2.Para cortar hormig\u00f3n armado<\/td>\n<\/tr>\n<tr align=\"left\">\n<td valign=\"top\">Di\u00e1metro de la sierra de hilo<\/td>\n<td valign=\"top\">7,2 mm, 8,0 mm, 8,5 mm, 9,0 mm, 11,0 mm, 11,5 mm<\/td>\n<\/tr>\n<tr align=\"left\">\n<td valign=\"top\">Tecnolog\u00eda<\/td>\n<td valign=\"top\">Sinterizado, galvanoplastia, soldadura al vac\u00edo<\/td>\n<\/tr>\n<tr align=\"left\">\n<td valign=\"top\">Revestimiento Inyecci\u00f3n fija<\/td>\n<td valign=\"top\">Pl\u00e1stico,Caucho,Muelle,Caucho+Muelle,Pl\u00e1stico+Muelle<\/td>\n<\/tr>\n<tr align=\"left\">\n<td valign=\"top\">Cuentas\/Metro<\/td>\n<td valign=\"top\">40\/37\/33\/28\/26unidades<\/td>\n<\/tr>\n<tr align=\"left\">\n<td valign=\"top\">Atenci\u00f3n<\/td>\n<td valign=\"top\">l. Comprobar la sierra regularmente y ajustarla a tiempo.<\/p>\n<p>2.Comprobaci\u00f3n peri\u00f3dica de la abrasi\u00f3n de la perla, para evitar el desgaste exc\u00e9ntrico.<br \/>\n3. Comprobar la junta regularmente y ajustarla a tiempo.<br \/>\n4. La tensi\u00f3n de las cuerdas es 250-300kg(\u03a64-5mm cuerdas)<br \/>\n5. El suministro de agua es de unos 15-25L\/min<\/td>\n<\/tr>\n<tr align=\"left\">\n<td valign=\"top\">\u00a0Caracter\u00edstica<\/td>\n<td valign=\"top\">\n<div>1.Muy menor ratio de rotura al usar por lo tanto aumentar la vida \u00fatil de trabajo.<br \/>\n2.La producci\u00f3n autom\u00e1tica garantiza un rendimiento de calidad estable.<br \/>\n3.Seguro, de alta eficiencia y protecci\u00f3n del medio ambiente.<\/div>\n<\/td>\n<\/tr>\n<\/tbody>\n<\/table>\n<div><\/div>\n<div data-spm-anchor-id=\"a2700.details.0.i12.4d8747faaoIfJr\">\n<table class=\"aliDataTable\">\n<tbody>\n<tr align=\"left\">\n<td valign=\"center\">Di\u00e1metro (mm)<\/td>\n<td valign=\"center\">Aplicaciones<\/td>\n<td valign=\"center\">Revestimiento<\/td>\n<td valign=\"center\">Cuenta\/m<\/td>\n<td valign=\"center\">Velocidad de corte(m2\/h)<\/td>\n<td valign=\"center\">Vida \u00fatil del alambre(m2\/m)<\/td>\n<\/tr>\n<tr align=\"left\">\n<td valign=\"center\">\u03a6 11. 5 \/ \u03a6 10.5<\/td>\n<td valign=\"center\">Hormig\u00f3n armado<\/td>\n<td valign=\"center\">caucho+resorte<\/td>\n<td valign=\"center\">40<\/td>\n<td valign=\"center\">0.5-5<\/td>\n<td valign=\"center\">0.5-8<\/td>\n<\/tr>\n<tr align=\"left\">\n<td valign=\"center\">\u03a6 11.5\/ \u03a6 11.0<\/td>\n<td valign=\"center\">Mina\/cantera de granito<\/td>\n<td valign=\"center\">caucho\/goma+resorte<\/td>\n<td valign=\"center\">40<\/td>\n<td valign=\"center\">2-12<\/td>\n<td valign=\"center\">7-22<\/td>\n<\/tr>\n<tr align=\"left\">\n<td valign=\"center\">\u03a6 11.5\/ \u03a6 11.0\/ \u03a6 10.5<\/td>\n<td valign=\"center\">Mina\/cantera de m\u00e1rmol<\/td>\n<td valign=\"center\">muelle\/muelle+pl\u00e1stico<\/td>\n<td valign=\"center\">28-40<\/td>\n<td valign=\"center\">4-20<\/td>\n<td valign=\"center\">15-50<\/td>\n<\/tr>\n<tr align=\"left\">\n<td valign=\"center\">\u03a6 11.0\/10.5<\/td>\n<td valign=\"center\">Bloques de granito y m\u00e1rmol<\/td>\n<td valign=\"center\">pl\u00e1stico\/goma<\/td>\n<td valign=\"center\">37\/40<\/td>\n<td valign=\"center\">6-30<\/td>\n<td valign=\"center\">7-50<\/td>\n<\/tr>\n<tr align=\"left\">\n<td valign=\"center\">\u03a6 8.8\/ \u03a6 8. 5<\/td>\n<td valign=\"center\">Perfilado de granito y m\u00e1rmol<\/td>\n<td valign=\"center\">pl\u00e1stico\/goma<\/td>\n<td valign=\"center\">33\/37\/40<\/td>\n<td valign=\"center\">7-30<\/td>\n<td valign=\"center\">7-40<\/td>\n<\/tr>\n<tr align=\"left\">\n<td valign=\"center\">\u03a6 7. 2 \/ \u03a6 8.5<\/td>\n<td valign=\"center\">Losa de granito<\/td>\n<td valign=\"center\">pl\u00e1stico<\/td>\n<td valign=\"center\">37<\/td>\n<td valign=\"center\">0.5-1.6<\/td>\n<td valign=\"center\">6-15<\/td>\n<\/tr>\n<\/tbody>\n<\/table>\n<div><\/div>\n<figure id=\"attachment_1286\" aria-describedby=\"caption-attachment-1286\" style=\"width: 811px\" class=\"wp-caption aligncenter\"><img loading=\"lazy\" decoding=\"async\" class=\"wp-image-1286 size-full\" src=\"https:\/\/xmstonetools.com\/wp-content\/uploads\/2022\/11\/Diamond-Wire-Saw-For-Block-Dressing-1.jpg\" alt=\"Sierra de hilo diamantado para rectificado de bloques-1\" width=\"811\" height=\"477\" srcset=\"https:\/\/xmstonetools.com\/wp-content\/uploads\/2022\/11\/Diamond-Wire-Saw-For-Block-Dressing-1.jpg 811w, https:\/\/xmstonetools.com\/wp-content\/uploads\/2022\/11\/Diamond-Wire-Saw-For-Block-Dressing-1-680x400.jpg 680w, https:\/\/xmstonetools.com\/wp-content\/uploads\/2022\/11\/Diamond-Wire-Saw-For-Block-Dressing-1-768x452.jpg 768w, https:\/\/xmstonetools.com\/wp-content\/uploads\/2022\/11\/Diamond-Wire-Saw-For-Block-Dressing-1-600x353.jpg 600w\" sizes=\"auto, (max-width: 811px) 100vw, 811px\" \/><figcaption id=\"caption-attachment-1286\" class=\"wp-caption-text\">Sierra de hilo diamantado para rectificado de bloques-1<\/figcaption><\/figure>\n<figure id=\"attachment_1284\" aria-describedby=\"caption-attachment-1284\" style=\"width: 797px\" class=\"wp-caption aligncenter\"><img loading=\"lazy\" decoding=\"async\" class=\"wp-image-1284 size-full\" src=\"https:\/\/xmstonetools.com\/wp-content\/uploads\/2022\/11\/Diamond-Rope-Saw-For-Block-Profiling-1.jpg\" alt=\"Sierra de cable diamantado para perfilado de bloques-1\" width=\"797\" height=\"745\" srcset=\"https:\/\/xmstonetools.com\/wp-content\/uploads\/2022\/11\/Diamond-Rope-Saw-For-Block-Profiling-1.jpg 797w, https:\/\/xmstonetools.com\/wp-content\/uploads\/2022\/11\/Diamond-Rope-Saw-For-Block-Profiling-1-428x400.jpg 428w, https:\/\/xmstonetools.com\/wp-content\/uploads\/2022\/11\/Diamond-Rope-Saw-For-Block-Profiling-1-768x718.jpg 768w, https:\/\/xmstonetools.com\/wp-content\/uploads\/2022\/11\/Diamond-Rope-Saw-For-Block-Profiling-1-600x561.jpg 600w\" sizes=\"auto, (max-width: 797px) 100vw, 797px\" \/><figcaption id=\"caption-attachment-1284\" class=\"wp-caption-text\">Sierra de cable diamantado para perfilado de bloques-1<\/figcaption><\/figure>\n<figure id=\"attachment_1281\" aria-describedby=\"caption-attachment-1281\" style=\"width: 798px\" class=\"wp-caption aligncenter\"><img loading=\"lazy\" decoding=\"async\" class=\"wp-image-1281 size-full\" src=\"https:\/\/xmstonetools.com\/wp-content\/uploads\/2022\/11\/Advantage-Wire-Saw-For-Block-Profiling-Dressing-1.jpg\" alt=\"Sierra de hilo Advantage para perfilado de bloques Dressing-1\" width=\"798\" height=\"713\" srcset=\"https:\/\/xmstonetools.com\/wp-content\/uploads\/2022\/11\/Advantage-Wire-Saw-For-Block-Profiling-Dressing-1.jpg 798w, https:\/\/xmstonetools.com\/wp-content\/uploads\/2022\/11\/Advantage-Wire-Saw-For-Block-Profiling-Dressing-1-448x400.jpg 448w, https:\/\/xmstonetools.com\/wp-content\/uploads\/2022\/11\/Advantage-Wire-Saw-For-Block-Profiling-Dressing-1-768x686.jpg 768w, https:\/\/xmstonetools.com\/wp-content\/uploads\/2022\/11\/Advantage-Wire-Saw-For-Block-Profiling-Dressing-1-600x536.jpg 600w\" sizes=\"auto, (max-width: 798px) 100vw, 798px\" \/><figcaption id=\"caption-attachment-1281\" class=\"wp-caption-text\">Sierra de hilo Advantage para perfilado de bloques Dressing-1<\/figcaption><\/figure>\n<figure id=\"attachment_1282\" aria-describedby=\"caption-attachment-1282\" style=\"width: 797px\" class=\"wp-caption aligncenter\"><img loading=\"lazy\" decoding=\"async\" class=\"wp-image-1282 size-full\" src=\"https:\/\/xmstonetools.com\/wp-content\/uploads\/2022\/11\/Advantage-Wire-Saw-For-Block-Profiling-Dressing-2.jpg\" alt=\"Sierra de hilo Advantage para el perfilado de bloques Dressing-2\" width=\"797\" height=\"309\" srcset=\"https:\/\/xmstonetools.com\/wp-content\/uploads\/2022\/11\/Advantage-Wire-Saw-For-Block-Profiling-Dressing-2.jpg 797w, https:\/\/xmstonetools.com\/wp-content\/uploads\/2022\/11\/Advantage-Wire-Saw-For-Block-Profiling-Dressing-2-768x298.jpg 768w, https:\/\/xmstonetools.com\/wp-content\/uploads\/2022\/11\/Advantage-Wire-Saw-For-Block-Profiling-Dressing-2-600x233.jpg 600w\" sizes=\"auto, (max-width: 797px) 100vw, 797px\" \/><figcaption id=\"caption-attachment-1282\" class=\"wp-caption-text\">Sierra de hilo Advantage para el perfilado de bloques Dressing-2<\/figcaption><\/figure>\n<figure id=\"attachment_1288\" aria-describedby=\"caption-attachment-1288\" style=\"width: 749px\" class=\"wp-caption aligncenter\"><img loading=\"lazy\" decoding=\"async\" class=\"wp-image-1288 size-full\" src=\"https:\/\/xmstonetools.com\/wp-content\/uploads\/2022\/11\/Packing-and-Shipping-of-Profiling-wire-saw.jpg\" alt=\"Embalaje y env\u00edo de la sierra de hilo perfiladora\" width=\"749\" height=\"799\" srcset=\"https:\/\/xmstonetools.com\/wp-content\/uploads\/2022\/11\/Packing-and-Shipping-of-Profiling-wire-saw.jpg 749w, https:\/\/xmstonetools.com\/wp-content\/uploads\/2022\/11\/Packing-and-Shipping-of-Profiling-wire-saw-375x400.jpg 375w, https:\/\/xmstonetools.com\/wp-content\/uploads\/2022\/11\/Packing-and-Shipping-of-Profiling-wire-saw-600x640.jpg 600w\" sizes=\"auto, (max-width: 749px) 100vw, 749px\" \/><figcaption id=\"caption-attachment-1288\" class=\"wp-caption-text\">Embalaje y env\u00edo de la sierra de hilo perfiladora<\/figcaption><\/figure>\n<\/div>","protected":false},"excerpt":{"rendered":"<p>Sierra de hilo diamantado para el rectificado de bloques:<\/p>\n<p>Recomendamos alambre de pl\u00e1stico, se puede utilizar para diseccionar granito m\u00e1rmol.<\/p>\n<p>Puede cortar con precisi\u00f3n con un espacio intermedio peque\u00f1o.<\/p>\n<p>Puede cortar el bloque con el espesor de 2.3M<\/p>\n<p>Sierra de hilo diamantado para perfilado :<\/p>\n<p>Recomendamos el alambre de pl\u00e1stico para operaciones de conformado ofrece una enorme gama de posibilidades<\/p>\n<p>Produce una superficie lisa y tama\u00f1os precisos con un espacio intermedio peque\u00f1o.<\/p>\n<p>Las columnas y elementos para la construcci\u00f3n pueden fabricarse de forma mucho m\u00e1s econ\u00f3mica.<\/p>\n<a href=\"#Quote-Button\" class=\"button primary is-large Inquiry-Button\" style=\"border-radius:99px;\">\n\t<i class=\"icon-heart\" aria-hidden=\"true\"><\/i>\t<span>Consulta<\/span>\n\t<\/a>","protected":false},"featured_media":1285,"template":"","meta":[],"product_brand":[],"product_cat":[61],"product_tag":[69,80,84],"class_list":{"0":"post-1290","1":"product","2":"type-product","3":"status-publish","4":"has-post-thumbnail","6":"product_cat-diamond-wire-saw","7":"product_tag-diamond-wire-saw","8":"product_tag-granite-wire-saw","9":"product_tag-profiling-wire-saw","11":"first","12":"instock","13":"shipping-taxable","14":"product-type-simple"},"aioseo_notices":[],"_links":{"self":[{"href":"https:\/\/xmstonetools.com\/es\/wp-json\/wp\/v2\/product\/1290","targetHints":{"allow":["GET"]}}],"collection":[{"href":"https:\/\/xmstonetools.com\/es\/wp-json\/wp\/v2\/product"}],"about":[{"href":"https:\/\/xmstonetools.com\/es\/wp-json\/wp\/v2\/types\/product"}],"wp:featuredmedia":[{"embeddable":true,"href":"https:\/\/xmstonetools.com\/es\/wp-json\/wp\/v2\/media\/1285"}],"wp:attachment":[{"href":"https:\/\/xmstonetools.com\/es\/wp-json\/wp\/v2\/media?parent=1290"}],"wp:term":[{"taxonomy":"product_brand","embeddable":true,"href":"https:\/\/xmstonetools.com\/es\/wp-json\/wp\/v2\/product_brand?post=1290"},{"taxonomy":"product_cat","embeddable":true,"href":"https:\/\/xmstonetools.com\/es\/wp-json\/wp\/v2\/product_cat?post=1290"},{"taxonomy":"product_tag","embeddable":true,"href":"https:\/\/xmstonetools.com\/es\/wp-json\/wp\/v2\/product_tag?post=1290"}],"curies":[{"name":"wp","href":"https:\/\/api.w.org\/{rel}","templated":true}]}}