{"id":1299,"date":"2022-11-16T22:23:11","date_gmt":"2022-11-16T14:23:11","guid":{"rendered":"https:\/\/xmstonetools.com\/?post_type=product&#038;p=1299"},"modified":"2023-03-28T15:53:58","modified_gmt":"2023-03-28T07:53:58","slug":"sierra-de-hilo-para-escuadrar-piedra","status":"publish","type":"product","link":"https:\/\/xmstonetools.com\/es\/product\/sierra-de-hilo-para-escuadrar-piedra\/","title":{"rendered":"Sierra de hilo para escuadrar piedra"},"content":{"rendered":"<div class=\"J_module\">\n<div class=\"ife-detail-decorate-table\">\n<table class=\"has-title all magic-11\">\n<tbody>\n<tr>\n<td colspan=\"1\" rowspan=\"1\">\n<div class=\"magic-12\">Aplicaci\u00f3n<\/div>\n<\/td>\n<td colspan=\"1\" rowspan=\"1\">\n<div class=\"magic-13\">1.Para cantera de piedra, escuadrado y biselado de bloques, corte de perfiles<br \/>\n2.Para cortar hormig\u00f3n armado<\/div>\n<\/td>\n<\/tr>\n<tr>\n<td colspan=\"1\" rowspan=\"1\">\n<div class=\"magic-12\">Di\u00e1metro de la sierra de hilo<\/div>\n<\/td>\n<td colspan=\"1\" rowspan=\"1\">\n<div class=\"magic-13\">5.3mm,6.3mm.7.3mm, 8.0mm, 9.0mm,11.0mm,11.5mm\uff0c12.5mm<\/div>\n<\/td>\n<\/tr>\n<tr>\n<td colspan=\"1\" rowspan=\"1\">\n<div class=\"magic-12\">Tecnolog\u00eda<\/div>\n<\/td>\n<td colspan=\"1\" rowspan=\"1\">\n<div class=\"magic-13\">Sinterizado, electrodeposici\u00f3n, soldadura al vac\u00edo<\/div>\n<\/td>\n<\/tr>\n<tr>\n<td colspan=\"1\" rowspan=\"1\">\n<div class=\"magic-12\">Revestimiento Inyecci\u00f3n fija<\/div>\n<\/td>\n<td colspan=\"1\" rowspan=\"1\">\n<div class=\"magic-13\">Pl\u00e1stico, Caucho, Muelle, Caucho+Muelle, Pl\u00e1stico+Muelle<\/div>\n<\/td>\n<\/tr>\n<tr>\n<td colspan=\"1\" rowspan=\"1\">\n<div class=\"magic-12\">Cuentas\/Metro<\/div>\n<\/td>\n<td colspan=\"1\" rowspan=\"1\">\n<div class=\"magic-13\">40\/37\/33\/28\/26 piezas<\/div>\n<\/td>\n<\/tr>\n<tr>\n<td colspan=\"1\" rowspan=\"1\">\n<div class=\"magic-12\">Atenci\u00f3n<\/div>\n<\/td>\n<td colspan=\"1\" rowspan=\"1\">\n<div class=\"magic-13\">l. Comprobar la sierra regularmente y ajustarla a tiempo.<br \/>\n2.Comprobaci\u00f3n peri\u00f3dica de la abrasi\u00f3n de la perla, para evitar el desgaste exc\u00e9ntrico.<br \/>\n3. Comprobar la junta regularmente y ajustarla a tiempo.<br \/>\n4. La tensi\u00f3n de las cuerdas es 250-300kg(\u03a64-5mm cuerdas)<br \/>\n5. El suministro de agua es de unos 15-25L\/min<\/div>\n<\/td>\n<\/tr>\n<tr>\n<td colspan=\"1\" rowspan=\"1\">\n<div class=\"magic-12\">\u00a0Caracter\u00edstica<\/div>\n<\/td>\n<td colspan=\"1\" rowspan=\"1\">\n<div class=\"magic-13\">1.Muy menor ratio de rotura al usar por lo tanto aumentar la vida \u00fatil de trabajo.<br \/>\n2.La producci\u00f3n autom\u00e1tica garantiza un rendimiento de calidad estable.<br \/>\n3.Seguro, de alta eficiencia y protecci\u00f3n del medio ambiente.<\/div>\n<\/td>\n<\/tr>\n<\/tbody>\n<\/table>\n<figure id=\"attachment_1292\" aria-describedby=\"caption-attachment-1292\" style=\"width: 750px\" class=\"wp-caption aligncenter\"><img loading=\"lazy\" decoding=\"async\" class=\"wp-image-1292 size-full\" src=\"https:\/\/xmstonetools.com\/wp-content\/uploads\/2022\/11\/Applications-of-Squaring-Wire-Rope-Saw.jpg\" alt=\"Aplicaciones de la sierra de cable\" width=\"750\" height=\"532\" srcset=\"https:\/\/xmstonetools.com\/wp-content\/uploads\/2022\/11\/Applications-of-Squaring-Wire-Rope-Saw.jpg 750w, https:\/\/xmstonetools.com\/wp-content\/uploads\/2022\/11\/Applications-of-Squaring-Wire-Rope-Saw-564x400.jpg 564w, https:\/\/xmstonetools.com\/wp-content\/uploads\/2022\/11\/Applications-of-Squaring-Wire-Rope-Saw-600x426.jpg 600w\" sizes=\"auto, (max-width: 750px) 100vw, 750px\" \/><figcaption id=\"caption-attachment-1292\" class=\"wp-caption-text\">Aplicaciones de la sierra de cable<\/figcaption><\/figure>\n<figure id=\"attachment_1297\" aria-describedby=\"caption-attachment-1297\" style=\"width: 750px\" class=\"wp-caption aligncenter\"><img loading=\"lazy\" decoding=\"async\" class=\"wp-image-1297 size-full\" src=\"https:\/\/xmstonetools.com\/wp-content\/uploads\/2022\/11\/Stone-Squaring-Wire-Saw-Production-Details.jpg\" alt=\"Sierra de hilo para escuadrar piedra Detalles de la producci\u00f3n\" width=\"750\" height=\"279\" srcset=\"https:\/\/xmstonetools.com\/wp-content\/uploads\/2022\/11\/Stone-Squaring-Wire-Saw-Production-Details.jpg 750w, https:\/\/xmstonetools.com\/wp-content\/uploads\/2022\/11\/Stone-Squaring-Wire-Saw-Production-Details-600x223.jpg 600w\" sizes=\"auto, (max-width: 750px) 100vw, 750px\" \/><figcaption id=\"caption-attachment-1297\" class=\"wp-caption-text\">Sierra de hilo para escuadrar piedra Detalles de la producci\u00f3n<\/figcaption><\/figure>\n<figure id=\"attachment_1298\" aria-describedby=\"caption-attachment-1298\" style=\"width: 750px\" class=\"wp-caption aligncenter\"><img loading=\"lazy\" decoding=\"async\" class=\"wp-image-1298 size-full\" src=\"https:\/\/xmstonetools.com\/wp-content\/uploads\/2022\/11\/Stone-Squaring-Wire-Saw-Production-Details-2.png\" alt=\"Escuadrado de piedra sierra de alambre Producci\u00f3n Details-2\" width=\"750\" height=\"508\" srcset=\"https:\/\/xmstonetools.com\/wp-content\/uploads\/2022\/11\/Stone-Squaring-Wire-Saw-Production-Details-2.png 750w, https:\/\/xmstonetools.com\/wp-content\/uploads\/2022\/11\/Stone-Squaring-Wire-Saw-Production-Details-2-591x400.png 591w, https:\/\/xmstonetools.com\/wp-content\/uploads\/2022\/11\/Stone-Squaring-Wire-Saw-Production-Details-2-600x406.png 600w\" sizes=\"auto, (max-width: 750px) 100vw, 750px\" \/><figcaption id=\"caption-attachment-1298\" class=\"wp-caption-text\">Escuadrado de piedra sierra de alambre Producci\u00f3n Details-2<\/figcaption><\/figure>\n<\/div>\n<\/div>\n<div class=\"J_module\">\n<div class=\"icbu-pc-images magic-6\">\n<div>\n<div class=\"flex-layout-v\">\n<div class=\"flex-layout-h magic-6\"><\/div>\n<\/div>\n<\/div>\n<\/div>\n<\/div>","protected":false},"excerpt":{"rendered":"<h3 class=\"magic-5\"><span data-spm-anchor-id=\"a2700.details.0.i9.4eb27889zgIkmr\">Sierra de hilo diamantado para escuadrar bloques:<\/span><\/h3>\n<div class=\"magic-2\">\n<div class=\"magic-3\">\n<div class=\"magic-4\">Recomendamos alambre de pl\u00e1stico, se puede utilizar para diseccionar granito m\u00e1rmol.<br \/>\nPuede cortar con precisi\u00f3n con un espacio intermedio peque\u00f1o.<br \/>\nPuede cortar el bloque con el espesor de 2.3M.<\/div>\n<div>1.OFRECEN UNA SOLUCI\u00d3N INTEGRAL PARA EL CORTE.<br \/>\n2.FACTORY PRECIO AL POR MAYOR \/ MOQ BAJO.<br \/>\n3.UNO DE LOS MAYORES FABRICANTES DE HERRAMIENTAS DIAMANTADAS DE CHINA.<br \/>\n4.SIERRA DE HILO DE DIAMANTE Y M\u00c1QUINAS DE SIERRA DE HILO DE DIAMANTE OFERTA.<br \/>\n5.ODM &amp; OEM ACEPTAR \/ PRECIO COMPETITIVO EN EL MERCADO.<\/div>\n<div><\/div>\n<\/div>\n<div><a href=\"#Quote-Button\" class=\"button primary is-large Inquiry-Button\" style=\"border-radius:99px;\">\n\t<i class=\"icon-heart\" aria-hidden=\"true\"><\/i>\t<span>Consulta<\/span>\n\t<\/a>\n<\/div>\n<\/div>","protected":false},"featured_media":1293,"template":"","meta":[],"product_brand":[],"product_cat":[61,55],"product_tag":[68,69,80],"class_list":{"0":"post-1299","1":"product","2":"type-product","3":"status-publish","4":"has-post-thumbnail","6":"product_cat-diamond-wire-saw","7":"product_cat-stone-cutting-tools","8":"product_tag-diamond-rope-saw","9":"product_tag-diamond-wire-saw","10":"product_tag-granite-wire-saw","12":"first","13":"instock","14":"shipping-taxable","15":"product-type-simple"},"aioseo_notices":[],"_links":{"self":[{"href":"https:\/\/xmstonetools.com\/es\/wp-json\/wp\/v2\/product\/1299","targetHints":{"allow":["GET"]}}],"collection":[{"href":"https:\/\/xmstonetools.com\/es\/wp-json\/wp\/v2\/product"}],"about":[{"href":"https:\/\/xmstonetools.com\/es\/wp-json\/wp\/v2\/types\/product"}],"wp:featuredmedia":[{"embeddable":true,"href":"https:\/\/xmstonetools.com\/es\/wp-json\/wp\/v2\/media\/1293"}],"wp:attachment":[{"href":"https:\/\/xmstonetools.com\/es\/wp-json\/wp\/v2\/media?parent=1299"}],"wp:term":[{"taxonomy":"product_brand","embeddable":true,"href":"https:\/\/xmstonetools.com\/es\/wp-json\/wp\/v2\/product_brand?post=1299"},{"taxonomy":"product_cat","embeddable":true,"href":"https:\/\/xmstonetools.com\/es\/wp-json\/wp\/v2\/product_cat?post=1299"},{"taxonomy":"product_tag","embeddable":true,"href":"https:\/\/xmstonetools.com\/es\/wp-json\/wp\/v2\/product_tag?post=1299"}],"curies":[{"name":"wp","href":"https:\/\/api.w.org\/{rel}","templated":true}]}}