{"id":1304,"date":"2022-11-17T09:01:57","date_gmt":"2022-11-17T01:01:57","guid":{"rendered":"https:\/\/xmstonetools.com\/?post_type=product&#038;p=1304"},"modified":"2023-03-28T15:52:55","modified_gmt":"2023-03-28T07:52:55","slug":"sierra-de-cable-diamantada-recubierta-de-plastico","status":"publish","type":"product","link":"https:\/\/xmstonetools.com\/es\/product\/sierra-de-cable-diamantada-recubierta-de-plastico\/","title":{"rendered":"Sierra de cable diamantada recubierta de pl\u00e1stico"},"content":{"rendered":"<div class=\"J_module\">\n<div class=\"detail-decorate-json-renderer-container\">\n<div class=\"magic-1\">\n<div class=\"magic-2\">\n<div class=\"magic-3\">\n<div class=\"magic-4\">\n<p class=\"magic-5\" data-spm-anchor-id=\"a2700.details.0.i8.6aa63b23XyWRdG\">Diametro 8.5mm Sierra de hilo diamantado para granito marmol piedra corte y perfilado<br \/>\nAplicaciones y caracter\u00edsticas: para la sierra de hilo de diamante para canteras de m\u00e1rmol y corte de hormig\u00f3n. Diferentes cuentas de di\u00e1metro de 8,5 mm, 10,5 mm y 11,0 mm est\u00e1n disponibles; Con corte r\u00e1pido, de larga duraci\u00f3n, ahorro de energ\u00eda y respetuoso del medio ambiente.<\/p>\n<\/div>\n<\/div>\n<\/div>\n<\/div>\n<\/div>\n<\/div>\n<div class=\"J_module\">\n<div class=\"ife-detail-decorate-table\">\n<table class=\"has-title all magic-6\">\n<tbody>\n<tr>\n<td>\n<div class=\"magic-7\">Di\u00e1metro (mm)<\/div>\n<\/td>\n<td>\n<div class=\"magic-8\">Aplicaciones<\/div>\n<\/td>\n<td>\n<div class=\"magic-9\">Revestimiento<\/div>\n<\/td>\n<td>\n<div class=\"magic-10\">Cuenta\/m<\/div>\n<\/td>\n<td>\n<div class=\"magic-11\">Velocidad de corte(m2\/h)<\/div>\n<\/td>\n<td>\n<div class=\"magic-12\">Vida \u00fatil del alambre(m2\/m)<\/div>\n<\/td>\n<\/tr>\n<tr>\n<td>\n<div class=\"magic-7\">\u03a611.5\/\u03a610.5<\/div>\n<\/td>\n<td>\n<div class=\"magic-8\">Hormig\u00f3n armado<\/div>\n<\/td>\n<td>\n<div class=\"magic-9\">caucho+resorte<\/div>\n<\/td>\n<td>\n<div class=\"magic-10\">40<\/div>\n<\/td>\n<td>\n<div class=\"magic-11\">0.5-5<\/div>\n<\/td>\n<td>\n<div class=\"magic-11\">0.5-8<\/div>\n<\/td>\n<\/tr>\n<tr>\n<td>\n<div class=\"magic-7\">\u03a611.5\/\u03a611.0<\/div>\n<\/td>\n<td>\n<div class=\"magic-8\">Mina\/cantera de granito<\/div>\n<\/td>\n<td>\n<div class=\"magic-9\">caucho\/goma+resorte<\/div>\n<\/td>\n<td>\n<div class=\"magic-10\">40<\/div>\n<\/td>\n<td>\n<div class=\"magic-11\">2-12<\/div>\n<\/td>\n<td>\n<div class=\"magic-11\">7-22<\/div>\n<\/td>\n<\/tr>\n<tr>\n<td>\n<div class=\"magic-7\">\u03a611.5\/\u03a611.0\/\u03a610.5<\/div>\n<\/td>\n<td>\n<div class=\"magic-8\">Mina\/cantera de m\u00e1rmol<\/div>\n<\/td>\n<td>\n<div class=\"magic-9\">muelle\/muelle+pl\u00e1stico<\/div>\n<\/td>\n<td>\n<div class=\"magic-10\">28-40<\/div>\n<\/td>\n<td>\n<div class=\"magic-11\">4-20<\/div>\n<\/td>\n<td>\n<div class=\"magic-11\">15-50<\/div>\n<\/td>\n<\/tr>\n<tr>\n<td>\n<div class=\"magic-7\">\u03a611.0\/10.5<\/div>\n<\/td>\n<td>\n<div class=\"magic-8\">Granito y m\u00e1rmol<\/div>\n<\/td>\n<td>\n<div class=\"magic-9\">Pl\u00e1stico\/goma<\/div>\n<\/td>\n<td>\n<div class=\"magic-10\">37\/40<\/div>\n<\/td>\n<td>\n<div class=\"magic-11\">6-30<\/div>\n<\/td>\n<td>\n<div class=\"magic-11\">7-50<\/div>\n<\/td>\n<\/tr>\n<tr>\n<td>\n<div class=\"magic-7\">\u03a68.8\/\u03a68.5<\/div>\n<\/td>\n<td>\n<div class=\"magic-8\">Perfilado de granito y m\u00e1rmol<\/div>\n<\/td>\n<td>\n<div class=\"magic-9\">pl\u00e1stico\/goma<\/div>\n<\/td>\n<td>\n<div class=\"magic-10\">33\/37\/40<\/div>\n<\/td>\n<td>\n<div class=\"magic-11\">7-30<\/div>\n<\/td>\n<td>\n<div class=\"magic-11\">7-40<\/div>\n<\/td>\n<\/tr>\n<tr>\n<td>\n<div class=\"magic-7\">\u03a67.2\/\u03a68.5<\/div>\n<\/td>\n<td>\n<div class=\"magic-8\">Losa de granito<\/div>\n<\/td>\n<td>\n<div class=\"magic-9\">pl\u00e1stico<\/div>\n<\/td>\n<td>\n<div class=\"magic-10\">37<\/div>\n<\/td>\n<td>\n<div class=\"magic-11\">0.5-1.6<\/div>\n<\/td>\n<td>\n<div class=\"magic-11\">6-15<\/div>\n<\/td>\n<\/tr>\n<\/tbody>\n<\/table>\n<\/div>\n<\/div>","protected":false},"excerpt":{"rendered":"<p>Sierra de hilo diamantado para perfilado :<br \/>\nRecomendamos el alambre de pl\u00e1stico para operaciones de conformado ofrece una enorme gama de posibilidades<br \/>\nProduce una superficie lisa y tama\u00f1os precisos con un espacio intermedio peque\u00f1o.<br \/>\nLas columnas y elementos para la construcci\u00f3n pueden fabricarse de forma mucho m\u00e1s econ\u00f3mica.<\/p>\n<a href=\"#Quote-Button\" class=\"button primary is-large Inquiry-Button\" style=\"border-radius:99px;\">\n\t<i class=\"icon-heart\" aria-hidden=\"true\"><\/i>\t<span>Consulta<\/span>\n\t<\/a>","protected":false},"featured_media":1302,"template":"","meta":[],"product_brand":[],"product_cat":[61,55],"product_tag":[69,70,85],"class_list":{"0":"post-1304","1":"product","2":"type-product","3":"status-publish","4":"has-post-thumbnail","6":"product_cat-diamond-wire-saw","7":"product_cat-stone-cutting-tools","8":"product_tag-diamond-wire-saw","9":"product_tag-granite-profiling-tools","10":"product_tag-plastic-wire-saw","12":"first","13":"instock","14":"shipping-taxable","15":"product-type-simple"},"aioseo_notices":[],"_links":{"self":[{"href":"https:\/\/xmstonetools.com\/es\/wp-json\/wp\/v2\/product\/1304","targetHints":{"allow":["GET"]}}],"collection":[{"href":"https:\/\/xmstonetools.com\/es\/wp-json\/wp\/v2\/product"}],"about":[{"href":"https:\/\/xmstonetools.com\/es\/wp-json\/wp\/v2\/types\/product"}],"wp:featuredmedia":[{"embeddable":true,"href":"https:\/\/xmstonetools.com\/es\/wp-json\/wp\/v2\/media\/1302"}],"wp:attachment":[{"href":"https:\/\/xmstonetools.com\/es\/wp-json\/wp\/v2\/media?parent=1304"}],"wp:term":[{"taxonomy":"product_brand","embeddable":true,"href":"https:\/\/xmstonetools.com\/es\/wp-json\/wp\/v2\/product_brand?post=1304"},{"taxonomy":"product_cat","embeddable":true,"href":"https:\/\/xmstonetools.com\/es\/wp-json\/wp\/v2\/product_cat?post=1304"},{"taxonomy":"product_tag","embeddable":true,"href":"https:\/\/xmstonetools.com\/es\/wp-json\/wp\/v2\/product_tag?post=1304"}],"curies":[{"name":"wp","href":"https:\/\/api.w.org\/{rel}","templated":true}]}}