{"id":1333,"date":"2022-11-25T17:04:01","date_gmt":"2022-11-25T09:04:01","guid":{"rendered":"https:\/\/xmstonetools.com\/?post_type=product&#038;p=1333"},"modified":"2023-03-28T15:52:47","modified_gmt":"2023-03-28T07:52:47","slug":"rueda-calibradora-silenciosa-de-granito-y-marmol","status":"publish","type":"product","link":"https:\/\/xmstonetools.com\/es\/product\/rueda-calibradora-silenciosa-de-granito-y-marmol\/","title":{"rendered":"Rueda Calibradora Silenciosa M\u00e1rmol Granito"},"content":{"rendered":"<div style=\"text-align: center;\"><span data-spm-anchor-id=\"a2700.wholesale.0.i27.67976747o6F3Yu\">Especificaci\u00f3n de las muelas calibradoras silenciosas de diamante:<\/span><\/div>\n<table style=\"height: 385px;\" border=\"1\" width=\"662\" align=\"left\">\n<tbody>\n<tr>\n<td rowspan=\"2\" valign=\"center\">Di\u00e1metro<\/td>\n<td rowspan=\"2\" valign=\"center\">Anchura de la muela<\/td>\n<td colspan=\"3\" valign=\"center\">Tama\u00f1o del segmento<\/td>\n<td rowspan=\"2\" valign=\"center\">Casco<\/td>\n<td rowspan=\"2\" valign=\"center\">Taladro<\/td>\n<\/tr>\n<tr>\n<td valign=\"center\">largo<\/td>\n<td valign=\"center\">ancho<\/td>\n<td valign=\"center\">alta<\/td>\n<\/tr>\n<tr>\n<td valign=\"center\">300 mm<\/td>\n<td rowspan=\"5\" valign=\"center\">30 mm<\/p>\n<p>40 mm<\/p>\n<p>50 mm<\/td>\n<td rowspan=\"5\" valign=\"center\">34,6 mm<\/p>\n<p>46,2 mm<\/p>\n<p>57,7 mm<\/td>\n<td rowspan=\"5\" valign=\"center\">9mm<\/td>\n<td rowspan=\"5\" valign=\"center\">6,5 mm<\/td>\n<td valign=\"center\">36<\/td>\n<td rowspan=\"5\" valign=\"center\">50 mm<\/p>\n<p>60 mm<\/td>\n<\/tr>\n<tr>\n<td valign=\"center\">350 mm<\/td>\n<td valign=\"center\">40<\/td>\n<\/tr>\n<tr>\n<td valign=\"center\">400 mm<\/td>\n<td valign=\"center\">45<\/td>\n<\/tr>\n<tr>\n<td valign=\"center\">500 mm<\/td>\n<td valign=\"center\">60<\/td>\n<\/tr>\n<tr>\n<td valign=\"center\">600 mm<\/td>\n<td valign=\"center\">72<\/td>\n<\/tr>\n<\/tbody>\n<\/table>\n<p>&nbsp;<\/p>\n<div><\/div>\n<div><\/div>\n<div><\/div>\n<div><\/div>\n<div><\/div>\n<div><\/div>\n<div data-spm-anchor-id=\"a2700.wholesale.0.i25.67976747o6F3Yu\"><\/div>\n<div><\/div>","protected":false},"excerpt":{"rendered":"<p>Breve introducci\u00f3n:<\/p>\n<p>Silencioso diamante rueda de calibraci\u00f3n montado en la fresadora, m\u00e1quina de l\u00ednea para moler losa de granito, losa de m\u00e1rmol, azulejos y otros materiales de superficie, ser\u00e1 mango grueso, la base de nylon, aluminio y otros materiales, para reducir la contaminaci\u00f3n ac\u00fastica.<br \/>\nCaracter\u00edsticas:<br \/>\n1. Silencioso diamante rueda de calibraci\u00f3n utilizando un nylon, aluminio y otros materiales, para reducir la contaminaci\u00f3n ac\u00fastica.<br \/>\n2. Muela de calibrado de diamante silencioso tiene una alta eficiencia de molienda gruesa, forma, tama\u00f1o, precisi\u00f3n y otras caracter\u00edsticas,<br \/>\n3. Esta muela calibradora de diamante tiene buen filo, larga vida \u00fatil, alta velocidad de rectificado<br \/>\n4. Tenemos un conjunto com\u00fan grueso diamante redondo y diamante grueso silenciador redondo dos productos<\/p>\n<a href=\"#Quote-Button\" class=\"button primary is-large Inquiry-Button\" style=\"border-radius:99px;\">\n\t<i class=\"icon-heart\" aria-hidden=\"true\"><\/i>\t<span>Consulta<\/span>\n\t<\/a>","protected":false},"featured_media":1338,"template":"","meta":[],"product_brand":[],"product_cat":[59],"product_tag":[87,86],"class_list":{"0":"post-1333","1":"product","2":"type-product","3":"status-publish","4":"has-post-thumbnail","6":"product_cat-stone-milling-tools","7":"product_tag-calibrating-wheel","8":"product_tag-stone-silent-disc","10":"first","11":"instock","12":"shipping-taxable","13":"product-type-simple"},"aioseo_notices":[],"_links":{"self":[{"href":"https:\/\/xmstonetools.com\/es\/wp-json\/wp\/v2\/product\/1333","targetHints":{"allow":["GET"]}}],"collection":[{"href":"https:\/\/xmstonetools.com\/es\/wp-json\/wp\/v2\/product"}],"about":[{"href":"https:\/\/xmstonetools.com\/es\/wp-json\/wp\/v2\/types\/product"}],"wp:featuredmedia":[{"embeddable":true,"href":"https:\/\/xmstonetools.com\/es\/wp-json\/wp\/v2\/media\/1338"}],"wp:attachment":[{"href":"https:\/\/xmstonetools.com\/es\/wp-json\/wp\/v2\/media?parent=1333"}],"wp:term":[{"taxonomy":"product_brand","embeddable":true,"href":"https:\/\/xmstonetools.com\/es\/wp-json\/wp\/v2\/product_brand?post=1333"},{"taxonomy":"product_cat","embeddable":true,"href":"https:\/\/xmstonetools.com\/es\/wp-json\/wp\/v2\/product_cat?post=1333"},{"taxonomy":"product_tag","embeddable":true,"href":"https:\/\/xmstonetools.com\/es\/wp-json\/wp\/v2\/product_tag?post=1333"}],"curies":[{"name":"wp","href":"https:\/\/api.w.org\/{rel}","templated":true}]}}