{"id":1374,"date":"2022-11-29T22:37:46","date_gmt":"2022-11-29T14:37:46","guid":{"rendered":"https:\/\/xmstonetools.com\/?post_type=product&#038;p=1374"},"modified":"2023-03-28T15:51:27","modified_gmt":"2023-03-28T07:51:27","slug":"hoja-de-sierra-silenciosa-para-piedra","status":"publish","type":"product","link":"https:\/\/xmstonetools.com\/es\/product\/hoja-de-sierra-silenciosa-para-piedra\/","title":{"rendered":"Hoja de sierra silenciosa para piedra"},"content":{"rendered":"<table class=\"has-title hight-light-first-column all magic-6\">\n<tbody>\n<tr>\n<td colspan=\"1\" rowspan=\"1\">\n<div class=\"magic-7\">\n<div class=\"magic-8\">Nombre del art\u00edculo<\/div>\n<\/div>\n<\/td>\n<td colspan=\"1\" rowspan=\"1\">\n<div class=\"magic-9\">\n<div class=\"magic-8\">Di\u00e1metro (mm)<\/div>\n<\/div>\n<\/td>\n<td colspan=\"1\" rowspan=\"1\">\n<div class=\"magic-10\">\n<div class=\"magic-8\">Espesor del n\u00facleo de acero (mm)<\/div>\n<\/div>\n<\/td>\n<td colspan=\"1\" rowspan=\"1\">\n<div class=\"magic-11\">\n<div class=\"magic-8\">Tama\u00f1o del segmento (mm)<\/div>\n<\/div>\n<\/td>\n<td colspan=\"1\" rowspan=\"1\">\n<div class=\"magic-12\">\n<div class=\"magic-8\">N\u00famero de segmento<\/div>\n<\/div>\n<\/td>\n<td colspan=\"1\" rowspan=\"1\">\n<div class=\"magic-13\">\n<div class=\"magic-8\">Di\u00e1metro interior del orificio (mm)<\/div>\n<\/div>\n<\/td>\n<\/tr>\n<tr>\n<td colspan=\"1\" rowspan=\"5\">\n<div class=\"magic-14\">\n<div class=\"magic-8\">Cuchilla de corte<\/div>\n<\/div>\n<\/td>\n<td colspan=\"1\" rowspan=\"1\">\n<div class=\"magic-9\">\n<div class=\"magic-8\">\u03c6250<\/div>\n<\/div>\n<\/td>\n<td colspan=\"1\" rowspan=\"1\">\n<div class=\"magic-10\">\n<div class=\"magic-8\">2.2<\/div>\n<\/div>\n<\/td>\n<td colspan=\"1\" rowspan=\"1\">\n<div class=\"magic-11\">\n<div class=\"magic-8\">40*3.2*12(15,20)<\/div>\n<\/div>\n<\/td>\n<td colspan=\"1\" rowspan=\"1\">\n<div class=\"magic-12\">\n<div class=\"magic-8\">17<\/div>\n<\/div>\n<\/td>\n<td colspan=\"1\" rowspan=\"1\">\n<div class=\"magic-13\">\n<div class=\"magic-8\">50\/60<\/div>\n<\/div>\n<\/td>\n<\/tr>\n<tr>\n<td colspan=\"1\" rowspan=\"1\">\n<div class=\"magic-9\">\n<div class=\"magic-8\">\u03c6300<\/div>\n<\/div>\n<\/td>\n<td colspan=\"1\" rowspan=\"1\">\n<div class=\"magic-10\">\n<div class=\"magic-8\">2.2<\/div>\n<\/div>\n<\/td>\n<td colspan=\"1\" rowspan=\"1\">\n<div class=\"magic-11\">\n<div class=\"magic-8\" data-spm-anchor-id=\"a2700.pc-decorate.0.i1.63d43333undWWV\">40*3.3*12(15,20)<\/div>\n<\/div>\n<\/td>\n<td colspan=\"1\" rowspan=\"1\">\n<div class=\"magic-12\">\n<div class=\"magic-8\">21<\/div>\n<\/div>\n<\/td>\n<td colspan=\"1\" rowspan=\"1\">\n<div class=\"magic-13\">\n<div class=\"magic-8\">50\/60<\/div>\n<\/div>\n<\/td>\n<\/tr>\n<tr>\n<td colspan=\"1\" rowspan=\"1\">\n<div class=\"magic-9\">\n<div class=\"magic-8\">\u03c6350<\/div>\n<\/div>\n<\/td>\n<td colspan=\"1\" rowspan=\"1\">\n<div class=\"magic-10\">\n<div class=\"magic-8\">2.4<\/div>\n<\/div>\n<\/td>\n<td colspan=\"1\" rowspan=\"1\">\n<div class=\"magic-11\">\n<div class=\"magic-8\" data-spm-anchor-id=\"a2700.pc-decorate.0.i2.63d43333undWWV\">40*3.3*12(15,20)<\/div>\n<\/div>\n<\/td>\n<td colspan=\"1\" rowspan=\"1\">\n<div class=\"magic-12\">\n<div class=\"magic-8\">24<\/div>\n<\/div>\n<\/td>\n<td colspan=\"1\" rowspan=\"1\">\n<div class=\"magic-13\">\n<div class=\"magic-8\">50\/60<\/div>\n<\/div>\n<\/td>\n<\/tr>\n<tr>\n<td colspan=\"1\" rowspan=\"1\">\n<div class=\"magic-9\">\n<div class=\"magic-8\">\u03c6400<\/div>\n<\/div>\n<\/td>\n<td colspan=\"1\" rowspan=\"1\">\n<div class=\"magic-10\">\n<div class=\"magic-8\">2.8<\/div>\n<\/div>\n<\/td>\n<td colspan=\"1\" rowspan=\"1\">\n<div class=\"magic-11\">\n<div class=\"magic-8\">40*3.6*12(15,20)<\/div>\n<\/div>\n<\/td>\n<td colspan=\"1\" rowspan=\"1\">\n<div class=\"magic-12\">\n<div class=\"magic-8\">28<\/div>\n<\/div>\n<\/td>\n<td colspan=\"1\" rowspan=\"1\">\n<div class=\"magic-13\">\n<div class=\"magic-8\">50\/60<\/div>\n<\/div>\n<\/td>\n<\/tr>\n<tr>\n<td colspan=\"1\" rowspan=\"1\">\n<div class=\"magic-9\">\n<div class=\"magic-8\">\u03c6450<\/div>\n<\/div>\n<\/td>\n<td colspan=\"1\" rowspan=\"1\">\n<div class=\"magic-10\">\n<div class=\"magic-8\">3.0<\/div>\n<\/div>\n<\/td>\n<td colspan=\"1\" rowspan=\"1\">\n<div class=\"magic-11\">\n<div class=\"magic-8\">40*4.2*12(15,20)<\/div>\n<\/div>\n<\/td>\n<td colspan=\"1\" rowspan=\"1\">\n<div class=\"magic-12\">\n<div class=\"magic-8\">32<\/div>\n<\/div>\n<\/td>\n<td colspan=\"1\" rowspan=\"1\">\n<div class=\"magic-13\">\n<div class=\"magic-8\">50\/60<\/div>\n<\/div>\n<\/td>\n<\/tr>\n<tr>\n<td colspan=\"1\" rowspan=\"5\">\n<div class=\"magic-14\">\n<div class=\"magic-8\">Cuchilla divisora<\/div>\n<\/div>\n<\/td>\n<td colspan=\"1\" rowspan=\"1\">\n<div class=\"magic-9\">\n<div class=\"magic-8\">\u03c6500<\/div>\n<\/div>\n<\/td>\n<td colspan=\"1\" rowspan=\"1\">\n<div class=\"magic-10\">\n<div class=\"magic-8\">3.0<\/div>\n<\/div>\n<\/td>\n<td colspan=\"1\" rowspan=\"1\">\n<div class=\"magic-11\">\n<div class=\"magic-8\">40*4.3*12(15,20)<\/div>\n<\/div>\n<\/td>\n<td colspan=\"1\" rowspan=\"1\">\n<div class=\"magic-12\">\n<div class=\"magic-8\">36<\/div>\n<\/div>\n<\/td>\n<td colspan=\"1\" rowspan=\"1\">\n<div class=\"magic-13\">\n<div class=\"magic-8\">50\/60<\/div>\n<\/div>\n<\/td>\n<\/tr>\n<tr>\n<td colspan=\"1\" rowspan=\"1\">\n<div class=\"magic-9\">\n<div class=\"magic-8\">\u03c6600<\/div>\n<\/div>\n<\/td>\n<td colspan=\"1\" rowspan=\"1\">\n<div class=\"magic-10\">\n<div class=\"magic-8\">3.6<\/div>\n<\/div>\n<\/td>\n<td colspan=\"1\" rowspan=\"1\">\n<div class=\"magic-11\">\n<div class=\"magic-8\">40*4.8*12(15,20)<\/div>\n<\/div>\n<\/td>\n<td colspan=\"1\" rowspan=\"1\">\n<div class=\"magic-12\">\n<div class=\"magic-8\">42<\/div>\n<\/div>\n<\/td>\n<td colspan=\"1\" rowspan=\"1\">\n<div class=\"magic-13\">\n<div class=\"magic-8\">50\/60<\/div>\n<\/div>\n<\/td>\n<\/tr>\n<tr>\n<td colspan=\"1\" rowspan=\"1\">\n<div class=\"magic-9\">\n<div class=\"magic-8\">\u03c6700<\/div>\n<\/div>\n<\/td>\n<td colspan=\"1\" rowspan=\"1\">\n<div class=\"magic-10\">\n<div class=\"magic-8\">4.0<\/div>\n<\/div>\n<\/td>\n<td colspan=\"1\" rowspan=\"1\">\n<div class=\"magic-11\">\n<div class=\"magic-8\">40*6.0*12(15,20)<\/div>\n<\/div>\n<\/td>\n<td colspan=\"1\" rowspan=\"1\">\n<div class=\"magic-12\">\n<div class=\"magic-8\">50<\/div>\n<\/div>\n<\/td>\n<td colspan=\"1\" rowspan=\"1\">\n<div class=\"magic-13\">\n<div class=\"magic-8\">50\/60<\/div>\n<\/div>\n<\/td>\n<\/tr>\n<tr>\n<td colspan=\"1\" rowspan=\"1\">\n<div class=\"magic-9\">\n<div class=\"magic-8\">\u03c6800<\/div>\n<\/div>\n<\/td>\n<td colspan=\"1\" rowspan=\"1\">\n<div class=\"magic-10\">\n<div class=\"magic-8\">4.5<\/div>\n<\/div>\n<\/td>\n<td colspan=\"1\" rowspan=\"1\">\n<div class=\"magic-11\">\n<div class=\"magic-8\">40*6.0*12(15,20)<\/div>\n<\/div>\n<\/td>\n<td colspan=\"1\" rowspan=\"1\">\n<div class=\"magic-12\">\n<div class=\"magic-8\">56<\/div>\n<\/div>\n<\/td>\n<td colspan=\"1\" rowspan=\"1\">\n<div class=\"magic-13\">\n<div class=\"magic-8\">50\/60<\/div>\n<\/div>\n<\/td>\n<\/tr>\n<tr>\n<td colspan=\"1\" rowspan=\"1\">\n<div class=\"magic-9\">\n<div class=\"magic-8\">\u03c6900<\/div>\n<\/div>\n<\/td>\n<td colspan=\"1\" rowspan=\"1\">\n<div class=\"magic-10\">\n<div class=\"magic-8\">4.5<\/div>\n<\/div>\n<\/td>\n<td colspan=\"1\" rowspan=\"1\">\n<div class=\"magic-11\">\n<div class=\"magic-8\">40*7.0*12(15,20)<\/div>\n<\/div>\n<\/td>\n<td colspan=\"1\" rowspan=\"1\">\n<div class=\"magic-12\">\n<div class=\"magic-8\">64<\/div>\n<\/div>\n<\/td>\n<td colspan=\"1\" rowspan=\"1\">\n<div class=\"magic-13\">\n<div class=\"magic-8\">50\/60<\/div>\n<\/div>\n<\/td>\n<\/tr>\n<tr>\n<td colspan=\"6\" rowspan=\"1\">\n<div class=\"magic-16\"><b>Otras especificaciones disponibles previa solicitud.<\/b><\/div>\n<\/td>\n<\/tr>\n<tr>\n<td colspan=\"6\" rowspan=\"1\">\n<div class=\"magic-16\"><b>Se puede elegir entre cuchillas silenciosas y no silenciosas.<\/b><\/div>\n<\/td>\n<\/tr>\n<\/tbody>\n<\/table>","protected":false},"excerpt":{"rendered":"<p><b>Alta eficacia:<\/b><br \/>\nCorte r\u00e1pido, corte gran cantidad de granito en un tiempo limitado, ahorre su tiempo y energ\u00eda el\u00e9ctrica.<\/p>\n<p><b>Respetuoso con el medio ambiente:<\/b><br \/>\nSustancia ecol\u00f3gica y respetuosa con el medio ambiente, no nociva, ampliamente utilizada en diversos lugares.<\/p>\n<p><b>F\u00e1cil manejo:<\/b><br \/>\nEl gran dise\u00f1o para la forma, usted puede instalar f\u00e1cilmente la hoja de sierra a sus m\u00e1quinas, nuestros v\u00eddeos y manual-servicio de operaci\u00f3n se suministran para usted.<\/p>\n<p><b>Larga vida \u00fatil:<\/b><br \/>\nLa f\u00f3rmula de alta calidad y el polvo de diamante \/ metal de los segmentos pueden ser asegurados, lo que puede proporcionar una larga vida \u00fatil de la cuchilla de corte de granito.<\/p>\n<a href=\"#Quote-Button\" class=\"button primary is-large Inquiry-Button\" style=\"border-radius:99px;\">\n\t<i class=\"icon-heart\" aria-hidden=\"true\"><\/i>\t<span>Consulta<\/span>\n\t<\/a>","protected":false},"featured_media":1373,"template":"","meta":[],"product_brand":[],"product_cat":[55],"product_tag":[89,72],"class_list":{"0":"post-1374","1":"product","2":"type-product","3":"status-publish","4":"has-post-thumbnail","6":"product_cat-stone-cutting-tools","7":"product_tag-marble-saw-blade","8":"product_tag-stone-saw-blade","10":"first","11":"instock","12":"shipping-taxable","13":"product-type-simple"},"aioseo_notices":[],"_links":{"self":[{"href":"https:\/\/xmstonetools.com\/es\/wp-json\/wp\/v2\/product\/1374","targetHints":{"allow":["GET"]}}],"collection":[{"href":"https:\/\/xmstonetools.com\/es\/wp-json\/wp\/v2\/product"}],"about":[{"href":"https:\/\/xmstonetools.com\/es\/wp-json\/wp\/v2\/types\/product"}],"wp:featuredmedia":[{"embeddable":true,"href":"https:\/\/xmstonetools.com\/es\/wp-json\/wp\/v2\/media\/1373"}],"wp:attachment":[{"href":"https:\/\/xmstonetools.com\/es\/wp-json\/wp\/v2\/media?parent=1374"}],"wp:term":[{"taxonomy":"product_brand","embeddable":true,"href":"https:\/\/xmstonetools.com\/es\/wp-json\/wp\/v2\/product_brand?post=1374"},{"taxonomy":"product_cat","embeddable":true,"href":"https:\/\/xmstonetools.com\/es\/wp-json\/wp\/v2\/product_cat?post=1374"},{"taxonomy":"product_tag","embeddable":true,"href":"https:\/\/xmstonetools.com\/es\/wp-json\/wp\/v2\/product_tag?post=1374"}],"curies":[{"name":"wp","href":"https:\/\/api.w.org\/{rel}","templated":true}]}}