{"id":1381,"date":"2022-11-30T15:32:14","date_gmt":"2022-11-30T07:32:14","guid":{"rendered":"https:\/\/xmstonetools.com\/?post_type=product&#038;p=1381"},"modified":"2024-04-13T11:07:48","modified_gmt":"2024-04-13T03:07:48","slug":"elevador-de-pinzas-para-losas-de-piedra","status":"publish","type":"product","link":"https:\/\/xmstonetools.com\/es\/product\/elevador-de-pinzas-para-losas-de-piedra\/","title":{"rendered":"Pinza elevadora para losas de piedra"},"content":{"rendered":"<figure id=\"attachment_1380\" aria-describedby=\"caption-attachment-1380\" style=\"width: 1427px\" class=\"wp-caption aligncenter\"><img loading=\"lazy\" decoding=\"async\" class=\"wp-image-1380 size-full\" src=\"https:\/\/xmstonetools.com\/wp-content\/uploads\/2022\/11\/Stone-Slab-Clamp-Lifter-7.jpg\" alt=\"Pinza elevadora de losas de piedra-7\" width=\"1427\" height=\"487\" srcset=\"https:\/\/xmstonetools.com\/wp-content\/uploads\/2022\/11\/Stone-Slab-Clamp-Lifter-7.jpg 1427w, https:\/\/xmstonetools.com\/wp-content\/uploads\/2022\/11\/Stone-Slab-Clamp-Lifter-7-800x273.jpg 800w, https:\/\/xmstonetools.com\/wp-content\/uploads\/2022\/11\/Stone-Slab-Clamp-Lifter-7-1400x478.jpg 1400w, https:\/\/xmstonetools.com\/wp-content\/uploads\/2022\/11\/Stone-Slab-Clamp-Lifter-7-768x262.jpg 768w, https:\/\/xmstonetools.com\/wp-content\/uploads\/2022\/11\/Stone-Slab-Clamp-Lifter-7-600x205.jpg 600w\" sizes=\"auto, (max-width: 1427px) 100vw, 1427px\" \/><figcaption id=\"caption-attachment-1380\" class=\"wp-caption-text\">Pinza elevadora de losas de piedra-7<\/figcaption><\/figure>\n<h3 class=\"magic-9\"><span class=\"magic-10\" style=\"color: #2196ed;\">Pinza para levantar losas de piedra<\/span><\/h3>\n<p class=\"magic-9\">\u00a0Estas herramientas son aplicables a espesores de material de 15 a 60 mm, con las mordazas de linne de caucho han sido desarrolladas para manipular material en forma de planchas o l\u00e1minas, apilado en bastidores, sin da\u00f1ar la superficie del material. tienen una serie de <span style=\"font-size: 14.4px;\">ventajas sobre los dispositivos de elevaci\u00f3n habituales. <\/span><span style=\"font-size: 14.4px;\">Este elevador de losas de piedra est\u00e1 dise\u00f1ado para transportar losas de granito, m\u00e1rmol y piedra artificial. Estos elevadores tienen un dise\u00f1o compacto <\/span><span style=\"font-size: 14.4px;\">lo que les permite operar en zonas donde la altura libre o el espacio entre losas es un problema.<\/span><\/p>\n<table class=\"has-title hight-light-first-column all magic-18\" style=\"height: 54px;\" width=\"664\">\n<tbody>\n<tr>\n<td colspan=\"1\" rowspan=\"1\">\n<div class=\"magic-19\"><b>Modelo<\/b><\/div>\n<\/td>\n<td colspan=\"1\" rowspan=\"1\">\n<div class=\"magic-20\">Tama\u00f1o (mm)<\/div>\n<\/td>\n<td colspan=\"1\" rowspan=\"1\">\n<div class=\"magic-20\">Alcance de agarre (mm)<\/div>\n<\/td>\n<td colspan=\"1\" rowspan=\"1\">\n<div class=\"magic-20\">Capacidad de peso (kg)<\/div>\n<\/td>\n<td colspan=\"1\" rowspan=\"1\">\n<div class=\"magic-21\">Peso neto<\/div>\n<\/td>\n<\/tr>\n<tr>\n<td colspan=\"1\" rowspan=\"1\">\n<div class=\"magic-19\">HSA-14<\/div>\n<\/td>\n<td colspan=\"1\" rowspan=\"1\">\n<div class=\"magic-20\">250x170x350<\/div>\n<\/td>\n<td colspan=\"1\" rowspan=\"1\">\n<div class=\"magic-20\">10-50<\/div>\n<\/td>\n<td colspan=\"1\" rowspan=\"1\">\n<div class=\"magic-20\">1000<\/div>\n<\/td>\n<td colspan=\"1\" rowspan=\"1\">\n<div class=\"magic-21\">28<\/div>\n<\/td>\n<\/tr>\n<\/tbody>\n<\/table>","protected":false},"excerpt":{"rendered":"<h3>Caracter\u00edsticas:<\/h3>\n<p>* Su estructura compacta permite levantar c\u00f3modamente losas de piedra muy juntas de las estanter\u00edas y contenedores.<br \/>\n* Tama\u00f1o: posibilidad de elevar simult\u00e1neamente dos losas de altura diferente.<br \/>\n* Vers\u00e1til: las losas pueden colocarse pegadas a las paredes<br \/>\n* Seguridad: el funcionamiento se activa con acciones sencillas para reducir las lesiones f\u00edsicas por usos<br \/>\n* Seguro: Agarra firmemente las placas de m\u00e1rmol y granito.<\/p>\n<a href=\"#Quote-Button\" class=\"button primary is-large Inquiry-Button\" style=\"border-radius:99px;\">\n\t<i class=\"icon-heart\" aria-hidden=\"true\"><\/i>\t<span>Consulta<\/span>\n\t<\/a>","protected":false},"featured_media":1376,"template":"","meta":[],"product_brand":[],"product_cat":[63,56],"product_tag":[92],"class_list":{"0":"post-1381","1":"product","2":"type-product","3":"status-publish","4":"has-post-thumbnail","6":"product_cat-other-tools","7":"product_cat-stone-grinding-tools","8":"product_tag-stoe-lifter","10":"first","11":"instock","12":"shipping-taxable","13":"product-type-simple"},"aioseo_notices":[],"_links":{"self":[{"href":"https:\/\/xmstonetools.com\/es\/wp-json\/wp\/v2\/product\/1381","targetHints":{"allow":["GET"]}}],"collection":[{"href":"https:\/\/xmstonetools.com\/es\/wp-json\/wp\/v2\/product"}],"about":[{"href":"https:\/\/xmstonetools.com\/es\/wp-json\/wp\/v2\/types\/product"}],"wp:featuredmedia":[{"embeddable":true,"href":"https:\/\/xmstonetools.com\/es\/wp-json\/wp\/v2\/media\/1376"}],"wp:attachment":[{"href":"https:\/\/xmstonetools.com\/es\/wp-json\/wp\/v2\/media?parent=1381"}],"wp:term":[{"taxonomy":"product_brand","embeddable":true,"href":"https:\/\/xmstonetools.com\/es\/wp-json\/wp\/v2\/product_brand?post=1381"},{"taxonomy":"product_cat","embeddable":true,"href":"https:\/\/xmstonetools.com\/es\/wp-json\/wp\/v2\/product_cat?post=1381"},{"taxonomy":"product_tag","embeddable":true,"href":"https:\/\/xmstonetools.com\/es\/wp-json\/wp\/v2\/product_tag?post=1381"}],"curies":[{"name":"wp","href":"https:\/\/api.w.org\/{rel}","templated":true}]}}