{"id":1414,"date":"2022-11-30T22:20:25","date_gmt":"2022-11-30T14:20:25","guid":{"rendered":"https:\/\/xmstonetools.com\/?post_type=product&#038;p=1414"},"modified":"2023-07-05T10:05:07","modified_gmt":"2023-07-05T02:05:07","slug":"puntas-montadas-con-diamante-cnc","status":"publish","type":"product","link":"https:\/\/xmstonetools.com\/es\/product\/puntas-montadas-con-diamante-cnc\/","title":{"rendered":"Muelas de diamante CNC"},"content":{"rendered":"<h2 style=\"color: steelblue;\">Introducci\u00f3n de las muelas de diamante CNC<\/h2>\n<p>Las herramientas de diamante han sido reconocidas desde hace tiempo como el ep\u00edtome de la precisi\u00f3n y la durabilidad en diversas aplicaciones industriales. Entre estas herramientas, las muelas de diamante CNC han surgido como activos indispensables en los procesos de rectificado de precisi\u00f3n. Combinando la dureza y resistencia al desgaste de los diamantes con la versatilidad de la tecnolog\u00eda CNC, estas herramientas ofrecen un rendimiento, eficacia y longevidad inigualables. En este art\u00edculo exploraremos los entresijos de las muelas de diamante CNC, sus aplicaciones, ventajas y consideraciones para un uso \u00f3ptimo.<\/p>\n<h2 style=\"color: steelblue;\">\u00bfQu\u00e9 son las muelas de diamante CNC?<\/h2>\n<p>Las muelas de diamante CNC son herramientas de precisi\u00f3n utilizadas en operaciones de rectificado, desbarbado, conformado y acabado de una amplia gama de materiales, incluidos metales, cer\u00e1mica, vidrio y materiales compuestos. Se fabrican incrustando diamantes industriales de alta calidad en una matriz de metal o resina, lo que les confiere unas propiedades abrasivas excepcionales. Las part\u00edculas de diamante de estas herramientas se distribuyen meticulosamente para garantizar la uniformidad y un rendimiento de corte \u00f3ptimo.<\/p>\n<figure id=\"attachment_1410\" aria-describedby=\"caption-attachment-1410\" style=\"width: 720px\" class=\"wp-caption aligncenter\"><img loading=\"lazy\" decoding=\"async\" class=\"size-full wp-image-1410\" src=\"https:\/\/xmstonetools.com\/wp-content\/uploads\/2022\/11\/CNC-Diamond-Mounted-Points-2.jpg\" alt=\"Muelas de diamante CNC-2\" width=\"720\" height=\"720\" srcset=\"https:\/\/xmstonetools.com\/wp-content\/uploads\/2022\/11\/CNC-Diamond-Mounted-Points-2.jpg 720w, https:\/\/xmstonetools.com\/wp-content\/uploads\/2022\/11\/CNC-Diamond-Mounted-Points-2-400x400.jpg 400w, https:\/\/xmstonetools.com\/wp-content\/uploads\/2022\/11\/CNC-Diamond-Mounted-Points-2-280x280.jpg 280w, https:\/\/xmstonetools.com\/wp-content\/uploads\/2022\/11\/CNC-Diamond-Mounted-Points-2-300x300.jpg 300w, https:\/\/xmstonetools.com\/wp-content\/uploads\/2022\/11\/CNC-Diamond-Mounted-Points-2-600x600.jpg 600w, https:\/\/xmstonetools.com\/wp-content\/uploads\/2022\/11\/CNC-Diamond-Mounted-Points-2-100x100.jpg 100w, https:\/\/xmstonetools.com\/wp-content\/uploads\/2022\/11\/CNC-Diamond-Mounted-Points-2-120x120.jpg 120w\" sizes=\"auto, (max-width: 720px) 100vw, 720px\" \/><figcaption id=\"caption-attachment-1410\" class=\"wp-caption-text\">Muelas de diamante CNC-2<\/figcaption><\/figure>\n<h2 style=\"color: steelblue;\">Aplicaciones de las muelas de diamante CNC:<\/h2>\n<h3>1. Rectificado de precisi\u00f3n:<\/h3>\n<p>Las muelas de diamante CNC destacan en aplicaciones de rectificado de alta precisi\u00f3n, como la fabricaci\u00f3n de herramientas y matrices, la fabricaci\u00f3n de moldes y la fabricaci\u00f3n de componentes aeroespaciales. Pueden dar forma y pulir eficazmente contornos, ranuras y surcos intrincados con una precisi\u00f3n excepcional.<\/p>\n<h3>2. Acabado de superficies:<\/h3>\n<p>Estas herramientas tambi\u00e9n se utilizan ampliamente en operaciones de acabado de superficies. Pueden emplearse para conseguir acabados lisos, eliminar rebabas y afinar bordes, mejorando la calidad y el aspecto general de la pieza.<\/p>\n<h3>3. Eliminaci\u00f3n de material:<\/h3>\n<p>Las muelas de diamante CNC son muy eficaces para eliminar el exceso de material, ya sea para arranque de viruta de precisi\u00f3n o para trabajos de restauraci\u00f3n. Se utilizan habitualmente en sectores como la automoci\u00f3n, la joyer\u00eda y la fabricaci\u00f3n de metales.<\/p>\n<figure id=\"attachment_1409\" aria-describedby=\"caption-attachment-1409\" style=\"width: 720px\" class=\"wp-caption aligncenter\"><img loading=\"lazy\" decoding=\"async\" class=\"size-full wp-image-1409\" src=\"https:\/\/xmstonetools.com\/wp-content\/uploads\/2022\/11\/CNC-Diamond-Mounted-Points.jpg\" alt=\"Muelas de diamante CNC\" width=\"720\" height=\"720\" srcset=\"https:\/\/xmstonetools.com\/wp-content\/uploads\/2022\/11\/CNC-Diamond-Mounted-Points.jpg 720w, https:\/\/xmstonetools.com\/wp-content\/uploads\/2022\/11\/CNC-Diamond-Mounted-Points-400x400.jpg 400w, https:\/\/xmstonetools.com\/wp-content\/uploads\/2022\/11\/CNC-Diamond-Mounted-Points-280x280.jpg 280w, https:\/\/xmstonetools.com\/wp-content\/uploads\/2022\/11\/CNC-Diamond-Mounted-Points-300x300.jpg 300w, https:\/\/xmstonetools.com\/wp-content\/uploads\/2022\/11\/CNC-Diamond-Mounted-Points-600x600.jpg 600w, https:\/\/xmstonetools.com\/wp-content\/uploads\/2022\/11\/CNC-Diamond-Mounted-Points-100x100.jpg 100w, https:\/\/xmstonetools.com\/wp-content\/uploads\/2022\/11\/CNC-Diamond-Mounted-Points-120x120.jpg 120w\" sizes=\"auto, (max-width: 720px) 100vw, 720px\" \/><figcaption id=\"caption-attachment-1409\" class=\"wp-caption-text\">Muelas de diamante CNC<\/figcaption><\/figure>\n<h2 style=\"color: steelblue;\">Caracter\u00edsticas de las puntas montadas con diamante CNC:<\/h2>\n<h3>1. Rendimiento de corte superior:<\/h3>\n<p>La dureza y la naturaleza abrasiva de los diamantes hacen que las muelas de diamante CNC sean excepcionalmente eficaces en el corte de materiales duros y abrasivos. Pueden mantener su filo y eficacia de corte durante periodos prolongados, lo que minimiza el tiempo de inactividad para sustituir la herramienta.<\/p>\n<h3>2. Prolongaci\u00f3n de la vida \u00fatil de la herramienta:<\/h3>\n<p>Las herramientas de diamante tienen una vida \u00fatil considerablemente m\u00e1s larga que las herramientas abrasivas convencionales. La resistencia al desgaste de los diamantes garantiza un rendimiento constante y reduce la frecuencia de cambio de herramientas, lo que se traduce en un ahorro de costes y un aumento de la productividad.<\/p>\n<h3>3. Versatilidad:<\/h3>\n<p>Las muelas de diamante CNC est\u00e1n disponibles en una amplia variedad de formas, tama\u00f1os y granos para adaptarse a diferentes aplicaciones y tipos de material. Esta versatilidad permite una personalizaci\u00f3n precisa, lo que permite a los operarios conseguir el acabado superficial y la precisi\u00f3n dimensional deseados.<\/p>\n<h3>4. Resistencia al calor y a los productos qu\u00edmicos:<\/h3>\n<p>La excepcional conductividad t\u00e9rmica del diamante permite una disipaci\u00f3n eficaz del calor durante el rectificado, reduciendo el riesgo de da\u00f1os t\u00e9rmicos en la pieza. Adem\u00e1s, el diamante es resistente a las reacciones qu\u00edmicas, por lo que las muelas de diamante CNC son adecuadas para trabajar con materiales qu\u00edmicamente agresivos.<\/p>\n<figure id=\"attachment_1408\" aria-describedby=\"caption-attachment-1408\" style=\"width: 720px\" class=\"wp-caption aligncenter\"><img loading=\"lazy\" decoding=\"async\" class=\"size-full wp-image-1408\" src=\"https:\/\/xmstonetools.com\/wp-content\/uploads\/2022\/11\/CNC-Diamond-Mounted-Points-6.jpg\" alt=\"CNC Diamante Montado Puntos-6\" width=\"720\" height=\"720\" srcset=\"https:\/\/xmstonetools.com\/wp-content\/uploads\/2022\/11\/CNC-Diamond-Mounted-Points-6.jpg 720w, https:\/\/xmstonetools.com\/wp-content\/uploads\/2022\/11\/CNC-Diamond-Mounted-Points-6-400x400.jpg 400w, https:\/\/xmstonetools.com\/wp-content\/uploads\/2022\/11\/CNC-Diamond-Mounted-Points-6-280x280.jpg 280w, https:\/\/xmstonetools.com\/wp-content\/uploads\/2022\/11\/CNC-Diamond-Mounted-Points-6-300x300.jpg 300w, https:\/\/xmstonetools.com\/wp-content\/uploads\/2022\/11\/CNC-Diamond-Mounted-Points-6-600x600.jpg 600w, https:\/\/xmstonetools.com\/wp-content\/uploads\/2022\/11\/CNC-Diamond-Mounted-Points-6-100x100.jpg 100w, https:\/\/xmstonetools.com\/wp-content\/uploads\/2022\/11\/CNC-Diamond-Mounted-Points-6-120x120.jpg 120w\" sizes=\"auto, (max-width: 720px) 100vw, 720px\" \/><figcaption id=\"caption-attachment-1408\" class=\"wp-caption-text\">CNC Diamante Montado Puntos-6<\/figcaption><\/figure>\n<h2 style=\"color: steelblue;\">Utilizaci\u00f3n \u00f3ptima de las puntas montadas con diamante:<\/h2>\n<h3>1. Selecci\u00f3n del tama\u00f1o de grano:<\/h3>\n<p>La elecci\u00f3n del tama\u00f1o de grano depende del acabado superficial deseado y del material a trabajar. Los granos m\u00e1s finos (n\u00fameros m\u00e1s altos) producen acabados m\u00e1s suaves, mientras que los granos m\u00e1s gruesos (n\u00fameros m\u00e1s bajos) ofrecen velocidades de arranque de material m\u00e1s r\u00e1pidas. Tenga en cuenta la dureza del material, la geometr\u00eda de la pieza y el resultado deseado al seleccionar el tama\u00f1o de grano adecuado.<\/p>\n<h3>2. Manipulaci\u00f3n y mantenimiento adecuados de las herramientas:<\/h3>\n<p>Para garantizar un rendimiento \u00f3ptimo y una larga vida \u00fatil, es fundamental manipular con cuidado las muelas de diamante CNC. Evite la presi\u00f3n excesiva, el calor excesivo y la carga por impacto. Inspeccione y limpie peri\u00f3dicamente las herramientas, y gu\u00e1rdelas en un lugar seguro y seco para evitar da\u00f1os o contaminaci\u00f3n.<\/p>\n<h3>3. Condiciones \u00f3ptimas de funcionamiento:<\/h3>\n<p>Siga las recomendaciones del fabricante en cuanto a velocidades de funcionamiento, avances y uso de refrigerante para maximizar el rendimiento de la herramienta y evitar un desgaste prematuro. La aplicaci\u00f3n de los par\u00e1metros de corte adecuados dar\u00e1 como resultado una eliminaci\u00f3n eficaz del material y un mejor acabado superficial.<\/p>\n<p>Las muelas de diamante CNC han revolucionado los procesos de rectificado de precisi\u00f3n, ofreciendo un rendimiento superior, una mayor vida \u00fatil de la herramienta y una versatilidad excepcional. Su capacidad para soportar altas temperaturas, resistir reacciones qu\u00edmicas y mantener la eficacia de corte las hace indispensables.<\/p>\n<figure id=\"attachment_1413\" aria-describedby=\"caption-attachment-1413\" style=\"width: 720px\" class=\"wp-caption aligncenter\"><img loading=\"lazy\" decoding=\"async\" class=\"size-full wp-image-1413\" src=\"https:\/\/xmstonetools.com\/wp-content\/uploads\/2022\/11\/CNC-Diamond-Mounted-Points-5.jpg\" alt=\"Muelas de diamante CNC-5\" width=\"720\" height=\"720\" srcset=\"https:\/\/xmstonetools.com\/wp-content\/uploads\/2022\/11\/CNC-Diamond-Mounted-Points-5.jpg 720w, https:\/\/xmstonetools.com\/wp-content\/uploads\/2022\/11\/CNC-Diamond-Mounted-Points-5-400x400.jpg 400w, https:\/\/xmstonetools.com\/wp-content\/uploads\/2022\/11\/CNC-Diamond-Mounted-Points-5-280x280.jpg 280w, https:\/\/xmstonetools.com\/wp-content\/uploads\/2022\/11\/CNC-Diamond-Mounted-Points-5-300x300.jpg 300w, https:\/\/xmstonetools.com\/wp-content\/uploads\/2022\/11\/CNC-Diamond-Mounted-Points-5-600x600.jpg 600w, https:\/\/xmstonetools.com\/wp-content\/uploads\/2022\/11\/CNC-Diamond-Mounted-Points-5-100x100.jpg 100w, https:\/\/xmstonetools.com\/wp-content\/uploads\/2022\/11\/CNC-Diamond-Mounted-Points-5-120x120.jpg 120w\" sizes=\"auto, (max-width: 720px) 100vw, 720px\" \/><figcaption id=\"caption-attachment-1413\" class=\"wp-caption-text\">Muelas de diamante CNC-5<\/figcaption><\/figure>\n<h2 style=\"color: steelblue;\">Construcci\u00f3n y tipos de muelas de diamante CNC:<\/h2>\n<p>Las muelas de diamante CNC se fabrican normalmente incrustando diamantes industriales en una matriz de metal o resina. Los diamantes se distribuyen con precisi\u00f3n por toda la matriz para garantizar un rendimiento de corte uniforme. Existen dos tipos comunes de puntas montadas con diamante CNC:<\/p>\n<h3>\u00a0a. Puntos montados con uni\u00f3n met\u00e1lica:<\/h3>\n<p>En las muelas de diamante con aglomerante met\u00e1lico, los diamantes se mantienen unidos por un aglomerante met\u00e1lico, como bronce o n\u00edquel. Este tipo proporciona una gran durabilidad y es adecuado para rectificar materiales duros como cer\u00e1mica, vidrio y carburo.<\/p>\n<h3>b. Puntas montadas con resina:<\/h3>\n<p>Las muelas de diamante con aglomerante de resina utilizan una matriz de resina para mantener unidos los diamantes. Son m\u00e1s flexibles y suelen utilizarse para rectificar materiales m\u00e1s blandos, como metales y materiales compuestos. Las muelas con aglomerante de resina ofrecen un acabado m\u00e1s suave y es menos probable que causen da\u00f1os por calor a la pieza de trabajo.<\/p>\n<h2 style=\"color: steelblue;\">Tama\u00f1os y formas de grano de las puntas montadas con diamante:<\/h2>\n<p>Las muelas de diamante CNC est\u00e1n disponibles en distintos tama\u00f1os y formas de grano para adaptarse a las distintas necesidades de rectificado. Los tama\u00f1os de grano suelen ir de muy grueso (n\u00fameros inferiores) a muy fino (n\u00fameros superiores). La elecci\u00f3n del tama\u00f1o de grano depende del material con el que se trabaje y del acabado superficial deseado.<\/p>\n<p>Las formas m\u00e1s comunes son las puntas cil\u00edndricas, c\u00f3nicas, esf\u00e9ricas y planas. Las distintas formas son adecuadas para aplicaciones espec\u00edficas, como alcanzar esquinas estrechas, crear superficies c\u00f3ncavas o convexas o conseguir perfiles de borde espec\u00edficos.<\/p>\n<figure id=\"attachment_1412\" aria-describedby=\"caption-attachment-1412\" style=\"width: 720px\" class=\"wp-caption aligncenter\"><img loading=\"lazy\" decoding=\"async\" class=\"size-full wp-image-1412\" src=\"https:\/\/xmstonetools.com\/wp-content\/uploads\/2022\/11\/CNC-Diamond-Mounted-Points-4.jpg\" alt=\"Muelas de diamante CNC-4\" width=\"720\" height=\"720\" srcset=\"https:\/\/xmstonetools.com\/wp-content\/uploads\/2022\/11\/CNC-Diamond-Mounted-Points-4.jpg 720w, https:\/\/xmstonetools.com\/wp-content\/uploads\/2022\/11\/CNC-Diamond-Mounted-Points-4-400x400.jpg 400w, https:\/\/xmstonetools.com\/wp-content\/uploads\/2022\/11\/CNC-Diamond-Mounted-Points-4-280x280.jpg 280w, https:\/\/xmstonetools.com\/wp-content\/uploads\/2022\/11\/CNC-Diamond-Mounted-Points-4-300x300.jpg 300w, https:\/\/xmstonetools.com\/wp-content\/uploads\/2022\/11\/CNC-Diamond-Mounted-Points-4-600x600.jpg 600w, https:\/\/xmstonetools.com\/wp-content\/uploads\/2022\/11\/CNC-Diamond-Mounted-Points-4-100x100.jpg 100w, https:\/\/xmstonetools.com\/wp-content\/uploads\/2022\/11\/CNC-Diamond-Mounted-Points-4-120x120.jpg 120w\" sizes=\"auto, (max-width: 720px) 100vw, 720px\" \/><figcaption id=\"caption-attachment-1412\" class=\"wp-caption-text\">Muelas de diamante CNC-4<\/figcaption><\/figure>\n<h2 style=\"color: steelblue;\">Mecanizado CNC y automatizaci\u00f3n:<\/h2>\n<p>El mecanizado CNC (control num\u00e9rico por ordenador) desempe\u00f1a un papel crucial para maximizar el rendimiento de las muelas de diamante. La tecnolog\u00eda CNC permite un control preciso de los par\u00e1metros de corte, como la velocidad, el avance y la trayectoria de la herramienta. Esta automatizaci\u00f3n garantiza resultados uniformes y elimina los errores humanos en el proceso de rectificado.<\/p>\n<p>Con el mecanizado CNC, los operarios pueden programar complejos patrones de rectificado, contornos y perfiles, lo que permite una eliminaci\u00f3n eficaz y precisa del material. La capacidad de automatizar procesos tambi\u00e9n aumenta la productividad y reduce los costes de mano de obra.<\/p>\n<h2 style=\"color: steelblue;\">Consideraciones de seguridad:<\/h2>\n<p>Al utilizar muelas de diamante CNC, es esencial dar prioridad a la seguridad. He aqu\u00ed algunas consideraciones clave:<\/p>\n<h3>a. Equipo de protecci\u00f3n individual (EPI):<\/h3>\n<p>Utilice los EPI adecuados, como gafas de seguridad, mascarillas, guantes y protecci\u00f3n auditiva, para protegerse de posibles riesgos, como los escombros y el ruido.<\/p>\n<h3>b. Ajuste correcto de la m\u00e1quina:<\/h3>\n<p>Aseg\u00farese de que la m\u00e1quina CNC est\u00e1 correctamente instalada, con las protecciones adecuadas para evitar accidentes y contener los residuos.<\/p>\n<h3>c. Extracci\u00f3n de refrigerante y polvo:<\/h3>\n<p>Aplique sistemas de refrigeraci\u00f3n y m\u00e9todos de extracci\u00f3n de polvo adecuados para controlar el calor, eliminar los residuos y mantener un entorno de trabajo limpio.<\/p>\n<h3>d. Formaci\u00f3n de operadores:<\/h3>\n<p>Impartir formaci\u00f3n completa a los operarios sobre el uso seguro de las muelas de diamante CNC, incluido el manejo adecuado, el mantenimiento y los procedimientos de emergencia.<\/p>\n<p>Siguiendo las directrices de seguridad, los operarios pueden mitigar los riesgos y garantizar un entorno de trabajo seguro.<\/p>\n<p>Las muelas de diamante CNC han revolucionado el rectificado de precisi\u00f3n al combinar las excepcionales propiedades de los diamantes con la precisi\u00f3n de la tecnolog\u00eda CNC. Estas herramientas proporcionan un rendimiento de corte superior, una mayor vida \u00fatil y versatilidad, lo que las hace indispensables para una amplia gama de aplicaciones industriales. Una selecci\u00f3n, manejo y mantenimiento adecuados, junto con el cumplimiento de los protocolos de seguridad, ayudar\u00e1n a maximizar los beneficios y garantizar un rendimiento \u00f3ptimo de las muelas de diamante CNC.<\/p>\n<p data-spm-anchor-id=\"a2700.details.0.i37.4a4b2832AmZhcp\">Las muelas de diamante y las fresas de diamante con una gran variedad de especificaciones se utilizan ampliamente para esculpir, rectificar, rectificado de precisi\u00f3n y rectificado interno de metal duro, cer\u00e1mica, piedra, etc. Todos los tama\u00f1os, formas y surtidos se fabrican a petici\u00f3n espec\u00edfica del cliente. Los surtidos de kits de puntas montadas o fresas son flexibles.<\/p>\n<figure id=\"attachment_1411\" aria-describedby=\"caption-attachment-1411\" style=\"width: 720px\" class=\"wp-caption aligncenter\"><img loading=\"lazy\" decoding=\"async\" class=\"size-full wp-image-1411\" src=\"https:\/\/xmstonetools.com\/wp-content\/uploads\/2022\/11\/CNC-Diamond-Mounted-Points-3.jpg\" alt=\"Muelas de diamante CNC-3\" width=\"720\" height=\"720\" srcset=\"https:\/\/xmstonetools.com\/wp-content\/uploads\/2022\/11\/CNC-Diamond-Mounted-Points-3.jpg 720w, https:\/\/xmstonetools.com\/wp-content\/uploads\/2022\/11\/CNC-Diamond-Mounted-Points-3-400x400.jpg 400w, https:\/\/xmstonetools.com\/wp-content\/uploads\/2022\/11\/CNC-Diamond-Mounted-Points-3-280x280.jpg 280w, https:\/\/xmstonetools.com\/wp-content\/uploads\/2022\/11\/CNC-Diamond-Mounted-Points-3-300x300.jpg 300w, https:\/\/xmstonetools.com\/wp-content\/uploads\/2022\/11\/CNC-Diamond-Mounted-Points-3-600x600.jpg 600w, https:\/\/xmstonetools.com\/wp-content\/uploads\/2022\/11\/CNC-Diamond-Mounted-Points-3-100x100.jpg 100w, https:\/\/xmstonetools.com\/wp-content\/uploads\/2022\/11\/CNC-Diamond-Mounted-Points-3-120x120.jpg 120w\" sizes=\"auto, (max-width: 720px) 100vw, 720px\" \/><figcaption id=\"caption-attachment-1411\" class=\"wp-caption-text\">Muelas de diamante CNC-3<\/figcaption><\/figure>\n<table style=\"height: 140px;\" border=\"1\" width=\"631\">\n<tbody>\n<tr>\n<td>Di\u00e1metro exterior<\/td>\n<td>8 mm<\/td>\n<\/tr>\n<tr>\n<td>Tecnolog\u00eda<\/td>\n<td>Soldadura al vac\u00edo<\/td>\n<\/tr>\n<tr>\n<td>Prop\u00f3sito<\/td>\n<td>Piedra de amolar<\/td>\n<\/tr>\n<tr>\n<td>Tama\u00f1o de grano<\/td>\n<td>Seg\u00fan sus necesidades<\/td>\n<\/tr>\n<tr>\n<td>Material del cuerpo<\/td>\n<td>Aluminio o acero<\/td>\n<\/tr>\n<tr>\n<td>Forma<\/td>\n<td>Plano, Plato, Cuenco, se puede personalizar<\/td>\n<\/tr>\n<\/tbody>\n<\/table>\n<p align=\"left\">","protected":false},"excerpt":{"rendered":"<div>Las muelas de diamante CNC son herramientas de precisi\u00f3n utilizadas en operaciones de rectificado, desbarbado, conformado y acabado de una amplia gama de materiales, incluidos metales, cer\u00e1mica, vidrio y materiales compuestos. Se fabrican incrustando diamantes industriales de alta calidad en una matriz de metal o resina, lo que les confiere unas propiedades abrasivas excepcionales. Las part\u00edculas de diamante de estas herramientas se distribuyen meticulosamente para garantizar la uniformidad y un rendimiento de corte \u00f3ptimo. Las muelas de diamante CNC se fabrican normalmente incrustando diamantes industriales en una matriz de metal o resina. Los diamantes se distribuyen con precisi\u00f3n por toda la matriz para garantizar un rendimiento de corte uniforme. Existen dos tipos comunes de muelas de diamante CNC:<\/div>\n<a href=\"#Quote-Button\" class=\"button primary is-large Inquiry-Button\" style=\"border-radius:99px;\">\n\t<i class=\"icon-heart\" aria-hidden=\"true\"><\/i>\t<span>Consulta<\/span>\n\t<\/a>","protected":false},"featured_media":1409,"template":"","meta":[],"product_brand":[],"product_cat":[60],"product_tag":[95,66],"class_list":{"0":"post-1414","1":"product","2":"type-product","3":"status-publish","4":"has-post-thumbnail","6":"product_cat-stone-cnc-tools","7":"product_tag-cnc-stone-tools","8":"product_tag-vacuum-brazed-stone-tools","10":"first","11":"instock","12":"shipping-taxable","13":"product-type-simple"},"aioseo_notices":[],"_links":{"self":[{"href":"https:\/\/xmstonetools.com\/es\/wp-json\/wp\/v2\/product\/1414","targetHints":{"allow":["GET"]}}],"collection":[{"href":"https:\/\/xmstonetools.com\/es\/wp-json\/wp\/v2\/product"}],"about":[{"href":"https:\/\/xmstonetools.com\/es\/wp-json\/wp\/v2\/types\/product"}],"wp:featuredmedia":[{"embeddable":true,"href":"https:\/\/xmstonetools.com\/es\/wp-json\/wp\/v2\/media\/1409"}],"wp:attachment":[{"href":"https:\/\/xmstonetools.com\/es\/wp-json\/wp\/v2\/media?parent=1414"}],"wp:term":[{"taxonomy":"product_brand","embeddable":true,"href":"https:\/\/xmstonetools.com\/es\/wp-json\/wp\/v2\/product_brand?post=1414"},{"taxonomy":"product_cat","embeddable":true,"href":"https:\/\/xmstonetools.com\/es\/wp-json\/wp\/v2\/product_cat?post=1414"},{"taxonomy":"product_tag","embeddable":true,"href":"https:\/\/xmstonetools.com\/es\/wp-json\/wp\/v2\/product_tag?post=1414"}],"curies":[{"name":"wp","href":"https:\/\/api.w.org\/{rel}","templated":true}]}}