{"id":1443,"date":"2022-12-01T15:37:41","date_gmt":"2022-12-01T07:37:41","guid":{"rendered":"https:\/\/xmstonetools.com\/?post_type=product&#038;p=1443"},"modified":"2023-07-07T15:45:20","modified_gmt":"2023-07-07T07:45:20","slug":"segmentos-de-corte-de-bloques-de-granito","status":"publish","type":"product","link":"https:\/\/xmstonetools.com\/es\/product\/segmentos-de-corte-de-bloques-de-granito\/","title":{"rendered":"Segmentos de corte de bloques de granito"},"content":{"rendered":"<p>Introducci\u00f3n:<br \/>\nLos segmentos de diamante son componentes cruciales de los discos de diamante para piedra y desempe\u00f1an un papel fundamental en el proceso de corte. Cuando se trata de cortar bloques de granito, un material famoso por su dureza y durabilidad, elegir los segmentos de diamante adecuados es a\u00fan m\u00e1s esencial. En este art\u00edculo, exploraremos las complejidades de los segmentos de diamante para el corte de bloques de granito, proporcionando una comprensi\u00f3n completa de su composici\u00f3n, caracter\u00edsticas y beneficios.<\/p>\n<h2 style=\"color: steelblue;\">Comprender los segmentos del diamante:<\/h2>\n<p>Los segmentos de diamante son n\u00facleos met\u00e1licos con part\u00edculas impregnadas de diamante adheridas a su borde exterior. Estos segmentos son los responsables de la acci\u00f3n de corte real durante el procesamiento de la piedra. Las part\u00edculas de diamante incrustadas en los segmentos se eligen en funci\u00f3n de su tama\u00f1o, concentraci\u00f3n y calidad, ya que influyen directamente en la eficacia del corte y la vida \u00fatil de la hoja.<\/p>\n<figure id=\"attachment_1442\" aria-describedby=\"caption-attachment-1442\" style=\"width: 750px\" class=\"wp-caption aligncenter\"><img loading=\"lazy\" decoding=\"async\" class=\"size-full wp-image-1442\" src=\"https:\/\/xmstonetools.com\/wp-content\/uploads\/2022\/12\/Granite-Block-Cutting-Segments-3.jpg\" alt=\"Segmentos de corte de bloques de granito-3\" width=\"750\" height=\"750\" srcset=\"https:\/\/xmstonetools.com\/wp-content\/uploads\/2022\/12\/Granite-Block-Cutting-Segments-3.jpg 750w, https:\/\/xmstonetools.com\/wp-content\/uploads\/2022\/12\/Granite-Block-Cutting-Segments-3-400x400.jpg 400w, https:\/\/xmstonetools.com\/wp-content\/uploads\/2022\/12\/Granite-Block-Cutting-Segments-3-280x280.jpg 280w, https:\/\/xmstonetools.com\/wp-content\/uploads\/2022\/12\/Granite-Block-Cutting-Segments-3-300x300.jpg 300w, https:\/\/xmstonetools.com\/wp-content\/uploads\/2022\/12\/Granite-Block-Cutting-Segments-3-600x600.jpg 600w, https:\/\/xmstonetools.com\/wp-content\/uploads\/2022\/12\/Granite-Block-Cutting-Segments-3-100x100.jpg 100w, https:\/\/xmstonetools.com\/wp-content\/uploads\/2022\/12\/Granite-Block-Cutting-Segments-3-120x120.jpg 120w\" sizes=\"auto, (max-width: 750px) 100vw, 750px\" \/><figcaption id=\"caption-attachment-1442\" class=\"wp-caption-text\">Segmentos de corte de bloques de granito-3<\/figcaption><\/figure>\n<h2 style=\"color: steelblue;\">Composici\u00f3n de los segmentos de diamante:<\/h2>\n<p>La composici\u00f3n de los segmentos diamantados para el corte de bloques de granito puede variar en funci\u00f3n de los requisitos espec\u00edficos y las normas de calidad del fabricante. Sin embargo, suelen consistir en una combinaci\u00f3n de los siguientes componentes:<\/p>\n<h3>a) Cristales de diamante:<\/h3>\n<p>Los diamantes sint\u00e9ticos de calidad industrial se utilizan habitualmente por su dureza y durabilidad superiores. Los cristales de diamante se seleccionan cuidadosamente y se distribuyen uniformemente en el segmento para garantizar un rendimiento de corte uniforme.<\/p>\n<h3>b) Enlace met\u00e1lico:<\/h3>\n<p>Las part\u00edculas de diamante se mantienen firmemente unidas por un enlace met\u00e1lico, que puede estar hecho de diversos materiales como cobre, bronce o cobalto. El material de aglomerante influye en la velocidad de corte, la resistencia al calor y la vida \u00fatil del segmento.<\/p>\n<h3>c) Forma y dise\u00f1o del segmento:<\/h3>\n<p>Los segmentos de diamante tienen distintas formas: rectangular, circular o multicapa. La elecci\u00f3n de la forma del segmento depende de la aplicaci\u00f3n de corte y de la precisi\u00f3n de corte deseada.<\/p>\n<figure id=\"attachment_1441\" aria-describedby=\"caption-attachment-1441\" style=\"width: 1000px\" class=\"wp-caption aligncenter\"><img loading=\"lazy\" decoding=\"async\" class=\"size-full wp-image-1441\" src=\"https:\/\/xmstonetools.com\/wp-content\/uploads\/2022\/12\/Granite-Block-Cutting-Segments-2.jpg\" alt=\"Segmentos de corte de bloques de granito-2\" width=\"1000\" height=\"1000\" srcset=\"https:\/\/xmstonetools.com\/wp-content\/uploads\/2022\/12\/Granite-Block-Cutting-Segments-2.jpg 1000w, https:\/\/xmstonetools.com\/wp-content\/uploads\/2022\/12\/Granite-Block-Cutting-Segments-2-400x400.jpg 400w, https:\/\/xmstonetools.com\/wp-content\/uploads\/2022\/12\/Granite-Block-Cutting-Segments-2-800x800.jpg 800w, https:\/\/xmstonetools.com\/wp-content\/uploads\/2022\/12\/Granite-Block-Cutting-Segments-2-280x280.jpg 280w, https:\/\/xmstonetools.com\/wp-content\/uploads\/2022\/12\/Granite-Block-Cutting-Segments-2-768x768.jpg 768w, https:\/\/xmstonetools.com\/wp-content\/uploads\/2022\/12\/Granite-Block-Cutting-Segments-2-300x300.jpg 300w, https:\/\/xmstonetools.com\/wp-content\/uploads\/2022\/12\/Granite-Block-Cutting-Segments-2-600x600.jpg 600w, https:\/\/xmstonetools.com\/wp-content\/uploads\/2022\/12\/Granite-Block-Cutting-Segments-2-100x100.jpg 100w, https:\/\/xmstonetools.com\/wp-content\/uploads\/2022\/12\/Granite-Block-Cutting-Segments-2-120x120.jpg 120w\" sizes=\"auto, (max-width: 1000px) 100vw, 1000px\" \/><figcaption id=\"caption-attachment-1441\" class=\"wp-caption-text\">Segmentos de corte de bloques de granito-2<\/figcaption><\/figure>\n<h2 style=\"color: steelblue;\">Caracter\u00edsticas de los segmentos diamantados para el corte de bloques de granito:<\/h2>\n<h3>a) Alta eficacia de corte:<\/h3>\n<p>Los segmentos diamantados con part\u00edculas de diamante bien distribuidas permiten un corte eficaz a trav\u00e9s de bloques de granito, reduciendo el tiempo de corte y aumentando la productividad.<\/p>\n<h3>b) Durabilidad excepcional:<\/h3>\n<p>La dureza de los cristales de diamante, combinada con un robusto enlace met\u00e1lico, garantiza una prolongada vida \u00fatil del segmento incluso al cortar materiales de granito denso. Esta durabilidad minimiza la necesidad de sustituir los discos con frecuencia, lo que reduce el tiempo de inactividad y los costes.<\/p>\n<h3>c) Cortes precisos y limpios:<\/h3>\n<p>Los segmentos diamantados ofrecen una precisi\u00f3n de corte superior, lo que se traduce en cortes limpios y suaves en bloques de granito. Esta precisi\u00f3n reduce la necesidad de extensos tratamientos posteriores al corte, ahorrando tiempo y esfuerzo.<\/p>\n<h3>d) Disipaci\u00f3n del calor:<\/h3>\n<p>El corte de granito puede generar un calor considerable, que puede afectar a la eficacia del corte y a la vida \u00fatil del disco. Los segmentos de diamante con excelentes propiedades de disipaci\u00f3n t\u00e9rmica minimizan la acumulaci\u00f3n de calor, mejorando el rendimiento de corte y alargando la vida \u00fatil del disco.<\/p>\n<h3>e) Versatilidad:<\/h3>\n<p>Los segmentos de diamante est\u00e1n dise\u00f1ados para diversas aplicaciones de corte y pueden utilizarse en diferentes tipos de bloques de granito, incluidos los que tienen diferentes niveles de dureza y composiciones.<\/p>\n<p>Cuando se trata de cortar bloques de granito, la selecci\u00f3n de segmentos de diamante de alta calidad es primordial para lograr resultados precisos y eficaces. Con su composici\u00f3n cuidadosamente dise\u00f1ada y sus avanzadas caracter\u00edsticas, los segmentos de diamante proporcionan la potencia de corte, la durabilidad y la precisi\u00f3n necesarias para las operaciones de corte de bloques de granito. Al comprender los aspectos clave de los segmentos de diamante, los usuarios pueden tomar decisiones informadas a la hora de elegir las herramientas adecuadas para sus necesidades de corte de granito, maximizando en \u00faltima instancia la productividad y logrando resultados de corte excepcionales.<\/p>\n<figure id=\"attachment_1440\" aria-describedby=\"caption-attachment-1440\" style=\"width: 1000px\" class=\"wp-caption aligncenter\"><img loading=\"lazy\" decoding=\"async\" class=\"size-full wp-image-1440\" src=\"https:\/\/xmstonetools.com\/wp-content\/uploads\/2022\/12\/Granite-Block-Cutting-Segments.jpg\" alt=\"Segmentos de corte de bloques de granito\" width=\"1000\" height=\"1000\" srcset=\"https:\/\/xmstonetools.com\/wp-content\/uploads\/2022\/12\/Granite-Block-Cutting-Segments.jpg 1000w, https:\/\/xmstonetools.com\/wp-content\/uploads\/2022\/12\/Granite-Block-Cutting-Segments-400x400.jpg 400w, https:\/\/xmstonetools.com\/wp-content\/uploads\/2022\/12\/Granite-Block-Cutting-Segments-800x800.jpg 800w, https:\/\/xmstonetools.com\/wp-content\/uploads\/2022\/12\/Granite-Block-Cutting-Segments-280x280.jpg 280w, https:\/\/xmstonetools.com\/wp-content\/uploads\/2022\/12\/Granite-Block-Cutting-Segments-768x768.jpg 768w, https:\/\/xmstonetools.com\/wp-content\/uploads\/2022\/12\/Granite-Block-Cutting-Segments-300x300.jpg 300w, https:\/\/xmstonetools.com\/wp-content\/uploads\/2022\/12\/Granite-Block-Cutting-Segments-600x600.jpg 600w, https:\/\/xmstonetools.com\/wp-content\/uploads\/2022\/12\/Granite-Block-Cutting-Segments-100x100.jpg 100w, https:\/\/xmstonetools.com\/wp-content\/uploads\/2022\/12\/Granite-Block-Cutting-Segments-120x120.jpg 120w\" sizes=\"auto, (max-width: 1000px) 100vw, 1000px\" \/><figcaption id=\"caption-attachment-1440\" class=\"wp-caption-text\">Segmentos de corte de bloques de granito<\/figcaption><\/figure>\n<h2 style=\"color: steelblue;\">Factores que afectan al rendimiento del segmento del diamante gran\u00edtico:<\/h2>\n<h3>a) Calidad del diamante:<\/h3>\n<p>La calidad de los cristales de diamante utilizados en los segmentos influye enormemente en su rendimiento de corte. Los diamantes de alta calidad con un tama\u00f1o y una forma uniformes garantizan una mayor eficacia de corte y una vida \u00fatil m\u00e1s larga.<\/p>\n<h3>b) Concentraci\u00f3n de diamantes:<\/h3>\n<p>La concentraci\u00f3n de part\u00edculas de diamante en el segmento determina la velocidad de corte y la agresividad. Una mayor concentraci\u00f3n de diamante suele dar lugar a un corte m\u00e1s r\u00e1pido, pero puede acortar la vida \u00fatil.<\/p>\n<h3>c) Dureza de la uni\u00f3n:<\/h3>\n<p>La dureza del enlace met\u00e1lico que sujeta las part\u00edculas de diamante afecta a la durabilidad general del segmento. Las uniones m\u00e1s blandas son adecuadas para cortar granito m\u00e1s duro, mientras que las uniones m\u00e1s duras son preferibles para cortar granito m\u00e1s blando a fin de evitar un desgaste prematuro.<\/p>\n<h3>d) Tama\u00f1o del segmento:<\/h3>\n<p>El tama\u00f1o del segmento de diamante tambi\u00e9n influye en el rendimiento de corte. Los segmentos m\u00e1s grandes proporcionan m\u00e1s superficie de corte, lo que aumenta la productividad, mientras que los segmentos m\u00e1s peque\u00f1os ofrecen un corte m\u00e1s preciso para dise\u00f1os intrincados.<\/p>\n<h2 style=\"color: steelblue;\">Seleccionar los segmentos de diamante adecuados:<\/h2>\n<h3>a) Caracter\u00edsticas del granito:<\/h3>\n<p>Tenga en cuenta las caracter\u00edsticas espec\u00edficas de los bloques de granito que va a cortar, como la dureza, la composici\u00f3n mineral y la variaci\u00f3n de color. Los distintos tipos de granito pueden requerir distintas especificaciones del segmento de diamante para lograr resultados de corte \u00f3ptimos.<\/p>\n<h3>b) Aplicaci\u00f3n de corte:<\/h3>\n<p>Determine el uso previsto de los bloques de granito tras el corte. Por ejemplo, si los bloques son para uso exterior, se recomiendan segmentos con mayor concentraci\u00f3n de diamante y aglomerante duradero para soportar los factores ambientales.<\/p>\n<h3>c) Compatibilidad de las cuchillas:<\/h3>\n<p>Aseg\u00farese de que los segmentos de diamante seleccionados son compatibles con el disco de diamante para piedra que se va a utilizar. La alineaci\u00f3n correcta y la fijaci\u00f3n segura de los segmentos al disco son cruciales para un corte seguro y eficaz.<\/p>\n<h3>d) Reputaci\u00f3n del fabricante:<\/h3>\n<p>Elija segmentos de diamante de fabricantes reputados, conocidos por producir productos fiables y de alta calidad. Investiga las opiniones de los clientes, las certificaciones y las garant\u00edas para asegurarte de que inviertes en una marca de confianza.<\/p>\n<figure id=\"attachment_1436\" aria-describedby=\"caption-attachment-1436\" style=\"width: 1000px\" class=\"wp-caption aligncenter\"><img loading=\"lazy\" decoding=\"async\" class=\"size-full wp-image-1436\" src=\"https:\/\/xmstonetools.com\/wp-content\/uploads\/2022\/12\/Diamond-Segments-for-Granite-Cutting-5.jpg\" alt=\"Segmentos de diamante para corte de granito-5\" width=\"1000\" height=\"1000\" srcset=\"https:\/\/xmstonetools.com\/wp-content\/uploads\/2022\/12\/Diamond-Segments-for-Granite-Cutting-5.jpg 1000w, https:\/\/xmstonetools.com\/wp-content\/uploads\/2022\/12\/Diamond-Segments-for-Granite-Cutting-5-400x400.jpg 400w, https:\/\/xmstonetools.com\/wp-content\/uploads\/2022\/12\/Diamond-Segments-for-Granite-Cutting-5-800x800.jpg 800w, https:\/\/xmstonetools.com\/wp-content\/uploads\/2022\/12\/Diamond-Segments-for-Granite-Cutting-5-280x280.jpg 280w, https:\/\/xmstonetools.com\/wp-content\/uploads\/2022\/12\/Diamond-Segments-for-Granite-Cutting-5-768x768.jpg 768w, https:\/\/xmstonetools.com\/wp-content\/uploads\/2022\/12\/Diamond-Segments-for-Granite-Cutting-5-300x300.jpg 300w, https:\/\/xmstonetools.com\/wp-content\/uploads\/2022\/12\/Diamond-Segments-for-Granite-Cutting-5-600x600.jpg 600w, https:\/\/xmstonetools.com\/wp-content\/uploads\/2022\/12\/Diamond-Segments-for-Granite-Cutting-5-100x100.jpg 100w, https:\/\/xmstonetools.com\/wp-content\/uploads\/2022\/12\/Diamond-Segments-for-Granite-Cutting-5-120x120.jpg 120w\" sizes=\"auto, (max-width: 1000px) 100vw, 1000px\" \/><figcaption id=\"caption-attachment-1436\" class=\"wp-caption-text\">Segmentos de diamante para corte de granito-5<\/figcaption><\/figure>\n<h2 style=\"color: steelblue;\">Mantenimiento y cuidado:<\/h2>\n<h3>a) Limpieza de segmentos:<\/h3>\n<p>Limpie regularmente los segmentos de diamante para eliminar residuos, resina o acumulaciones de adhesivo que puedan dificultar su rendimiento de corte. Utilice las soluciones y m\u00e9todos de limpieza adecuados recomendados por el fabricante.<\/p>\n<h3>b) Refrigeraci\u00f3n y lubricaci\u00f3n:<\/h3>\n<p>Una refrigeraci\u00f3n y lubricaci\u00f3n adecuadas durante el proceso de corte son esenciales para evitar el sobrecalentamiento y prolongar la vida \u00fatil de los segmentos de diamante. Utilice agua o fluidos de corte especializados para garantizar una refrigeraci\u00f3n adecuada y reducir la fricci\u00f3n.<\/p>\n<h3>c) Almacenamiento adecuado de las cuchillas:<\/h3>\n<p>Cuando no se utilicen, guarde el disco de diamante y los segmentos en un entorno limpio y seco para evitar la corrosi\u00f3n y mantener su rendimiento de corte.<\/p>\n<h3>d) Inspecci\u00f3n peri\u00f3dica:<\/h3>\n<p>Inspeccione peri\u00f3dicamente los segmentos de diamante en busca de signos de desgaste, da\u00f1os o patrones de desgaste desiguales. Sustituya r\u00e1pidamente los segmentos desgastados o da\u00f1ados para mantener una eficacia de corte y una seguridad \u00f3ptimas.<\/p>\n<p>Recuerde que los segmentos de diamante son componentes consumibles que requieren una sustituci\u00f3n peri\u00f3dica. Un mantenimiento regular y un cuidado adecuado ayudar\u00e1n a maximizar su vida \u00fatil y a garantizar un rendimiento de corte constante.<\/p>\n<p>En resumen, los segmentos de diamante para el corte de bloques de granito est\u00e1n dise\u00f1ados para proporcionar una gran eficacia de corte, durabilidad, precisi\u00f3n y versatilidad. Teniendo en cuenta factores como la calidad del diamante, la concentraci\u00f3n, la dureza del ligante y el tama\u00f1o del segmento, junto con un mantenimiento y cuidado adecuados, los usuarios pueden optimizar sus operaciones de corte y lograr resultados excepcionales al trabajar con bloques de granito.<\/p>\n<figure id=\"attachment_1438\" aria-describedby=\"caption-attachment-1438\" style=\"width: 750px\" class=\"wp-caption aligncenter\"><img loading=\"lazy\" decoding=\"async\" class=\"wp-image-1438 size-full\" src=\"https:\/\/xmstonetools.com\/wp-content\/uploads\/2022\/12\/Details-of-Granite-Block-Cutting-Segments-1.jpg\" alt=\"Detalles de los segmentos de corte de bloques de granito-1\" width=\"750\" height=\"798\" srcset=\"https:\/\/xmstonetools.com\/wp-content\/uploads\/2022\/12\/Details-of-Granite-Block-Cutting-Segments-1.jpg 750w, https:\/\/xmstonetools.com\/wp-content\/uploads\/2022\/12\/Details-of-Granite-Block-Cutting-Segments-1-376x400.jpg 376w, https:\/\/xmstonetools.com\/wp-content\/uploads\/2022\/12\/Details-of-Granite-Block-Cutting-Segments-1-600x638.jpg 600w\" sizes=\"auto, (max-width: 750px) 100vw, 750px\" \/><figcaption id=\"caption-attachment-1438\" class=\"wp-caption-text\">Detalles de los segmentos de corte de bloques de granito-1<\/figcaption><\/figure>\n<table class=\"aliDataTable\" border=\"1\">\n<tbody>\n<tr>\n<td><em>Nombre del producto<\/em><\/td>\n<td><em>Di\u00e1metro (mm)<\/em><\/td>\n<td><em>Dimensi\u00f3n del segmento (mm)<\/em><\/td>\n<td><em>N\u00famero de segmentos (unidades)<\/em><\/td>\n<td><em>Forma<\/em><\/td>\n<td><em>Aplicaci\u00f3n<\/em><\/td>\n<\/tr>\n<tr>\n<td rowspan=\"4\"><em><em><br \/>\nSegmento de diamante para granito, corte de cantos<\/em><\/em><\/td>\n<td><em>300<\/em><\/td>\n<td><em>40\u00d73.2\u00d710(15,20)<\/em><\/td>\n<td><em>21<\/em><\/td>\n<td rowspan=\"14\"><em>depende<\/em><em><br \/>\n<\/em><em><br \/>\n<\/em><em><br \/>\n<\/em><em><br \/>\n<\/em><\/td>\n<td rowspan=\"14\"><em>Granito<\/em><em><br \/>\n<\/em><em><br \/>\n<\/em><em><br \/>\n<\/em><em><br \/>\n<\/em><\/td>\n<\/tr>\n<tr>\n<td><em>350<\/em><\/td>\n<td><em>40\u00d73.2\u00d710(15,20)<\/em><\/td>\n<td><em>24<\/em><\/td>\n<\/tr>\n<tr>\n<td><em>400<\/em><\/td>\n<td><em>40\u00d73.6\u00d710(15,20)<\/em><\/td>\n<td><em>28<\/em><\/td>\n<\/tr>\n<tr>\n<td><em>450<\/em><\/td>\n<td><em>40\u00d74.0x10(15,20)<\/em><\/td>\n<td><em>32<\/em><\/td>\n<\/tr>\n<tr>\n<td rowspan=\"10\"><em>Segmento de diamante para granito, divisi\u00f3n<br \/>\n<\/em><\/td>\n<td><em>400<\/em><\/td>\n<td><em>40\u00d73.6\u00d710(15,20)<\/em><\/td>\n<td><em>28<\/em><\/td>\n<\/tr>\n<tr>\n<td><em>450<\/em><\/td>\n<td><em>40\u00d74.0x10(15,20)<\/em><\/td>\n<td><em>32<\/em><\/td>\n<\/tr>\n<tr>\n<td>500<\/td>\n<td><em>40\u00d74.0x10(15,20)<\/em><\/td>\n<td>36<\/td>\n<\/tr>\n<tr>\n<td>550<\/td>\n<td><em>40\u00d74.6\u00d710(15,20)<\/em><\/td>\n<td>40<\/td>\n<\/tr>\n<tr>\n<td>600<\/td>\n<td><em>40\u00d74.6\u00d710(15,20)<\/em><\/td>\n<td>42<\/td>\n<\/tr>\n<tr>\n<td>650<\/td>\n<td><em>40\u00d75.0x10(15,20)<\/em><\/td>\n<td>46<\/td>\n<\/tr>\n<tr>\n<td>700<\/td>\n<td><em>40\u00d75.0x10(15,20)<\/em><\/td>\n<td>50<\/td>\n<\/tr>\n<tr>\n<td>750<\/td>\n<td><em>40\u00d75.0x10(15,20)<\/em><\/td>\n<td>54<\/td>\n<\/tr>\n<tr>\n<td>800<\/td>\n<td><em>40\u00d75.5\u00d710(15,20)<\/em><\/td>\n<td>57<\/td>\n<\/tr>\n<tr>\n<td>850<\/td>\n<td><em>40\u00d75.5\u00d710(15,20)<\/em><\/td>\n<td>58<\/td>\n<\/tr>\n<tr>\n<td rowspan=\"10\"><em>Segmento de corte para bloque de granito<\/em><\/td>\n<td><em>900<\/em><\/td>\n<td><em>24\u00d77.5\u00d713(15)<\/em><\/td>\n<td><em>64<\/em><\/td>\n<td rowspan=\"10\"><em>Z<\/em><\/td>\n<td rowspan=\"10\"><em>Granito<\/em><\/td>\n<\/tr>\n<tr>\n<td><em>1000<\/em><\/td>\n<td><em>24\u00d77.5\u00d713(15)<\/em><\/td>\n<td><em>70<\/em><\/td>\n<\/tr>\n<tr>\n<td><em>1200<\/em><\/td>\n<td><em>24\u00d78.0x13(15)<\/em><\/td>\n<td><em>80<\/em><\/td>\n<\/tr>\n<tr>\n<td><em>1400<\/em><\/td>\n<td><em>24\u00d78.5\u00d713(15)<\/em><\/td>\n<td><em>92<\/em><\/td>\n<\/tr>\n<tr>\n<td><em>1600<\/em><\/td>\n<td><em>24\u00d79.5\u00d713(15)<\/em><\/td>\n<td><em>108<\/em><\/td>\n<\/tr>\n<tr>\n<td><em>1800<\/em><\/td>\n<td><em>24x10x13(15)<\/em><\/td>\n<td><em>120<\/em><\/td>\n<\/tr>\n<tr>\n<td><em>2000<\/em><\/td>\n<td><em>24x11x13(15)<\/em><\/td>\n<td><em>128<\/em><\/td>\n<\/tr>\n<tr>\n<td><em>2200<\/em><\/td>\n<td><em>24x11x13(15)<\/em><\/td>\n<td><em>132<\/em><\/td>\n<\/tr>\n<tr>\n<td><em>2500<\/em><\/td>\n<td><em>24\u00d712.5\u00d713(15)<\/em><\/td>\n<td><em>140<\/em><\/td>\n<\/tr>\n<tr>\n<td><em>2700<\/em><\/td>\n<td><em>24\u00d712.5\u00d713(15)<\/em><\/td>\n<td><em>140<\/em><\/td>\n<\/tr>\n<\/tbody>\n<\/table>","protected":false},"excerpt":{"rendered":"<p>Los segmentos de diamante son componentes cruciales de los discos de diamante para piedra y desempe\u00f1an un papel fundamental en el proceso de corte. Cuando se trata de cortar bloques de granito, un material famoso por su dureza y durabilidad, elegir los segmentos de diamante adecuados es a\u00fan m\u00e1s esencial. En este art\u00edculo exploraremos los entresijos de los segmentos de diamante para el corte de bloques de granito, proporcionando una comprensi\u00f3n exhaustiva de su composici\u00f3n, caracter\u00edsticas y ventajas. La composici\u00f3n de los segmentos de diamante para el corte de bloques de granito puede variar en funci\u00f3n de los requisitos espec\u00edficos y las normas de calidad del fabricante. Sin embargo, suelen consistir en una combinaci\u00f3n de los siguientes componentes:<\/p>\n<a href=\"#Quote-Button\" class=\"button primary is-large Inquiry-Button\" style=\"border-radius:99px;\">\n\t<i class=\"icon-heart\" aria-hidden=\"true\"><\/i>\t<span>Consulta<\/span>\n\t<\/a>","protected":false},"featured_media":1440,"template":"","meta":[],"product_brand":[],"product_cat":[55],"product_tag":[64,91],"class_list":{"0":"post-1443","1":"product","2":"type-product","3":"status-publish","4":"has-post-thumbnail","6":"product_cat-stone-cutting-tools","7":"product_tag-diamond-segments","8":"product_tag-granite-cutting-blade","10":"first","11":"instock","12":"shipping-taxable","13":"product-type-simple"},"aioseo_notices":[],"_links":{"self":[{"href":"https:\/\/xmstonetools.com\/es\/wp-json\/wp\/v2\/product\/1443","targetHints":{"allow":["GET"]}}],"collection":[{"href":"https:\/\/xmstonetools.com\/es\/wp-json\/wp\/v2\/product"}],"about":[{"href":"https:\/\/xmstonetools.com\/es\/wp-json\/wp\/v2\/types\/product"}],"wp:featuredmedia":[{"embeddable":true,"href":"https:\/\/xmstonetools.com\/es\/wp-json\/wp\/v2\/media\/1440"}],"wp:attachment":[{"href":"https:\/\/xmstonetools.com\/es\/wp-json\/wp\/v2\/media?parent=1443"}],"wp:term":[{"taxonomy":"product_brand","embeddable":true,"href":"https:\/\/xmstonetools.com\/es\/wp-json\/wp\/v2\/product_brand?post=1443"},{"taxonomy":"product_cat","embeddable":true,"href":"https:\/\/xmstonetools.com\/es\/wp-json\/wp\/v2\/product_cat?post=1443"},{"taxonomy":"product_tag","embeddable":true,"href":"https:\/\/xmstonetools.com\/es\/wp-json\/wp\/v2\/product_tag?post=1443"}],"curies":[{"name":"wp","href":"https:\/\/api.w.org\/{rel}","templated":true}]}}