{"id":1455,"date":"2022-12-01T19:36:44","date_gmt":"2022-12-01T11:36:44","guid":{"rendered":"https:\/\/xmstonetools.com\/?post_type=product&#038;p=1455"},"modified":"2023-07-07T14:59:24","modified_gmt":"2023-07-07T06:59:24","slug":"placa-abrasiva-de-granito-con-aglomerante-metalico","status":"publish","type":"product","link":"https:\/\/xmstonetools.com\/es\/product\/placa-abrasiva-de-granito-con-aglomerante-metalico\/","title":{"rendered":"Placa abrasiva de granito con aglomerante met\u00e1lico"},"content":{"rendered":"<p>Las herramientas diamantadas para piedra desempe\u00f1an un papel crucial en la industria del tratamiento de la piedra, ya que permiten crear superficies exquisitas y cortes precisos. Entre las diversas herramientas utilizadas, las placas de esmerilado de granito con aglomerante met\u00e1lico destacan como componentes esenciales para el esmerilado y pulido de superficies de granito. En este art\u00edculo, nos adentraremos en los detalles de las muelas para granito de aglomerante met\u00e1lico, explorando su construcci\u00f3n, ventajas y aplicaciones.<\/p>\n<h2 style=\"color: steelblue;\">1. Construcci\u00f3n de placas de molienda de granito con aglomerante met\u00e1lico:<\/h2>\n<p>Las muelas de granito con aglomerante met\u00e1lico son herramientas meticulosamente dise\u00f1adas que constan de una matriz de aglomerante met\u00e1lico, segmentos de diamante y una placa de acero o aluminio. La matriz de aglomerante met\u00e1lico sirve como aglutinante que sujeta firmemente los segmentos de diamante en su lugar. Los segmentos de diamante, incrustados dentro de la matriz, contienen diamantes sint\u00e9ticos o naturales que se encargan de esmerilar, pulir y dar forma a la superficie de granito.<\/p>\n<figure id=\"attachment_1453\" aria-describedby=\"caption-attachment-1453\" style=\"width: 1000px\" class=\"wp-caption aligncenter\"><img loading=\"lazy\" decoding=\"async\" class=\"size-full wp-image-1453\" src=\"https:\/\/xmstonetools.com\/wp-content\/uploads\/2022\/12\/Metal-Bond-Granite-Grinding-Plate-3.jpg\" alt=\"Metal Bond Granito Placa abrasiva-3\" width=\"1000\" height=\"1000\" srcset=\"https:\/\/xmstonetools.com\/wp-content\/uploads\/2022\/12\/Metal-Bond-Granite-Grinding-Plate-3.jpg 1000w, https:\/\/xmstonetools.com\/wp-content\/uploads\/2022\/12\/Metal-Bond-Granite-Grinding-Plate-3-400x400.jpg 400w, https:\/\/xmstonetools.com\/wp-content\/uploads\/2022\/12\/Metal-Bond-Granite-Grinding-Plate-3-800x800.jpg 800w, https:\/\/xmstonetools.com\/wp-content\/uploads\/2022\/12\/Metal-Bond-Granite-Grinding-Plate-3-280x280.jpg 280w, https:\/\/xmstonetools.com\/wp-content\/uploads\/2022\/12\/Metal-Bond-Granite-Grinding-Plate-3-768x768.jpg 768w, https:\/\/xmstonetools.com\/wp-content\/uploads\/2022\/12\/Metal-Bond-Granite-Grinding-Plate-3-300x300.jpg 300w, https:\/\/xmstonetools.com\/wp-content\/uploads\/2022\/12\/Metal-Bond-Granite-Grinding-Plate-3-600x600.jpg 600w, https:\/\/xmstonetools.com\/wp-content\/uploads\/2022\/12\/Metal-Bond-Granite-Grinding-Plate-3-100x100.jpg 100w, https:\/\/xmstonetools.com\/wp-content\/uploads\/2022\/12\/Metal-Bond-Granite-Grinding-Plate-3-120x120.jpg 120w\" sizes=\"auto, (max-width: 1000px) 100vw, 1000px\" \/><figcaption id=\"caption-attachment-1453\" class=\"wp-caption-text\">Metal Bond Granito Placa abrasiva-3<\/figcaption><\/figure>\n<h2 style=\"color: steelblue;\">2. Ventajas de las placas de esmerilado de granito con aglomerante met\u00e1lico:<\/h2>\n<h3>a. Durabilidad excepcional:<\/h3>\n<p>Las placas de esmerilado de granito con aglomerante met\u00e1lico son conocidas por su extraordinaria durabilidad, lo que las hace id\u00f3neas para aplicaciones pesadas. La robusta matriz de aglomerante met\u00e1lico soporta eficazmente altas presiones de rectificado, lo que proporciona una vida \u00fatil m\u00e1s larga en comparaci\u00f3n con otros tipos de placas de rectificado.<\/p>\n<h3>b. Alta eficiencia de molienda:<\/h3>\n<p>La combinaci\u00f3n de la matriz de aglomerante met\u00e1lico y los segmentos de diamante garantiza una eficacia de rectificado superior. Las part\u00edculas de diamante incrustadas en los segmentos crean bordes de corte afilados, lo que permite una eliminaci\u00f3n eficaz del material y reduce el tiempo necesario para rectificar superficies de granito.<\/p>\n<h3>c. Rendimiento constante:<\/h3>\n<p>Las placas abrasivas de granito con aglomerante met\u00e1lico ofrecen un rendimiento constante y fiable durante toda su vida \u00fatil. Su dise\u00f1o preciso garantiza un desgaste uniforme de los segmentos de diamante, manteniendo un patr\u00f3n de rectificado consistente y minimizando las irregularidades de la superficie.<\/p>\n<h3>d. Versatilidad:<\/h3>\n<p>Las placas de esmerilado de granito con aglomerante met\u00e1lico son adecuadas para una amplia gama de aplicaciones. Pueden utilizarse para el esmerilado grueso, el esmerilado fino y el pulido, lo que permite a los profesionales conseguir distintos niveles de acabado superficial en encimeras de granito, suelos, paredes y otros elementos arquitect\u00f3nicos.<\/p>\n<figure id=\"attachment_1452\" aria-describedby=\"caption-attachment-1452\" style=\"width: 1000px\" class=\"wp-caption aligncenter\"><img loading=\"lazy\" decoding=\"async\" class=\"size-full wp-image-1452\" src=\"https:\/\/xmstonetools.com\/wp-content\/uploads\/2022\/12\/Metal-Bond-Granite-Grinding-Plate-2.jpg\" alt=\"Metal Bond Granito Placa abrasiva-2\" width=\"1000\" height=\"1000\" srcset=\"https:\/\/xmstonetools.com\/wp-content\/uploads\/2022\/12\/Metal-Bond-Granite-Grinding-Plate-2.jpg 1000w, https:\/\/xmstonetools.com\/wp-content\/uploads\/2022\/12\/Metal-Bond-Granite-Grinding-Plate-2-400x400.jpg 400w, https:\/\/xmstonetools.com\/wp-content\/uploads\/2022\/12\/Metal-Bond-Granite-Grinding-Plate-2-800x800.jpg 800w, https:\/\/xmstonetools.com\/wp-content\/uploads\/2022\/12\/Metal-Bond-Granite-Grinding-Plate-2-280x280.jpg 280w, https:\/\/xmstonetools.com\/wp-content\/uploads\/2022\/12\/Metal-Bond-Granite-Grinding-Plate-2-768x768.jpg 768w, https:\/\/xmstonetools.com\/wp-content\/uploads\/2022\/12\/Metal-Bond-Granite-Grinding-Plate-2-300x300.jpg 300w, https:\/\/xmstonetools.com\/wp-content\/uploads\/2022\/12\/Metal-Bond-Granite-Grinding-Plate-2-600x600.jpg 600w, https:\/\/xmstonetools.com\/wp-content\/uploads\/2022\/12\/Metal-Bond-Granite-Grinding-Plate-2-100x100.jpg 100w, https:\/\/xmstonetools.com\/wp-content\/uploads\/2022\/12\/Metal-Bond-Granite-Grinding-Plate-2-120x120.jpg 120w\" sizes=\"auto, (max-width: 1000px) 100vw, 1000px\" \/><figcaption id=\"caption-attachment-1452\" class=\"wp-caption-text\">Metal Bond Granito Placa abrasiva-2<\/figcaption><\/figure>\n<h2 style=\"color: steelblue;\">3. Aplicaciones de las placas abrasivas de granito con aglomerante met\u00e1lico:<\/h2>\n<h3>a. Fabricaci\u00f3n de encimeras de granito:<\/h3>\n<p>Las placas de esmerilado de granito con aglomerante met\u00e1lico se utilizan ampliamente en la fabricaci\u00f3n de encimeras de granito. Ayudan a dar forma y suavizar los bordes de granito, creando biseles precisos y consiguiendo el acabado deseado.<\/p>\n<h3>b. Restauraci\u00f3n de suelos de piedra:<\/h3>\n<p>Para restaurar y pulir suelos de granito, las placas abrasivas para granito con aglomerante met\u00e1lico son indispensables. Eliminan eficazmente ara\u00f1azos, manchas e irregularidades, lo que da como resultado una superficie lisa y brillante.<\/p>\n<h3>c. Talla de piedra arquitect\u00f3nica:<\/h3>\n<p>Las placas de esmerilado de granito con aglomerante met\u00e1lico se emplean en proyectos de talla arquitect\u00f3nica de piedra, en los que se tallan en granito dise\u00f1os y detalles intrincados. Estas placas ayudan a dar forma y refinar con precisi\u00f3n la piedra, realzando el atractivo art\u00edstico general.<\/p>\n<h3>d. Fabricaci\u00f3n de monumentos:<\/h3>\n<p>En la fabricaci\u00f3n de monumentos de granito se utilizan placas de esmerilado de granito con aglomerante met\u00e1lico, que garantizan una forma precisa y detalles intrincados.<\/p>\n<p>Las placas de amolar de granito con aglomerante met\u00e1lico ofrecen una serie de ventajas que contribuyen significativamente a la eficacia y precisi\u00f3n de las herramientas diamantadas para piedra. Su durabilidad, alta eficacia de rectificado, rendimiento constante y versatilidad las convierten en una herramienta indispensable para los profesionales de la industria del procesamiento de la piedra. Ya se trate de la fabricaci\u00f3n de encimeras, la restauraci\u00f3n de suelos de piedra, el tallado de piedra arquitect\u00f3nica o la fabricaci\u00f3n de monumentos, las placas de esmerilado de granito con aglomerante met\u00e1lico desempe\u00f1an un papel fundamental a la hora de conseguir resultados excepcionales y resaltar la belleza natural de las superficies de granito.<\/p>\n<figure id=\"attachment_1450\" aria-describedby=\"caption-attachment-1450\" style=\"width: 750px\" class=\"wp-caption aligncenter\"><img loading=\"lazy\" decoding=\"async\" class=\"size-full wp-image-1450\" src=\"https:\/\/xmstonetools.com\/wp-content\/uploads\/2022\/12\/Metal-Bond-Granite-Grinding-Plate-Application.jpg\" alt=\"Placa abrasiva de granito con aglomerante met\u00e1lico Aplicaci\u00f3n\" width=\"750\" height=\"1356\" srcset=\"https:\/\/xmstonetools.com\/wp-content\/uploads\/2022\/12\/Metal-Bond-Granite-Grinding-Plate-Application.jpg 750w, https:\/\/xmstonetools.com\/wp-content\/uploads\/2022\/12\/Metal-Bond-Granite-Grinding-Plate-Application-221x400.jpg 221w, https:\/\/xmstonetools.com\/wp-content\/uploads\/2022\/12\/Metal-Bond-Granite-Grinding-Plate-Application-442x800.jpg 442w, https:\/\/xmstonetools.com\/wp-content\/uploads\/2022\/12\/Metal-Bond-Granite-Grinding-Plate-Application-600x1085.jpg 600w\" sizes=\"auto, (max-width: 750px) 100vw, 750px\" \/><figcaption id=\"caption-attachment-1450\" class=\"wp-caption-text\">Placa abrasiva de granito con aglomerante met\u00e1lico Aplicaci\u00f3n<\/figcaption><\/figure>\n<p>Por supuesto. He aqu\u00ed algunos detalles adicionales sobre las placas abrasivas de granito con aglomerante met\u00e1lico:<\/p>\n<h2 style=\"color: steelblue;\">4. Tipos de enlace met\u00e1lico:<\/h2>\n<p>Las placas de granito para rectificado con aglomerante met\u00e1lico est\u00e1n disponibles en diferentes variantes para satisfacer las distintas necesidades de rectificado. Los dos tipos principales de aglomerante met\u00e1lico utilizados en estas placas son:<\/p>\n<h3>a. Uni\u00f3n de metal blando:<\/h3>\n<p>Las placas de aglomerante met\u00e1lico blando est\u00e1n dise\u00f1adas para proporcionar una mayor flexibilidad de la herramienta, lo que las hace ideales para el rectificado de granito m\u00e1s blando o para el rectificado grueso inicial. El aglomerante m\u00e1s blando permite una eliminaci\u00f3n m\u00e1s r\u00e1pida del material y ayuda a evitar la obstrucci\u00f3n de los segmentos de diamante.<\/p>\n<h3>b. Uni\u00f3n de metal duro:<\/h3>\n<p>Las placas de aglomerante de metal duro son las preferidas para desbastar granito m\u00e1s duro o para aplicaciones de pulido m\u00e1s fino. Ofrecen una mayor estabilidad y una vida \u00fatil m\u00e1s larga, lo que permite obtener resultados de desbaste y pulido m\u00e1s precisos.<\/p>\n<h2 style=\"color: steelblue;\">5. Tama\u00f1os de grano:<\/h2>\n<p>Las placas de esmerilado de granito con aglomerante met\u00e1lico vienen en diferentes tama\u00f1os de grano, que determinan la tosquedad o finura del proceso de esmerilado. Los tama\u00f1os de grano m\u00e1s comunes son 30\/40, 50\/60, 100\/120, 200\/220, 400\/500 y m\u00e1s. Los granos m\u00e1s gruesos se utilizan normalmente para el esmerilado inicial con el fin de eliminar las imperfecciones de la superficie, mientras que los granos m\u00e1s finos se utilizan para pulir y conseguir un acabado m\u00e1s suave.<\/p>\n<h2 style=\"color: steelblue;\">6. Formas de los segmentos:<\/h2>\n<p>Los segmentos de diamante de las placas de granito para rectificado con aglomerante met\u00e1lico est\u00e1n disponibles en varias formas, como redonda, rectangular y en forma de flecha. La elecci\u00f3n de la forma del segmento depende de los requisitos espec\u00edficos de rectificado y del resultado deseado. Las diferentes formas de segmento pueden proporcionar distintos niveles de agresividad, precisi\u00f3n y versatilidad.<\/p>\n<figure id=\"attachment_1451\" aria-describedby=\"caption-attachment-1451\" style=\"width: 1000px\" class=\"wp-caption aligncenter\"><img loading=\"lazy\" decoding=\"async\" class=\"size-full wp-image-1451\" src=\"https:\/\/xmstonetools.com\/wp-content\/uploads\/2022\/12\/Metal-Bond-Granite-Grinding-Plate.jpg\" alt=\"Placa abrasiva de granito con aglomerante met\u00e1lico\" width=\"1000\" height=\"1000\" srcset=\"https:\/\/xmstonetools.com\/wp-content\/uploads\/2022\/12\/Metal-Bond-Granite-Grinding-Plate.jpg 1000w, https:\/\/xmstonetools.com\/wp-content\/uploads\/2022\/12\/Metal-Bond-Granite-Grinding-Plate-400x400.jpg 400w, https:\/\/xmstonetools.com\/wp-content\/uploads\/2022\/12\/Metal-Bond-Granite-Grinding-Plate-800x800.jpg 800w, https:\/\/xmstonetools.com\/wp-content\/uploads\/2022\/12\/Metal-Bond-Granite-Grinding-Plate-280x280.jpg 280w, https:\/\/xmstonetools.com\/wp-content\/uploads\/2022\/12\/Metal-Bond-Granite-Grinding-Plate-768x768.jpg 768w, https:\/\/xmstonetools.com\/wp-content\/uploads\/2022\/12\/Metal-Bond-Granite-Grinding-Plate-300x300.jpg 300w, https:\/\/xmstonetools.com\/wp-content\/uploads\/2022\/12\/Metal-Bond-Granite-Grinding-Plate-600x600.jpg 600w, https:\/\/xmstonetools.com\/wp-content\/uploads\/2022\/12\/Metal-Bond-Granite-Grinding-Plate-100x100.jpg 100w, https:\/\/xmstonetools.com\/wp-content\/uploads\/2022\/12\/Metal-Bond-Granite-Grinding-Plate-120x120.jpg 120w\" sizes=\"auto, (max-width: 1000px) 100vw, 1000px\" \/><figcaption id=\"caption-attachment-1451\" class=\"wp-caption-text\">Placa abrasiva de granito con aglomerante met\u00e1lico<\/figcaption><\/figure>\n<h2 style=\"color: steelblue;\">7. Molienda h\u00fameda y seca:<\/h2>\n<p>Las placas de molienda de granito con aglomerante met\u00e1lico pueden utilizarse para aplicaciones de molienda en seco y en h\u00famedo. El rectificado en h\u00famedo se emplea habitualmente para reducir el polvo y controlar el calor generado durante el proceso de rectificado. Tambi\u00e9n ayuda a prolongar la vida \u00fatil de los segmentos de diamante evitando que se sobrecalienten. El rectificado en seco es adecuado cuando no se desea o no es factible el uso de agua, pero puede generar m\u00e1s polvo y requerir sistemas adecuados de extracci\u00f3n de polvo.<\/p>\n<h2 style=\"color: steelblue;\">8. Mantenimiento y cuidado:<\/h2>\n<p>Para garantizar un rendimiento \u00f3ptimo y la longevidad de las placas de esmerilado de granito con aglomerante met\u00e1lico, es esencial un mantenimiento y cuidado adecuados. He aqu\u00ed algunos consejos clave para el mantenimiento:<br \/>\n- Limpie regularmente las placas para eliminar cualquier residuo o acumulaci\u00f3n de lodo que pueda afectar a la eficacia de la molienda.<br \/>\n- Inspeccione los segmentos de diamante en busca de desgaste y sustit\u00fayalos cuando sea necesario para mantener un rendimiento constante.<br \/>\n- Guarde las placas en un lugar seco y protegido para evitar la corrosi\u00f3n y los da\u00f1os.<br \/>\n- Siga las directrices del fabricante en cuanto a los par\u00e1metros de funcionamiento, como la velocidad de rotaci\u00f3n, la presi\u00f3n y el uso de refrigerante.<\/p>\n<p>Siguiendo estas pr\u00e1cticas de mantenimiento, puede maximizar la vida \u00fatil y la eficacia de las placas de esmerilado de granito con aglomerante met\u00e1lico, optimizando sus operaciones de procesamiento de piedra.<\/p>\n<p>Las planchas de desbaste de granito Metal bond son herramientas indispensables en la industria del tratamiento de la piedra, ya que proporcionan a los profesionales la capacidad de conseguir resultados precisos de desbaste, perfilado y pulido en superficies de granito. Su durabilidad, versatilidad y rendimiento constante las convierten en la opci\u00f3n preferida de los profesionales que buscan herramientas diamantadas de alta calidad para la piedra.<\/p>\n<figure id=\"attachment_1454\" aria-describedby=\"caption-attachment-1454\" style=\"width: 750px\" class=\"wp-caption aligncenter\"><img loading=\"lazy\" decoding=\"async\" class=\"size-full wp-image-1454\" src=\"https:\/\/xmstonetools.com\/wp-content\/uploads\/2022\/12\/Metal-Bond-Granite-Grinding-Plate-4.jpg\" alt=\"Metal Bond Granito Placa de esmerilado-4\" width=\"750\" height=\"1125\" srcset=\"https:\/\/xmstonetools.com\/wp-content\/uploads\/2022\/12\/Metal-Bond-Granite-Grinding-Plate-4.jpg 750w, https:\/\/xmstonetools.com\/wp-content\/uploads\/2022\/12\/Metal-Bond-Granite-Grinding-Plate-4-267x400.jpg 267w, https:\/\/xmstonetools.com\/wp-content\/uploads\/2022\/12\/Metal-Bond-Granite-Grinding-Plate-4-533x800.jpg 533w, https:\/\/xmstonetools.com\/wp-content\/uploads\/2022\/12\/Metal-Bond-Granite-Grinding-Plate-4-600x900.jpg 600w\" sizes=\"auto, (max-width: 750px) 100vw, 750px\" \/><figcaption id=\"caption-attachment-1454\" class=\"wp-caption-text\">Metal Bond Granito Placa de esmerilado-4<\/figcaption><\/figure>\n<table class=\"aliDataTable\" style=\"height: 485px;\" width=\"640\">\n<tbody>\n<tr align=\"left\">\n<td valign=\"top\">Nombre del producto<\/td>\n<td valign=\"top\">200mm Metal Bond Diamond Grinding Disc Grinding Plate<\/td>\n<\/tr>\n<tr align=\"left\">\n<td valign=\"top\">Arena<\/td>\n<td valign=\"top\">50#\u00a0 100#\u00a0 200#\u00a0 400#<\/td>\n<\/tr>\n<tr align=\"left\">\n<td valign=\"top\">Di\u00e1metro<\/td>\n<td valign=\"top\">\u00a0200 mm<\/td>\n<\/tr>\n<tr align=\"left\">\n<td valign=\"top\">Tecnolog\u00eda<\/td>\n<td valign=\"top\">Soldadura de alta frecuencia<\/td>\n<\/tr>\n<tr align=\"left\">\n<td valign=\"top\">Control de calidad:<\/td>\n<td valign=\"top\">\u00a01. Estricta inspecci\u00f3n de las materias primas<\/p>\n<p>2. F\u00f3rmula profesional<\/p>\n<p>3. Control del proceso de producci\u00f3n<\/p>\n<p>4. Haga algunas pruebas para asegurarse de que la funci\u00f3n de uso<\/p>\n<p>5. Los productos pasan una inspecci\u00f3n estricta<\/td>\n<\/tr>\n<\/tbody>\n<\/table>","protected":false},"excerpt":{"rendered":"<p>Caracter\u00edsticas de la placa abrasiva de granito con aglomerante met\u00e1lico<\/p>\n<p>-Condici\u00f3n de trabajo: Uso h\u00famedo ;<br \/>\n-Material adhesivo y material abrasivo: \u00c1cido ox\u00e1lico<\/p>\n<p>-M\u00e1quina Aplicable: L\u00ednea autom\u00e1tica de pulido<br \/>\n- Grano : 5-Extra,10-Extra<br \/>\n-Grosor y longitud: 15 mm de grosor; L140mm de longitud<br \/>\n-Tipo de conexi\u00f3n : Conexi\u00f3n Frankfurt<br \/>\n-Material de pulido: Granito, m\u00e1rmol, piedra caliza, piedra arenisca, etc;<\/p>\n<a class=\"button primary is-large popmake-1134\" style=\"border-radius:99px;\">\n\t<i class=\"icon-heart\" aria-hidden=\"true\"><\/i>\t<span>Consulta<\/span>\n\t<\/a>","protected":false},"featured_media":1451,"template":"","meta":[],"product_brand":[],"product_cat":[56],"product_tag":[83],"class_list":{"0":"post-1455","1":"product","2":"type-product","3":"status-publish","4":"has-post-thumbnail","6":"product_cat-stone-grinding-tools","7":"product_tag-grinding-cup-wheel","9":"first","10":"instock","11":"shipping-taxable","12":"product-type-simple"},"aioseo_notices":[],"_links":{"self":[{"href":"https:\/\/xmstonetools.com\/es\/wp-json\/wp\/v2\/product\/1455","targetHints":{"allow":["GET"]}}],"collection":[{"href":"https:\/\/xmstonetools.com\/es\/wp-json\/wp\/v2\/product"}],"about":[{"href":"https:\/\/xmstonetools.com\/es\/wp-json\/wp\/v2\/types\/product"}],"wp:featuredmedia":[{"embeddable":true,"href":"https:\/\/xmstonetools.com\/es\/wp-json\/wp\/v2\/media\/1451"}],"wp:attachment":[{"href":"https:\/\/xmstonetools.com\/es\/wp-json\/wp\/v2\/media?parent=1455"}],"wp:term":[{"taxonomy":"product_brand","embeddable":true,"href":"https:\/\/xmstonetools.com\/es\/wp-json\/wp\/v2\/product_brand?post=1455"},{"taxonomy":"product_cat","embeddable":true,"href":"https:\/\/xmstonetools.com\/es\/wp-json\/wp\/v2\/product_cat?post=1455"},{"taxonomy":"product_tag","embeddable":true,"href":"https:\/\/xmstonetools.com\/es\/wp-json\/wp\/v2\/product_tag?post=1455"}],"curies":[{"name":"wp","href":"https:\/\/api.w.org\/{rel}","templated":true}]}}