{"id":1487,"date":"2022-12-04T10:47:18","date_gmt":"2022-12-04T02:47:18","guid":{"rendered":"https:\/\/xmstonetools.com\/?post_type=product&#038;p=1487"},"modified":"2024-04-13T15:20:31","modified_gmt":"2024-04-13T07:20:31","slug":"martillo-de-granito-cabeza-de-rodillo","status":"publish","type":"product","link":"https:\/\/xmstonetools.com\/es\/product\/martillo-de-granito-cabeza-de-rodillo\/","title":{"rendered":"Martillo de Granito Cabeza de Rodillo"},"content":{"rendered":"<h2 style=\"color: steelblue;\">Introducci\u00f3n:<\/h2>\n<p>Las herramientas diamantadas para piedra desempe\u00f1an un papel fundamental en el campo de la canter\u00eda y la construcci\u00f3n, ya que permiten a los profesionales conseguir acabados y texturas asombrosos. Entre estas herramientas, el rodillo de martillo para granito destaca como una soluci\u00f3n vers\u00e1til y eficaz para crear una textura superficial \u00fanica en granito y otras piedras duras. En este art\u00edculo, profundizaremos en los detalles del rodillo de martillo para granito, explorando su prop\u00f3sito, dise\u00f1o, aplicaciones y los beneficios que ofrece a los profesionales del sector.<\/p>\n<figure id=\"attachment_1498\" aria-describedby=\"caption-attachment-1498\" style=\"width: 345px\" class=\"wp-caption aligncenter\"><img loading=\"lazy\" decoding=\"async\" class=\"size-full wp-image-1498\" src=\"https:\/\/xmstonetools.com\/wp-content\/uploads\/2022\/12\/Granite-Bush-Hammer-Roller.jpg\" alt=\"Rodillo de martillo de granito\" width=\"345\" height=\"337\" \/><figcaption id=\"caption-attachment-1498\" class=\"wp-caption-text\">Rodillo de martillo de granito<\/figcaption><\/figure>\n<h2 style=\"color: steelblue;\">1. Qu\u00e9 es el rodillo de martillo de buje de granito:<\/h2>\n<p>El rodillo martillo para granito es una herramienta diamantada especializada en piedra dise\u00f1ada para crear una superficie uniforme y texturizada en granito y otras piedras duras. Consiste en un rodillo cil\u00edndrico con m\u00faltiples puntas de diamante en forma de pir\u00e1mide, tambi\u00e9n conocidas como puntas de carburo o martillos, distribuidas uniformemente sobre su superficie. Esta configuraci\u00f3n garantiza un impacto eficaz y uniforme sobre la superficie de la piedra durante la operaci\u00f3n.<\/p>\n<h2 style=\"color: steelblue;\">2. Aplicaciones del rodillo de martillos de granito:<\/h2>\n<p>El prop\u00f3sito principal del Rodillo Abujardador de Granito es conseguir una textura rugosa y antideslizante en superficies de granito y otras piedras. El acabado resultante no s\u00f3lo mejora el atractivo est\u00e9tico, sino que tambi\u00e9n mejora la resistencia al deslizamiento, por lo que es ideal para diversas aplicaciones, incluyendo:<\/p>\n<h3>a. Pavimento exterior:<\/h3>\n<p>La superficie texturizada creada por el rodillo Bush Hammer Roller se utiliza com\u00fanmente para aplicaciones de suelos exteriores, como entradas de veh\u00edculos, caminos y patios, donde la resistencia al deslizamiento es crucial.<\/p>\n<h3>b. Suelos interiores:<\/h3>\n<p>Puede emplearse para pavimentos interiores en zonas propensas a la humedad, como cuartos de ba\u00f1o, duchas y alrededores de piscinas.<\/p>\n<h3>c. Preparaci\u00f3n de la superficie:<\/h3>\n<p>El rodillo Bush Hammer tambi\u00e9n es \u00fatil para la preparaci\u00f3n de superficies, proporcionando una superficie rugosa para la aplicaci\u00f3n de revestimientos, selladores o adhesivos.<\/p>\n<h3>d. Acabados decorativos:<\/h3>\n<p>Variando la presi\u00f3n y la t\u00e9cnica empleadas, el rodillo de martillo de granito puede crear acabados decorativos que a\u00f1aden car\u00e1cter a elementos arquitect\u00f3nicos como columnas, muros y fachadas.<\/p>\n<figure id=\"attachment_1497\" aria-describedby=\"caption-attachment-1497\" style=\"width: 1000px\" class=\"wp-caption aligncenter\"><img loading=\"lazy\" decoding=\"async\" class=\"size-full wp-image-1497\" src=\"https:\/\/xmstonetools.com\/wp-content\/uploads\/2022\/12\/Size-of-Granite-Bush-Hammer-Roller-Head-2.jpg\" alt=\"Tama\u00f1o de la cabeza de rodillo de la maza de granito-2\" width=\"1000\" height=\"1000\" srcset=\"https:\/\/xmstonetools.com\/wp-content\/uploads\/2022\/12\/Size-of-Granite-Bush-Hammer-Roller-Head-2.jpg 1000w, https:\/\/xmstonetools.com\/wp-content\/uploads\/2022\/12\/Size-of-Granite-Bush-Hammer-Roller-Head-2-400x400.jpg 400w, https:\/\/xmstonetools.com\/wp-content\/uploads\/2022\/12\/Size-of-Granite-Bush-Hammer-Roller-Head-2-800x800.jpg 800w, https:\/\/xmstonetools.com\/wp-content\/uploads\/2022\/12\/Size-of-Granite-Bush-Hammer-Roller-Head-2-280x280.jpg 280w, https:\/\/xmstonetools.com\/wp-content\/uploads\/2022\/12\/Size-of-Granite-Bush-Hammer-Roller-Head-2-768x768.jpg 768w, https:\/\/xmstonetools.com\/wp-content\/uploads\/2022\/12\/Size-of-Granite-Bush-Hammer-Roller-Head-2-300x300.jpg 300w, https:\/\/xmstonetools.com\/wp-content\/uploads\/2022\/12\/Size-of-Granite-Bush-Hammer-Roller-Head-2-600x600.jpg 600w, https:\/\/xmstonetools.com\/wp-content\/uploads\/2022\/12\/Size-of-Granite-Bush-Hammer-Roller-Head-2-100x100.jpg 100w, https:\/\/xmstonetools.com\/wp-content\/uploads\/2022\/12\/Size-of-Granite-Bush-Hammer-Roller-Head-2-120x120.jpg 120w\" sizes=\"auto, (max-width: 1000px) 100vw, 1000px\" \/><figcaption id=\"caption-attachment-1497\" class=\"wp-caption-text\">Tama\u00f1o de la cabeza de rodillo de la maza de granito-2<\/figcaption><\/figure>\n<h2 style=\"color: steelblue;\">3. Ventajas del rodillo de martillos de granito:<\/h2>\n<p>El rodillo martillo para granito ofrece varias ventajas, lo que lo convierte en la herramienta preferida de los profesionales de la canter\u00eda:<\/p>\n<h3>a. Eliminaci\u00f3n eficaz del material:<\/h3>\n<p>Las puntas de carburo del rodillo eliminan eficazmente el material de la superficie de la piedra, ahorrando tiempo y esfuerzo en comparaci\u00f3n con los m\u00e9todos de texturizado manual.<\/p>\n<h3>b. Textura uniforme:<\/h3>\n<p>Las puntas de carburo espaciadas uniformemente garantizan una textura uniforme en toda la superficie, eliminando las variaciones que pueden producirse con las herramientas manuales.<\/p>\n<h3>c. Resistencia al deslizamiento:<\/h3>\n<p>La superficie rugosa resultante mejora significativamente la resistencia al deslizamiento, aumentando la seguridad tanto en aplicaciones interiores como exteriores.<\/p>\n<h3>d. Versatilidad:<\/h3>\n<p>El rodillo de martillos Bush puede utilizarse con diversos tipos de piedra, como granito, m\u00e1rmol y hormig\u00f3n, lo que ampl\u00eda su gama de aplicaciones.<\/p>\n<h3>e. Durabilidad:<\/h3>\n<p>Las puntas de carburo son muy duraderas y pueden soportar un uso prolongado en superficies de piedra dura, proporcionando una larga vida \u00fatil a la herramienta.<\/p>\n<figure id=\"attachment_1496\" aria-describedby=\"caption-attachment-1496\" style=\"width: 1000px\" class=\"wp-caption aligncenter\"><img loading=\"lazy\" decoding=\"async\" class=\"size-full wp-image-1496\" src=\"https:\/\/xmstonetools.com\/wp-content\/uploads\/2022\/12\/Size-of-Granite-Bush-Hammer-Roller-Head.jpg\" alt=\"Tama\u00f1o de la cabeza de rodillo de la maza de granito\" width=\"1000\" height=\"1000\" srcset=\"https:\/\/xmstonetools.com\/wp-content\/uploads\/2022\/12\/Size-of-Granite-Bush-Hammer-Roller-Head.jpg 1000w, https:\/\/xmstonetools.com\/wp-content\/uploads\/2022\/12\/Size-of-Granite-Bush-Hammer-Roller-Head-400x400.jpg 400w, https:\/\/xmstonetools.com\/wp-content\/uploads\/2022\/12\/Size-of-Granite-Bush-Hammer-Roller-Head-800x800.jpg 800w, https:\/\/xmstonetools.com\/wp-content\/uploads\/2022\/12\/Size-of-Granite-Bush-Hammer-Roller-Head-280x280.jpg 280w, https:\/\/xmstonetools.com\/wp-content\/uploads\/2022\/12\/Size-of-Granite-Bush-Hammer-Roller-Head-768x768.jpg 768w, https:\/\/xmstonetools.com\/wp-content\/uploads\/2022\/12\/Size-of-Granite-Bush-Hammer-Roller-Head-300x300.jpg 300w, https:\/\/xmstonetools.com\/wp-content\/uploads\/2022\/12\/Size-of-Granite-Bush-Hammer-Roller-Head-600x600.jpg 600w, https:\/\/xmstonetools.com\/wp-content\/uploads\/2022\/12\/Size-of-Granite-Bush-Hammer-Roller-Head-100x100.jpg 100w, https:\/\/xmstonetools.com\/wp-content\/uploads\/2022\/12\/Size-of-Granite-Bush-Hammer-Roller-Head-120x120.jpg 120w\" sizes=\"auto, (max-width: 1000px) 100vw, 1000px\" \/><figcaption id=\"caption-attachment-1496\" class=\"wp-caption-text\">Tama\u00f1o de la cabeza de rodillo de la maza de granito<\/figcaption><\/figure>\n<h2 style=\"color: steelblue;\">4. Elecci\u00f3n del rodillo de abujardado de granito adecuado:<\/h2>\n<p>A la hora de seleccionar un rodillo de martillos de granito, tenga en cuenta los siguientes factores:<\/p>\n<h3>a. Tama\u00f1o del rodillo:<\/h3>\n<p>Elija el tama\u00f1o del rodillo en funci\u00f3n de la textura de la superficie deseada y de la escala del proyecto. Los tama\u00f1os habituales oscilan entre 125 mm y 450 mm de di\u00e1metro.<\/p>\n<h3>b. N\u00famero de puntas de carburo:<\/h3>\n<p>El n\u00famero de puntas de carburo del rodillo determina la densidad y agresividad de la textura. Un mayor n\u00famero de puntas ofrece una textura m\u00e1s intensa.<\/p>\n<h3>c. Compatibilidad:<\/h3>\n<p>Aseg\u00farese de que el rodillo para mazas de granito es compatible con el equipo que va a utilizar, como amoladoras manuales, amoladoras de suelo o m\u00e1quinas autom\u00e1ticas.<\/p>\n<h3>d. Calidad y marca:<\/h3>\n<p>Compre a fabricantes reputados para asegurarse un producto de alta calidad que ofrezca resultados constantes y durabilidad.<\/p>\n<p>El Rodillo Abujardador de Granito es una herramienta diamantada indispensable para la piedra, que permite a los profesionales de la industria de la canter\u00eda y la construcci\u00f3n conseguir superficies texturadas \u00fanicas y funcionales. Su capacidad para crear acabados antideslizantes en granito y otras piedras duras hace que sea<\/p>\n<figure id=\"attachment_1500\" aria-describedby=\"caption-attachment-1500\" style=\"width: 502px\" class=\"wp-caption aligncenter\"><img loading=\"lazy\" decoding=\"async\" class=\"size-full wp-image-1500\" src=\"https:\/\/xmstonetools.com\/wp-content\/uploads\/2022\/12\/Granite-Bush-Hammer-Roller-Plate.jpg\" alt=\"Placa de rodillo de la maza de granito\" width=\"502\" height=\"493\" srcset=\"https:\/\/xmstonetools.com\/wp-content\/uploads\/2022\/12\/Granite-Bush-Hammer-Roller-Plate.jpg 502w, https:\/\/xmstonetools.com\/wp-content\/uploads\/2022\/12\/Granite-Bush-Hammer-Roller-Plate-407x400.jpg 407w\" sizes=\"auto, (max-width: 502px) 100vw, 502px\" \/><figcaption id=\"caption-attachment-1500\" class=\"wp-caption-text\">Placa de rodillo de la maza de granito<\/figcaption><\/figure>\n<h2 style=\"color: steelblue;\">Vida \u00fatil del rodillo de martillos de granito<\/h2>\n<p>Ciertamente. Hay varios factores que pueden influir en la vida \u00fatil de un rodillo de martillo de granito. Comprender estos factores puede ayudar a maximizar la longevidad de la herramienta y garantizar un rendimiento \u00f3ptimo. He aqu\u00ed algunos factores clave a tener en cuenta:<\/p>\n<h3>1. Dureza del material:<\/h3>\n<p>La dureza de la piedra que se trabaja es un factor crucial. El granito y otras piedras duras pueden desgastar las puntas de carburo del rodillo m\u00e1s r\u00e1pidamente que las piedras m\u00e1s blandas. Las piedras m\u00e1s blandas pueden causar menos desgaste, lo que se traduce en una mayor vida \u00fatil de la herramienta.<\/p>\n<h3>2. T\u00e9cnica del operador:<\/h3>\n<p>La habilidad y la t\u00e9cnica del operario que utiliza el rodillo de martillo de granito desempe\u00f1an un papel importante en su vida \u00fatil. La aplicaci\u00f3n de una presi\u00f3n excesiva o el uso de t\u00e9cnicas de rectificado inadecuadas pueden causar una tensi\u00f3n innecesaria en las puntas de carburo, provocando un desgaste prematuro. Mantener un movimiento de rectificado constante y controlado ayuda a prolongar la vida \u00fatil del rodillo.<\/p>\n<h3>3. Frecuencia de uso:<\/h3>\n<p>La frecuencia y la duraci\u00f3n del uso de la herramienta pueden influir en su vida \u00fatil. Un uso continuado e intenso puede provocar un desgaste m\u00e1s r\u00e1pido que un uso ocasional o moderado. Es esencial equilibrar la carga de trabajo y dar a la herramienta suficientes intervalos de descanso durante un uso prolongado.<\/p>\n<h3>4. Calidad de las puntas de carburo:<\/h3>\n<p>La calidad de las puntas o martillos de carburo del rodillo de martillos de granito influye enormemente en su durabilidad. Las puntas de carburo de mayor calidad est\u00e1n dise\u00f1adas para soportar las exigencias de los materiales de piedra dura y ofrecen una mayor vida \u00fatil de la herramienta. Invertir en rodillos de alta calidad con marcas de renombre puede garantizar un mejor rendimiento y longevidad.<\/p>\n<h3>5. Mantenimiento y limpieza:<\/h3>\n<p>Un mantenimiento y una limpieza adecuados despu\u00e9s de cada uso pueden prolongar considerablemente la vida \u00fatil de la herramienta. Eliminar cualquier resto, polvo de piedra o residuo del rodillo evita que se atasque y que se da\u00f1en las puntas de carburo. Las inspecciones peri\u00f3dicas para detectar desgaste o da\u00f1os y la r\u00e1pida sustituci\u00f3n de las puntas desgastadas son esenciales para mantener un rendimiento \u00f3ptimo.<\/p>\n<h3>6. Compatibilidad con los equipos:<\/h3>\n<p>Aseg\u00farese de que el rodillo de martillo de granito se utiliza con equipos adecuados para su tama\u00f1o y especificaciones. El uso de la herramienta con m\u00e1quinas y accesorios compatibles evita un esfuerzo excesivo sobre el rodillo, favoreciendo su longevidad.<\/p>\n<h3>7. Almacenamiento y manipulaci\u00f3n:<\/h3>\n<p>Unas pr\u00e1cticas adecuadas de almacenamiento y manipulaci\u00f3n son esenciales para conservar el rodillo de martillo de granito. Evitar los golpes, almacenarlo en un entorno seco y protegido, y prevenir la exposici\u00f3n a temperaturas extremas o humedad puede ayudar a prevenir la degradaci\u00f3n prematura.<\/p>\n<p>Teniendo en cuenta estos factores y aplicando las medidas adecuadas, como utilizar la herramienta correctamente, mantenerla con regularidad e invertir en productos de calidad, los profesionales pueden mejorar la vida \u00fatil y el rendimiento del rodillo de martillos de granito, optimizando en \u00faltima instancia sus procesos de canter\u00eda.<\/p>\n<figure id=\"attachment_1495\" aria-describedby=\"caption-attachment-1495\" style=\"width: 1000px\" class=\"wp-caption aligncenter\"><img loading=\"lazy\" decoding=\"async\" class=\"size-full wp-image-1495\" src=\"https:\/\/xmstonetools.com\/wp-content\/uploads\/2022\/12\/Granite-Bush-Hammer-Roller-Plate-3.jpg\" alt=\"Placa de rodillo de la maza de granito-3\" width=\"1000\" height=\"1064\" srcset=\"https:\/\/xmstonetools.com\/wp-content\/uploads\/2022\/12\/Granite-Bush-Hammer-Roller-Plate-3.jpg 1000w, https:\/\/xmstonetools.com\/wp-content\/uploads\/2022\/12\/Granite-Bush-Hammer-Roller-Plate-3-376x400.jpg 376w, https:\/\/xmstonetools.com\/wp-content\/uploads\/2022\/12\/Granite-Bush-Hammer-Roller-Plate-3-752x800.jpg 752w, https:\/\/xmstonetools.com\/wp-content\/uploads\/2022\/12\/Granite-Bush-Hammer-Roller-Plate-3-768x817.jpg 768w, https:\/\/xmstonetools.com\/wp-content\/uploads\/2022\/12\/Granite-Bush-Hammer-Roller-Plate-3-600x638.jpg 600w\" sizes=\"auto, (max-width: 1000px) 100vw, 1000px\" \/><figcaption id=\"caption-attachment-1495\" class=\"wp-caption-text\">Placa de rodillo de la maza de granito-3<\/figcaption><\/figure>\n<table style=\"font-style: inherit; font-weight: inherit;\">\n<tbody style=\"font-style: inherit; font-weight: inherit;\">\n<tr style=\"font-style: inherit; font-weight: inherit;\">\n<td style=\"font-style: inherit; font-weight: 400;\" colspan=\"1\" rowspan=\"4\">&nbsp;<\/p>\n<p><span style=\"font-style: inherit; font-weight: inherit;\" data-spm-anchor-id=\"a2700.details.0.i31.2e014046MhrW5z\">\u00a0 \u00a0 \u00a0 \u00a0 \u00a0Caracter\u00edsticas<\/span><\/td>\n<td style=\"font-style: inherit; font-weight: 400;\" colspan=\"1\" rowspan=\"1\">1. Di\u00e1metro: 125MM, 150MM, 200MM, 250MM, 300MM, 350MM, 400M, 450MM<\/td>\n<\/tr>\n<tr style=\"font-style: inherit; font-weight: inherit;\">\n<td style=\"font-style: inherit; font-weight: 400;\" colspan=\"1\" rowspan=\"1\">2. Cantidad de rodillos por martillo: 3PCS, 4PCS, 5PCS, 6PCS, 9PCS y 12PCS<\/td>\n<\/tr>\n<tr style=\"font-style: inherit; font-weight: inherit;\">\n<td style=\"font-style: inherit; font-weight: 400;\" colspan=\"1\" rowspan=\"1\">3. Cantidad de segmentos por rodillo: 30PCS, 45PCS y 60PCS, etc.<\/td>\n<\/tr>\n<tr style=\"font-style: inherit; font-weight: inherit;\">\n<td style=\"font-style: inherit; font-weight: 400;\" colspan=\"1\" rowspan=\"1\">4. Especialmente utilizado en granito, m\u00e1rmol, piedra arenisca, hormig\u00f3n, etc para hacer superficie rugosa.<\/td>\n<\/tr>\n<tr style=\"font-style: inherit; font-weight: inherit;\">\n<td style=\"font-style: inherit; font-weight: 400;\" colspan=\"1\" rowspan=\"4\">&nbsp;<\/p>\n<p><span style=\"font-style: inherit; font-weight: inherit;\">\u00a0 \u00a0 \u00a0 \u00a0 Ventaja<\/span><\/td>\n<td style=\"font-style: inherit; font-weight: 400;\" colspan=\"1\" rowspan=\"1\">1. Compuesto duradero de metal y diamante<\/td>\n<\/tr>\n<tr style=\"font-style: inherit; font-weight: inherit;\">\n<td style=\"font-style: inherit; font-weight: 400;\" colspan=\"1\" rowspan=\"1\">2. Eficaz para moler piedras naturales y hormig\u00f3n para obtener bush hammer ffect<\/td>\n<\/tr>\n<tr style=\"font-style: inherit; font-weight: inherit;\">\n<td style=\"font-style: inherit; font-weight: 400;\" colspan=\"1\" rowspan=\"1\">3. Diferentes granulometr\u00edas y tama\u00f1os seg\u00fan se solicite para el rodillo de diamante<\/td>\n<\/tr>\n<tr style=\"font-style: inherit; font-weight: inherit;\">\n<td style=\"font-style: inherit; font-weight: 400;\" colspan=\"1\" rowspan=\"1\">4. Precio competitivo y calidad superior<\/td>\n<\/tr>\n<tr style=\"font-style: inherit; font-weight: inherit;\">\n<td style=\"font-style: inherit; font-weight: 400;\" colspan=\"1\" rowspan=\"1\">\u00a0 \u00a0 \u00a0 \u00a0Certificado<\/td>\n<td style=\"font-style: inherit; font-weight: 400;\" colspan=\"1\" rowspan=\"1\">Certificaci\u00f3n ISO\/CE<\/td>\n<\/tr>\n<tr style=\"font-style: inherit; font-weight: inherit;\">\n<td style=\"font-style: inherit; font-weight: 400;\" colspan=\"1\" rowspan=\"1\">\u00a0 \u00a0 \u00a0 \u00a0Mercado principal<\/td>\n<td style=\"font-style: inherit; font-weight: 400;\" colspan=\"1\" rowspan=\"1\">EE.UU.\/Europa\/Am\u00e9rica del Sur\/Am\u00e9rica del Norte\/Oriente Medio, etc.<\/td>\n<\/tr>\n<\/tbody>\n<\/table>","protected":false},"excerpt":{"rendered":"<p>El rodillo martillo para granito es una herramienta diamantada especializada en piedra dise\u00f1ada para crear una superficie uniforme y texturizada en granito y otras piedras duras. Consiste en un rodillo cil\u00edndrico con m\u00faltiples puntas de diamante en forma de pir\u00e1mide, tambi\u00e9n conocidas como puntas de carburo o martillos, distribuidas uniformemente sobre su superficie. Esta configuraci\u00f3n garantiza un impacto eficaz y uniforme sobre la superficie de la piedra durante la operaci\u00f3n. El objetivo principal del rodillo de martillos para granito es conseguir una textura rugosa y antideslizante en las superficies de granito y otras piedras. El acabado resultante no s\u00f3lo realza el atractivo est\u00e9tico, sino que tambi\u00e9n mejora la resistencia al deslizamiento, por lo que resulta ideal para diversas aplicaciones, entre ellas:<\/p>\n<a href=\"#Quote-Button\" class=\"button primary is-large Inquiry-Button\" style=\"border-radius:99px;\">\n\t<i class=\"icon-heart\" aria-hidden=\"true\"><\/i>\t<span>Consulta<\/span>\n\t<\/a>","protected":false},"featured_media":1500,"template":"","meta":[],"product_brand":[],"product_cat":[63],"product_tag":[],"class_list":{"0":"post-1487","1":"product","2":"type-product","3":"status-publish","4":"has-post-thumbnail","6":"product_cat-other-tools","8":"first","9":"instock","10":"shipping-taxable","11":"product-type-simple"},"aioseo_notices":[],"_links":{"self":[{"href":"https:\/\/xmstonetools.com\/es\/wp-json\/wp\/v2\/product\/1487","targetHints":{"allow":["GET"]}}],"collection":[{"href":"https:\/\/xmstonetools.com\/es\/wp-json\/wp\/v2\/product"}],"about":[{"href":"https:\/\/xmstonetools.com\/es\/wp-json\/wp\/v2\/types\/product"}],"wp:featuredmedia":[{"embeddable":true,"href":"https:\/\/xmstonetools.com\/es\/wp-json\/wp\/v2\/media\/1500"}],"wp:attachment":[{"href":"https:\/\/xmstonetools.com\/es\/wp-json\/wp\/v2\/media?parent=1487"}],"wp:term":[{"taxonomy":"product_brand","embeddable":true,"href":"https:\/\/xmstonetools.com\/es\/wp-json\/wp\/v2\/product_brand?post=1487"},{"taxonomy":"product_cat","embeddable":true,"href":"https:\/\/xmstonetools.com\/es\/wp-json\/wp\/v2\/product_cat?post=1487"},{"taxonomy":"product_tag","embeddable":true,"href":"https:\/\/xmstonetools.com\/es\/wp-json\/wp\/v2\/product_tag?post=1487"}],"curies":[{"name":"wp","href":"https:\/\/api.w.org\/{rel}","templated":true}]}}