{"id":1522,"date":"2022-12-08T15:33:10","date_gmt":"2022-12-08T07:33:10","guid":{"rendered":"https:\/\/xmstonetools.com\/?post_type=product&#038;p=1522"},"modified":"2023-07-01T06:59:05","modified_gmt":"2023-06-30T22:59:05","slug":"resina-frankfurt-abrasivo-para-pulido-de-marmol","status":"publish","type":"product","link":"https:\/\/xmstonetools.com\/es\/product\/resina-frankfurt-abrasivo-para-pulido-de-marmol\/","title":{"rendered":"Resina Frankfurt Abrasiva Para Pulir M\u00e1rmol"},"content":{"rendered":"<h2 style=\"color: steelblue;\">Introducci\u00f3n del abrasivo de resina de Frankfurt para el pulido de m\u00e1rmol:<\/h2>\n<p>Cuando se trata de pulir m\u00e1rmol, conseguir un acabado impecable requiere precisi\u00f3n, eficacia y herramientas fiables. Como fabricante profesional de herramientas diamantadas para piedra, nos enorgullece presentar nuestro abrasivo de resina Frankfurt de primera calidad, una soluci\u00f3n revolucionaria que eleva el arte del pulido del m\u00e1rmol a nuevas cotas. Dise\u00f1ado para satisfacer las exigentes demandas del sector, nuestro abrasivo Resin Frankfurt ofrece un rendimiento sin igual, una durabilidad excepcional y unos resultados asombrosos. En este art\u00edculo, ahondamos en las caracter\u00edsticas, ventajas y aplicaciones de esta extraordinaria herramienta, y explicamos por qu\u00e9 est\u00e1 por encima de las dem\u00e1s.<\/p>\n<h2 style=\"color: steelblue;\">Caracter\u00edsticas del abrasivo de resina de Frankfurt para pulido de m\u00e1rmol<\/h2>\n<h3>Rendimiento inigualable:<\/h3>\n<p>Nuestro abrasivo de resina Frankfurt ha sido meticulosamente dise\u00f1ado utilizando tecnolog\u00eda punta y materiales de alta calidad, garantizando un rendimiento superior que supera las expectativas. Con su avanzado aglomerante de resina, proporciona una abrasi\u00f3n uniforme y consistente, minimizando los ara\u00f1azos y las imperfecciones de la superficie y preservando la belleza natural del m\u00e1rmol. Las part\u00edculas de diamante colocadas con precisi\u00f3n en el abrasivo garantizan una eficacia de corte \u00f3ptima, reduciendo el tiempo de pulido y aumentando la productividad. Tanto si trabaja en proyectos a gran escala como en dise\u00f1os intrincados, nuestro abrasivo Resin Frankfurt est\u00e1 a la altura de la tarea, proporcionando resultados excepcionales en todo momento.<\/p>\n<h3>Durabilidad excepcional:<\/h3>\n<p>La durabilidad es primordial cuando se trata de herramientas diamantadas, y nuestro abrasivo de resina Frankfurt resiste el paso del tiempo. Fabricado con una robusta matriz de resina, presenta una excelente resistencia al desgaste, al calor y a la degradaci\u00f3n qu\u00edmica. Esta excepcional durabilidad se traduce en una mayor vida \u00fatil de la herramienta, lo que reduce la necesidad de sustituciones frecuentes y, en \u00faltima instancia, le ahorra tiempo y dinero. Adem\u00e1s, la tecnolog\u00eda de aglomerante superior garantiza que las part\u00edculas de diamante permanezcan firmemente incrustadas en el abrasivo, evitando su p\u00e9rdida prematura y manteniendo un rendimiento constante durante toda la vida \u00fatil de la herramienta.<\/p>\n<h3>Aplicaciones vers\u00e1tiles:<\/h3>\n<p>Nuestro abrasivo Resin Frankfurt est\u00e1 dise\u00f1ado espec\u00edficamente para el pulido de m\u00e1rmol, lo que lo convierte en la herramienta perfecta para los profesionales de la industria de la piedra. Su versatilidad es evidente, ya que es compatible con distintos tipos de m\u00e1rmol, tanto blando como duro. Tanto si trabaja en suelos de m\u00e1rmol, encimeras o esculturas complejas, nuestro abrasivo Resin Frankfurt se adapta sin esfuerzo a la tarea que tenga entre manos. Ofrece unos resultados de pulido extraordinarios, resaltando el verdadero brillo, profundidad y viveza del m\u00e1rmol, al tiempo que minimiza el tiempo y el esfuerzo necesarios para lograr un acabado impecable.<\/p>\n<h3>Consideraciones sobre seguridad y medio ambiente:<\/h3>\n<p>En nuestras instalaciones de fabricaci\u00f3n, damos prioridad a la seguridad y la sostenibilidad medioambiental. Nuestro abrasivo de resina de Fr\u00e1ncfort cumple estrictas normas de calidad y no contiene sustancias nocivas, lo que garantiza el bienestar de los trabajadores y del medio ambiente. El aglomerante de resina tambi\u00e9n reduce el polvo y los residuos durante el proceso de pulido, creando un entorno de trabajo m\u00e1s limpio y saludable. Nos comprometemos a proporcionar herramientas que no s\u00f3lo ofrezcan resultados excepcionales, sino que tambi\u00e9n contribuyan a una industria sostenible y responsable.<\/p>\n<h3>Tecnolog\u00eda exclusiva de uni\u00f3n de resinas:<\/h3>\n<p>Nuestro abrasivo Resin Frankfurt utiliza una avanzada tecnolog\u00eda de aglomerante de resina, que desempe\u00f1a un papel crucial en su excepcional rendimiento. El aglomerante de resina proporciona una excelente adherencia entre las part\u00edculas de diamante y la matriz, garantizando un corte uniforme y preciso. Este aglomerante tambi\u00e9n aumenta la durabilidad y longevidad general de la herramienta.<\/p>\n<h3>Niveles de grano personalizables:<\/h3>\n<p>Ofrecemos una gama de niveles de grano para nuestro abrasivo Resin Frankfurt, que le permitir\u00e1 conseguir el nivel de pulido deseado para sus superficies de m\u00e1rmol. Tanto si necesita un lijado agresivo como un acabado de alto brillo, nuestros abrasivos est\u00e1n disponibles en varios tama\u00f1os de grano para satisfacer sus necesidades espec\u00edficas.<\/p>\n<h3>Mayor refrigeraci\u00f3n y disipaci\u00f3n del calor:<\/h3>\n<p>La acumulaci\u00f3n de calor durante el proceso de pulido puede afectar negativamente al rendimiento de las herramientas diamantadas. Nuestro abrasivo Resin Frankfurt cuenta con eficientes canales de refrigeraci\u00f3n que facilitan la disipaci\u00f3n del calor, minimizando el riesgo de sobrecalentamiento y garantizando un rendimiento constante incluso durante un uso prolongado.<\/p>\n<h3>F\u00e1cil de usar e instalar:<\/h3>\n<p>Nuestro abrasivo de resina Frankfurt est\u00e1 dise\u00f1ado para facilitar su uso y compatibilidad con las m\u00e1quinas de esmerilado y pulido est\u00e1ndar. Puede instalarse y sustituirse f\u00e1cilmente, lo que permite un flujo de trabajo fluido y una productividad ininterrumpida.<\/p>\n<h3>Garant\u00eda de calidad:<\/h3>\n<p>Como fabricante profesional, damos prioridad a la garant\u00eda de calidad en todo nuestro proceso de producci\u00f3n. Nuestro abrasivo de resina de Frankfurt se somete a rigurosas pruebas para garantizar que cumple las normas m\u00e1s exigentes del sector. Nos comprometemos a proporcionar herramientas fiables y consistentes que satisfagan las demandas de los profesionales m\u00e1s exigentes.<\/p>\n<h3>Asistencia t\u00e9cnica experta:<\/h3>\n<p>Entendemos que utilizar las herramientas y t\u00e9cnicas adecuadas es crucial para lograr los mejores resultados. Como valioso cliente, puede confiar en nuestro experto equipo de asistencia t\u00e9cnica para obtener orientaci\u00f3n y ayuda sobre el uso adecuado de nuestro abrasivo Resin Frankfurt. Estamos a su disposici\u00f3n para resolver cualquier duda que pueda tener y asegurarnos de que aprovecha al m\u00e1ximo las ventajas de nuestro producto.<\/p>\n<h3>Con la confianza de los profesionales:<\/h3>\n<p>Nuestro abrasivo Resin Frankfurt se ha ganado la confianza y el reconocimiento de los profesionales del sector de la piedra. Ha sido ampliamente utilizado y recomendado por expertos, contratistas y artesanos que conf\u00edan en su rendimiento y durabilidad superiores para lograr resultados extraordinarios en el pulido del m\u00e1rmol.<\/p>\n<p>Cuando se trata de pulir m\u00e1rmol, nada supera el rendimiento, la durabilidad y la versatilidad de nuestro abrasivo Resin Frankfurt. Dise\u00f1ado por profesionales, para profesionales, esta extraordinaria herramienta eleva la calidad y eficiencia de sus proyectos de pulido de m\u00e1rmol. Con su avanzado aglomerante de resina, posicionamiento superior del diamante y excepcional durabilidad, garantiza resultados consistentes, precisos y sorprendentes en todo momento. Conf\u00ede en nuestra experiencia como fabricante profesional de herramientas diamantadas para piedra y experimente la diferencia que nuestro abrasivo Resin Frankfurt puede marcar en la transformaci\u00f3n de sus esfuerzos de pulido de m\u00e1rmol.<\/p>\n<p>Al elegir nuestro abrasivo Resin Frankfurt, est\u00e1 invirtiendo en una herramienta fiable y de alta calidad que elevar\u00e1 sus proyectos de pulido de m\u00e1rmol a nuevas cotas. Sus caracter\u00edsticas avanzadas, niveles de grano personalizables y f\u00e1cil instalaci\u00f3n la convierten en la opci\u00f3n preferida entre los profesionales que buscan resultados y eficacia excepcionales. Conf\u00ede en nuestra experiencia como fabricante profesional de herramientas diamantadas para piedra y experimente la diferencia que nuestro abrasivo Resin Frankfurt puede marcar en la transformaci\u00f3n de sus esfuerzos de pulido de m\u00e1rmol.<\/p>\n<h2 style=\"color: steelblue;\">Vida \u00fatil del abrasivo de resina de Frankfurt para pulir m\u00e1rmol<\/h2>\n<p>\u00bfEst\u00e1 cansado de las herramientas diamantadas que se desgastan demasiado r\u00e1pido, comprometiendo la calidad de sus proyectos de pulido de m\u00e1rmol? No busque m\u00e1s. Le presentamos nuestro abrasivo de resina Frankfurt, que cambia las reglas del juego en el mundo de las herramientas diamantadas para piedra. Con nuestro revolucionario producto, puede esperar toda una vida de incomparable rendimiento, durabilidad y resultados constantes.<\/p>\n<h3>Longevidad excepcional:<\/h3>\n<p>En Xiamenn Sino Poly Industry, somos conscientes de la importancia de invertir en herramientas que resistan el paso del tiempo. Por eso, nuestro abrasivo de resina de Frankfurt se elabora meticulosamente utilizando materiales de la m\u00e1s alta calidad y t\u00e9cnicas de fabricaci\u00f3n innovadoras. Nuestra avanzada tecnolog\u00eda de aglomerante de resina garantiza que las part\u00edculas de diamante permanezcan firmemente incrustadas en el abrasivo, proporcionando una longevidad excepcional incluso en las aplicaciones de pulido m\u00e1s exigentes. Diga adi\u00f3s a las sustituciones frecuentes y hola a una herramienta que dura.<\/p>\n<h3>Resistencia superior al desgaste:<\/h3>\n<p>El pulido del m\u00e1rmol puede ser un proceso abrasivo, pero nuestro abrasivo Resin Frankfurt est\u00e1 a la altura del reto. Gracias a su extraordinaria resistencia al desgaste, esta herramienta mantiene su eficacia de corte y su rendimiento durante mucho tiempo. Independientemente de la escala o la intensidad de sus proyectos, nuestro abrasivo Resin Frankfurt seguir\u00e1 ofreciendo unos resultados extraordinarios, ahorr\u00e1ndole tiempo y dinero a largo plazo.<\/p>\n<h3>Rendimiento constante, proyecto tras proyecto:<\/h3>\n<p>La constancia es la clave para conseguir resultados impecables en el pulido del m\u00e1rmol, y nuestro abrasivo Resin Frankfurt destaca en este aspecto. Gracias a su preciso posicionamiento del diamante y a su innovador aglomerante de resina, esta herramienta proporciona una acci\u00f3n de corte consistente desde el primer proyecto hasta el \u00faltimo. Puede confiar en que cada pasada ofrecer\u00e1 el mismo nivel de calidad, garantizando uniformidad y excelencia en cada superficie pulida.<\/p>\n<h3>Versatilidad que perdura:<\/h3>\n<p>Nuestro abrasivo Resin Frankfurt est\u00e1 dise\u00f1ado para abordar una amplia gama de aplicaciones de pulido de m\u00e1rmol. Tanto si trabaja en suelos, encimeras o esculturas complejas, esta vers\u00e1til herramienta se adapta sin esfuerzo a la tarea que tenga entre manos. Su excepcional durabilidad le permite soportar distintas presiones y velocidades sin comprometer el rendimiento ni la calidad. Con nuestro abrasivo de resina Frankfurt, dispondr\u00e1 de una herramienta fiable y eficaz durante toda su vida \u00fatil.<\/p>\n<h3>Retorno de la inversi\u00f3n sin rival:<\/h3>\n<p>Invertir en herramientas de calidad es invertir en el \u00e9xito de su negocio. Con nuestro abrasivo de resina Frankfurt, puede esperar un retorno de la inversi\u00f3n sin igual. Su longevidad, resistencia al desgaste, rendimiento constante y versatilidad garantizan que usted maximice su productividad y minimice los gastos innecesarios. Al elegir nuestro abrasivo de resina de Fr\u00e1ncfort, est\u00e1 tomando una sabia decisi\u00f3n que repercutir\u00e1 positivamente en su cuenta de resultados.<\/p>\n<h3>Experimente una vida de excelencia:<\/h3>\n<p>En Xiamen Sino Poly Industry, nos comprometemos a proporcionar a la industria de la piedra herramientas que redefinen la excelencia. Nuestro abrasivo de resina Frankfurt no es una excepci\u00f3n. Su larga vida \u00fatil, excepcional durabilidad e inquebrantable rendimiento la convierten en la elecci\u00f3n preferida de los profesionales que exigen lo mejor. Con nuestro abrasivo Resin Frankfurt en su caja de herramientas, podr\u00e1 elevar sus proyectos de pulido de m\u00e1rmol a nuevas cotas, logrando resultados extraordinarios proyecto tras proyecto.<\/p>\n<p>No se conforme con lo ordinario cuando puede experimentar una vida extraordinaria con nuestro abrasivo Resin Frankfurt. Conf\u00ede en nuestra experiencia como fabricante profesional de herramientas diamantadas para piedra y sea testigo de la transformaci\u00f3n de sus esfuerzos de pulido de m\u00e1rmol. Invierta sabiamente y disfrute de los beneficios de una herramienta que dura m\u00e1s que la competencia, ofreciendo un rendimiento excepcional de principio a fin.<\/p>\n<table class=\"has-title all magic-4\" style=\"height: 329px;\" width=\"648\">\n<tbody>\n<tr>\n<td colspan=\"1\" rowspan=\"1\">\n<div class=\"magic-5\">art\u00edculo<\/div>\n<\/td>\n<td colspan=\"1\" rowspan=\"1\">\n<div class=\"magic-6\">valor<\/div>\n<\/td>\n<\/tr>\n<tr>\n<td colspan=\"1\" rowspan=\"1\">Arena<\/td>\n<td colspan=\"1\" rowspan=\"1\"><span data-spm-anchor-id=\"a2700.details.0.i6.745a62e34QdIv0\">120#,150#,180#,240#,320#,<\/span><\/p>\n<div>400#,600#,800#,1000#,2000#,3000#,<\/div>\n<div data-spm-anchor-id=\"a2700.details.0.i8.745a62e34QdIv0\">6000#,10000#<\/div>\n<\/td>\n<\/tr>\n<tr>\n<td colspan=\"1\" rowspan=\"1\">\n<div class=\"magic-5\">Asistencia personalizada<\/div>\n<\/td>\n<td colspan=\"1\" rowspan=\"1\">\n<div class=\"magic-6\">OEM, ODM<\/div>\n<\/td>\n<\/tr>\n<tr>\n<td colspan=\"1\" rowspan=\"1\">\n<div class=\"magic-5\">Lugar de origen<\/div>\n<\/td>\n<td colspan=\"1\" rowspan=\"1\">\n<div class=\"magic-6\">China<\/div>\n<\/td>\n<\/tr>\n<tr>\n<td colspan=\"1\" rowspan=\"1\">\n<div class=\"magic-5\"><\/div>\n<\/td>\n<td colspan=\"1\" rowspan=\"1\">\n<div class=\"magic-6\">Fujian<\/div>\n<\/td>\n<\/tr>\n<tr>\n<td colspan=\"1\" rowspan=\"1\">\n<div class=\"magic-5\">Marca<\/div>\n<\/td>\n<td colspan=\"1\" rowspan=\"1\">\n<div class=\"magic-6\">Fullux<\/div>\n<\/td>\n<\/tr>\n<tr>\n<td colspan=\"1\" rowspan=\"1\">\n<div class=\"magic-5\">Tipo<\/div>\n<\/td>\n<td colspan=\"1\" rowspan=\"1\">\n<div class=\"magic-6\">Bloque abrasivo<\/div>\n<\/td>\n<\/tr>\n<tr>\n<td colspan=\"1\" rowspan=\"1\">\n<div class=\"magic-5\">Nombre del producto<\/div>\n<\/td>\n<td colspan=\"1\" rowspan=\"1\">\n<div class=\"magic-6\">Herramienta abrasiva de diamante sint\u00e9tico de Frankfurt<\/div>\n<\/td>\n<\/tr>\n<tr>\n<td colspan=\"1\" rowspan=\"1\">\n<div class=\"magic-5\">Aplicaci\u00f3n<\/div>\n<\/td>\n<td colspan=\"1\" rowspan=\"1\">\n<div class=\"magic-6\">Para m\u00e1rmol y piedras artificiales<\/div>\n<\/td>\n<\/tr>\n<tr>\n<td colspan=\"1\" rowspan=\"1\">\n<div class=\"magic-5\">Material<\/div>\n<\/td>\n<td colspan=\"1\" rowspan=\"1\">\n<div class=\"magic-6\">Resina sint\u00e9tica+Diamante+Carburo de silicio<\/div>\n<\/td>\n<\/tr>\n<tr>\n<td colspan=\"1\" rowspan=\"1\">\n<div class=\"magic-5\">Ventaja<\/div>\n<\/td>\n<td colspan=\"1\" rowspan=\"1\">\n<div class=\"magic-6\">Larga vida<\/div>\n<\/td>\n<\/tr>\n<\/tbody>\n<\/table>","protected":false},"excerpt":{"rendered":"<p>Los abrasivos para m\u00e1rmol son los de calidad m\u00e1s estable y producci\u00f3n en serie, con los accesorios m\u00e1s completos y las aplicaciones m\u00e1s elevadas de la industria abrasiva actual, y se consideran las herramientas de pulido m\u00e1s utilizadas. Los diversos productos pueden satisfacer las diferentes demandas de los clientes. Midstar ajustar la f\u00f3rmula para diferentes tipos de losas, con lo que un brillo ideal y efecto de alta claridad, tales como losa de alto brillo, losa mate-brillo, losa r\u00fastico y losa semi-pulido, mostrando una escena de falt y suave textura natural dentro de la stones.this frankfurt piedra abrasiva de la almohadilla de nylon se utiliza para el \u00faltimo paso de pulido y limpieza de la losa con diferentes colores de piedras.<\/p>\n<a href=\"#Quote-Button\" class=\"button primary is-large Inquiry-Button\" style=\"border-radius:99px;\">\n\t<i class=\"icon-heart\" aria-hidden=\"true\"><\/i>\t<span>Consulta<\/span>\n\t<\/a>","protected":false},"featured_media":1516,"template":"","meta":[],"product_brand":[],"product_cat":[56,57],"product_tag":[78,99],"class_list":{"0":"post-1522","1":"product","2":"type-product","3":"status-publish","4":"has-post-thumbnail","6":"product_cat-stone-grinding-tools","7":"product_cat-stone-polishing-tools","8":"product_tag-abrasive-tools","9":"product_tag-frankfurt-tools","11":"first","12":"instock","13":"shipping-taxable","14":"product-type-simple"},"aioseo_notices":[],"_links":{"self":[{"href":"https:\/\/xmstonetools.com\/es\/wp-json\/wp\/v2\/product\/1522","targetHints":{"allow":["GET"]}}],"collection":[{"href":"https:\/\/xmstonetools.com\/es\/wp-json\/wp\/v2\/product"}],"about":[{"href":"https:\/\/xmstonetools.com\/es\/wp-json\/wp\/v2\/types\/product"}],"wp:featuredmedia":[{"embeddable":true,"href":"https:\/\/xmstonetools.com\/es\/wp-json\/wp\/v2\/media\/1516"}],"wp:attachment":[{"href":"https:\/\/xmstonetools.com\/es\/wp-json\/wp\/v2\/media?parent=1522"}],"wp:term":[{"taxonomy":"product_brand","embeddable":true,"href":"https:\/\/xmstonetools.com\/es\/wp-json\/wp\/v2\/product_brand?post=1522"},{"taxonomy":"product_cat","embeddable":true,"href":"https:\/\/xmstonetools.com\/es\/wp-json\/wp\/v2\/product_cat?post=1522"},{"taxonomy":"product_tag","embeddable":true,"href":"https:\/\/xmstonetools.com\/es\/wp-json\/wp\/v2\/product_tag?post=1522"}],"curies":[{"name":"wp","href":"https:\/\/api.w.org\/{rel}","templated":true}]}}