{"id":2271,"date":"2025-08-26T06:40:47","date_gmt":"2025-08-25T22:40:47","guid":{"rendered":"https:\/\/xmstonetools.com\/?post_type=product&#038;p=2271"},"modified":"2025-08-26T06:42:07","modified_gmt":"2025-08-25T22:42:07","slug":"muelas-perfiladoras-de-piedra-segmentadas-diamantadas-de-400-mm-para-biselar-y-ranurar-cantos","status":"publish","type":"product","link":"https:\/\/xmstonetools.com\/es\/product\/muelas-perfiladoras-de-piedra-segmentadas-diamantadas-de-400-mm-para-biselar-y-ranurar-cantos\/","title":{"rendered":"Muelas de perfilado de piedra segmentadas con diamante de 400 mm para canto conopial y ranurado"},"content":{"rendered":"<p class=\"ds-markdown-paragraph\">Nuestras muelas de perfilado de piedra segmentadas con diamante de 400 mm est\u00e1n dise\u00f1adas para ofrecer precisi\u00f3n, durabilidad y un rendimiento superior en la fabricaci\u00f3n de piedra. Dise\u00f1adas espec\u00edficamente para crear elegantes bordes conopiales y ranuras precisas en granito, m\u00e1rmol, cuarzo y otras piedras naturales o artificiales, estas muelas ofrecen resultados de calidad profesional con una eficiencia excepcional.<\/p>\n<p class=\"ds-markdown-paragraph\">Fabricados con segmentos de diamante de alta calidad y un robusto n\u00facleo de acero, estos discos de perfilado garantizan un rendimiento duradero y una precisi\u00f3n de corte constante. El dise\u00f1o segmentado mejora la eliminaci\u00f3n de residuos, reduce la acumulaci\u00f3n de calor y permite obtener acabados suaves y limpios, incluso en los materiales m\u00e1s duros.<\/p>\n<p class=\"ds-markdown-paragraph\">Ideales para su uso con perfiladoras, nuestras muelas de 400 mm son perfectas para el detallado de bordes de encimeras, canter\u00eda decorativa y aplicaciones arquitect\u00f3nicas. Tanto si trabaja en un proyecto comercial como en un dise\u00f1o residencial personalizado, estas muelas ofrecen la fiabilidad y precisi\u00f3n en la que conf\u00edan los profesionales.<\/p>\n<p class=\"ds-markdown-paragraph\">Actualice su kit de herramientas de fabricaci\u00f3n de piedra con nuestras muelas perfiladoras segmentadas de diamante, donde la tecnolog\u00eda avanzada se une a una durabilidad inigualable.<\/p>\n<table>\n<tbody>\n<tr>\n<td colspan=\"6\" width=\"1115\"><strong><b>V<\/b><\/strong>\u00a0<strong><b>Tipo<\/b><\/strong>\u00a0<strong><b>Perfil<\/b><\/strong>\u00a0<strong><b>Rueda<\/b><\/strong><\/td>\n<\/tr>\n<tr>\n<td rowspan=\"2\" width=\"257\"><strong><b>Producto<\/b><\/strong>\u00a0<strong><b>C\u00f3digo<\/b><\/strong><\/td>\n<td colspan=\"2\" width=\"324\"><strong><b>Exterior<\/b><\/strong>\u00a0<strong><b>Di\u00e1metro<\/b><\/strong><\/td>\n<td rowspan=\"2\" width=\"223\"><strong><b>Piedra<\/b><\/strong>\u00a0<strong><b>Tama\u00f1o (mm)<\/b><\/strong><\/td>\n<td rowspan=\"2\" width=\"151\"><strong><b>Arbor (mm)<\/b><\/strong><\/td>\n<td rowspan=\"2\" width=\"159\"><strong><b>Tipo<\/b><\/strong><\/td>\n<\/tr>\n<tr>\n<td width=\"162\"><strong><b>En pulgadas<\/b><\/strong><\/td>\n<td width=\"162\"><strong><b>mm<\/b><\/strong><\/td>\n<\/tr>\n<tr>\n<td width=\"257\">PW-V10-12(14)<\/td>\n<td width=\"162\">12\/14<\/td>\n<td width=\"162\">\u03c6300\/\u03c6350<\/td>\n<td width=\"223\">10<\/td>\n<td rowspan=\"4\" width=\"151\">&nbsp;<\/p>\n<p>50\/60<\/td>\n<td rowspan=\"4\" width=\"159\">&nbsp;<\/p>\n<p><strong><b>Segmentado<\/b><\/strong><\/td>\n<\/tr>\n<tr>\n<td width=\"257\">PW-V20-12(14)<\/td>\n<td width=\"162\">12\/14<\/td>\n<td width=\"162\">\u03c6300\/\u03c6350<\/td>\n<td width=\"223\">20<\/td>\n<\/tr>\n<tr>\n<td width=\"257\">PW-V30-12(14)<\/td>\n<td width=\"162\">12\/14<\/td>\n<td width=\"162\">\u03c6300\/350<\/td>\n<td width=\"223\">30<\/td>\n<\/tr>\n<tr>\n<td width=\"257\">PW-V40-12(14)<\/td>\n<td width=\"162\">12\/14<\/td>\n<td width=\"162\">\u03c6300\/350<\/td>\n<td width=\"223\">40<\/td>\n<\/tr>\n<\/tbody>\n<\/table>\n<p>&nbsp;<\/p>\n<table>\n<tbody>\n<tr>\n<td width=\"257\"><strong><b>B<\/b><\/strong>\u00a0\u00a0\u00a0<strong><b>Tipo<\/b><\/strong>\u00a0\u00a0\u00a0<strong><b>Perfil<\/b><\/strong>\u00a0\u00a0\u00a0<strong><b>Rueda<\/b><\/strong><\/td>\n<td width=\"160\"><\/td>\n<td width=\"163\"><\/td>\n<td width=\"223\"><\/td>\n<td width=\"151\"><\/td>\n<td width=\"159\"><\/td>\n<\/tr>\n<tr>\n<td rowspan=\"2\" width=\"257\"><strong><b>Producto<\/b><\/strong>\u00a0<strong><b>C\u00f3digo<\/b><\/strong><\/td>\n<td colspan=\"2\" width=\"324\"><strong><b>Exterior<\/b><\/strong>\u00a0<strong><b>Di\u00e1metro<\/b><\/strong><\/td>\n<td rowspan=\"2\" width=\"223\"><strong><b>Piedra<\/b><\/strong>\u00a0<strong><b>Tama\u00f1o (mm)<\/b><\/strong><\/td>\n<td rowspan=\"2\" width=\"151\"><strong><b>Arbor (mm)<\/b><\/strong><\/td>\n<td rowspan=\"2\" width=\"159\"><strong><b>Tipo<\/b><\/strong><\/td>\n<\/tr>\n<tr>\n<td width=\"160\"><strong><b>En pulgadas<\/b><\/strong><\/td>\n<td width=\"163\"><strong><b>mm<\/b><\/strong><\/td>\n<\/tr>\n<tr>\n<td width=\"257\">PW-B10-12(14)<\/td>\n<td width=\"160\">12\/14<\/td>\n<td width=\"163\">\u03c6300\/350<\/td>\n<td width=\"223\">10<\/td>\n<td rowspan=\"5\" width=\"151\">&nbsp;<\/p>\n<p>&nbsp;<\/p>\n<p>&nbsp;<\/p>\n<p>50\/60<\/td>\n<td rowspan=\"5\" width=\"159\">&nbsp;<\/p>\n<p>&nbsp;<\/p>\n<p><strong><b>Segmentado<\/b><\/strong><\/td>\n<\/tr>\n<tr>\n<td width=\"257\">PW-B15-12(14)<\/td>\n<td width=\"160\">12\/14<\/td>\n<td width=\"163\">\u03c6300\/350<\/td>\n<td width=\"223\">15<\/td>\n<\/tr>\n<tr>\n<td width=\"257\">PW-B20-12(14)<\/td>\n<td width=\"160\">12\/14<\/td>\n<td width=\"163\">\u03c6300\/350<\/td>\n<td width=\"223\">20<\/td>\n<\/tr>\n<tr>\n<td width=\"257\">PW-B25-12(14)<\/td>\n<td width=\"160\">12\/14<\/td>\n<td width=\"163\">\u03c6300\/350<\/td>\n<td width=\"223\">25<\/td>\n<\/tr>\n<tr>\n<td width=\"257\">PW-B30-12(14)<\/td>\n<td width=\"160\">12\/14<\/td>\n<td width=\"163\">\u03c6300\/350<\/td>\n<td width=\"223\">30<\/td>\n<\/tr>\n<\/tbody>\n<\/table>\n<p>&nbsp;<\/p>\n<table>\n<tbody>\n<tr>\n<td colspan=\"6\" width=\"1115\"><strong><b>V<\/b><\/strong>\u00a0<strong><b>Tipo<\/b><\/strong>\u00a0<strong><b>Galvanoplastia<\/b><\/strong>\u00a0<strong><b>Perfil<\/b><\/strong>\u00a0<strong><b>Rueda<\/b><\/strong><\/td>\n<\/tr>\n<tr>\n<td rowspan=\"2\" width=\"257\"><strong><b>Producto<\/b><\/strong>\u00a0<strong><b>C\u00f3digo<\/b><\/strong><\/td>\n<td colspan=\"2\" width=\"324\"><strong><b>Exterior<\/b><\/strong>\u00a0<strong><b>Di\u00e1metro<\/b><\/strong><\/td>\n<td rowspan=\"2\" width=\"223\"><strong><b>Piedra<\/b><\/strong>\u00a0<strong><b>Tama\u00f1o (mm)<\/b><\/strong><\/td>\n<td rowspan=\"2\" width=\"151\"><strong><b>Arbor (mm)<\/b><\/strong><\/td>\n<td rowspan=\"2\" width=\"159\"><strong><b>Tipo<\/b><\/strong><\/td>\n<\/tr>\n<tr>\n<td width=\"162\"><strong><b>En pulgadas<\/b><\/strong><\/td>\n<td width=\"162\"><strong><b>mm<\/b><\/strong><\/td>\n<\/tr>\n<tr>\n<td width=\"257\">EPW-V10-12(14)<\/td>\n<td width=\"162\">12\/14<\/td>\n<td width=\"162\">\u03c6300\/350<\/td>\n<td width=\"223\">10<\/td>\n<td rowspan=\"4\" width=\"151\">&nbsp;<\/p>\n<p>50\/60<\/td>\n<td rowspan=\"4\" width=\"159\">&nbsp;<\/p>\n<p><strong><b>Galvanoplastia<\/b><\/strong><\/td>\n<\/tr>\n<tr>\n<td width=\"257\">EPW-V20-12(14)<\/td>\n<td width=\"162\">12\/14<\/td>\n<td width=\"162\">\u03c6300\/\u03c6350<\/td>\n<td width=\"223\">20<\/td>\n<\/tr>\n<tr>\n<td width=\"257\">EPW-V30-12(14)<\/td>\n<td width=\"162\">12\/14<\/td>\n<td width=\"162\">\u03c6300\/\u03c6350<\/td>\n<td width=\"223\">30<\/td>\n<\/tr>\n<tr>\n<td width=\"257\">EPW-V40-12(14)<\/td>\n<td width=\"162\">12\/14<\/td>\n<td width=\"162\">\u03c6300\/\u03c6350<\/td>\n<td width=\"223\">40<\/td>\n<\/tr>\n<\/tbody>\n<\/table>\n<p>&nbsp;<\/p>\n<table>\n<tbody>\n<tr>\n<td colspan=\"6\" width=\"1115\"><strong><b>B<\/b><\/strong>\u00a0<strong><b>Tipo<\/b><\/strong>\u00a0<strong><b>Galvanoplastia<\/b><\/strong>\u00a0<strong><b>Perfil<\/b><\/strong>\u00a0<strong><b>Rueda<\/b><\/strong><\/td>\n<\/tr>\n<tr>\n<td rowspan=\"2\" width=\"257\"><strong><b>Producto<\/b><\/strong>\u00a0<strong><b>C\u00f3digo<\/b><\/strong><\/td>\n<td colspan=\"2\" width=\"324\"><strong><b>Exterior<\/b><\/strong>\u00a0<strong><b>Di\u00e1metro<\/b><\/strong><\/td>\n<td rowspan=\"2\" width=\"223\"><strong><b>Piedra<\/b><\/strong>\u00a0<strong><b>Tama\u00f1o (mm)<\/b><\/strong><\/td>\n<td rowspan=\"2\" width=\"151\"><strong><b>Arbor (mm)<\/b><\/strong><\/td>\n<td rowspan=\"2\" width=\"159\"><strong><b>Tipo<\/b><\/strong><\/td>\n<\/tr>\n<tr>\n<td width=\"162\"><strong><b>En pulgadas<\/b><\/strong><\/td>\n<td width=\"162\"><strong><b>mm<\/b><\/strong><\/td>\n<\/tr>\n<tr>\n<td width=\"257\">EPW-B10-12(14)<\/td>\n<td width=\"162\">12\/14<\/td>\n<td width=\"162\">\u03c6300\/350<\/td>\n<td width=\"223\">10<\/td>\n<td rowspan=\"5\" width=\"151\">&nbsp;<\/p>\n<p>&nbsp;<\/p>\n<p>&nbsp;<\/p>\n<p>50\/60<\/td>\n<td rowspan=\"5\" width=\"159\">&nbsp;<\/p>\n<p>&nbsp;<\/p>\n<p>&nbsp;<\/p>\n<p><strong><b>Galvanoplastia<\/b><\/strong><\/td>\n<\/tr>\n<tr>\n<td width=\"257\">EPW-B15-12(14)<\/td>\n<td width=\"162\">12\/14<\/td>\n<td width=\"162\">\u03c6300\/\u03c6350<\/td>\n<td width=\"223\">15<\/td>\n<\/tr>\n<tr>\n<td width=\"257\">EPW-B20-12(14)<\/td>\n<td width=\"162\">12\/14<\/td>\n<td width=\"162\">\u03c6300\/350<\/td>\n<td width=\"223\">20<\/td>\n<\/tr>\n<tr>\n<td width=\"257\">EPW-B25-12(14)<\/td>\n<td width=\"162\">12\/14<\/td>\n<td width=\"162\">\u03c6300\/\u03c6350<\/td>\n<td width=\"223\">25<\/td>\n<\/tr>\n<tr>\n<td width=\"257\">EPW-B30-12(14)<\/td>\n<td width=\"162\">12\/14<\/td>\n<td width=\"162\">\u03c6300\/350<\/td>\n<td width=\"223\">30<\/td>\n<\/tr>\n<\/tbody>\n<\/table>\n<p>&nbsp;<\/p>\n<table>\n<tbody>\n<tr>\n<td colspan=\"6\" width=\"1115\"><strong><b>L<\/b><\/strong>\u00a0<strong><b>Tipo<\/b><\/strong>\u00a0<strong><b>Galvanoplastia<\/b><\/strong>\u00a0<strong><b>Perfil<\/b><\/strong>\u00a0<strong><b>Wh<\/b><\/strong><strong><b>anguila<\/b><\/strong><\/td>\n<\/tr>\n<tr>\n<td rowspan=\"2\" width=\"257\"><strong><b>Producto<\/b><\/strong>\u00a0<strong><b>C\u00f3digo<\/b><\/strong><\/td>\n<td colspan=\"2\" width=\"324\"><strong><b>Exterior<\/b><\/strong>\u00a0<strong><b>Di\u00e1metro<\/b><\/strong><\/td>\n<td rowspan=\"2\" width=\"224\"><strong><b>Piedra<\/b><\/strong>\u00a0<strong><b>Tama\u00f1o (mm)<\/b><\/strong><\/td>\n<td rowspan=\"2\" width=\"150\"><strong><b>Arbor<\/b><\/strong>\u00a0<strong><b>(mm)<\/b><\/strong><\/td>\n<td rowspan=\"2\" width=\"159\"><strong><b>Tipo<\/b><\/strong><\/td>\n<\/tr>\n<tr>\n<td width=\"162\"><strong><b>En pulgadas<\/b><\/strong><\/td>\n<td width=\"162\"><strong><b>mm<\/b><\/strong><\/td>\n<\/tr>\n<tr>\n<td width=\"257\">EPW-B20-12(14)<\/td>\n<td width=\"162\">12\/14<\/td>\n<td width=\"162\">\u03c6300\/\u03c6350<\/td>\n<td width=\"224\">20<\/td>\n<td width=\"150\">50\/60<\/td>\n<td rowspan=\"3\" width=\"159\">&nbsp;<\/p>\n<p>Galvanoplastia<\/td>\n<\/tr>\n<tr>\n<td width=\"257\">EPW-B30-12(14)<\/td>\n<td width=\"162\">12\/14<\/td>\n<td width=\"162\">\u03c6300\/350<\/td>\n<td width=\"224\">30<\/td>\n<td width=\"150\">50\/60<\/td>\n<\/tr>\n<tr>\n<td width=\"257\">EPW-B40-12(14)<\/td>\n<td width=\"162\">12\/14<\/td>\n<td width=\"162\">\u03c6300\/\u03c6350<\/td>\n<td width=\"224\">40<\/td>\n<td width=\"150\">50\/60<\/td>\n<\/tr>\n<\/tbody>\n<\/table>\n<p>&nbsp;<\/p>\n<table>\n<tbody>\n<tr>\n<td colspan=\"6\" width=\"1115\"><strong><b>1\/2R<\/b><\/strong>\u00a0<strong><b>Convexo<\/b><\/strong>\u00a0<strong><b>Tipo<\/b><\/strong>\u00a0<strong><b>Elec<\/b><\/strong><strong><b>troplated<\/b><\/strong>\u00a0<strong><b>Perfil<\/b><\/strong>\u00a0<strong><b>Rueda<\/b><\/strong><\/td>\n<\/tr>\n<tr>\n<td rowspan=\"2\" width=\"257\"><strong><b>Producto<\/b><\/strong>\u00a0<strong><b>C\u00f3digo<\/b><\/strong><\/td>\n<td colspan=\"2\" width=\"324\"><strong><b>Exterior<\/b><\/strong>\u00a0<strong><b>Di\u00e1metro<\/b><\/strong><\/td>\n<td rowspan=\"2\" width=\"223\"><strong><b>Piedra<\/b><\/strong>\u00a0<strong><b>Tama\u00f1o (mm)<\/b><\/strong><\/td>\n<td rowspan=\"2\" width=\"151\"><strong><b>Arbor (mm)<\/b><\/strong><\/td>\n<td rowspan=\"2\" width=\"159\"><strong><b>Tipo<\/b><\/strong><\/td>\n<\/tr>\n<tr>\n<td width=\"162\"><strong><b>En pulgadas<\/b><\/strong><\/td>\n<td width=\"162\"><strong><b>mm<\/b><\/strong><\/td>\n<\/tr>\n<tr>\n<td width=\"257\">EPW-1\/2R10-12(14)<\/td>\n<td width=\"162\">12\/14<\/td>\n<td width=\"162\">\u03c6300\/350<\/td>\n<td width=\"223\">10<\/td>\n<td rowspan=\"5\" width=\"151\">&nbsp;<\/p>\n<p>&nbsp;<\/p>\n<p>50\/60<\/td>\n<td rowspan=\"5\" width=\"159\">&nbsp;<\/p>\n<p>&nbsp;<\/p>\n<p><strong><b>Galvanoplastia<\/b><\/strong><\/td>\n<\/tr>\n<tr>\n<td width=\"257\">EPW-1\/2R15-12(14)<\/td>\n<td width=\"162\">12\/14<\/td>\n<td width=\"162\">\u03c6300\/350<\/td>\n<td width=\"223\">15<\/td>\n<\/tr>\n<tr>\n<td width=\"257\">EPW-1\/2R20-12(14)<\/td>\n<td width=\"162\">12\/14<\/td>\n<td width=\"162\">\u03c6300\/350<\/td>\n<td width=\"223\">20<\/td>\n<\/tr>\n<tr>\n<td width=\"257\">EPW-1\/2R25-12(14)<\/td>\n<td width=\"162\">12\/14<\/td>\n<td width=\"162\">\u03c6300\/350<\/td>\n<td width=\"223\">25<\/td>\n<\/tr>\n<tr>\n<td width=\"257\">EPW-1\/2R30-12(14)<\/td>\n<td width=\"162\">12\/14<\/td>\n<td width=\"162\">\u03c6300\/350<\/td>\n<td width=\"223\">30<\/td>\n<\/tr>\n<\/tbody>\n<\/table>\n<p>&nbsp;<\/p>","protected":false},"excerpt":{"rendered":"<p class=\"ds-markdown-paragraph\">Nuestras muelas de perfilado de piedra segmentadas con diamante de 400 mm est\u00e1n dise\u00f1adas para ofrecer precisi\u00f3n, durabilidad y un rendimiento superior en la fabricaci\u00f3n de piedra. Dise\u00f1adas espec\u00edficamente para crear elegantes bordes conopiales y ranuras precisas en granito, m\u00e1rmol, cuarzo y otras piedras naturales o artificiales, estas muelas ofrecen resultados de calidad profesional con una eficiencia excepcional.<\/p>\n<p class=\"ds-markdown-paragraph\">Fabricados con segmentos de diamante de alta calidad y un robusto n\u00facleo de acero, estos discos de perfilado garantizan un rendimiento duradero y una precisi\u00f3n de corte constante. El dise\u00f1o segmentado mejora la eliminaci\u00f3n de residuos, reduce la acumulaci\u00f3n de calor y permite obtener acabados suaves y limpios, incluso en los materiales m\u00e1s duros.<\/p>\n<a href=\"#Quote-Button\" class=\"button primary is-large Inquiry-Button\" style=\"border-radius:99px;\">\n\t<i class=\"icon-heart\" aria-hidden=\"true\"><\/i>\t<span>Consulta<\/span>\n\t<\/a>\n\n<p class=\"ds-markdown-paragraph\">","protected":false},"featured_media":2265,"template":"","meta":[],"product_brand":[],"product_cat":[59],"product_tag":[187,188,176],"class_list":{"0":"post-2271","1":"product","2":"type-product","3":"status-publish","4":"has-post-thumbnail","6":"product_cat-stone-milling-tools","7":"product_tag-edge-ogee-wheels","8":"product_tag-stone-grooving-wheels","9":"product_tag-stone-profiling-tools","11":"first","12":"instock","13":"shipping-taxable","14":"product-type-simple"},"aioseo_notices":[],"_links":{"self":[{"href":"https:\/\/xmstonetools.com\/es\/wp-json\/wp\/v2\/product\/2271","targetHints":{"allow":["GET"]}}],"collection":[{"href":"https:\/\/xmstonetools.com\/es\/wp-json\/wp\/v2\/product"}],"about":[{"href":"https:\/\/xmstonetools.com\/es\/wp-json\/wp\/v2\/types\/product"}],"wp:featuredmedia":[{"embeddable":true,"href":"https:\/\/xmstonetools.com\/es\/wp-json\/wp\/v2\/media\/2265"}],"wp:attachment":[{"href":"https:\/\/xmstonetools.com\/es\/wp-json\/wp\/v2\/media?parent=2271"}],"wp:term":[{"taxonomy":"product_brand","embeddable":true,"href":"https:\/\/xmstonetools.com\/es\/wp-json\/wp\/v2\/product_brand?post=2271"},{"taxonomy":"product_cat","embeddable":true,"href":"https:\/\/xmstonetools.com\/es\/wp-json\/wp\/v2\/product_cat?post=2271"},{"taxonomy":"product_tag","embeddable":true,"href":"https:\/\/xmstonetools.com\/es\/wp-json\/wp\/v2\/product_tag?post=2271"}],"curies":[{"name":"wp","href":"https:\/\/api.w.org\/{rel}","templated":true}]}}