{"id":1158,"date":"2022-11-13T22:19:35","date_gmt":"2022-11-13T14:19:35","guid":{"rendered":"https:\/\/xmstonetools.com\/?post_type=product&#038;p=1158"},"modified":"2023-03-28T15:59:53","modified_gmt":"2023-03-28T07:59:53","slug":"segments-diamantes-pour-lexploitation-de-carrieres","status":"publish","type":"product","link":"https:\/\/xmstonetools.com\/fr\/produit\/segments-diamantes-pour-lexploitation-de-carrieres\/","title":{"rendered":"Segments diamant\u00e9s pour l'exploitation de carri\u00e8res"},"content":{"rendered":"<p><strong><span data-spm-anchor-id=\"a2700.details.0.i15.e4252270hxnvGB\">D\u00e9tails du produit :<\/span><\/strong><br \/>\nSegments diamant\u00e9sLes segments sont fix\u00e9s au noyau par brasage \u00e0 l'aide d'une brasure \u00e0 l'argent ;<br \/>\nSegment en diamant de haute qualit\u00e9 Fabriqu\u00e9 \u00e0 partir de diamants de haute qualit\u00e9 gr\u00e2ce \u00e0 des techniques sp\u00e9ciales et avanc\u00e9es ;<br \/>\nSegment pour lame de diam\u00e8tre 100mm \u00e0 3000mm ;<br \/>\nLes sp\u00e9cifications fournies par les clients sont disponibles ;<br \/>\nEfficacit\u00e9 de coupe \u00e9lev\u00e9e et longue dur\u00e9e de vie ;<br \/>\n<strong>Formes :<\/strong><br \/>\nForme M, forme K, forme conique, forme plate, forme T, forme U, etc.<\/p>\n<p><strong><span data-spm-anchor-id=\"a2700.details.0.i16.e4252270hxnvGB\">Application du segment diamant :<\/span><\/strong><br \/>\nLes segments diamant\u00e9s peuvent \u00eatre produits pour couper le granit, le marbre, l'asphalte, les tuiles, le b\u00e9ton, les mat\u00e9riaux ignifuges ou pour les machines de polissage en continu. Nos segments diamant\u00e9s pour les grandes lames de scie circulaire sont toujours fabriqu\u00e9s en sandwich. Quelle que soit la forme, l'objectif est d'obtenir un bon refroidissement et d'\u00e9liminer facilement les copeaux. Les diamants et le liant dans les couches ext\u00e9rieures et int\u00e9rieures sont soigneusement con\u00e7us pour assurer la stabilit\u00e9 de la coupe.<\/p>\n<table class=\"aliDataTable\" border=\"1\" cellspacing=\"0\" cellpadding=\"0\">\n<tbody>\n<tr align=\"left\">\n<td rowspan=\"2\"><strong>Num\u00e9ro de mod\u00e8le<\/strong><\/td>\n<td><strong>Pouce<\/strong><\/td>\n<td><strong>Diam\u00e8tre<\/strong><\/td>\n<td><strong>Longueur<\/strong><\/td>\n<td><strong>Hauteur (\u00e0 plat)<\/strong><\/td>\n<td><strong>Hauteur (\u00e0 plat)<\/strong><\/td>\n<td><strong>Hauteur (type)<\/strong><\/td>\n<td rowspan=\"2\"><strong>Segment No.\u00a0<\/strong><\/td>\n<td rowspan=\"2\"><strong>Utilisation pour<\/strong><\/td>\n<\/tr>\n<tr align=\"left\">\n<td><strong>(en)<\/strong><\/td>\n<td><strong>(mm)<\/strong><\/td>\n<td><strong>(mm)<\/strong><\/td>\n<td><strong>(mm)<\/strong><\/td>\n<td><strong>(mm)<\/strong><\/td>\n<td><strong>(mm)<\/strong><\/td>\n<\/tr>\n<tr align=\"left\">\n<td><strong>HSGB300<\/strong><\/td>\n<td>12<\/td>\n<td>300<\/td>\n<td>38<\/td>\n<td>3.0\/3.2<\/td>\n<td>10\/12\/15<\/td>\n<td rowspan=\"6\">10\/12\/15<\/td>\n<td>21<\/td>\n<td rowspan=\"16\">Lames simples ou multiples<\/td>\n<\/tr>\n<tr align=\"left\">\n<td><strong>HSGB350<\/strong><\/td>\n<td>14<\/td>\n<td>350<\/td>\n<td>38<\/td>\n<td>3.2\/3.4<\/td>\n<td>10\/12\/15<\/td>\n<td>24<\/td>\n<\/tr>\n<tr align=\"left\">\n<td><strong>HSGB400<\/strong><\/td>\n<td>16<\/td>\n<td>400<\/td>\n<td>38<\/td>\n<td>3.6\/3.8<\/td>\n<td>10\/12\/15<\/td>\n<td>28<\/td>\n<\/tr>\n<tr align=\"left\">\n<td><strong>HSGB450<\/strong><\/td>\n<td>18<\/td>\n<td>450<\/td>\n<td>38<\/td>\n<td>3.8\/4.2<\/td>\n<td>10\/12\/15<\/td>\n<td>32<\/td>\n<\/tr>\n<tr align=\"left\">\n<td><strong>HSGB500<\/strong><\/td>\n<td>20<\/td>\n<td>500<\/td>\n<td>38<\/td>\n<td>4.4\/4.8<\/td>\n<td>10\/12\/15<\/td>\n<td>36<\/td>\n<\/tr>\n<tr align=\"left\">\n<td><strong>HSGB600<\/strong><\/td>\n<td>24<\/td>\n<td>600<\/td>\n<td>38<\/td>\n<td>4.8\/5.2<\/td>\n<td>10\/12\/15<\/td>\n<td>42<\/td>\n<\/tr>\n<tr align=\"left\">\n<td><strong>HSGB800<\/strong><\/td>\n<td>32<\/td>\n<td>800<\/td>\n<td>22.5\/24<\/td>\n<td>6.6\/7.4<\/td>\n<td>12\/15\/20<\/td>\n<td rowspan=\"6\">11.5\/12.5<\/td>\n<td>70<\/td>\n<\/tr>\n<tr align=\"left\">\n<td><strong>HSGB900<\/strong><\/td>\n<td>36<\/td>\n<td>900<\/td>\n<td>22.5\/24<\/td>\n<td>7.0\/7.8<\/td>\n<td>12\/15\/20<\/td>\n<td>80<\/td>\n<\/tr>\n<tr align=\"left\">\n<td><strong>HSGB1000<\/strong><\/td>\n<td>40<\/td>\n<td>1000<\/td>\n<td>22.5\/24<\/td>\n<td>7.6\/8.2<\/td>\n<td>12\/15\/20<\/td>\n<td>92<\/td>\n<\/tr>\n<tr align=\"left\">\n<td><strong>HSGB1200<\/strong><\/td>\n<td>48<\/td>\n<td>1200<\/td>\n<td>22.5\/24<\/td>\n<td data-spm-anchor-id=\"a2700.details.0.i11.e4252270hxnvGB\">7.8\/8.4<\/td>\n<td data-spm-anchor-id=\"a2700.details.0.i12.e4252270hxnvGB\">12\/15\/20<\/td>\n<td>92<\/td>\n<\/tr>\n<tr align=\"left\">\n<td><strong>HSGB1400<\/strong><\/td>\n<td>56<\/td>\n<td>1400<\/td>\n<td>22.5\/24<\/td>\n<td>8.0\/8.8<\/td>\n<td>12\/15\/20<\/td>\n<td>96<\/td>\n<\/tr>\n<tr align=\"left\">\n<td><strong>HSGB1600<\/strong><\/td>\n<td>64<\/td>\n<td>1600<\/td>\n<td>22.5\/24<\/td>\n<td>8.4\/9.2<\/td>\n<td>12\/15\/20<\/td>\n<td>108<\/td>\n<\/tr>\n<tr align=\"left\">\n<td><strong>HSGB1800<\/strong><\/td>\n<td>72<\/td>\n<td>1800<\/td>\n<td>22.5\/24<\/td>\n<td>9.2\/9.8<\/td>\n<td>12\/15\/20<\/td>\n<td rowspan=\"4\">14\/15<\/td>\n<td>120<\/td>\n<\/tr>\n<tr align=\"left\">\n<td><strong>HSGB2000<\/strong><\/td>\n<td>80<\/td>\n<td>2000<\/td>\n<td>22.5\/24<\/td>\n<td>9.6\/10.2<\/td>\n<td>12\/15\/20<\/td>\n<td>128<\/td>\n<\/tr>\n<tr align=\"left\">\n<td><strong>HSGB2200<\/strong><\/td>\n<td>88<\/td>\n<td>2200<\/td>\n<td>22.5\/24<\/td>\n<td>13.6\/14.2<\/td>\n<td>12\/15\/20<\/td>\n<td>132<\/td>\n<\/tr>\n<tr align=\"left\">\n<td><strong>HSGB2500<\/strong><\/td>\n<td>100<\/td>\n<td>2500<\/td>\n<td>22.5\/24<\/td>\n<td>14.5\/15.1<\/td>\n<td>12\/15\/20<\/td>\n<td>140<\/td>\n<\/tr>\n<\/tbody>\n<\/table>\n<p>&nbsp;<\/p>","protected":false},"excerpt":{"rendered":"<p><strong>Avantage de notre segment diamant :<\/strong><br \/>\n1. Pourcentage \u00e9lev\u00e9 de mat\u00e9riaux de liaison<br \/>\n2. Qualit\u00e9 \u00e9lev\u00e9e des diamants<br \/>\n3. Plus de 13 ans d'exp\u00e9rience avec des centaines de formules contre diff\u00e9rentes pierres<br \/>\n4. Prix comp\u00e9titif et qualit\u00e9 stable<br \/>\n5. Contr\u00f4le strict de la qualit\u00e9<br \/>\n6. Nos produits ont une longue dur\u00e9e de vie et offrent une coupe nette.<\/p>\n<a href=\"#Quote-Button\" class=\"button primary is-large Inquiry-Button\" style=\"border-radius:99px;\">\n\t<i class=\"icon-heart\" aria-hidden=\"true\"><\/i>\t<span>Demande de renseignements<\/span>\n\t<\/a>","protected":false},"featured_media":1415,"template":"","meta":[],"product_brand":[],"product_cat":[58],"product_tag":[64,65],"class_list":{"0":"post-1158","1":"product","2":"type-product","3":"status-publish","4":"has-post-thumbnail","6":"product_cat-diamond-segments","7":"product_tag-diamond-segments","8":"product_tag-marble-quarrying-segment","10":"first","11":"instock","12":"shipping-taxable","13":"product-type-simple"},"aioseo_notices":[],"_links":{"self":[{"href":"https:\/\/xmstonetools.com\/fr\/wp-json\/wp\/v2\/product\/1158","targetHints":{"allow":["GET"]}}],"collection":[{"href":"https:\/\/xmstonetools.com\/fr\/wp-json\/wp\/v2\/product"}],"about":[{"href":"https:\/\/xmstonetools.com\/fr\/wp-json\/wp\/v2\/types\/product"}],"wp:featuredmedia":[{"embeddable":true,"href":"https:\/\/xmstonetools.com\/fr\/wp-json\/wp\/v2\/media\/1415"}],"wp:attachment":[{"href":"https:\/\/xmstonetools.com\/fr\/wp-json\/wp\/v2\/media?parent=1158"}],"wp:term":[{"taxonomy":"product_brand","embeddable":true,"href":"https:\/\/xmstonetools.com\/fr\/wp-json\/wp\/v2\/product_brand?post=1158"},{"taxonomy":"product_cat","embeddable":true,"href":"https:\/\/xmstonetools.com\/fr\/wp-json\/wp\/v2\/product_cat?post=1158"},{"taxonomy":"product_tag","embeddable":true,"href":"https:\/\/xmstonetools.com\/fr\/wp-json\/wp\/v2\/product_tag?post=1158"}],"curies":[{"name":"wp","href":"https:\/\/api.w.org\/{rel}","templated":true}]}}