{"id":1168,"date":"2022-11-14T10:20:44","date_gmt":"2022-11-14T02:20:44","guid":{"rendered":"https:\/\/xmstonetools.com\/?post_type=product&#038;p=1168"},"modified":"2023-03-28T15:59:44","modified_gmt":"2023-03-28T07:59:44","slug":"meche-de-toupie-diamantee-brasee-sous-vide","status":"publish","type":"product","link":"https:\/\/xmstonetools.com\/fr\/produit\/meche-de-toupie-diamantee-brasee-sous-vide\/","title":{"rendered":"Fraise diamant\u00e9e bras\u00e9e sous vide"},"content":{"rendered":"<div>\n<figure id=\"attachment_1166\" aria-describedby=\"caption-attachment-1166\" style=\"width: 1020px\" class=\"wp-caption aligncenter\"><img loading=\"lazy\" decoding=\"async\" class=\"wp-image-1166 size-large\" src=\"https:\/\/xmstonetools.com\/wp-content\/uploads\/2022\/11\/Details-of-Vacuum-Brazed-Diamond-Router-Bits-1216x800.jpg\" alt=\"D\u00e9tails des fraises diamant\u00e9es bras\u00e9es sous vide\" width=\"1020\" height=\"671\" srcset=\"https:\/\/xmstonetools.com\/wp-content\/uploads\/2022\/11\/Details-of-Vacuum-Brazed-Diamond-Router-Bits-1216x800.jpg 1216w, https:\/\/xmstonetools.com\/wp-content\/uploads\/2022\/11\/Details-of-Vacuum-Brazed-Diamond-Router-Bits-608x400.jpg 608w, https:\/\/xmstonetools.com\/wp-content\/uploads\/2022\/11\/Details-of-Vacuum-Brazed-Diamond-Router-Bits-768x505.jpg 768w, https:\/\/xmstonetools.com\/wp-content\/uploads\/2022\/11\/Details-of-Vacuum-Brazed-Diamond-Router-Bits-600x395.jpg 600w, https:\/\/xmstonetools.com\/wp-content\/uploads\/2022\/11\/Details-of-Vacuum-Brazed-Diamond-Router-Bits.jpg 1303w\" sizes=\"auto, (max-width: 1020px) 100vw, 1020px\" \/><figcaption id=\"caption-attachment-1166\" class=\"wp-caption-text\">D\u00e9tails des fraises diamant\u00e9es bras\u00e9es sous vide<\/figcaption><\/figure>\n<figure id=\"attachment_1165\" aria-describedby=\"caption-attachment-1165\" style=\"width: 750px\" class=\"wp-caption aligncenter\"><img loading=\"lazy\" decoding=\"async\" class=\"wp-image-1165 size-full\" src=\"https:\/\/xmstonetools.com\/wp-content\/uploads\/2022\/11\/Design-Diamond-Router-Bits.jpg\" alt=\"M\u00e8ches de toupie diamant\u00e9es design\" width=\"750\" height=\"458\" srcset=\"https:\/\/xmstonetools.com\/wp-content\/uploads\/2022\/11\/Design-Diamond-Router-Bits.jpg 750w, https:\/\/xmstonetools.com\/wp-content\/uploads\/2022\/11\/Design-Diamond-Router-Bits-655x400.jpg 655w, https:\/\/xmstonetools.com\/wp-content\/uploads\/2022\/11\/Design-Diamond-Router-Bits-600x366.jpg 600w\" sizes=\"auto, (max-width: 750px) 100vw, 750px\" \/><figcaption id=\"caption-attachment-1165\" class=\"wp-caption-text\">M\u00e8ches de toupie diamant\u00e9es design<\/figcaption><\/figure>\n<figure id=\"attachment_1167\" aria-describedby=\"caption-attachment-1167\" style=\"width: 729px\" class=\"wp-caption aligncenter\"><img loading=\"lazy\" decoding=\"async\" class=\"wp-image-1167 size-full\" src=\"https:\/\/xmstonetools.com\/wp-content\/uploads\/2022\/11\/Packing-of-Vacuum-Brazed-Diamond-Router-Bits.jpg\" alt=\"Emballage des fraises diamant\u00e9es bras\u00e9es sous vide\" width=\"729\" height=\"701\" srcset=\"https:\/\/xmstonetools.com\/wp-content\/uploads\/2022\/11\/Packing-of-Vacuum-Brazed-Diamond-Router-Bits.jpg 729w, https:\/\/xmstonetools.com\/wp-content\/uploads\/2022\/11\/Packing-of-Vacuum-Brazed-Diamond-Router-Bits-416x400.jpg 416w, https:\/\/xmstonetools.com\/wp-content\/uploads\/2022\/11\/Packing-of-Vacuum-Brazed-Diamond-Router-Bits-600x577.jpg 600w\" sizes=\"auto, (max-width: 729px) 100vw, 729px\" \/><figcaption id=\"caption-attachment-1167\" class=\"wp-caption-text\">Emballage des fraises diamant\u00e9es bras\u00e9es sous vide<\/figcaption><\/figure>\n<p>Sp\u00e9cification:20mm 30mm 40mm<\/p>\n<\/div>\n<div class=\"rich-text-table\">\n<div class=\"w-full oxa\">\n<table width=\"1078\" cellspacing=\"1\" cellpadding=\"1\">\n<tbody>\n<tr class=\"firstRow\">\n<td width=\"538\" height=\"14\">Marque :<\/td>\n<td width=\"538\" height=\"14\">Sino Poly<\/td>\n<\/tr>\n<tr>\n<td width=\"538\">Produit No.<\/td>\n<td width=\"538\">ZL-C1B<\/td>\n<\/tr>\n<tr>\n<td width=\"538\">Type :<\/td>\n<td width=\"538\">Roue \u00e0 profil diamant<\/td>\n<\/tr>\n<tr>\n<td width=\"538\" height=\"20\">Taille :<\/td>\n<td width=\"538\" height=\"20\">20mm 30mm 40mm<\/td>\n<\/tr>\n<tr>\n<td width=\"538\">Thead :<\/td>\n<td width=\"538\">M14,5\/8-11<\/td>\n<\/tr>\n<tr>\n<td width=\"538\">Utilisation :<\/td>\n<td width=\"538\">Granit, marbre, autres pierres avec profil\u00e9s<\/td>\n<\/tr>\n<tr>\n<td width=\"538\">Emballage :<\/td>\n<td width=\"538\">Carton d'exportation standard<\/td>\n<\/tr>\n<tr>\n<td width=\"538\">MOQ :<\/td>\n<td width=\"538\">10Set<\/td>\n<\/tr>\n<tr>\n<td width=\"538\">D\u00e9lai de livraison :<\/td>\n<td width=\"538\">5-15 jours ouvrables<\/td>\n<\/tr>\n<\/tbody>\n<\/table>\n<\/div>\n<\/div>","protected":false},"excerpt":{"rendered":"<p><span data-spm-anchor-id=\"a2700.details.0.i5.20fc54c9GMivF6\">Principalement utilis\u00e9 pour fa\u00e7onner le bord ou la ligne de courbe de divers granits et marbres sur le type manuel. <a href=\"https:\/\/xmstonetools.com\/fr\/produit\/embouts-diamantes\/\" target=\"_blank\" rel=\"noopener\">profilage<\/a> des machines telles qu'une meuleuse d'angle ou une polisseuse d'eau.<\/span><\/p>\n<p><span data-spm-anchor-id=\"a2700.details.0.i5.20fc54c9GMivF6\">1)\u00a0<\/span>Longue dur\u00e9e de vie, coupe agressive et performances stables<\/p>\n<p>2) Broyage rapide et sans \u00e0-coups<br \/>\n3) Prix comp\u00e9titif et qualit\u00e9 sup\u00e9rieure.<br \/>\n4) Haute qualit\u00e9 : Le produit doit passer 3 fois notre test de contr\u00f4le de qualit\u00e9.<\/p>\n<a href=\"#Quote-Button\" class=\"button primary is-large Inquiry-Button\" style=\"border-radius:99px;\">\n\t<i class=\"icon-heart\" aria-hidden=\"true\"><\/i>\t<span>Demande de renseignements<\/span>\n\t<\/a>","protected":false},"featured_media":1162,"template":"","meta":[],"product_brand":[],"product_cat":[56],"product_tag":[67,66],"class_list":{"0":"post-1168","1":"product","2":"type-product","3":"status-publish","4":"has-post-thumbnail","6":"product_cat-stone-grinding-tools","7":"product_tag-diamond-cup-wheels","8":"product_tag-vacuum-brazed-stone-tools","10":"first","11":"instock","12":"shipping-taxable","13":"product-type-simple"},"aioseo_notices":[],"_links":{"self":[{"href":"https:\/\/xmstonetools.com\/fr\/wp-json\/wp\/v2\/product\/1168","targetHints":{"allow":["GET"]}}],"collection":[{"href":"https:\/\/xmstonetools.com\/fr\/wp-json\/wp\/v2\/product"}],"about":[{"href":"https:\/\/xmstonetools.com\/fr\/wp-json\/wp\/v2\/types\/product"}],"wp:featuredmedia":[{"embeddable":true,"href":"https:\/\/xmstonetools.com\/fr\/wp-json\/wp\/v2\/media\/1162"}],"wp:attachment":[{"href":"https:\/\/xmstonetools.com\/fr\/wp-json\/wp\/v2\/media?parent=1168"}],"wp:term":[{"taxonomy":"product_brand","embeddable":true,"href":"https:\/\/xmstonetools.com\/fr\/wp-json\/wp\/v2\/product_brand?post=1168"},{"taxonomy":"product_cat","embeddable":true,"href":"https:\/\/xmstonetools.com\/fr\/wp-json\/wp\/v2\/product_cat?post=1168"},{"taxonomy":"product_tag","embeddable":true,"href":"https:\/\/xmstonetools.com\/fr\/wp-json\/wp\/v2\/product_tag?post=1168"}],"curies":[{"name":"wp","href":"https:\/\/api.w.org\/{rel}","templated":true}]}}