{"id":1181,"date":"2022-11-14T10:39:26","date_gmt":"2022-11-14T02:39:26","guid":{"rendered":"https:\/\/xmstonetools.com\/?post_type=product&#038;p=1181"},"modified":"2023-03-28T15:58:41","modified_gmt":"2023-03-28T07:58:41","slug":"scie-a-fil-diamante-pour-le-profilage-de-la-pierre","status":"publish","type":"product","link":"https:\/\/xmstonetools.com\/fr\/produit\/scie-a-fil-diamante-pour-le-profilage-de-la-pierre\/","title":{"rendered":"Scie \u00e0 fil diamant\u00e9 pour le profilage de la pierre"},"content":{"rendered":"<figure id=\"attachment_1180\" aria-describedby=\"caption-attachment-1180\" style=\"width: 800px\" class=\"wp-caption alignnone\"><img loading=\"lazy\" decoding=\"async\" class=\"wp-image-1180 size-large\" src=\"https:\/\/xmstonetools.com\/wp-content\/uploads\/2022\/11\/Rubber-Diamond-Wire-Saw-for-Profiling-800x800.jpg\" alt=\"Scie \u00e0 c\u00e2ble en caoutchouc-diamond pour le profilage\" width=\"800\" height=\"800\" srcset=\"https:\/\/xmstonetools.com\/wp-content\/uploads\/2022\/11\/Rubber-Diamond-Wire-Saw-for-Profiling-800x800.jpg 800w, https:\/\/xmstonetools.com\/wp-content\/uploads\/2022\/11\/Rubber-Diamond-Wire-Saw-for-Profiling-400x400.jpg 400w, https:\/\/xmstonetools.com\/wp-content\/uploads\/2022\/11\/Rubber-Diamond-Wire-Saw-for-Profiling-280x280.jpg 280w, https:\/\/xmstonetools.com\/wp-content\/uploads\/2022\/11\/Rubber-Diamond-Wire-Saw-for-Profiling-768x768.jpg 768w, https:\/\/xmstonetools.com\/wp-content\/uploads\/2022\/11\/Rubber-Diamond-Wire-Saw-for-Profiling-300x300.jpg 300w, https:\/\/xmstonetools.com\/wp-content\/uploads\/2022\/11\/Rubber-Diamond-Wire-Saw-for-Profiling-600x600.jpg 600w, https:\/\/xmstonetools.com\/wp-content\/uploads\/2022\/11\/Rubber-Diamond-Wire-Saw-for-Profiling-100x100.jpg 100w, https:\/\/xmstonetools.com\/wp-content\/uploads\/2022\/11\/Rubber-Diamond-Wire-Saw-for-Profiling-120x120.jpg 120w, https:\/\/xmstonetools.com\/wp-content\/uploads\/2022\/11\/Rubber-Diamond-Wire-Saw-for-Profiling.jpg 1500w\" sizes=\"auto, (max-width: 800px) 100vw, 800px\" \/><figcaption id=\"caption-attachment-1180\" class=\"wp-caption-text\">Scie \u00e0 c\u00e2ble en caoutchouc-diamond pour le profilage<\/figcaption><\/figure>\n<p><img loading=\"lazy\" decoding=\"async\" class=\"alignnone wp-image-1179 size-large\" src=\"https:\/\/xmstonetools.com\/wp-content\/uploads\/2022\/11\/Diamond-Wire-Saw-for-Granite-Profiling-2-800x800.jpg\" alt=\"\" width=\"800\" height=\"800\" srcset=\"https:\/\/xmstonetools.com\/wp-content\/uploads\/2022\/11\/Diamond-Wire-Saw-for-Granite-Profiling-2-800x800.jpg 800w, https:\/\/xmstonetools.com\/wp-content\/uploads\/2022\/11\/Diamond-Wire-Saw-for-Granite-Profiling-2-400x400.jpg 400w, https:\/\/xmstonetools.com\/wp-content\/uploads\/2022\/11\/Diamond-Wire-Saw-for-Granite-Profiling-2-280x280.jpg 280w, https:\/\/xmstonetools.com\/wp-content\/uploads\/2022\/11\/Diamond-Wire-Saw-for-Granite-Profiling-2-768x768.jpg 768w, https:\/\/xmstonetools.com\/wp-content\/uploads\/2022\/11\/Diamond-Wire-Saw-for-Granite-Profiling-2-300x300.jpg 300w, https:\/\/xmstonetools.com\/wp-content\/uploads\/2022\/11\/Diamond-Wire-Saw-for-Granite-Profiling-2-600x600.jpg 600w, https:\/\/xmstonetools.com\/wp-content\/uploads\/2022\/11\/Diamond-Wire-Saw-for-Granite-Profiling-2-100x100.jpg 100w, https:\/\/xmstonetools.com\/wp-content\/uploads\/2022\/11\/Diamond-Wire-Saw-for-Granite-Profiling-2-120x120.jpg 120w, https:\/\/xmstonetools.com\/wp-content\/uploads\/2022\/11\/Diamond-Wire-Saw-for-Granite-Profiling-2.jpg 1500w\" sizes=\"auto, (max-width: 800px) 100vw, 800px\" \/> <img loading=\"lazy\" decoding=\"async\" class=\"alignnone wp-image-1178 size-large\" src=\"https:\/\/xmstonetools.com\/wp-content\/uploads\/2022\/11\/Diamond-Wire-Saw-for-Granite-Profiling-1-800x800.jpg\" alt=\"\" width=\"800\" height=\"800\" srcset=\"https:\/\/xmstonetools.com\/wp-content\/uploads\/2022\/11\/Diamond-Wire-Saw-for-Granite-Profiling-1-800x800.jpg 800w, https:\/\/xmstonetools.com\/wp-content\/uploads\/2022\/11\/Diamond-Wire-Saw-for-Granite-Profiling-1-400x400.jpg 400w, https:\/\/xmstonetools.com\/wp-content\/uploads\/2022\/11\/Diamond-Wire-Saw-for-Granite-Profiling-1-280x280.jpg 280w, https:\/\/xmstonetools.com\/wp-content\/uploads\/2022\/11\/Diamond-Wire-Saw-for-Granite-Profiling-1-768x768.jpg 768w, https:\/\/xmstonetools.com\/wp-content\/uploads\/2022\/11\/Diamond-Wire-Saw-for-Granite-Profiling-1-300x300.jpg 300w, https:\/\/xmstonetools.com\/wp-content\/uploads\/2022\/11\/Diamond-Wire-Saw-for-Granite-Profiling-1-600x600.jpg 600w, https:\/\/xmstonetools.com\/wp-content\/uploads\/2022\/11\/Diamond-Wire-Saw-for-Granite-Profiling-1-100x100.jpg 100w, https:\/\/xmstonetools.com\/wp-content\/uploads\/2022\/11\/Diamond-Wire-Saw-for-Granite-Profiling-1-120x120.jpg 120w, https:\/\/xmstonetools.com\/wp-content\/uploads\/2022\/11\/Diamond-Wire-Saw-for-Granite-Profiling-1.jpg 1500w\" sizes=\"auto, (max-width: 800px) 100vw, 800px\" \/> <img loading=\"lazy\" decoding=\"async\" class=\"alignnone wp-image-1177 size-full\" src=\"https:\/\/xmstonetools.com\/wp-content\/uploads\/2022\/11\/Diamond-Wire-Saw-for-Granite-Profiling.jpg\" alt=\"\" width=\"685\" height=\"459\" srcset=\"https:\/\/xmstonetools.com\/wp-content\/uploads\/2022\/11\/Diamond-Wire-Saw-for-Granite-Profiling.jpg 685w, https:\/\/xmstonetools.com\/wp-content\/uploads\/2022\/11\/Diamond-Wire-Saw-for-Granite-Profiling-597x400.jpg 597w, https:\/\/xmstonetools.com\/wp-content\/uploads\/2022\/11\/Diamond-Wire-Saw-for-Granite-Profiling-600x402.jpg 600w\" sizes=\"auto, (max-width: 685px) 100vw, 685px\" \/> <img loading=\"lazy\" decoding=\"async\" class=\"alignnone wp-image-1176 size-full\" src=\"https:\/\/xmstonetools.com\/wp-content\/uploads\/2022\/11\/Diamond-Wire-Saw-for-Granite-Profiling-Under-Manufacturer.jpg\" alt=\"\" width=\"790\" height=\"1003\" srcset=\"https:\/\/xmstonetools.com\/wp-content\/uploads\/2022\/11\/Diamond-Wire-Saw-for-Granite-Profiling-Under-Manufacturer.jpg 790w, https:\/\/xmstonetools.com\/wp-content\/uploads\/2022\/11\/Diamond-Wire-Saw-for-Granite-Profiling-Under-Manufacturer-315x400.jpg 315w, https:\/\/xmstonetools.com\/wp-content\/uploads\/2022\/11\/Diamond-Wire-Saw-for-Granite-Profiling-Under-Manufacturer-630x800.jpg 630w, https:\/\/xmstonetools.com\/wp-content\/uploads\/2022\/11\/Diamond-Wire-Saw-for-Granite-Profiling-Under-Manufacturer-768x975.jpg 768w, https:\/\/xmstonetools.com\/wp-content\/uploads\/2022\/11\/Diamond-Wire-Saw-for-Granite-Profiling-Under-Manufacturer-600x762.jpg 600w\" sizes=\"auto, (max-width: 790px) 100vw, 790px\" \/> <img loading=\"lazy\" decoding=\"async\" class=\"alignnone wp-image-1173 size-full\" src=\"https:\/\/xmstonetools.com\/wp-content\/uploads\/2022\/11\/Diamond-Wire-Saw-for-Granite-Profiling-Packing.jpg\" alt=\"\" width=\"790\" height=\"516\" srcset=\"https:\/\/xmstonetools.com\/wp-content\/uploads\/2022\/11\/Diamond-Wire-Saw-for-Granite-Profiling-Packing.jpg 790w, https:\/\/xmstonetools.com\/wp-content\/uploads\/2022\/11\/Diamond-Wire-Saw-for-Granite-Profiling-Packing-612x400.jpg 612w, https:\/\/xmstonetools.com\/wp-content\/uploads\/2022\/11\/Diamond-Wire-Saw-for-Granite-Profiling-Packing-768x502.jpg 768w, https:\/\/xmstonetools.com\/wp-content\/uploads\/2022\/11\/Diamond-Wire-Saw-for-Granite-Profiling-Packing-600x392.jpg 600w\" sizes=\"auto, (max-width: 790px) 100vw, 790px\" \/> <img loading=\"lazy\" decoding=\"async\" class=\"alignnone wp-image-1174 size-full\" src=\"https:\/\/xmstonetools.com\/wp-content\/uploads\/2022\/11\/Diamond-Wire-Saw-for-Granite-Profiling-Packing-2.jpg\" alt=\"\" width=\"790\" height=\"542\" srcset=\"https:\/\/xmstonetools.com\/wp-content\/uploads\/2022\/11\/Diamond-Wire-Saw-for-Granite-Profiling-Packing-2.jpg 790w, https:\/\/xmstonetools.com\/wp-content\/uploads\/2022\/11\/Diamond-Wire-Saw-for-Granite-Profiling-Packing-2-583x400.jpg 583w, https:\/\/xmstonetools.com\/wp-content\/uploads\/2022\/11\/Diamond-Wire-Saw-for-Granite-Profiling-Packing-2-768x527.jpg 768w, https:\/\/xmstonetools.com\/wp-content\/uploads\/2022\/11\/Diamond-Wire-Saw-for-Granite-Profiling-Packing-2-600x412.jpg 600w\" sizes=\"auto, (max-width: 790px) 100vw, 790px\" \/> <img loading=\"lazy\" decoding=\"async\" class=\"alignnone size-full wp-image-1172\" src=\"https:\/\/xmstonetools.com\/wp-content\/uploads\/2022\/11\/Applications-of-Diamond-Wire-Saw-for-Granite-Profiling-2.jpg\" alt=\"\" width=\"340\" height=\"221\" \/> <img loading=\"lazy\" decoding=\"async\" class=\"alignnone size-full wp-image-1171\" src=\"https:\/\/xmstonetools.com\/wp-content\/uploads\/2022\/11\/Applications-of-Diamond-Wire-Saw-for-Granite-Profiling-1.jpg\" alt=\"\" width=\"340\" height=\"221\" \/><br \/>\n<img loading=\"lazy\" decoding=\"async\" class=\"alignnone wp-image-1175 size-full\" src=\"https:\/\/xmstonetools.com\/wp-content\/uploads\/2022\/11\/Diamond-Wire-Saw-for-Granite-Profiling-Shipping.jpg\" alt=\"\" width=\"789\" height=\"397\" srcset=\"https:\/\/xmstonetools.com\/wp-content\/uploads\/2022\/11\/Diamond-Wire-Saw-for-Granite-Profiling-Shipping.jpg 789w, https:\/\/xmstonetools.com\/wp-content\/uploads\/2022\/11\/Diamond-Wire-Saw-for-Granite-Profiling-Shipping-768x386.jpg 768w, https:\/\/xmstonetools.com\/wp-content\/uploads\/2022\/11\/Diamond-Wire-Saw-for-Granite-Profiling-Shipping-600x302.jpg 600w\" sizes=\"auto, (max-width: 789px) 100vw, 789px\" \/><\/p>\n<table class=\"aliDataTable\">\n<tbody>\n<tr align=\"left\">\n<td valign=\"center\">Diam\u00e8tre (mm)<\/td>\n<td valign=\"center\">Applications<\/td>\n<td valign=\"center\">Rev\u00eatement<\/td>\n<td valign=\"center\">Perle\/m<\/td>\n<td valign=\"center\">Vitesse de coupe (m2\/h)<\/td>\n<td valign=\"center\">Dur\u00e9e de vie du fil (m2\/m)<\/td>\n<\/tr>\n<tr align=\"left\">\n<td valign=\"center\">\u03a611.5\/\u03a610.5<\/td>\n<td valign=\"center\">B\u00e9ton arm\u00e9<\/td>\n<td valign=\"center\">caoutchouc+ressort<\/td>\n<td valign=\"center\">40<\/td>\n<td valign=\"center\">0.5-5<\/td>\n<td valign=\"center\">0.5-8<\/td>\n<\/tr>\n<tr align=\"left\">\n<td valign=\"center\">\u03a611.5\/\u03a611.0<\/td>\n<td valign=\"center\">Mine\/carri\u00e8re de granit<\/td>\n<td valign=\"center\">caoutchouc\/caoutchouc+ressort<\/td>\n<td valign=\"center\">40<\/td>\n<td valign=\"center\">2-12<\/td>\n<td valign=\"center\">7-22<\/td>\n<\/tr>\n<tr align=\"left\">\n<td valign=\"center\">\u03a611.5\/\u03a611.0\/\u03a610.5<\/td>\n<td valign=\"center\">Mine\/carri\u00e8re de marbre<\/td>\n<td valign=\"center\">ressort\/ressort+plastique<\/td>\n<td valign=\"center\">28-40<\/td>\n<td valign=\"center\">4-20<\/td>\n<td valign=\"center\">15-50<\/td>\n<\/tr>\n<tr align=\"left\">\n<td valign=\"center\">\u03a611.0\/10.5<\/td>\n<td valign=\"center\">Blocs de granit et de marbre<\/td>\n<td valign=\"center\">plastique\/caoutchouc<\/td>\n<td valign=\"center\">37\/40<\/td>\n<td valign=\"center\">6-30<\/td>\n<td valign=\"center\">7-50<\/td>\n<\/tr>\n<tr align=\"left\">\n<td valign=\"center\">\u03a68.8\/\u03a68.5<\/td>\n<td valign=\"center\">Profilage du granit et du marbre<\/td>\n<td valign=\"center\">plastique\/caoutchouc<\/td>\n<td valign=\"center\">33\/37\/40<\/td>\n<td valign=\"center\">7-30<\/td>\n<td valign=\"center\">7-40<\/td>\n<\/tr>\n<tr align=\"left\">\n<td valign=\"center\">\u03a67.2\/\u03a68.5<\/td>\n<td valign=\"center\">Dalle de granit<\/td>\n<td valign=\"center\">plastique<\/td>\n<td valign=\"center\">37<\/td>\n<td valign=\"center\">0.5-1.6<\/td>\n<td valign=\"center\">6-15<\/td>\n<\/tr>\n<\/tbody>\n<\/table>","protected":false},"excerpt":{"rendered":"<p>Nous recommandons le fil en plastique, qui peut \u00eatre utilis\u00e9 pour diss\u00e9quer le marbre et le granit. Il peut couper avec pr\u00e9cision avec un petit espace intercalaire. Il peut couper le bloc d'une \u00e9paisseur de 2,3 mm.<\/p>\n<p>Nos avantages<\/p>\n<p>1.OFFRIR UNE SOLUTION UNIQUE POUR LA COUPE.<br \/>\n2.PRIX DE GROS EN USINE \/ FAIBLE CO\u00dbT.<br \/>\n3.L'UN DES PLUS GRANDS FABRICANTS D'OUTILS DIAMANT\u00c9S EN CHINE.<br \/>\n4.OFFRE DE SCIES \u00c0 C\u00c2BLE DIAMANT\u00c9 ET DE MACHINES \u00c0 SCIER \u00c0 C\u00c2BLE DIAMANT\u00c9.<br \/>\n5. ACCEPTATION DE L'ODM ET DE L'OEM \/ PRIX COMP\u00c9TITIF SUR LE MARCH\u00c9.<\/p>\n<a href=\"#Quote-Button\" class=\"button primary is-large Inquiry-Button\" style=\"border-radius:99px;\">\n\t<i class=\"icon-heart\" aria-hidden=\"true\"><\/i>\t<span>Demande de renseignements<\/span>\n\t<\/a>","protected":false},"featured_media":1180,"template":"","meta":[],"product_brand":[],"product_cat":[61],"product_tag":[68,69,70],"class_list":{"0":"post-1181","1":"product","2":"type-product","3":"status-publish","4":"has-post-thumbnail","6":"product_cat-diamond-wire-saw","7":"product_tag-diamond-rope-saw","8":"product_tag-diamond-wire-saw","9":"product_tag-granite-profiling-tools","11":"first","12":"instock","13":"shipping-taxable","14":"product-type-simple"},"aioseo_notices":[],"_links":{"self":[{"href":"https:\/\/xmstonetools.com\/fr\/wp-json\/wp\/v2\/product\/1181","targetHints":{"allow":["GET"]}}],"collection":[{"href":"https:\/\/xmstonetools.com\/fr\/wp-json\/wp\/v2\/product"}],"about":[{"href":"https:\/\/xmstonetools.com\/fr\/wp-json\/wp\/v2\/types\/product"}],"wp:featuredmedia":[{"embeddable":true,"href":"https:\/\/xmstonetools.com\/fr\/wp-json\/wp\/v2\/media\/1180"}],"wp:attachment":[{"href":"https:\/\/xmstonetools.com\/fr\/wp-json\/wp\/v2\/media?parent=1181"}],"wp:term":[{"taxonomy":"product_brand","embeddable":true,"href":"https:\/\/xmstonetools.com\/fr\/wp-json\/wp\/v2\/product_brand?post=1181"},{"taxonomy":"product_cat","embeddable":true,"href":"https:\/\/xmstonetools.com\/fr\/wp-json\/wp\/v2\/product_cat?post=1181"},{"taxonomy":"product_tag","embeddable":true,"href":"https:\/\/xmstonetools.com\/fr\/wp-json\/wp\/v2\/product_tag?post=1181"}],"curies":[{"name":"wp","href":"https:\/\/api.w.org\/{rel}","templated":true}]}}