{"id":1188,"date":"2022-11-14T10:56:22","date_gmt":"2022-11-14T02:56:22","guid":{"rendered":"https:\/\/xmstonetools.com\/?post_type=product&#038;p=1188"},"modified":"2023-03-28T15:58:25","modified_gmt":"2023-03-28T07:58:25","slug":"grande-lame-de-scie-circulaire-diamantee","status":"publish","type":"product","link":"https:\/\/xmstonetools.com\/fr\/produit\/grande-lame-de-scie-circulaire-diamantee\/","title":{"rendered":"Grande lame de scie circulaire diamant\u00e9e"},"content":{"rendered":"<p>Les blocs de pierre sont des mat\u00e9riaux de forme et de taille d\u00e9termin\u00e9es, extraits de la carri\u00e8re. Les lames de scie \u00e0 bloc diamant\u00e9es sont couramment utilis\u00e9es pour d\u00e9couper les blocs en dalles. Il existe un autre type de lame de scie \u00e0 blocs, appel\u00e9e lame de scie \u00e0 ruban, qui est normalement utilis\u00e9e pour couper le marbre. La lame de scie circulaire peut \u00eatre utilis\u00e9e pour couper le marbre et le granit. Le diam\u00e8tre de la lame de scie \u00e0 blocs est compris entre 1000 et 3500 mm, et elle est g\u00e9n\u00e9ralement utilis\u00e9e sur les machines de coupe de blocs. Cette machine peut \u00eatre \u00e9quip\u00e9e d'une seule lame de scie \u00e0 bloc ou d'une lame de scie multiple pour la d\u00e9coupe des blocs. Les diam\u00e8tres des lames de scie utilis\u00e9es par les lames multiples peuvent \u00eatre identiques ou diff\u00e9rents. Selon la m\u00e9thode de sciage, on peut distinguer le sciage \u00e0 sens unique et le sciage \u00e0 double sens. Le sciage \u00e0 deux voies permet d'effectuer un sciage vertical et horizontal en m\u00eame temps.<img loading=\"lazy\" decoding=\"async\" class=\"aligncenter wp-image-1186 size-full\" src=\"https:\/\/xmstonetools.com\/wp-content\/uploads\/2022\/11\/HTB16bzfNXXXXXXhaXXX760XFXXXO.png\" alt=\"\" width=\"593\" height=\"357\" \/><\/p>","protected":false},"excerpt":{"rendered":"<p>Nous sommes un fabricant professionnel dans ce domaine avec de nombreuses ann\u00e9es d'exp\u00e9rience en R&amp;D et en \u00e9tudes de march\u00e9, nous pouvons vous fournir des prix comp\u00e9titifs et des produits de haute qualit\u00e9. Nous sommes une usine fabriquant des outils diamant\u00e9s, avec la meilleure capacit\u00e9 de production, le meilleur contr\u00f4le de qualit\u00e9 et le meilleur service.<\/p>\n<a href=\"#Quote-Button\" class=\"button primary is-large Inquiry-Button\" style=\"border-radius:99px;\">\n\t<i class=\"icon-heart\" aria-hidden=\"true\"><\/i>\t<span>Demande de renseignements<\/span>\n\t<\/a>","protected":false},"featured_media":1184,"template":"","meta":[],"product_brand":[],"product_cat":[55],"product_tag":[71,72],"class_list":{"0":"post-1188","1":"product","2":"type-product","3":"status-publish","4":"has-post-thumbnail","6":"product_cat-stone-cutting-tools","7":"product_tag-block-cutting-blade","8":"product_tag-stone-saw-blade","10":"first","11":"instock","12":"shipping-taxable","13":"product-type-simple"},"aioseo_notices":[],"_links":{"self":[{"href":"https:\/\/xmstonetools.com\/fr\/wp-json\/wp\/v2\/product\/1188","targetHints":{"allow":["GET"]}}],"collection":[{"href":"https:\/\/xmstonetools.com\/fr\/wp-json\/wp\/v2\/product"}],"about":[{"href":"https:\/\/xmstonetools.com\/fr\/wp-json\/wp\/v2\/types\/product"}],"wp:featuredmedia":[{"embeddable":true,"href":"https:\/\/xmstonetools.com\/fr\/wp-json\/wp\/v2\/media\/1184"}],"wp:attachment":[{"href":"https:\/\/xmstonetools.com\/fr\/wp-json\/wp\/v2\/media?parent=1188"}],"wp:term":[{"taxonomy":"product_brand","embeddable":true,"href":"https:\/\/xmstonetools.com\/fr\/wp-json\/wp\/v2\/product_brand?post=1188"},{"taxonomy":"product_cat","embeddable":true,"href":"https:\/\/xmstonetools.com\/fr\/wp-json\/wp\/v2\/product_cat?post=1188"},{"taxonomy":"product_tag","embeddable":true,"href":"https:\/\/xmstonetools.com\/fr\/wp-json\/wp\/v2\/product_tag?post=1188"}],"curies":[{"name":"wp","href":"https:\/\/api.w.org\/{rel}","templated":true}]}}