{"id":1211,"date":"2022-11-14T19:40:25","date_gmt":"2022-11-14T11:40:25","guid":{"rendered":"https:\/\/xmstonetools.com\/?post_type=product&#038;p=1211"},"modified":"2023-03-28T15:57:11","modified_gmt":"2023-03-28T07:57:11","slug":"resine-abrasive-fickert","status":"publish","type":"product","link":"https:\/\/xmstonetools.com\/fr\/produit\/resine-abrasive-fickert\/","title":{"rendered":"R\u00e9sine Bond Abrasif Fickert"},"content":{"rendered":"<p>140\/170 Resin Bond Fickert Stone Abrasive Fickert Metal Diamond Tools For Stone Grinding<\/p>\n<table style=\"height: 286px;\" border=\"1\" width=\"654\">\n<tbody>\n<tr>\n<td><strong>Nom du produit<\/strong><\/td>\n<td data-spm-anchor-id=\"a2700.details.0.i6.a5f357ccxQBv62\"><span data-spm-anchor-id=\"a2700.details.0.i7.a5f357ccxQBv62\">R\u00e9sine Bond Fickert Pierre abrasive Fickert\u00a0<\/span><\/td>\n<\/tr>\n<tr>\n<td><strong>Forme<\/strong><\/td>\n<td>Fickert<\/td>\n<\/tr>\n<tr>\n<td><strong>mat\u00e9riel<\/strong><\/td>\n<td>Diamant<\/td>\n<\/tr>\n<tr>\n<td><strong>mat\u00e9riel<\/strong><\/td>\n<td>Liaison diamant + r\u00e9sine<\/td>\n<\/tr>\n<tr>\n<td><strong>Le cran<\/strong><\/td>\n<td>24#,36#,46#,60#,80#,120#,180#,240#,320#,500#,800#<\/td>\n<\/tr>\n<tr>\n<td><strong>Utilisation<\/strong><\/td>\n<td>Pour le traitement des surfaces en granit\/quartz\/terrazzo<\/td>\n<\/tr>\n<tr>\n<td><strong>Machine<\/strong><\/td>\n<td>Machine automatique de meulage et de polissage,<\/p>\n<p>Machine portative<\/td>\n<\/tr>\n<tr>\n<td><strong>Service<\/strong><\/td>\n<td>OEM, sur mesure<\/td>\n<\/tr>\n<\/tbody>\n<\/table>\n<div><\/div>\n<figure id=\"attachment_1209\" aria-describedby=\"caption-attachment-1209\" style=\"width: 750px\" class=\"wp-caption aligncenter\"><img loading=\"lazy\" decoding=\"async\" class=\"wp-image-1209 size-full\" src=\"https:\/\/xmstonetools.com\/wp-content\/uploads\/2022\/11\/Applications-of-Resin-Bond-Abrasive-Fickert.jpg\" alt=\"Applications de la r\u00e9sine de bore et de l&#039;abrasif Fickert\" width=\"750\" height=\"643\" srcset=\"https:\/\/xmstonetools.com\/wp-content\/uploads\/2022\/11\/Applications-of-Resin-Bond-Abrasive-Fickert.jpg 750w, https:\/\/xmstonetools.com\/wp-content\/uploads\/2022\/11\/Applications-of-Resin-Bond-Abrasive-Fickert-467x400.jpg 467w, https:\/\/xmstonetools.com\/wp-content\/uploads\/2022\/11\/Applications-of-Resin-Bond-Abrasive-Fickert-600x514.jpg 600w\" sizes=\"auto, (max-width: 750px) 100vw, 750px\" \/><figcaption id=\"caption-attachment-1209\" class=\"wp-caption-text\">Applications de la r\u00e9sine de bore et de l'abrasif Fickert<\/figcaption><\/figure>\n<p>&nbsp;<\/p>","protected":false},"excerpt":{"rendered":"<p align=\"left\"><span data-spm-anchor-id=\"a2700.details.0.i3.6625d41e7dLwbM\">Par rapport aux abrasifs traditionnels en carbure de silicium, les avantages de l'abrasif Diamond Resin Bond Abrasive Fickert <\/span>peut \u00eatre r\u00e9sum\u00e9e comme suit :<\/p>\n<p align=\"left\"><span data-spm-anchor-id=\"a2700.details.0.i5.6625d41e7dLwbM\">1.  Longue dur\u00e9e de vie, 80 \u00e0 150 fois sup\u00e9rieure \u00e0 celle du carbure de silicium traditionnel.\u00a0<\/span>abrasifs.<\/p>\n<p align=\"left\">2.  L'efficacit\u00e9 du broyage est augment\u00e9e de plus de 50%, la consommation d'\u00e9lectricit\u00e9 du polissage est r\u00e9duite de plus de 50 %.\u00a0<span data-spm-anchor-id=\"a2700.details.0.i6.6625d41e7dLwbM\">broches est r\u00e9duite de plus de 40% et la vitesse de polissage est augment\u00e9e\u00a0<\/span>de plus de 20%.<\/p>\n<p align=\"left\">3.  Le co\u00fbt d'entretien de la broche et de la courroie de polissage est r\u00e9duit de plus de 30%.<\/p>\n<p align=\"left\">4.  Les r\u00e9sidus caus\u00e9s par le broyage sont r\u00e9duits \u00e0 moins de 1% de ceux produits par les abrasifs traditionnels en carbure de silicium, ce qui peut \u00eatre pratiquement n\u00e9glig\u00e9.<\/p>\n<p align=\"left\">5.  La charge de travail de l'op\u00e9rateur est visiblement r\u00e9duite et les co\u00fbts de main-d'\u0153uvre sont \u00e9conomis\u00e9s.<\/p>\n<p align=\"left\"><span data-spm-anchor-id=\"a2700.details.0.i4.6625d41e7dLwbM\">6.  La quantit\u00e9 de transport d'abrasifs n\u00e9cessaire est tr\u00e8s r\u00e9duite afin d'\u00e9conomiser l'\u00e9nergie.\u00a0<\/span>les ressources sociales connexes telles que l'\u00e9nergie, la logistique, etc.<\/p>\n<p align=\"left\"><a href=\"#Quote-Button\" class=\"button primary is-large Inquiry-Button\" style=\"border-radius:99px;\">\n\t<i class=\"icon-heart\" aria-hidden=\"true\"><\/i>\t<span>Demande de renseignements<\/span>\n\t<\/a>","protected":false},"featured_media":1210,"template":"","meta":[],"product_brand":[],"product_cat":[56],"product_tag":[75],"class_list":{"0":"post-1211","1":"product","2":"type-product","3":"status-publish","4":"has-post-thumbnail","6":"product_cat-stone-grinding-tools","7":"product_tag-resin-bond-abrasive-fickert","9":"first","10":"instock","11":"shipping-taxable","12":"product-type-simple"},"aioseo_notices":[],"_links":{"self":[{"href":"https:\/\/xmstonetools.com\/fr\/wp-json\/wp\/v2\/product\/1211","targetHints":{"allow":["GET"]}}],"collection":[{"href":"https:\/\/xmstonetools.com\/fr\/wp-json\/wp\/v2\/product"}],"about":[{"href":"https:\/\/xmstonetools.com\/fr\/wp-json\/wp\/v2\/types\/product"}],"wp:featuredmedia":[{"embeddable":true,"href":"https:\/\/xmstonetools.com\/fr\/wp-json\/wp\/v2\/media\/1210"}],"wp:attachment":[{"href":"https:\/\/xmstonetools.com\/fr\/wp-json\/wp\/v2\/media?parent=1211"}],"wp:term":[{"taxonomy":"product_brand","embeddable":true,"href":"https:\/\/xmstonetools.com\/fr\/wp-json\/wp\/v2\/product_brand?post=1211"},{"taxonomy":"product_cat","embeddable":true,"href":"https:\/\/xmstonetools.com\/fr\/wp-json\/wp\/v2\/product_cat?post=1211"},{"taxonomy":"product_tag","embeddable":true,"href":"https:\/\/xmstonetools.com\/fr\/wp-json\/wp\/v2\/product_tag?post=1211"}],"curies":[{"name":"wp","href":"https:\/\/api.w.org\/{rel}","templated":true}]}}