{"id":1219,"date":"2022-11-14T20:43:54","date_gmt":"2022-11-14T12:43:54","guid":{"rendered":"https:\/\/xmstonetools.com\/?post_type=product&#038;p=1219"},"modified":"2023-03-28T15:57:01","modified_gmt":"2023-03-28T07:57:01","slug":"embouts-diamantes","status":"publish","type":"product","link":"https:\/\/xmstonetools.com\/fr\/produit\/embouts-diamantes\/","title":{"rendered":"Embouts diamant\u00e9s pour doigts"},"content":{"rendered":"<table style=\"height: 872px;\" width=\"624\">\n<tbody>\n<tr>\n<td valign=\"top\">Marque<\/td>\n<td valign=\"top\">Sino Poly<\/td>\n<\/tr>\n<tr>\n<td valign=\"top\">Technologie<\/td>\n<td valign=\"top\">Bras\u00e9<\/td>\n<\/tr>\n<tr>\n<td valign=\"top\">Mat\u00e9riau du corps<\/td>\n<td valign=\"top\">45 Mn<\/td>\n<\/tr>\n<tr>\n<td valign=\"top\">Type<\/td>\n<td valign=\"top\">\u00a0t\u00eate de sculpture<\/td>\n<\/tr>\n<tr>\n<td valign=\"top\">fonction<\/td>\n<td valign=\"top\">gravure<\/td>\n<\/tr>\n<tr>\n<td valign=\"top\">Diam\u00e8tre<\/td>\n<td valign=\"top\">6mm , 8mm , 10mm , 12mm<\/td>\n<\/tr>\n<tr>\n<td valign=\"top\">Longueur<\/td>\n<td valign=\"top\">50-100mm<\/td>\n<\/tr>\n<tr>\n<td valign=\"top\">MOQ<\/td>\n<td valign=\"top\">1pcs<\/td>\n<\/tr>\n<tr>\n<td valign=\"top\">Temps de production<\/td>\n<td valign=\"top\">5-7 jours<\/td>\n<\/tr>\n<tr>\n<td valign=\"top\">Capacit\u00e9 de production<\/td>\n<td valign=\"top\">1000pcs par jour<\/td>\n<\/tr>\n<tr>\n<td valign=\"top\">\n<p data-spm-anchor-id=\"a2700.details.0.i5.54d11a1bpVu4ts\">Emballage<\/p>\n<\/td>\n<td valign=\"top\"><span data-spm-anchor-id=\"a2700.details.0.i6.54d11a1bpVu4ts\">Sac PP, carte blister en option<\/span><\/td>\n<\/tr>\n<tr>\n<td valign=\"top\">Livraison<\/td>\n<td valign=\"top\">DHL, UPS, FedEx et transport maritime<\/td>\n<\/tr>\n<tr>\n<td valign=\"top\">D\u00e9lai d'exp\u00e9dition<\/td>\n<td valign=\"top\">2-3 jours<\/td>\n<\/tr>\n<tr>\n<td valign=\"top\">Certificats<\/td>\n<td valign=\"top\">ISO9001<\/td>\n<\/tr>\n<tr>\n<td valign=\"top\">Adresse<\/td>\n<td valign=\"top\">Xiamen, Chine<\/td>\n<\/tr>\n<tr>\n<td valign=\"top\">Paiement<\/td>\n<td valign=\"top\">TT, Paypal, WU, L\/C<\/td>\n<\/tr>\n<\/tbody>\n<\/table>","protected":false},"excerpt":{"rendered":"<p>M\u00e8che de toupie \u00e0 doigts con\u00e7ue pour l'\u00e9barbage du granit, du marbre ou de la pierre dure. Elle permet d'\u00e9liminer l'exc\u00e8s de pierre pour pr\u00e9parer le polissage. Alimentation en eau avec un filetage de 1\/2\u2033 en standard. Il s'agit d'une fraise diamant\u00e9e \u00e0 5 segments de premi\u00e8re qualit\u00e9, con\u00e7ue pour couper et poncer plus rapidement que la plupart des autres fraises diamant\u00e9es disponibles sur le march\u00e9. <span data-spm-anchor-id=\"a2700.details.0.i27.4b881ef6IYmdIC\">Ces m\u00e8ches \u00e0 doigts sont id\u00e9ales pour les mat\u00e9riaux durs, elles sont con\u00e7ues pour des performances \u00e9lev\u00e9es en mati\u00e8re de fa\u00e7onnage dans les applications de fabrication. L'espace entre les segments est rempli de r\u00e9sine, ce qui am\u00e9liore consid\u00e9rablement la stabilit\u00e9 du traitement et r\u00e9duit l'instabilit\u00e9.<\/span>Utilis\u00e9 pour le meulage rapide du granit ou de la pierre dure, pour pr\u00e9parer le polissage, le type g\u00e9n\u00e9ral, le type tranchant, le type durable disponibles d\u00e9pendent de la duret\u00e9 de la pierre.<\/p>\n<div>\n<div data-spm-anchor-id=\"a2700.details.0.i28.4b881ef6IYmdIC\">\n<a href=\"#Quote-Button\" class=\"button primary is-large Inquiry-Button\" style=\"border-radius:99px;\">\n\t<i class=\"icon-heart\" aria-hidden=\"true\"><\/i>\t<span>Demande de renseignements<\/span>\n\t<\/a>\n\n<\/div>\n<\/div>","protected":false},"featured_media":1213,"template":"","meta":[],"product_brand":[],"product_cat":[59],"product_tag":[76,66],"class_list":{"0":"post-1219","1":"product","2":"type-product","3":"status-publish","4":"has-post-thumbnail","6":"product_cat-stone-milling-tools","7":"product_tag-diamond-finger-bits","8":"product_tag-vacuum-brazed-stone-tools","10":"first","11":"instock","12":"shipping-taxable","13":"product-type-simple"},"aioseo_notices":[],"_links":{"self":[{"href":"https:\/\/xmstonetools.com\/fr\/wp-json\/wp\/v2\/product\/1219","targetHints":{"allow":["GET"]}}],"collection":[{"href":"https:\/\/xmstonetools.com\/fr\/wp-json\/wp\/v2\/product"}],"about":[{"href":"https:\/\/xmstonetools.com\/fr\/wp-json\/wp\/v2\/types\/product"}],"wp:featuredmedia":[{"embeddable":true,"href":"https:\/\/xmstonetools.com\/fr\/wp-json\/wp\/v2\/media\/1213"}],"wp:attachment":[{"href":"https:\/\/xmstonetools.com\/fr\/wp-json\/wp\/v2\/media?parent=1219"}],"wp:term":[{"taxonomy":"product_brand","embeddable":true,"href":"https:\/\/xmstonetools.com\/fr\/wp-json\/wp\/v2\/product_brand?post=1219"},{"taxonomy":"product_cat","embeddable":true,"href":"https:\/\/xmstonetools.com\/fr\/wp-json\/wp\/v2\/product_cat?post=1219"},{"taxonomy":"product_tag","embeddable":true,"href":"https:\/\/xmstonetools.com\/fr\/wp-json\/wp\/v2\/product_tag?post=1219"}],"curies":[{"name":"wp","href":"https:\/\/api.w.org\/{rel}","templated":true}]}}