{"id":1239,"date":"2022-11-15T16:04:00","date_gmt":"2022-11-15T08:04:00","guid":{"rendered":"https:\/\/xmstonetools.com\/?post_type=product&#038;p=1239"},"modified":"2023-03-28T15:56:51","modified_gmt":"2023-03-28T07:56:51","slug":"roue-de-profilage-pour-marbre-et-granit","status":"publish","type":"product","link":"https:\/\/xmstonetools.com\/fr\/produit\/roue-de-profilage-pour-marbre-et-granit\/","title":{"rendered":"Roue de profilage de la pierre Marbre Granit"},"content":{"rendered":"<p>Ces meules diamant\u00e9es de forme sp\u00e9ciale sont largement utilis\u00e9es sur les machines \u00e0 profiler le granit, le marbre, la pierre de quartz et d'autres pierres. Nous proposons une large gamme de formes et de tailles diff\u00e9rentes pour r\u00e9pondre \u00e0 vos besoins en mati\u00e8re de profilage.<\/p>\n<p>Utilis\u00e9 pour les meuleuses cylindriques et les meuleuses de surface Circonf\u00e9rence de la meule d'un cercle Niveau de travail de meulage<\/p>\n<p>meulage de la fonte, des m\u00e9taux non ferreux, de l'acier inoxydable, de l'acier tremp\u00e9, de l'acier doux, de l'acier \u00e0 outils, de l'acier rapide, de l'aimant, du bronze, du laiton, du marbre et du granit, etc.<\/p>\n<table style=\"height: 844px;\" width=\"633\">\n<tbody>\n<tr>\n<td valign=\"center\">\n<p align=\"center\">Produit<\/p>\n<\/td>\n<td valign=\"center\">\n<p align=\"center\">Roue profil\u00e9e en pierre<\/p>\n<\/td>\n<\/tr>\n<tr>\n<td valign=\"center\">\n<p align=\"center\">taille<\/p>\n<\/td>\n<td valign=\"center\">\n<p align=\"center\">personnalis\u00e9<\/p>\n<\/td>\n<\/tr>\n<tr>\n<td valign=\"center\">\n<p align=\"center\">\u00a0Type<\/p>\n<\/td>\n<td valign=\"center\">\n<p align=\"center\">\u00c9lectrod\u00e9 ou fritt\u00e9<\/p>\n<\/td>\n<\/tr>\n<tr>\n<td valign=\"center\">\n<p align=\"center\">Mod\u00e8le<\/p>\n<\/td>\n<td valign=\"center\">\n<p align=\"center\">ronde<\/p>\n<\/td>\n<\/tr>\n<tr>\n<td valign=\"center\">\n<p align=\"center\">Marque<\/p>\n<\/td>\n<td valign=\"center\">\n<p align=\"center\">MIDSTAR<\/p>\n<\/td>\n<\/tr>\n<tr>\n<td valign=\"center\">\n<p align=\"center\">lieu de production<\/p>\n<\/td>\n<td valign=\"center\">\n<p align=\"center\">chine-fujian<\/p>\n<\/td>\n<\/tr>\n<tr>\n<td valign=\"center\">\n<p align=\"center\">Le cran<\/p>\n<\/td>\n<td valign=\"center\">\n<p align=\"center\">\/<\/p>\n<\/td>\n<\/tr>\n<tr>\n<td valign=\"center\">\n<p align=\"center\">Mat\u00e9riau<\/p>\n<\/td>\n<td valign=\"center\">\n<p align=\"center\">Diamant<\/p>\n<\/td>\n<\/tr>\n<tr>\n<td valign=\"center\">\n<p align=\"center\">Application<\/p>\n<\/td>\n<td valign=\"center\">\n<p align=\"center\">Granit, marbre et pierre artificielle<\/p>\n<\/td>\n<\/tr>\n<tr>\n<td valign=\"center\">\n<p align=\"center\">FOB<\/p>\n<\/td>\n<td valign=\"center\">\n<p align=\"center\">0.75-0.82<\/p>\n<\/td>\n<\/tr>\n<tr>\n<td valign=\"center\">\n<p align=\"center\">MOQ<\/p>\n<\/td>\n<td valign=\"center\">\n<p align=\"center\">36pcs<\/p>\n<\/td>\n<\/tr>\n<tr>\n<td valign=\"center\">\n<p align=\"center\">\u00a0Paiement<\/p>\n<\/td>\n<td valign=\"center\">\n<p align=\"center\">LC\/TT\/UNION OCCIDENTALE<\/p>\n<\/td>\n<\/tr>\n<tr>\n<td valign=\"center\">\n<p align=\"center\">D\u00e9lai de livraison<\/p>\n<\/td>\n<td valign=\"center\">\n<p align=\"center\">Exp\u00e9dition dans les 10 jours suivant le paiement<\/p>\n<\/td>\n<\/tr>\n<tr>\n<td valign=\"center\">\n<p align=\"center\">Port<\/p>\n<\/td>\n<td valign=\"center\">\n<p align=\"center\">xiamen,Chine<\/p>\n<\/td>\n<\/tr>\n<tr>\n<td valign=\"center\">\n<p align=\"center\">Capacit\u00e9 d'approvisionnement<\/p>\n<\/td>\n<td valign=\"center\">\n<p align=\"center\">1000pcs par mois<\/p>\n<\/td>\n<\/tr>\n<\/tbody>\n<\/table>\n<p>&nbsp;<\/p>","protected":false},"excerpt":{"rendered":"<p>Caract\u00e9ristiques de la roue de profilage Stone Edge<br \/>\n1)excellent pour le pon\u00e7age d'un cercle int\u00e9rieur, d'un ovale ou d'un arc de granit, de marbre ou d'autres pierres.<br \/>\n2) Les m\u00e8ches de toupie galvanis\u00e9es sont \u00e9conomiques et ont une dur\u00e9e de vie plus longue.<br \/>\n3) Le jeu de m\u00e8ches biseaut\u00e9es pour toupie permet une coupe rapide et peut \u00eatre utilis\u00e9 \u00e0 sec.<br \/>\n4) L'\u00e9paisseur peut \u00eatre de 7 mm, 10 mm, 12 mm, 15 mm, 20 mm et 30 mm, etc.<\/p>\n<a href=\"#Quote-Button\" class=\"button primary is-large Inquiry-Button\" style=\"border-radius:99px;\">\n\t<i class=\"icon-heart\" aria-hidden=\"true\"><\/i>\t<span>Demande de renseignements<\/span>\n\t<\/a>","protected":false},"featured_media":1233,"template":"","meta":[],"product_brand":[],"product_cat":[56],"product_tag":[67,70],"class_list":{"0":"post-1239","1":"product","2":"type-product","3":"status-publish","4":"has-post-thumbnail","6":"product_cat-stone-grinding-tools","7":"product_tag-diamond-cup-wheels","8":"product_tag-granite-profiling-tools","10":"first","11":"instock","12":"shipping-taxable","13":"product-type-simple"},"aioseo_notices":[],"_links":{"self":[{"href":"https:\/\/xmstonetools.com\/fr\/wp-json\/wp\/v2\/product\/1239","targetHints":{"allow":["GET"]}}],"collection":[{"href":"https:\/\/xmstonetools.com\/fr\/wp-json\/wp\/v2\/product"}],"about":[{"href":"https:\/\/xmstonetools.com\/fr\/wp-json\/wp\/v2\/types\/product"}],"wp:featuredmedia":[{"embeddable":true,"href":"https:\/\/xmstonetools.com\/fr\/wp-json\/wp\/v2\/media\/1233"}],"wp:attachment":[{"href":"https:\/\/xmstonetools.com\/fr\/wp-json\/wp\/v2\/media?parent=1239"}],"wp:term":[{"taxonomy":"product_brand","embeddable":true,"href":"https:\/\/xmstonetools.com\/fr\/wp-json\/wp\/v2\/product_brand?post=1239"},{"taxonomy":"product_cat","embeddable":true,"href":"https:\/\/xmstonetools.com\/fr\/wp-json\/wp\/v2\/product_cat?post=1239"},{"taxonomy":"product_tag","embeddable":true,"href":"https:\/\/xmstonetools.com\/fr\/wp-json\/wp\/v2\/product_tag?post=1239"}],"curies":[{"name":"wp","href":"https:\/\/api.w.org\/{rel}","templated":true}]}}