{"id":1248,"date":"2022-11-15T20:00:10","date_gmt":"2022-11-15T12:00:10","guid":{"rendered":"https:\/\/xmstonetools.com\/?post_type=product&#038;p=1248"},"modified":"2023-03-28T15:55:48","modified_gmt":"2023-03-28T07:55:48","slug":"metal-bond-diamant-abrasif-fickert","status":"publish","type":"product","link":"https:\/\/xmstonetools.com\/fr\/produit\/metal-bond-diamant-abrasif-fickert\/","title":{"rendered":"Metal Bond Diamond Abrasive Fickert"},"content":{"rendered":"<table style=\"height: 454px;\" border=\"1\" width=\"594\" cellspacing=\"0\" cellpadding=\"0\">\n<tbody>\n<tr>\n<td width=\"110\" height=\"35\">Num\u00e9ro d'article<\/td>\n<td width=\"105\">Longueur (mm)<\/td>\n<td width=\"110\">Hauteur de la couche de travail (mm)<\/td>\n<td width=\"90\">Le cran<\/td>\n<td width=\"96\">Type<\/td>\n<\/tr>\n<tr>\n<td height=\"26\">SGGF-M140A<\/td>\n<td>140<\/td>\n<td rowspan=\"4\" width=\"110\">15\/20<\/td>\n<td rowspan=\"4\" width=\"90\">36# ~ 220#<\/td>\n<td rowspan=\"2\" width=\"96\">Liaison m\u00e9tallique<br \/>\nCompl\u00e9t\u00e9 pour le granit<\/td>\n<\/tr>\n<tr>\n<td height=\"26\">SGGF-M170A<\/td>\n<td>170<\/td>\n<\/tr>\n<tr>\n<td height=\"26\">SGGF-M140B<\/td>\n<td>140<\/td>\n<td rowspan=\"2\" width=\"96\" data-spm-anchor-id=\"a2700.wholesale.0.i37.683fe5e1pctLvl\">Liaison m\u00e9tallique<br \/>\nRainur\u00e9 pour le granit<\/td>\n<\/tr>\n<tr>\n<td height=\"26\">SGGF-M170B<\/td>\n<td>170<\/td>\n<\/tr>\n<tr>\n<td height=\"26\">SGGF-R140A<\/td>\n<td>140<\/td>\n<td rowspan=\"2\" width=\"110\">25\/27<\/td>\n<td rowspan=\"2\" width=\"90\">120# ~ 1500#<\/td>\n<td rowspan=\"2\" width=\"96\">Liaison avec la r\u00e9sine<br \/>\nCompl\u00e9t\u00e9 pour le granit<\/td>\n<\/tr>\n<tr>\n<td height=\"26\">SGGF-R170A<\/td>\n<td>170<\/td>\n<\/tr>\n<tr>\n<td height=\"26\">SGGF-R140B<\/td>\n<td>140<\/td>\n<td rowspan=\"2\">15<\/td>\n<td rowspan=\"2\" width=\"90\">180# ~ 6000#<\/td>\n<td rowspan=\"2\" width=\"96\">Liaison avec la r\u00e9sine<br \/>\nCompl\u00e9t\u00e9 pour la c\u00e9ramique<\/td>\n<\/tr>\n<tr>\n<td height=\"26\">SGGF-R170B<\/td>\n<td>170<\/td>\n<\/tr>\n<tr>\n<td height=\"26\">SGGF-B140<\/td>\n<td>140<\/td>\n<td>27<\/td>\n<td rowspan=\"2\">Lux<\/td>\n<td rowspan=\"2\" width=\"96\">Magn\u00e9site<br \/>\npour le granit<\/td>\n<\/tr>\n<tr>\n<td height=\"26\">SGGF-B170<\/td>\n<td>170<\/td>\n<td><\/td>\n<\/tr>\n<tr>\n<td height=\"26\">SGGF-MC180<\/td>\n<td>180<\/td>\n<td>10 ~ 15<\/td>\n<td>36# ~ 220#<\/td>\n<td width=\"96\">Pour le b\u00e9ton<\/td>\n<\/tr>\n<tr>\n<td colspan=\"5\" height=\"17\">Autres sp\u00e9cifications disponibles sur demande.<\/td>\n<\/tr>\n<tr>\n<td height=\"17\"><\/td>\n<td><\/td>\n<td><\/td>\n<td><\/td>\n<td><\/td>\n<\/tr>\n<\/tbody>\n<\/table>","protected":false},"excerpt":{"rendered":"<p>Outil de polissage de dalles de granit et de pierres artificielles, utilis\u00e9 sur les machines automatiques de polissage de dalles. Principalement utilis\u00e9 pour polir les dalles de granit ou de pierre artificielle, avec les avantages d'une grande efficacit\u00e9, d'une \u00e9conomie d'\u00e9nergie et d'une faible consommation.<\/p>\n<p><strong>Avantage\uff1a<\/strong><br \/>\n1. haute efficacit\u00e9<br \/>\n2. forte capacit\u00e9 de broyage<br \/>\n3. dur\u00e9e de vie durable<br \/>\nType : Continu<br \/>\nSpecification\uff1a 140*50\/70*15mm\u3001135*60*15mm<br \/>\nGrit\uff1a30# 50# 100# 200# 400#<\/p>\n<a href=\"#Quote-Button\" class=\"button primary is-large Inquiry-Button\" style=\"border-radius:99px;\">\n\t<i class=\"icon-heart\" aria-hidden=\"true\"><\/i>\t<span>Demande de renseignements<\/span>\n\t<\/a>","protected":false},"featured_media":1245,"template":"","meta":[],"product_brand":[],"product_cat":[56,57],"product_tag":[78,79],"class_list":{"0":"post-1248","1":"product","2":"type-product","3":"status-publish","4":"has-post-thumbnail","6":"product_cat-stone-grinding-tools","7":"product_cat-stone-polishing-tools","8":"product_tag-abrasive-tools","9":"product_tag-diamond-fickert","11":"first","12":"instock","13":"shipping-taxable","14":"product-type-simple"},"aioseo_notices":[],"_links":{"self":[{"href":"https:\/\/xmstonetools.com\/fr\/wp-json\/wp\/v2\/product\/1248","targetHints":{"allow":["GET"]}}],"collection":[{"href":"https:\/\/xmstonetools.com\/fr\/wp-json\/wp\/v2\/product"}],"about":[{"href":"https:\/\/xmstonetools.com\/fr\/wp-json\/wp\/v2\/types\/product"}],"wp:featuredmedia":[{"embeddable":true,"href":"https:\/\/xmstonetools.com\/fr\/wp-json\/wp\/v2\/media\/1245"}],"wp:attachment":[{"href":"https:\/\/xmstonetools.com\/fr\/wp-json\/wp\/v2\/media?parent=1248"}],"wp:term":[{"taxonomy":"product_brand","embeddable":true,"href":"https:\/\/xmstonetools.com\/fr\/wp-json\/wp\/v2\/product_brand?post=1248"},{"taxonomy":"product_cat","embeddable":true,"href":"https:\/\/xmstonetools.com\/fr\/wp-json\/wp\/v2\/product_cat?post=1248"},{"taxonomy":"product_tag","embeddable":true,"href":"https:\/\/xmstonetools.com\/fr\/wp-json\/wp\/v2\/product_tag?post=1248"}],"curies":[{"name":"wp","href":"https:\/\/api.w.org\/{rel}","templated":true}]}}