{"id":1256,"date":"2022-11-15T22:56:12","date_gmt":"2022-11-15T14:56:12","guid":{"rendered":"https:\/\/xmstonetools.com\/?post_type=product&#038;p=1256"},"modified":"2023-03-28T15:55:37","modified_gmt":"2023-03-28T07:55:37","slug":"scie-a-cable-diamante-revetue-de-caoutchouc","status":"publish","type":"product","link":"https:\/\/xmstonetools.com\/fr\/produit\/scie-a-cable-diamante-revetue-de-caoutchouc\/","title":{"rendered":"Scie \u00e0 fil diamant\u00e9 rev\u00eatu de caoutchouc"},"content":{"rendered":"<p align=\"left\">1. Personnaliser les diff\u00e9rentes formules et garantir le co\u00fbt de la performance en fonction du pourcentage de m\u00e9lange de pierres dures, moyennes, tendres et abrasives, afin de maximiser la performance.<\/p>\n<div>2. Le diamant finement s\u00e9lectionn\u00e9, d'une grande force et d'une grande r\u00e9sistance, garantit la capacit\u00e9 d'aff\u00fbtage et la dur\u00e9e de vie du c\u00e2ble diamant\u00e9.<\/div>\n<div>3. Une technologie de frittage sophistiqu\u00e9e avec une temp\u00e9rature et une pression bien contr\u00f4l\u00e9es garantit que les perles de diamant ont une grande capacit\u00e9 anti-abrasive.<\/div>\n<div>4. Une technologie d'injection et une technique de production matures garantissent que le plastique p\u00e9n\u00e8tre dans chaque interstice du c\u00e2ble et maintient les perles de diamant avec fermet\u00e9.<\/div>\n<div>5. Un \u00e9quipement de production automatique d\u00e9velopp\u00e9 par nos soins et une inspection stricte en ligne et finale permettent de contr\u00f4ler la qualit\u00e9 et la stabilit\u00e9.<\/div>\n<p align=\"left\"><strong>Fil pour l'exploitation de carri\u00e8res de granit<\/strong><\/p>\n<table class=\"aliDataTable\" border=\"1\" cellspacing=\"0\" cellpadding=\"0\" align=\"left\">\n<tbody>\n<tr align=\"center\">\n<td>Diam\u00e8tre<\/p>\n<p align=\"center\">(mm)<\/p>\n<\/td>\n<td>Num\u00e9ro de mod\u00e8le<\/td>\n<td>Type de fixation<\/td>\n<td>Perles\/m<\/td>\n<td>Type de mat\u00e9riau<\/td>\n<td>Vitesse de sciage<\/p>\n<p align=\"center\">(m<sup>2<\/sup>\/h)<\/p>\n<\/td>\n<td>Dur\u00e9e de vie<\/p>\n<p align=\"center\">(m<sup>2<\/sup>\/m)<\/p>\n<\/td>\n<td>Vitesse de la ligne<\/p>\n<p align=\"center\">(m\/s)<\/p>\n<\/td>\n<\/tr>\n<tr align=\"center\">\n<td rowspan=\"3\">D=11.4<\/td>\n<td>\n<p data-spm-anchor-id=\"a2700.details.0.i13.50e92edaAyQyyY\">GQR11.4A<\/p>\n<\/td>\n<td>Caoutchouc<\/td>\n<td>40<\/td>\n<td>Classe 1<\/td>\n<td>4-6<\/td>\n<td>15-25<\/td>\n<td>25-30<\/td>\n<\/tr>\n<tr align=\"center\">\n<td>GQR11.4B<\/td>\n<td>Caoutchouc<\/td>\n<td>40<\/td>\n<td>Classe 3-4<\/td>\n<td>2-5<\/td>\n<td>8-15<\/td>\n<td>22-26<\/td>\n<\/tr>\n<tr align=\"center\">\n<td>GQR11.4C<\/td>\n<td>Caoutchouc<\/td>\n<td>40<\/td>\n<td>Classe 4-5<\/td>\n<td>1-2.5<\/td>\n<td>4-9<\/td>\n<td>18-23<\/td>\n<\/tr>\n<\/tbody>\n<\/table>\n<p>&nbsp;<\/p>\n<figure id=\"attachment_1250\" aria-describedby=\"caption-attachment-1250\" style=\"width: 750px\" class=\"wp-caption aligncenter\"><img loading=\"lazy\" decoding=\"async\" class=\"wp-image-1250 size-full\" src=\"https:\/\/xmstonetools.com\/wp-content\/uploads\/2022\/11\/Applications-of-Rubber-coatiing-wire-saw.jpg\" alt=\"Applications de la scie \u00e0 c\u00e2ble en caoutchouc\" width=\"750\" height=\"1701\" srcset=\"https:\/\/xmstonetools.com\/wp-content\/uploads\/2022\/11\/Applications-of-Rubber-coatiing-wire-saw.jpg 750w, https:\/\/xmstonetools.com\/wp-content\/uploads\/2022\/11\/Applications-of-Rubber-coatiing-wire-saw-176x400.jpg 176w, https:\/\/xmstonetools.com\/wp-content\/uploads\/2022\/11\/Applications-of-Rubber-coatiing-wire-saw-353x800.jpg 353w, https:\/\/xmstonetools.com\/wp-content\/uploads\/2022\/11\/Applications-of-Rubber-coatiing-wire-saw-677x1536.jpg 677w, https:\/\/xmstonetools.com\/wp-content\/uploads\/2022\/11\/Applications-of-Rubber-coatiing-wire-saw-600x1361.jpg 600w\" sizes=\"auto, (max-width: 750px) 100vw, 750px\" \/><figcaption id=\"caption-attachment-1250\" class=\"wp-caption-text\">Applications de la scie \u00e0 c\u00e2ble en caoutchouc<\/figcaption><\/figure>","protected":false},"excerpt":{"rendered":"<p>Les scies \u00e0 c\u00e2ble en caoutchouc sont principalement utilis\u00e9es pour l'exploitation des carri\u00e8res de granit. Les scies \u00e0 c\u00e2ble diamant\u00e9 avec rev\u00eatement \u00e0 ressort sont principalement utilis\u00e9es pour les mat\u00e9riaux en pierre tendre dans les carri\u00e8res de pierre, tels que le marbre, le calcaire, le travertin, etc.<br \/>\n1) Diam\u00e8tre : 11,5 mm<br \/>\n2) Perle\/M:40<br \/>\n3) Technique de fabrication : fritt\u00e9<br \/>\n4) Renforcement : R+S<br \/>\n5) Projet de d\u00e9coupe : diff\u00e9rents types de b\u00e9ton.<br \/>\n6) M\u00e8tres\/bo\u00eete : 50<\/p>\n<a href=\"#Quote-Button\" class=\"button primary is-large Inquiry-Button\" style=\"border-radius:99px;\">\n\t<i class=\"icon-heart\" aria-hidden=\"true\"><\/i>\t<span>Demande de renseignements<\/span>\n\t<\/a>","protected":false},"featured_media":1251,"template":"","meta":[],"product_brand":[],"product_cat":[61],"product_tag":[69,80,81],"class_list":{"0":"post-1256","1":"product","2":"type-product","3":"status-publish","4":"has-post-thumbnail","6":"product_cat-diamond-wire-saw","7":"product_tag-diamond-wire-saw","8":"product_tag-granite-wire-saw","9":"product_tag-rubber-rope-saw","11":"first","12":"instock","13":"shipping-taxable","14":"product-type-simple"},"aioseo_notices":[],"_links":{"self":[{"href":"https:\/\/xmstonetools.com\/fr\/wp-json\/wp\/v2\/product\/1256","targetHints":{"allow":["GET"]}}],"collection":[{"href":"https:\/\/xmstonetools.com\/fr\/wp-json\/wp\/v2\/product"}],"about":[{"href":"https:\/\/xmstonetools.com\/fr\/wp-json\/wp\/v2\/types\/product"}],"wp:featuredmedia":[{"embeddable":true,"href":"https:\/\/xmstonetools.com\/fr\/wp-json\/wp\/v2\/media\/1251"}],"wp:attachment":[{"href":"https:\/\/xmstonetools.com\/fr\/wp-json\/wp\/v2\/media?parent=1256"}],"wp:term":[{"taxonomy":"product_brand","embeddable":true,"href":"https:\/\/xmstonetools.com\/fr\/wp-json\/wp\/v2\/product_brand?post=1256"},{"taxonomy":"product_cat","embeddable":true,"href":"https:\/\/xmstonetools.com\/fr\/wp-json\/wp\/v2\/product_cat?post=1256"},{"taxonomy":"product_tag","embeddable":true,"href":"https:\/\/xmstonetools.com\/fr\/wp-json\/wp\/v2\/product_tag?post=1256"}],"curies":[{"name":"wp","href":"https:\/\/api.w.org\/{rel}","templated":true}]}}