{"id":1268,"date":"2022-11-16T10:33:46","date_gmt":"2022-11-16T02:33:46","guid":{"rendered":"https:\/\/xmstonetools.com\/?post_type=product&#038;p=1268"},"modified":"2023-03-28T15:55:27","modified_gmt":"2023-03-28T07:55:27","slug":"scie-a-fil-diamante-pour-carriere-de-granit","status":"publish","type":"product","link":"https:\/\/xmstonetools.com\/fr\/produit\/scie-a-fil-diamante-pour-carriere-de-granit\/","title":{"rendered":"Scie \u00e0 fil diamant\u00e9 pour les carri\u00e8res de granit"},"content":{"rendered":"<table class=\"all magic-4\">\n<tbody>\n<tr>\n<td colspan=\"1\" rowspan=\"1\">\n<div class=\"magic-5\">Nom du produit<\/div>\n<\/td>\n<td colspan=\"1\" rowspan=\"1\">\n<div class=\"magic-6\">D11.5 Scie \u00e0 fil diamant\u00e9 en caoutchouc<\/div>\n<\/td>\n<\/tr>\n<tr>\n<td colspan=\"1\" rowspan=\"1\">\n<div class=\"magic-5\">Taille de l'emballage<\/div>\n<\/td>\n<td colspan=\"1\" rowspan=\"1\">\n<div class=\"magic-6\">41.5*41.5*15.5cm<\/div>\n<\/td>\n<\/tr>\n<tr>\n<td colspan=\"1\" rowspan=\"1\">\n<div class=\"magic-5\">Poids brut<\/div>\n<\/td>\n<td colspan=\"1\" rowspan=\"1\">\n<div class=\"magic-6\">33 kg<\/div>\n<\/td>\n<\/tr>\n<tr>\n<td colspan=\"1\" rowspan=\"1\">\n<div class=\"magic-5\">Mat\u00e9riau<\/div>\n<\/td>\n<td colspan=\"1\" rowspan=\"1\">\n<div class=\"magic-6\">Caoutchouc<\/div>\n<\/td>\n<\/tr>\n<tr>\n<td colspan=\"1\" rowspan=\"1\">\n<div class=\"magic-5\">Mod\u00e8le<\/div>\n<\/td>\n<td colspan=\"1\" rowspan=\"1\">\n<div class=\"magic-6\">D11.5<\/div>\n<\/td>\n<\/tr>\n<tr>\n<td colspan=\"1\" rowspan=\"1\">\n<div class=\"magic-5\">\n<div class=\"magic-7\">Description<\/div>\n<\/div>\n<\/td>\n<td colspan=\"1\" rowspan=\"1\">\n<div class=\"magic-6\">*Il est utilis\u00e9 dans les carri\u00e8res de granulats avec des performances stables et efficaces.<br \/>\n*Par rapport \u00e0 la lame de carri\u00e8re, elle pr\u00e9sente une grande adaptabilit\u00e9, une efficacit\u00e9 mini\u00e8re \u00e9lev\u00e9e, un mode de coupe flexible, une grande profondeur de coupe, un rendement \u00e9lev\u00e9, un faible co\u00fbt global, une s\u00e9curit\u00e9 et une pollution de protection de l'environnement.<\/div>\n<\/td>\n<\/tr>\n<tr>\n<td colspan=\"1\" rowspan=\"1\">\n<div class=\"magic-5\">Application<\/div>\n<\/td>\n<td colspan=\"1\" rowspan=\"1\">\n<div class=\"magic-6\">Appliquer \u00e0 la carri\u00e8re de granit.<\/div>\n<\/td>\n<\/tr>\n<tr>\n<td colspan=\"1\" rowspan=\"1\">\n<div class=\"magic-5\">Caract\u00e9ristiques :<\/div>\n<\/td>\n<td colspan=\"1\" rowspan=\"1\">\n<div class=\"magic-6\">1. haute efficacit\u00e9 de coupe, respect de l'environnement, haut rendement en bloc.<br \/>\n2. bonne mise en forme et pas de bloc de rupture interne.<br \/>\n3. les bonnes performances permettent d'exploiter des blocs de bonne taille et de grande dimension avec un faible co\u00fbt d'exploitation de la carri\u00e8re.<br \/>\n4. il est largement utilis\u00e9 sur les machines d'extraction pour produire des blocs de grande dimension.<\/div>\n<\/td>\n<\/tr>\n<\/tbody>\n<\/table>\n<div><\/div>\n<figure id=\"attachment_1262\" aria-describedby=\"caption-attachment-1262\" style=\"width: 750px\" class=\"wp-caption aligncenter\"><img loading=\"lazy\" decoding=\"async\" class=\"wp-image-1262 size-full\" src=\"https:\/\/xmstonetools.com\/wp-content\/uploads\/2022\/11\/Details-Show-Diamond-Wire-Saw-For-Granite-Quarry-Cutting-1.jpg\" alt=\"Scie \u00e0 c\u00e2ble diamant\u00e9e pour la coupe de granit dans les carri\u00e8res-1\" width=\"750\" height=\"953\" srcset=\"https:\/\/xmstonetools.com\/wp-content\/uploads\/2022\/11\/Details-Show-Diamond-Wire-Saw-For-Granite-Quarry-Cutting-1.jpg 750w, https:\/\/xmstonetools.com\/wp-content\/uploads\/2022\/11\/Details-Show-Diamond-Wire-Saw-For-Granite-Quarry-Cutting-1-315x400.jpg 315w, https:\/\/xmstonetools.com\/wp-content\/uploads\/2022\/11\/Details-Show-Diamond-Wire-Saw-For-Granite-Quarry-Cutting-1-630x800.jpg 630w, https:\/\/xmstonetools.com\/wp-content\/uploads\/2022\/11\/Details-Show-Diamond-Wire-Saw-For-Granite-Quarry-Cutting-1-600x762.jpg 600w\" sizes=\"auto, (max-width: 750px) 100vw, 750px\" \/><figcaption id=\"caption-attachment-1262\" class=\"wp-caption-text\">Scie \u00e0 c\u00e2ble diamant\u00e9e pour la coupe de granit dans les carri\u00e8res-1<\/figcaption><\/figure>\n<figure id=\"attachment_1266\" aria-describedby=\"caption-attachment-1266\" style=\"width: 1000px\" class=\"wp-caption aligncenter\"><img loading=\"lazy\" decoding=\"async\" class=\"wp-image-1266 size-full\" src=\"https:\/\/xmstonetools.com\/wp-content\/uploads\/2022\/11\/Packing-Diamond-Wire-Rope-Saw-For-Granite-Quarry-Cutting-1.jpg\" alt=\"Emballage Scie \u00e0 c\u00e2ble diamant\u00e9 pour la d\u00e9coupe des carri\u00e8res de granit-1\" width=\"1000\" height=\"1000\" srcset=\"https:\/\/xmstonetools.com\/wp-content\/uploads\/2022\/11\/Packing-Diamond-Wire-Rope-Saw-For-Granite-Quarry-Cutting-1.jpg 1000w, https:\/\/xmstonetools.com\/wp-content\/uploads\/2022\/11\/Packing-Diamond-Wire-Rope-Saw-For-Granite-Quarry-Cutting-1-400x400.jpg 400w, https:\/\/xmstonetools.com\/wp-content\/uploads\/2022\/11\/Packing-Diamond-Wire-Rope-Saw-For-Granite-Quarry-Cutting-1-800x800.jpg 800w, https:\/\/xmstonetools.com\/wp-content\/uploads\/2022\/11\/Packing-Diamond-Wire-Rope-Saw-For-Granite-Quarry-Cutting-1-280x280.jpg 280w, https:\/\/xmstonetools.com\/wp-content\/uploads\/2022\/11\/Packing-Diamond-Wire-Rope-Saw-For-Granite-Quarry-Cutting-1-768x768.jpg 768w, https:\/\/xmstonetools.com\/wp-content\/uploads\/2022\/11\/Packing-Diamond-Wire-Rope-Saw-For-Granite-Quarry-Cutting-1-300x300.jpg 300w, https:\/\/xmstonetools.com\/wp-content\/uploads\/2022\/11\/Packing-Diamond-Wire-Rope-Saw-For-Granite-Quarry-Cutting-1-600x600.jpg 600w, https:\/\/xmstonetools.com\/wp-content\/uploads\/2022\/11\/Packing-Diamond-Wire-Rope-Saw-For-Granite-Quarry-Cutting-1-100x100.jpg 100w, https:\/\/xmstonetools.com\/wp-content\/uploads\/2022\/11\/Packing-Diamond-Wire-Rope-Saw-For-Granite-Quarry-Cutting-1-120x120.jpg 120w\" sizes=\"auto, (max-width: 1000px) 100vw, 1000px\" \/><figcaption id=\"caption-attachment-1266\" class=\"wp-caption-text\">Emballage Scie \u00e0 c\u00e2ble diamant\u00e9 pour la d\u00e9coupe des carri\u00e8res de granit-1<\/figcaption><\/figure>\n<figure id=\"attachment_1267\" aria-describedby=\"caption-attachment-1267\" style=\"width: 1000px\" class=\"wp-caption aligncenter\"><img loading=\"lazy\" decoding=\"async\" class=\"wp-image-1267 size-full\" src=\"https:\/\/xmstonetools.com\/wp-content\/uploads\/2022\/11\/Packing-Diamond-Wire-Rope-Saw-For-Granite-Quarry-Cutting-2.jpg\" alt=\"Emballage Scie \u00e0 c\u00e2ble diamant\u00e9 pour la d\u00e9coupe des carri\u00e8res de granit-2\" width=\"1000\" height=\"1000\" srcset=\"https:\/\/xmstonetools.com\/wp-content\/uploads\/2022\/11\/Packing-Diamond-Wire-Rope-Saw-For-Granite-Quarry-Cutting-2.jpg 1000w, https:\/\/xmstonetools.com\/wp-content\/uploads\/2022\/11\/Packing-Diamond-Wire-Rope-Saw-For-Granite-Quarry-Cutting-2-400x400.jpg 400w, https:\/\/xmstonetools.com\/wp-content\/uploads\/2022\/11\/Packing-Diamond-Wire-Rope-Saw-For-Granite-Quarry-Cutting-2-800x800.jpg 800w, https:\/\/xmstonetools.com\/wp-content\/uploads\/2022\/11\/Packing-Diamond-Wire-Rope-Saw-For-Granite-Quarry-Cutting-2-280x280.jpg 280w, https:\/\/xmstonetools.com\/wp-content\/uploads\/2022\/11\/Packing-Diamond-Wire-Rope-Saw-For-Granite-Quarry-Cutting-2-768x768.jpg 768w, https:\/\/xmstonetools.com\/wp-content\/uploads\/2022\/11\/Packing-Diamond-Wire-Rope-Saw-For-Granite-Quarry-Cutting-2-300x300.jpg 300w, https:\/\/xmstonetools.com\/wp-content\/uploads\/2022\/11\/Packing-Diamond-Wire-Rope-Saw-For-Granite-Quarry-Cutting-2-600x600.jpg 600w, https:\/\/xmstonetools.com\/wp-content\/uploads\/2022\/11\/Packing-Diamond-Wire-Rope-Saw-For-Granite-Quarry-Cutting-2-100x100.jpg 100w, https:\/\/xmstonetools.com\/wp-content\/uploads\/2022\/11\/Packing-Diamond-Wire-Rope-Saw-For-Granite-Quarry-Cutting-2-120x120.jpg 120w\" sizes=\"auto, (max-width: 1000px) 100vw, 1000px\" \/><figcaption id=\"caption-attachment-1267\" class=\"wp-caption-text\">Emballage Scie \u00e0 c\u00e2ble diamant\u00e9 pour la d\u00e9coupe des carri\u00e8res de granit-2<\/figcaption><\/figure>\n<figure id=\"attachment_1260\" aria-describedby=\"caption-attachment-1260\" style=\"width: 1000px\" class=\"wp-caption aligncenter\"><img loading=\"lazy\" decoding=\"async\" class=\"wp-image-1260 size-full\" src=\"https:\/\/xmstonetools.com\/wp-content\/uploads\/2022\/11\/Application-of-Granite-Quarry-Wire-Rope-Saw-1.jpg\" alt=\"Application de la scie \u00e0 c\u00e2ble pour carri\u00e8re de granit-1\" width=\"1000\" height=\"1000\" srcset=\"https:\/\/xmstonetools.com\/wp-content\/uploads\/2022\/11\/Application-of-Granite-Quarry-Wire-Rope-Saw-1.jpg 1000w, https:\/\/xmstonetools.com\/wp-content\/uploads\/2022\/11\/Application-of-Granite-Quarry-Wire-Rope-Saw-1-400x400.jpg 400w, https:\/\/xmstonetools.com\/wp-content\/uploads\/2022\/11\/Application-of-Granite-Quarry-Wire-Rope-Saw-1-800x800.jpg 800w, https:\/\/xmstonetools.com\/wp-content\/uploads\/2022\/11\/Application-of-Granite-Quarry-Wire-Rope-Saw-1-280x280.jpg 280w, https:\/\/xmstonetools.com\/wp-content\/uploads\/2022\/11\/Application-of-Granite-Quarry-Wire-Rope-Saw-1-768x768.jpg 768w, https:\/\/xmstonetools.com\/wp-content\/uploads\/2022\/11\/Application-of-Granite-Quarry-Wire-Rope-Saw-1-300x300.jpg 300w, https:\/\/xmstonetools.com\/wp-content\/uploads\/2022\/11\/Application-of-Granite-Quarry-Wire-Rope-Saw-1-600x600.jpg 600w, https:\/\/xmstonetools.com\/wp-content\/uploads\/2022\/11\/Application-of-Granite-Quarry-Wire-Rope-Saw-1-100x100.jpg 100w, https:\/\/xmstonetools.com\/wp-content\/uploads\/2022\/11\/Application-of-Granite-Quarry-Wire-Rope-Saw-1-120x120.jpg 120w\" sizes=\"auto, (max-width: 1000px) 100vw, 1000px\" \/><figcaption id=\"caption-attachment-1260\" class=\"wp-caption-text\">Application de la scie \u00e0 c\u00e2ble pour carri\u00e8re de granit-1<\/figcaption><\/figure>\n<figure id=\"attachment_1259\" aria-describedby=\"caption-attachment-1259\" style=\"width: 1000px\" class=\"wp-caption aligncenter\"><img loading=\"lazy\" decoding=\"async\" class=\"wp-image-1259 size-full\" src=\"https:\/\/xmstonetools.com\/wp-content\/uploads\/2022\/11\/Application-of-Granite-Quarry-Wire-Rope-Saw.jpg\" alt=\"Application de la scie \u00e0 c\u00e2ble pour carri\u00e8re de granit\" width=\"1000\" height=\"1000\" srcset=\"https:\/\/xmstonetools.com\/wp-content\/uploads\/2022\/11\/Application-of-Granite-Quarry-Wire-Rope-Saw.jpg 1000w, https:\/\/xmstonetools.com\/wp-content\/uploads\/2022\/11\/Application-of-Granite-Quarry-Wire-Rope-Saw-400x400.jpg 400w, https:\/\/xmstonetools.com\/wp-content\/uploads\/2022\/11\/Application-of-Granite-Quarry-Wire-Rope-Saw-800x800.jpg 800w, https:\/\/xmstonetools.com\/wp-content\/uploads\/2022\/11\/Application-of-Granite-Quarry-Wire-Rope-Saw-280x280.jpg 280w, https:\/\/xmstonetools.com\/wp-content\/uploads\/2022\/11\/Application-of-Granite-Quarry-Wire-Rope-Saw-768x768.jpg 768w, https:\/\/xmstonetools.com\/wp-content\/uploads\/2022\/11\/Application-of-Granite-Quarry-Wire-Rope-Saw-300x300.jpg 300w, https:\/\/xmstonetools.com\/wp-content\/uploads\/2022\/11\/Application-of-Granite-Quarry-Wire-Rope-Saw-600x600.jpg 600w, https:\/\/xmstonetools.com\/wp-content\/uploads\/2022\/11\/Application-of-Granite-Quarry-Wire-Rope-Saw-100x100.jpg 100w, https:\/\/xmstonetools.com\/wp-content\/uploads\/2022\/11\/Application-of-Granite-Quarry-Wire-Rope-Saw-120x120.jpg 120w\" sizes=\"auto, (max-width: 1000px) 100vw, 1000px\" \/><figcaption id=\"caption-attachment-1259\" class=\"wp-caption-text\">Application de la scie \u00e0 c\u00e2ble pour carri\u00e8re de granit<\/figcaption><\/figure>","protected":false},"excerpt":{"rendered":"<p>Efficacit\u00e9 \u00e9lev\u00e9e, faible co\u00fbt, peu de d\u00e9chets<br \/>\nD\u00e9coupage en douceur et pr\u00e9cision du processus<br \/>\nS\u00e9curit\u00e9 et protection de l'environnement<br \/>\nPeut couper un stock important et r\u00e9gulier<br \/>\nUsine avec plus de 15 ans d'exp\u00e9rience dans l'industrie des outils diamant\u00e9s<br \/>\nUn grand nombre d'exportations vers l'Europe de l'Est, l'Am\u00e9rique du Nord, l'Am\u00e9rique du Sud, le Moyen-Orient, l'Australie et d'autres march\u00e9s \u00e9trangers,<br \/>\nLa qualit\u00e9 des produits est reconnue par les clients \u00e9trangers.<br \/>\nPlus de 100 ensembles de presses \u00e0 chaud, de presses \u00e0 froid et de scies \u00e0 fil et plus de 300 employ\u00e9s assurent un rendement \u00e9lev\u00e9 et des d\u00e9lais de livraison rapides.<\/p>\n<a href=\"#Quote-Button\" class=\"button primary is-large Inquiry-Button\" style=\"border-radius:99px;\">\n\t<i class=\"icon-heart\" aria-hidden=\"true\"><\/i>\t<span>Demande de renseignements<\/span>\n\t<\/a>","protected":false},"featured_media":1265,"template":"","meta":[],"product_brand":[],"product_cat":[61],"product_tag":[69,80,82,81],"class_list":{"0":"post-1268","1":"product","2":"type-product","3":"status-publish","4":"has-post-thumbnail","6":"product_cat-diamond-wire-saw","7":"product_tag-diamond-wire-saw","8":"product_tag-granite-wire-saw","9":"product_tag-quarry-wire-saw","10":"product_tag-rubber-rope-saw","12":"first","13":"instock","14":"shipping-taxable","15":"product-type-simple"},"aioseo_notices":[],"_links":{"self":[{"href":"https:\/\/xmstonetools.com\/fr\/wp-json\/wp\/v2\/product\/1268","targetHints":{"allow":["GET"]}}],"collection":[{"href":"https:\/\/xmstonetools.com\/fr\/wp-json\/wp\/v2\/product"}],"about":[{"href":"https:\/\/xmstonetools.com\/fr\/wp-json\/wp\/v2\/types\/product"}],"wp:featuredmedia":[{"embeddable":true,"href":"https:\/\/xmstonetools.com\/fr\/wp-json\/wp\/v2\/media\/1265"}],"wp:attachment":[{"href":"https:\/\/xmstonetools.com\/fr\/wp-json\/wp\/v2\/media?parent=1268"}],"wp:term":[{"taxonomy":"product_brand","embeddable":true,"href":"https:\/\/xmstonetools.com\/fr\/wp-json\/wp\/v2\/product_brand?post=1268"},{"taxonomy":"product_cat","embeddable":true,"href":"https:\/\/xmstonetools.com\/fr\/wp-json\/wp\/v2\/product_cat?post=1268"},{"taxonomy":"product_tag","embeddable":true,"href":"https:\/\/xmstonetools.com\/fr\/wp-json\/wp\/v2\/product_tag?post=1268"}],"curies":[{"name":"wp","href":"https:\/\/api.w.org\/{rel}","templated":true}]}}