{"id":1278,"date":"2022-11-16T16:25:17","date_gmt":"2022-11-16T08:25:17","guid":{"rendered":"https:\/\/xmstonetools.com\/?post_type=product&#038;p=1278"},"modified":"2023-03-28T15:54:22","modified_gmt":"2023-03-28T07:54:22","slug":"meule-diamantee-frittee","status":"publish","type":"product","link":"https:\/\/xmstonetools.com\/fr\/produit\/meule-diamantee-frittee\/","title":{"rendered":"Roue de coupe de meulage en diamant fritt\u00e9"},"content":{"rendered":"<table class=\"all magic-1\">\n<tbody>\n<tr>\n<td colspan=\"1\" rowspan=\"1\">\n<div class=\"magic-2\"><b>Nom du produit<\/b><\/div>\n<\/td>\n<td colspan=\"4\" rowspan=\"1\">\n<div class=\"magic-3\">Meule de frittage<\/div>\n<\/td>\n<\/tr>\n<tr>\n<td colspan=\"1\" rowspan=\"1\">\n<div class=\"magic-2\"><b>Sp\u00e9cifications<\/b><\/div>\n<\/td>\n<td colspan=\"4\" rowspan=\"1\">\n<div class=\"magic-3\">\n<p>1.Diameter:50mm,75mm,100mm,180mm<\/p>\n<div data-spm-anchor-id=\"a2700.pc-decorate.0.i3.55ef3333RSR3FR\"><\/div>\n<div data-spm-anchor-id=\"0.0.0.i1.6b4d4f05Kya5LZ\">\n<p>2. diam\u00e8tre int\u00e9rieur : 16 mm, 22 mm<\/p>\n<p>3. type de filetage : tige, M10, M14, M16, 5\/8\u2033-11, GAS1\/2<\/p>\n<div data-spm-anchor-id=\"0.0.0.i4.6b4d4f05KogW5y\">4. \u00e9paisseur : 4 mm, 5 mm<\/div>\n<div data-spm-anchor-id=\"0.0.0.i4.6b4d4f05KogW5y\"><\/div>\n<div data-spm-anchor-id=\"0.0.0.i4.6b4d4f05KogW5y\">5. taille des segments : tous les segments peuvent \u00eatre r\u00e9alis\u00e9s<\/div>\n<\/div>\n<\/div>\n<\/td>\n<\/tr>\n<tr>\n<td colspan=\"1\" rowspan=\"1\">\n<div class=\"magic-2\"><b>Application<\/b><\/div>\n<\/td>\n<td colspan=\"4\" rowspan=\"1\">\n<div class=\"magic-3\">Pour les applications manuelles, destin\u00e9es aux sp\u00e9cialistes des sols et aux professionnels de la construction.<\/div>\n<\/td>\n<\/tr>\n<tr>\n<td colspan=\"1\" rowspan=\"1\">\n<div class=\"magic-2\"><b>Contr\u00f4le de la qualit\u00e9<\/b><\/div>\n<\/td>\n<td colspan=\"4\" rowspan=\"1\">\n<div class=\"magic-6\">\n<p>1) Formule professionnelle pour garantir une bonne qualit\u00e9.<\/p>\n<div data-spm-anchor-id=\"0.0.0.i2.6b4d4f05zRXIVP\">2. inspection stricte des mati\u00e8res premi\u00e8res<\/div>\n<div data-spm-anchor-id=\"0.0.0.i2.6b4d4f05zRXIVP\">3. une cha\u00eene de montage professionnelle pour la fabrication.<\/div>\n<div data-spm-anchor-id=\"0.0.0.i2.6b4d4f05zRXIVP\">4. nous effectuons \u00e9galement quelques exp\u00e9riences de forage pour v\u00e9rifier sa fonction d'utilisation.<\/div>\n<\/div>\n<\/td>\n<\/tr>\n<tr>\n<td colspan=\"1\" rowspan=\"1\">\n<div class=\"magic-2\"><b>Marque<\/b><\/div>\n<\/td>\n<td colspan=\"4\" rowspan=\"1\">\n<div class=\"magic-6\"><\/div>\n<\/td>\n<\/tr>\n<tr>\n<td colspan=\"1\" rowspan=\"1\">\n<div class=\"magic-2\"><b>MOQ<\/b><\/div>\n<\/td>\n<td colspan=\"4\" rowspan=\"1\">\n<div class=\"magic-6\">20PCS<\/div>\n<\/td>\n<\/tr>\n<tr>\n<td colspan=\"1\" rowspan=\"1\">\n<div class=\"magic-2\"><b>D\u00e9lai de paiement<\/b><\/div>\n<\/td>\n<td colspan=\"4\" rowspan=\"1\">\n<div class=\"magic-6\">TT, LC, Western union, Paypal, Trade assurance, etc.<\/div>\n<\/td>\n<\/tr>\n<tr>\n<td colspan=\"1\" rowspan=\"1\">\n<div class=\"magic-2\"><b>Paquet<\/b><\/div>\n<\/td>\n<td colspan=\"4\" rowspan=\"1\">\n<div class=\"magic-6\">Sac en plastique\/sac en papier+sac en bois ou personnalis\u00e9<\/div>\n<\/td>\n<\/tr>\n<tr>\n<td colspan=\"1\" rowspan=\"1\">\n<div class=\"magic-2\"><b>Service<\/b><\/div>\n<\/td>\n<td colspan=\"4\" rowspan=\"1\">\n<div class=\"magic-6\">Diff\u00e9rentes tailles d'arbre et sp\u00e9cifications de segment sont disponibles sur demande. D'autres types peuvent \u00eatre trait\u00e9s selon les dessins et les \u00e9chantillons fournis par les clients.<\/div>\n<\/td>\n<\/tr>\n<\/tbody>\n<\/table>\n<figure id=\"attachment_1277\" aria-describedby=\"caption-attachment-1277\" style=\"width: 749px\" class=\"wp-caption aligncenter\"><img loading=\"lazy\" decoding=\"async\" class=\"wp-image-1277 size-full\" src=\"https:\/\/xmstonetools.com\/wp-content\/uploads\/2022\/11\/Why-Choose-Us-Cup-Wheels.jpg\" alt=\"Pourquoi nous choisir ?\" width=\"749\" height=\"360\" srcset=\"https:\/\/xmstonetools.com\/wp-content\/uploads\/2022\/11\/Why-Choose-Us-Cup-Wheels.jpg 749w, https:\/\/xmstonetools.com\/wp-content\/uploads\/2022\/11\/Why-Choose-Us-Cup-Wheels-600x288.jpg 600w\" sizes=\"auto, (max-width: 749px) 100vw, 749px\" \/><figcaption id=\"caption-attachment-1277\" class=\"wp-caption-text\">Pourquoi nous choisir ?<\/figcaption><\/figure>\n<figure id=\"attachment_1275\" aria-describedby=\"caption-attachment-1275\" style=\"width: 850px\" class=\"wp-caption aligncenter\"><img loading=\"lazy\" decoding=\"async\" class=\"wp-image-1275 size-full\" src=\"https:\/\/xmstonetools.com\/wp-content\/uploads\/2022\/11\/Stone-Diamond-Grinding-Cup-Wheel.jpg\" alt=\"Meule diamant\u00e9e en pierre\" width=\"850\" height=\"194\" srcset=\"https:\/\/xmstonetools.com\/wp-content\/uploads\/2022\/11\/Stone-Diamond-Grinding-Cup-Wheel.jpg 850w, https:\/\/xmstonetools.com\/wp-content\/uploads\/2022\/11\/Stone-Diamond-Grinding-Cup-Wheel-800x183.jpg 800w, https:\/\/xmstonetools.com\/wp-content\/uploads\/2022\/11\/Stone-Diamond-Grinding-Cup-Wheel-768x175.jpg 768w, https:\/\/xmstonetools.com\/wp-content\/uploads\/2022\/11\/Stone-Diamond-Grinding-Cup-Wheel-600x137.jpg 600w\" sizes=\"auto, (max-width: 850px) 100vw, 850px\" \/><figcaption id=\"caption-attachment-1275\" class=\"wp-caption-text\">Meule diamant\u00e9e en pierre<\/figcaption><\/figure>\n<figure id=\"attachment_1274\" aria-describedby=\"caption-attachment-1274\" style=\"width: 859px\" class=\"wp-caption aligncenter\"><img loading=\"lazy\" decoding=\"async\" class=\"wp-image-1274 size-full\" src=\"https:\/\/xmstonetools.com\/wp-content\/uploads\/2022\/11\/Stone-Diamond-Cup-Wheels.jpg\" alt=\"Roues de coupe \u00e0 diamant en pierre\" width=\"859\" height=\"190\" srcset=\"https:\/\/xmstonetools.com\/wp-content\/uploads\/2022\/11\/Stone-Diamond-Cup-Wheels.jpg 859w, https:\/\/xmstonetools.com\/wp-content\/uploads\/2022\/11\/Stone-Diamond-Cup-Wheels-800x177.jpg 800w, https:\/\/xmstonetools.com\/wp-content\/uploads\/2022\/11\/Stone-Diamond-Cup-Wheels-768x170.jpg 768w, https:\/\/xmstonetools.com\/wp-content\/uploads\/2022\/11\/Stone-Diamond-Cup-Wheels-600x133.jpg 600w\" sizes=\"auto, (max-width: 859px) 100vw, 859px\" \/><figcaption id=\"caption-attachment-1274\" class=\"wp-caption-text\">Roues de coupe \u00e0 diamant en pierre<\/figcaption><\/figure>","protected":false},"excerpt":{"rendered":"<p>90-100mm Disque de meule diamant\u00e9e pour le pon\u00e7age de la pierre\/du b\u00e9ton<\/p>\n<p>Caract\u00e9ristiques principales : 1. efficacit\u00e9 \u00e9lev\u00e9e, respect de l'environnement, facilit\u00e9 d'utilisation, pas de cassure des bords.<\/p>\n<p>2) Segments en diamant fabriqu\u00e9s \u00e0 partir de diamants de qualit\u00e9 sup\u00e9rieure gr\u00e2ce \u00e0 des techniques avanc\u00e9es.<\/p>\n<p>3. pas de chute de segment, pas de d\u00e9formation, silencieux et non silencieux pour des exigences de qualit\u00e9 diff\u00e9rentes<\/p>\n<p>4. formule \u00e9lev\u00e9e : forme M, forme K, forme conique, forme plate, forme T, forme U, etc.<\/p>\n<p>Lame en diamant 5.pour une performance durable avec un minimum d'\u00e9clats<\/p>\n<p>6. conception de trous multiples selon les exigences du client.<\/p>\n<div>\n<a href=\"#Quote-Button\" class=\"button primary is-large Inquiry-Button\" style=\"border-radius:99px;\">\n\t<i class=\"icon-heart\" aria-hidden=\"true\"><\/i>\t<span>Demande de renseignements<\/span>\n\t<\/a>\n\n<\/div>","protected":false},"featured_media":1270,"template":"","meta":[],"product_brand":[],"product_cat":[56],"product_tag":[83],"class_list":{"0":"post-1278","1":"product","2":"type-product","3":"status-publish","4":"has-post-thumbnail","6":"product_cat-stone-grinding-tools","7":"product_tag-grinding-cup-wheel","9":"first","10":"instock","11":"shipping-taxable","12":"product-type-simple"},"aioseo_notices":[],"_links":{"self":[{"href":"https:\/\/xmstonetools.com\/fr\/wp-json\/wp\/v2\/product\/1278","targetHints":{"allow":["GET"]}}],"collection":[{"href":"https:\/\/xmstonetools.com\/fr\/wp-json\/wp\/v2\/product"}],"about":[{"href":"https:\/\/xmstonetools.com\/fr\/wp-json\/wp\/v2\/types\/product"}],"wp:featuredmedia":[{"embeddable":true,"href":"https:\/\/xmstonetools.com\/fr\/wp-json\/wp\/v2\/media\/1270"}],"wp:attachment":[{"href":"https:\/\/xmstonetools.com\/fr\/wp-json\/wp\/v2\/media?parent=1278"}],"wp:term":[{"taxonomy":"product_brand","embeddable":true,"href":"https:\/\/xmstonetools.com\/fr\/wp-json\/wp\/v2\/product_brand?post=1278"},{"taxonomy":"product_cat","embeddable":true,"href":"https:\/\/xmstonetools.com\/fr\/wp-json\/wp\/v2\/product_cat?post=1278"},{"taxonomy":"product_tag","embeddable":true,"href":"https:\/\/xmstonetools.com\/fr\/wp-json\/wp\/v2\/product_tag?post=1278"}],"curies":[{"name":"wp","href":"https:\/\/api.w.org\/{rel}","templated":true}]}}