{"id":1290,"date":"2022-11-16T19:41:42","date_gmt":"2022-11-16T11:41:42","guid":{"rendered":"https:\/\/xmstonetools.com\/?post_type=product&#038;p=1290"},"modified":"2023-03-28T15:54:12","modified_gmt":"2023-03-28T07:54:12","slug":"scie-a-fil-diamante-pour-lusinage-des-blocs","status":"publish","type":"product","link":"https:\/\/xmstonetools.com\/fr\/produit\/scie-a-fil-diamante-pour-lusinage-des-blocs\/","title":{"rendered":"Scie \u00e0 fil diamant\u00e9 pour le dressage des blocs"},"content":{"rendered":"<table class=\"aliDataTable\">\n<tbody>\n<tr align=\"left\">\n<td valign=\"top\">Application<\/td>\n<td valign=\"top\">1. pour les carri\u00e8res de pierre, l'\u00e9quarrissage et le chanfreinage de blocs, la coupe de profil\u00e9s<\/p>\n<p>2. pour couper le b\u00e9ton arm\u00e9<\/td>\n<\/tr>\n<tr align=\"left\">\n<td valign=\"top\">Diam\u00e8tre de la scie \u00e0 c\u00e2ble<\/td>\n<td valign=\"top\">7,2 mm, 8,0 mm, 8,5 mm, 9,0 mm, 11,0 mm, 11,5 mm<\/td>\n<\/tr>\n<tr align=\"left\">\n<td valign=\"top\">Technologie<\/td>\n<td valign=\"top\">Fritt\u00e9, \u00e9lectrod\u00e9pos\u00e9, bras\u00e9 sous vide<\/td>\n<\/tr>\n<tr align=\"left\">\n<td valign=\"top\">Rev\u00eatement Fixe Injection<\/td>\n<td valign=\"top\">Plastique, caoutchouc, ressort, caoutchouc+ressort, plastique+ressort<\/td>\n<\/tr>\n<tr align=\"left\">\n<td valign=\"top\">Perles\/M\u00e8tre<\/td>\n<td valign=\"top\">40\/37\/33\/28\/26pcs<\/td>\n<\/tr>\n<tr align=\"left\">\n<td valign=\"top\">Attention<\/td>\n<td valign=\"top\">l. Contr\u00f4ler r\u00e9guli\u00e8rement la scie et la r\u00e9gler en temps utile.<\/p>\n<p>2. v\u00e9rifier r\u00e9guli\u00e8rement l'usure des perles, \u00e9viter l'usure excentrique<br \/>\n3. V\u00e9rifier r\u00e9guli\u00e8rement l'articulation et l'ajuster en temps utile.<br \/>\n4. La tension des cordes est de 250-300 kg (cordes \u03a64-5mm).<br \/>\n5. L'alimentation en eau est de l'ordre de 15-25L\/min<\/td>\n<\/tr>\n<tr align=\"left\">\n<td valign=\"top\">\u00a0Fonctionnalit\u00e9<\/td>\n<td valign=\"top\">\n<div>1. tr\u00e8s peu de casse lors de l'utilisation, ce qui augmente la dur\u00e9e de vie de l'appareil.<br \/>\n2. la production automatique garantit une qualit\u00e9 stable.<br \/>\n3. s\u00e9curit\u00e9, haute efficacit\u00e9 et protection de l'environnement.<\/div>\n<\/td>\n<\/tr>\n<\/tbody>\n<\/table>\n<div><\/div>\n<div data-spm-anchor-id=\"a2700.details.0.i12.4d8747faaoIfJr\">\n<table class=\"aliDataTable\">\n<tbody>\n<tr align=\"left\">\n<td valign=\"center\">Diam\u00e8tre (mm)<\/td>\n<td valign=\"center\">Applications<\/td>\n<td valign=\"center\">Rev\u00eatement<\/td>\n<td valign=\"center\">Perle\/m<\/td>\n<td valign=\"center\">Vitesse de coupe (m2\/h)<\/td>\n<td valign=\"center\">Dur\u00e9e de vie du fil (m2\/m)<\/td>\n<\/tr>\n<tr align=\"left\">\n<td valign=\"center\">\u03a6 11. 5 \/ \u03a6 10.5<\/td>\n<td valign=\"center\">B\u00e9ton arm\u00e9<\/td>\n<td valign=\"center\">caoutchouc+ressort<\/td>\n<td valign=\"center\">40<\/td>\n<td valign=\"center\">0.5-5<\/td>\n<td valign=\"center\">0.5-8<\/td>\n<\/tr>\n<tr align=\"left\">\n<td valign=\"center\">\u03a6 11.5\/ \u03a6 11.0<\/td>\n<td valign=\"center\">Mine\/carri\u00e8re de granit<\/td>\n<td valign=\"center\">caoutchouc\/caoutchouc+ressort<\/td>\n<td valign=\"center\">40<\/td>\n<td valign=\"center\">2-12<\/td>\n<td valign=\"center\">7-22<\/td>\n<\/tr>\n<tr align=\"left\">\n<td valign=\"center\">\u03a6 11.5\/ \u03a6 11.0\/ \u03a6 10.5<\/td>\n<td valign=\"center\">Mine\/carri\u00e8re de marbre<\/td>\n<td valign=\"center\">ressort\/ressort+plastique<\/td>\n<td valign=\"center\">28-40<\/td>\n<td valign=\"center\">4-20<\/td>\n<td valign=\"center\">15-50<\/td>\n<\/tr>\n<tr align=\"left\">\n<td valign=\"center\">\u03a6 11.0\/10.5<\/td>\n<td valign=\"center\">Blocs de granit et de marbre<\/td>\n<td valign=\"center\">plastique\/caoutchouc<\/td>\n<td valign=\"center\">37\/40<\/td>\n<td valign=\"center\">6-30<\/td>\n<td valign=\"center\">7-50<\/td>\n<\/tr>\n<tr align=\"left\">\n<td valign=\"center\">\u03a6 8.8\/ \u03a6 8. 5<\/td>\n<td valign=\"center\">Profilage du granit et du marbre<\/td>\n<td valign=\"center\">plastique\/caoutchouc<\/td>\n<td valign=\"center\">33\/37\/40<\/td>\n<td valign=\"center\">7-30<\/td>\n<td valign=\"center\">7-40<\/td>\n<\/tr>\n<tr align=\"left\">\n<td valign=\"center\">\u03a6 7. 2 \/ \u03a6 8.5<\/td>\n<td valign=\"center\">Dalle de granit<\/td>\n<td valign=\"center\">plastique<\/td>\n<td valign=\"center\">37<\/td>\n<td valign=\"center\">0.5-1.6<\/td>\n<td valign=\"center\">6-15<\/td>\n<\/tr>\n<\/tbody>\n<\/table>\n<div><\/div>\n<figure id=\"attachment_1286\" aria-describedby=\"caption-attachment-1286\" style=\"width: 811px\" class=\"wp-caption aligncenter\"><img loading=\"lazy\" decoding=\"async\" class=\"wp-image-1286 size-full\" src=\"https:\/\/xmstonetools.com\/wp-content\/uploads\/2022\/11\/Diamond-Wire-Saw-For-Block-Dressing-1.jpg\" alt=\"Scie \u00e0 fil diamant\u00e9 pour le dressage des blocs-1\" width=\"811\" height=\"477\" srcset=\"https:\/\/xmstonetools.com\/wp-content\/uploads\/2022\/11\/Diamond-Wire-Saw-For-Block-Dressing-1.jpg 811w, https:\/\/xmstonetools.com\/wp-content\/uploads\/2022\/11\/Diamond-Wire-Saw-For-Block-Dressing-1-680x400.jpg 680w, https:\/\/xmstonetools.com\/wp-content\/uploads\/2022\/11\/Diamond-Wire-Saw-For-Block-Dressing-1-768x452.jpg 768w, https:\/\/xmstonetools.com\/wp-content\/uploads\/2022\/11\/Diamond-Wire-Saw-For-Block-Dressing-1-600x353.jpg 600w\" sizes=\"auto, (max-width: 811px) 100vw, 811px\" \/><figcaption id=\"caption-attachment-1286\" class=\"wp-caption-text\">Scie \u00e0 fil diamant\u00e9 pour le dressage des blocs-1<\/figcaption><\/figure>\n<figure id=\"attachment_1284\" aria-describedby=\"caption-attachment-1284\" style=\"width: 797px\" class=\"wp-caption aligncenter\"><img loading=\"lazy\" decoding=\"async\" class=\"wp-image-1284 size-full\" src=\"https:\/\/xmstonetools.com\/wp-content\/uploads\/2022\/11\/Diamond-Rope-Saw-For-Block-Profiling-1.jpg\" alt=\"Scie \u00e0 c\u00e2ble diamant\u00e9e pour le profilage des blocs-1\" width=\"797\" height=\"745\" srcset=\"https:\/\/xmstonetools.com\/wp-content\/uploads\/2022\/11\/Diamond-Rope-Saw-For-Block-Profiling-1.jpg 797w, https:\/\/xmstonetools.com\/wp-content\/uploads\/2022\/11\/Diamond-Rope-Saw-For-Block-Profiling-1-428x400.jpg 428w, https:\/\/xmstonetools.com\/wp-content\/uploads\/2022\/11\/Diamond-Rope-Saw-For-Block-Profiling-1-768x718.jpg 768w, https:\/\/xmstonetools.com\/wp-content\/uploads\/2022\/11\/Diamond-Rope-Saw-For-Block-Profiling-1-600x561.jpg 600w\" sizes=\"auto, (max-width: 797px) 100vw, 797px\" \/><figcaption id=\"caption-attachment-1284\" class=\"wp-caption-text\">Scie \u00e0 c\u00e2ble diamant\u00e9e pour le profilage des blocs-1<\/figcaption><\/figure>\n<figure id=\"attachment_1281\" aria-describedby=\"caption-attachment-1281\" style=\"width: 798px\" class=\"wp-caption aligncenter\"><img loading=\"lazy\" decoding=\"async\" class=\"wp-image-1281 size-full\" src=\"https:\/\/xmstonetools.com\/wp-content\/uploads\/2022\/11\/Advantage-Wire-Saw-For-Block-Profiling-Dressing-1.jpg\" alt=\"Advantage Wire Saw For Block Profiling Dressing-1\" width=\"798\" height=\"713\" srcset=\"https:\/\/xmstonetools.com\/wp-content\/uploads\/2022\/11\/Advantage-Wire-Saw-For-Block-Profiling-Dressing-1.jpg 798w, https:\/\/xmstonetools.com\/wp-content\/uploads\/2022\/11\/Advantage-Wire-Saw-For-Block-Profiling-Dressing-1-448x400.jpg 448w, https:\/\/xmstonetools.com\/wp-content\/uploads\/2022\/11\/Advantage-Wire-Saw-For-Block-Profiling-Dressing-1-768x686.jpg 768w, https:\/\/xmstonetools.com\/wp-content\/uploads\/2022\/11\/Advantage-Wire-Saw-For-Block-Profiling-Dressing-1-600x536.jpg 600w\" sizes=\"auto, (max-width: 798px) 100vw, 798px\" \/><figcaption id=\"caption-attachment-1281\" class=\"wp-caption-text\">Advantage Wire Saw For Block Profiling Dressing-1<\/figcaption><\/figure>\n<figure id=\"attachment_1282\" aria-describedby=\"caption-attachment-1282\" style=\"width: 797px\" class=\"wp-caption aligncenter\"><img loading=\"lazy\" decoding=\"async\" class=\"wp-image-1282 size-full\" src=\"https:\/\/xmstonetools.com\/wp-content\/uploads\/2022\/11\/Advantage-Wire-Saw-For-Block-Profiling-Dressing-2.jpg\" alt=\"Advantage Wire Saw For Block Profiling Dressing-2 (Scie \u00e0 fil pour le profilage des blocs)\" width=\"797\" height=\"309\" srcset=\"https:\/\/xmstonetools.com\/wp-content\/uploads\/2022\/11\/Advantage-Wire-Saw-For-Block-Profiling-Dressing-2.jpg 797w, https:\/\/xmstonetools.com\/wp-content\/uploads\/2022\/11\/Advantage-Wire-Saw-For-Block-Profiling-Dressing-2-768x298.jpg 768w, https:\/\/xmstonetools.com\/wp-content\/uploads\/2022\/11\/Advantage-Wire-Saw-For-Block-Profiling-Dressing-2-600x233.jpg 600w\" sizes=\"auto, (max-width: 797px) 100vw, 797px\" \/><figcaption id=\"caption-attachment-1282\" class=\"wp-caption-text\">Advantage Wire Saw For Block Profiling Dressing-2 (Scie \u00e0 fil pour le profilage des blocs)<\/figcaption><\/figure>\n<figure id=\"attachment_1288\" aria-describedby=\"caption-attachment-1288\" style=\"width: 749px\" class=\"wp-caption aligncenter\"><img loading=\"lazy\" decoding=\"async\" class=\"wp-image-1288 size-full\" src=\"https:\/\/xmstonetools.com\/wp-content\/uploads\/2022\/11\/Packing-and-Shipping-of-Profiling-wire-saw.jpg\" alt=\"Emballage et exp\u00e9dition de la scie \u00e0 c\u00e2ble profil\u00e9\" width=\"749\" height=\"799\" srcset=\"https:\/\/xmstonetools.com\/wp-content\/uploads\/2022\/11\/Packing-and-Shipping-of-Profiling-wire-saw.jpg 749w, https:\/\/xmstonetools.com\/wp-content\/uploads\/2022\/11\/Packing-and-Shipping-of-Profiling-wire-saw-375x400.jpg 375w, https:\/\/xmstonetools.com\/wp-content\/uploads\/2022\/11\/Packing-and-Shipping-of-Profiling-wire-saw-600x640.jpg 600w\" sizes=\"auto, (max-width: 749px) 100vw, 749px\" \/><figcaption id=\"caption-attachment-1288\" class=\"wp-caption-text\">Emballage et exp\u00e9dition de la scie \u00e0 c\u00e2ble profil\u00e9<\/figcaption><\/figure>\n<\/div>","protected":false},"excerpt":{"rendered":"<p>Scie \u00e0 fil diamant\u00e9 pour le dressage des blocs :<\/p>\n<p>Nous recommandons le fil en plastique, qui peut \u00eatre utilis\u00e9 pour diss\u00e9quer le marbre et le granit.<\/p>\n<p>Il peut couper avec pr\u00e9cision avec un petit espace intercalaire.<\/p>\n<p>Il peut couper des blocs d'une \u00e9paisseur de 2,3 mm.<\/p>\n<p>Scie \u00e0 fil diamant\u00e9 pour profilage :<\/p>\n<p>Nous recommandons le fil plastique pour les op\u00e9rations de fa\u00e7onnage, qui offre un large \u00e9ventail de possibilit\u00e9s.<\/p>\n<p>Il permet d'obtenir une surface lisse et des dimensions pr\u00e9cises avec un espace intercalaire r\u00e9duit.<\/p>\n<p>Les colonnes et les \u00e9l\u00e9ments destin\u00e9s \u00e0 l'industrie du b\u00e2timent peuvent \u00eatre produits de mani\u00e8re beaucoup plus \u00e9conomique.<\/p>\n<a href=\"#Quote-Button\" class=\"button primary is-large Inquiry-Button\" style=\"border-radius:99px;\">\n\t<i class=\"icon-heart\" aria-hidden=\"true\"><\/i>\t<span>Demande de renseignements<\/span>\n\t<\/a>","protected":false},"featured_media":1285,"template":"","meta":[],"product_brand":[],"product_cat":[61],"product_tag":[69,80,84],"class_list":{"0":"post-1290","1":"product","2":"type-product","3":"status-publish","4":"has-post-thumbnail","6":"product_cat-diamond-wire-saw","7":"product_tag-diamond-wire-saw","8":"product_tag-granite-wire-saw","9":"product_tag-profiling-wire-saw","11":"first","12":"instock","13":"shipping-taxable","14":"product-type-simple"},"aioseo_notices":[],"_links":{"self":[{"href":"https:\/\/xmstonetools.com\/fr\/wp-json\/wp\/v2\/product\/1290","targetHints":{"allow":["GET"]}}],"collection":[{"href":"https:\/\/xmstonetools.com\/fr\/wp-json\/wp\/v2\/product"}],"about":[{"href":"https:\/\/xmstonetools.com\/fr\/wp-json\/wp\/v2\/types\/product"}],"wp:featuredmedia":[{"embeddable":true,"href":"https:\/\/xmstonetools.com\/fr\/wp-json\/wp\/v2\/media\/1285"}],"wp:attachment":[{"href":"https:\/\/xmstonetools.com\/fr\/wp-json\/wp\/v2\/media?parent=1290"}],"wp:term":[{"taxonomy":"product_brand","embeddable":true,"href":"https:\/\/xmstonetools.com\/fr\/wp-json\/wp\/v2\/product_brand?post=1290"},{"taxonomy":"product_cat","embeddable":true,"href":"https:\/\/xmstonetools.com\/fr\/wp-json\/wp\/v2\/product_cat?post=1290"},{"taxonomy":"product_tag","embeddable":true,"href":"https:\/\/xmstonetools.com\/fr\/wp-json\/wp\/v2\/product_tag?post=1290"}],"curies":[{"name":"wp","href":"https:\/\/api.w.org\/{rel}","templated":true}]}}